
{"id":15886,"date":"2023-08-02T12:04:17","date_gmt":"2023-08-02T10:04:17","guid":{"rendered":"https:\/\/sanlucar.dev.resonanz-digital.at\/?page_id=15886"},"modified":"2025-03-13T11:22:20","modified_gmt":"2025-03-13T10:22:20","slug":"imprint","status":"publish","type":"page","link":"https:\/\/sanlucar.com\/en\/imprint\/","title":{"rendered":"Imprint"},"content":{"rendered":"<div id='av_section_1'  class='avia-section av-crmpc-fab949abba4657675dff08a47db42961 main_color avia-section-default avia-no-border-styling  avia-builder-el-0  avia-builder-el-no-sibling  avia-bg-style-scroll container_wrap fullsize'  ><div class='container av-section-cont-open' ><main  role=\"main\" itemprop=\"mainContentOfPage\"  class='template-page content  av-content-full alpha units'><div class='post-entry post-entry-type-page post-entry-15886'><div class='entry-content-wrapper clearfix'>\n<section  class='av_textblock_section av-l4b35ncf-cd7505c8e2baae322b18eeb271e06db1 '   itemscope=\"itemscope\" itemtype=\"https:\/\/schema.org\/CreativeWork\" ><div class='avia_textblock'  itemprop=\"text\" ><h1>Contact<\/h1>\n<p>Information according to \u00a7 5 TMG<\/p>\n<p>Do you have any questions about SanLucar or our fruit and vegetable products? Then write us. We also have an open ear for suggestions, praise or criticism. Please feel free to contact us by e-mail: <strong><a href=\"mailto:tastethesun@sanlucar.com\">tastethesun@sanlucar.com <\/a><\/strong><\/p>\n<\/div><\/section>\n<section  class='av_textblock_section av-l4b38vup-d9c2263d1ca07dd0e4a73a0f50a32b33 '   itemscope=\"itemscope\" itemtype=\"https:\/\/schema.org\/CreativeWork\" ><div class='avia_textblock'  itemprop=\"text\" ><h2>Individual locations<\/h2>\n<p>For questions concerning individual locations, please contact the following addresses:<\/p>\n<h3>SanLucar Spain<\/h3>\n<p>SanLucar Fruit S.L.U.<br \/>\nSerra Llarga 24<br \/>\n46530 Puzol, Valencia, Spain<\/p>\n<p>E-Mail: <a href=\"mailto:office@sanlucar.com\">office@sanlucar.com<\/a><br \/>\nTel.: +34 96 142 40 40<br \/>\nFax: +34 96 142 41 58<\/p>\n<p>ESB96128590<br \/>\nV 24 902<br \/>\nRegistro Mercantil De Valencia<br \/>\nLegal representative: Stephan R\u00f6tzer, Gesch\u00e4ftsf\u00fchrer<\/p>\n<h3>SanLucar Germany<\/h3>\n<p>SanLucar Vertrieb Deutschland GmbH<br \/>\nZeppelinstra\u00dfe 6<br \/>\n76275 Ettlingen, Germany<\/p>\n<p>E-Mail: <a href=\"mailto:office@sanlucar.com\">office@sanlucar.com<\/a><br \/>\nTel.: +49 7243 5254-0<br \/>\nFax: +49 7243 5254-1158<\/p>\n<p>DE813221700<br \/>\n31194\/34692<br \/>\nHRB 109537 Mannheim<br \/>\nLegal representative: Stephan R\u00f6tzer, Gesch\u00e4ftsf\u00fchrer<\/p>\n<h3>SanLucar Austria<\/h3>\n<p>SanLucar Obst &amp; Gem\u00fcse Handelsgesellschaft. m. b. H.<br \/>\nSanlucar-Platz 1<br \/>\n2483 Ebreichsdorf, Austria<\/p>\n<p>E-Mail: <a href=\"mailto:office@sanlucar.at\">office@sanlucar.at<\/a><br \/>\nTel.: +43 225420630-0<br \/>\nFax: +43 225420630-910<\/p>\n<p>ATU54153106<br \/>\nFN223154 V<br \/>\nLegal court Vienna<\/p>\n<h3>SanLucar Netherlands<\/h3>\n<p>SanLucar Fruit Import Netherlands B.V.<br \/>\nTransportweg 19<br \/>\n2991 LV Barendrecht, Netherlands<\/p>\n<p>E-Mail: <a href=\"mailto:contact.netherlands@sanlucar.com\">contact.netherlands@sanlucar.com<\/a><br \/>\nTel.: +31 651 965 111<\/p>\n<h3>SanLucar Ecuador<\/h3>\n<p>Avda. Joaqu\u00edn Orrantia s\/n y Leopoldo Mart\u00ednez Vinueza<br \/>\nEdificio Trade Building 7C, Oficina 711\u2013712<br \/>\nGuayaquil, Ecuador<\/p>\n<p>E-Mail: <a href=\"mailto:contact.ecuador@sanlucar.com\">contact.ecuador@sanlucar.com<\/a><br \/>\nTel.: +59 346 034 261<\/p>\n<h3>SanLucar Tunisia<\/h3>\n<p>Amen El Bouhaira: Angle Rue du Lac Windermere et Rue du Lac Volta \u2013 3\u00e8me \u00e9tage<br \/>\n1053 Les Berges du Lac, Tunis, Tunisia<\/p>\n<p>E-Mail: <a href=\"mailto:contact.tunisia@sanlucar.com\">contact.tunisia@sanlucar.com<\/a><br \/>\nTel.: +21 671 656 555<\/p>\n<h3>SanLucar South Africa<\/h3>\n<p>169 Main Street<br \/>\n7646 Paarl, Western Cape, South Africa<\/p>\n<p>E-Mail: <a href=\"mailto:contact.southafrica@sanlucar.com\">contact.southafrica@sanlucar.com<\/a><br \/>\nTel.: +27 218 728 700<\/p>\n<h3>SanLucar United Arab Emirates<\/h3>\n<p>BB1 Tower, Office 606-2, 6th floor, Mazaya Business Avenue \u2013 JLT Dubai<br \/>\nOffice P.O. Box: 26734<\/p>\n<p>E-Mail: <a href=\"mailto:contact.middleeast@sanlucar.com\">contact.middleeast@sanlucar.com<\/a><br \/>\nTel.: +97 143 698 912<\/p>\n<h3>SanLucar Italia<\/h3>\n<p>SanLucar Italia S.R.L.<br \/>\nVia Evangelista Torricelli 52<br \/>\n37136 Verona, Italy<\/p>\n<p>E-Mail: <a href=\"mailto:italia@sanlucar.com\">italia@sanlucar.com<\/a><br \/>\nTel.: +39 3511836445<\/p>\n<p>04662200239<br \/>\nVR-2019-114262<br \/>\nRegistro Imprese di Verona<\/p>\n<\/div><\/section>\n<section  class='av_textblock_section av-l4b3ioxz-bc7499a66542a4e2a9d7f72f969225e6 '   itemscope=\"itemscope\" itemtype=\"https:\/\/schema.org\/CreativeWork\" ><div class='avia_textblock'  itemprop=\"text\" ><h2>Press contact<\/h2>\n<p>SanLucar Fruit S.L.U.<br \/>\nSerra Llarga 24<br \/>\n46530 Puzol, Valencia, Spain<\/p>\n<p>E-Mail: <a href=\"mailto:communicationcr@sanlucar.com\">communicationcr@sanlucar.com<\/a><br \/>\nTel.: +34 96 142 40 40<\/p>\n<h3>Press contact brand communication<\/h3>\n<p>SanLucar Fruit S.L.U.<br \/>\nSerra Llarga 24<br \/>\n46530 Puzol, Valencia, Spain<\/p>\n<p>E-Mail: <a href=\"mailto:brand@sanlucar.com\">brand@sanlucar.com<\/a><br \/>\nTel.: <span class=\"ui-provider a b c d e f g h i j k l m n o p q r s t u v w x y z ab ac ae af ag ah ai aj ak\" dir=\"ltr\">+34 96 142 40 40<\/span><\/p>\n<h2>Job application<\/h2>\n<p>Are you interested in working with us? Then have a look <a href=\"https:\/\/sanlucar.com\/en\/career\/\">here<\/a> or send an email to : <a href=\"mailto:hr.international@sanlucar.com\">hr.international@sanlucar.com<\/a><\/p>\n<p>SanLucar Fruit S.L.U.<br \/>\nSerra Llarga 24<br \/>\n46530 Puzol, Valencia, Spain<\/p>\n<p>E-Mail: <a href=\"mailto:hr.international@sanlucar.com\">hr.international@sanlucar.com<\/a><br \/>\nTel.: +34 96 142 40 40<\/p>\n<h2>Contact form<\/h2>\n<\/div><\/section>\n<div  class='flex_column av-6vuh4-e4d989b746b88165b31ab356dd95c5d6 av_three_fourth  avia-builder-el-4  el_after_av_textblock  avia-builder-el-last  first flex_column_div  column-top-margin'     ><\/div>\n","protected":false},"excerpt":{"rendered":"","protected":false},"author":12,"featured_media":0,"parent":0,"menu_order":0,"comment_status":"closed","ping_status":"closed","template":"","meta":{"_acf_changed":false,"footnotes":""},"class_list":["post-15886","page","type-page","status-publish","hentry"],"acf":[],"yoast_head":"<!-- This site is optimized with the Yoast SEO plugin v27.0 - https:\/\/yoast.com\/product\/yoast-seo-wordpress\/ -->\n<title>Imprint | SanLucar<\/title>\n<meta name=\"robots\" content=\"index, follow, max-snippet:-1, max-image-preview:large, max-video-preview:-1\" \/>\n<link rel=\"canonical\" href=\"https:\/\/sanlucar.com\/en\/imprint\/\" \/>\n<meta property=\"og:locale\" content=\"en_US\" \/>\n<meta property=\"og:type\" content=\"article\" \/>\n<meta property=\"og:title\" content=\"Imprint | SanLucar\" \/>\n<meta property=\"og:url\" content=\"https:\/\/sanlucar.com\/en\/imprint\/\" \/>\n<meta property=\"og:site_name\" content=\"SanLucar\" \/>\n<meta property=\"article:publisher\" content=\"https:\/\/www.facebook.com\/sanlucarfruit\" \/>\n<meta property=\"article:modified_time\" content=\"2025-03-13T10:22:20+00:00\" \/>\n<meta name=\"twitter:card\" content=\"summary_large_image\" \/>\n<meta name=\"twitter:label1\" content=\"Est. reading time\" \/>\n\t<meta name=\"twitter:data1\" content=\"2 minutes\" \/>\n<script type=\"application\/ld+json\" class=\"yoast-schema-graph\">{\"@context\":\"https:\/\/schema.org\",\"@graph\":[{\"@type\":\"WebPage\",\"@id\":\"https:\/\/sanlucar.com\/en\/imprint\/\",\"url\":\"https:\/\/sanlucar.com\/en\/imprint\/\",\"name\":\"Imprint | SanLucar\",\"isPartOf\":{\"@id\":\"https:\/\/sanlucar.com\/#website\"},\"datePublished\":\"2023-08-02T10:04:17+00:00\",\"dateModified\":\"2025-03-13T10:22:20+00:00\",\"breadcrumb\":{\"@id\":\"https:\/\/sanlucar.com\/en\/imprint\/#breadcrumb\"},\"inLanguage\":\"en-US\",\"potentialAction\":[{\"@type\":\"ReadAction\",\"target\":[\"https:\/\/sanlucar.com\/en\/imprint\/\"]}]},{\"@type\":\"BreadcrumbList\",\"@id\":\"https:\/\/sanlucar.com\/en\/imprint\/#breadcrumb\",\"itemListElement\":[{\"@type\":\"ListItem\",\"position\":1,\"name\":\"Home\",\"item\":\"https:\/\/sanlucar.com\/en\/\"},{\"@type\":\"ListItem\",\"position\":2,\"name\":\"Imprint\"}]},{\"@type\":\"WebSite\",\"@id\":\"https:\/\/sanlucar.com\/#website\",\"url\":\"https:\/\/sanlucar.com\/\",\"name\":\"SanLucar\",\"description\":\"\",\"publisher\":{\"@id\":\"https:\/\/sanlucar.com\/#organization\"},\"potentialAction\":[{\"@type\":\"SearchAction\",\"target\":{\"@type\":\"EntryPoint\",\"urlTemplate\":\"https:\/\/sanlucar.com\/?s={search_term_string}\"},\"query-input\":{\"@type\":\"PropertyValueSpecification\",\"valueRequired\":true,\"valueName\":\"search_term_string\"}}],\"inLanguage\":\"en-US\"},{\"@type\":\"Organization\",\"@id\":\"https:\/\/sanlucar.com\/#organization\",\"name\":\"SanLucar\",\"url\":\"https:\/\/sanlucar.com\/\",\"logo\":{\"@type\":\"ImageObject\",\"inLanguage\":\"en-US\",\"@id\":\"https:\/\/sanlucar.com\/#\/schema\/logo\/image\/\",\"url\":\"https:\/\/sanlucar.com\/wp-content\/uploads\/2023\/01\/sanlucar-logo-onwhite.png\",\"contentUrl\":\"https:\/\/sanlucar.com\/wp-content\/uploads\/2023\/01\/sanlucar-logo-onwhite.png\",\"width\":800,\"height\":800,\"caption\":\"SanLucar\"},\"image\":{\"@id\":\"https:\/\/sanlucar.com\/#\/schema\/logo\/image\/\"},\"sameAs\":[\"https:\/\/www.facebook.com\/sanlucarfruit\",\"https:\/\/www.instagram.com\/sanlucarfruit\/\",\"https:\/\/www.youtube.com\/user\/SanLucar2009\",\"https:\/\/www.linkedin.com\/company\/sanlucar\/\"]}]}<\/script>\n<!-- \/ Yoast SEO plugin. -->","yoast_head_json":{"title":"Imprint | SanLucar","robots":{"index":"index","follow":"follow","max-snippet":"max-snippet:-1","max-image-preview":"max-image-preview:large","max-video-preview":"max-video-preview:-1"},"canonical":"https:\/\/sanlucar.com\/en\/imprint\/","og_locale":"en_US","og_type":"article","og_title":"Imprint | SanLucar","og_url":"https:\/\/sanlucar.com\/en\/imprint\/","og_site_name":"SanLucar","article_publisher":"https:\/\/www.facebook.com\/sanlucarfruit","article_modified_time":"2025-03-13T10:22:20+00:00","twitter_card":"summary_large_image","twitter_misc":{"Est. reading time":"2 minutes"},"schema":{"@context":"https:\/\/schema.org","@graph":[{"@type":"WebPage","@id":"https:\/\/sanlucar.com\/en\/imprint\/","url":"https:\/\/sanlucar.com\/en\/imprint\/","name":"Imprint | SanLucar","isPartOf":{"@id":"https:\/\/sanlucar.com\/#website"},"datePublished":"2023-08-02T10:04:17+00:00","dateModified":"2025-03-13T10:22:20+00:00","breadcrumb":{"@id":"https:\/\/sanlucar.com\/en\/imprint\/#breadcrumb"},"inLanguage":"en-US","potentialAction":[{"@type":"ReadAction","target":["https:\/\/sanlucar.com\/en\/imprint\/"]}]},{"@type":"BreadcrumbList","@id":"https:\/\/sanlucar.com\/en\/imprint\/#breadcrumb","itemListElement":[{"@type":"ListItem","position":1,"name":"Home","item":"https:\/\/sanlucar.com\/en\/"},{"@type":"ListItem","position":2,"name":"Imprint"}]},{"@type":"WebSite","@id":"https:\/\/sanlucar.com\/#website","url":"https:\/\/sanlucar.com\/","name":"SanLucar","description":"","publisher":{"@id":"https:\/\/sanlucar.com\/#organization"},"potentialAction":[{"@type":"SearchAction","target":{"@type":"EntryPoint","urlTemplate":"https:\/\/sanlucar.com\/?s={search_term_string}"},"query-input":{"@type":"PropertyValueSpecification","valueRequired":true,"valueName":"search_term_string"}}],"inLanguage":"en-US"},{"@type":"Organization","@id":"https:\/\/sanlucar.com\/#organization","name":"SanLucar","url":"https:\/\/sanlucar.com\/","logo":{"@type":"ImageObject","inLanguage":"en-US","@id":"https:\/\/sanlucar.com\/#\/schema\/logo\/image\/","url":"https:\/\/sanlucar.com\/wp-content\/uploads\/2023\/01\/sanlucar-logo-onwhite.png","contentUrl":"https:\/\/sanlucar.com\/wp-content\/uploads\/2023\/01\/sanlucar-logo-onwhite.png","width":800,"height":800,"caption":"SanLucar"},"image":{"@id":"https:\/\/sanlucar.com\/#\/schema\/logo\/image\/"},"sameAs":["https:\/\/www.facebook.com\/sanlucarfruit","https:\/\/www.instagram.com\/sanlucarfruit\/","https:\/\/www.youtube.com\/user\/SanLucar2009","https:\/\/www.linkedin.com\/company\/sanlucar\/"]}]}},"_links":{"self":[{"href":"https:\/\/sanlucar.com\/en\/wp-json\/wp\/v2\/pages\/15886","targetHints":{"allow":["GET"]}}],"collection":[{"href":"https:\/\/sanlucar.com\/en\/wp-json\/wp\/v2\/pages"}],"about":[{"href":"https:\/\/sanlucar.com\/en\/wp-json\/wp\/v2\/types\/page"}],"author":[{"embeddable":true,"href":"https:\/\/sanlucar.com\/en\/wp-json\/wp\/v2\/users\/12"}],"replies":[{"embeddable":true,"href":"https:\/\/sanlucar.com\/en\/wp-json\/wp\/v2\/comments?post=15886"}],"version-history":[{"count":2,"href":"https:\/\/sanlucar.com\/en\/wp-json\/wp\/v2\/pages\/15886\/revisions"}],"predecessor-version":[{"id":52742,"href":"https:\/\/sanlucar.com\/en\/wp-json\/wp\/v2\/pages\/15886\/revisions\/52742"}],"wp:attachment":[{"href":"https:\/\/sanlucar.com\/en\/wp-json\/wp\/v2\/media?parent=15886"}],"curies":[{"name":"wp","href":"https:\/\/api.w.org\/{rel}","templated":true}]}}