
{"id":16150,"date":"2023-08-07T11:17:57","date_gmt":"2023-08-07T09:17:57","guid":{"rendered":"https:\/\/sanlucar.dev.resonanz-digital.at\/?page_id=16150"},"modified":"2024-12-02T10:40:44","modified_gmt":"2024-12-02T09:40:44","slug":"management-team","status":"publish","type":"page","link":"https:\/\/sanlucar.com\/en\/management-team\/","title":{"rendered":"Our management team"},"content":{"rendered":"\n            <div   class='avia-section main_color res_page_banner  avia-builder-el-0  el_before_av_section  avia-builder-el-first   avia-bg-style-scroll container_wrap fullsize' style='' data-section-bg-repeat='stretch'>            <div class=\"av-section-cont-open res_page_banner res_page_banner--headline_subline\">\n                <div class=\"template-page content av-content-full alpha units\">\n                    <div class=\"post-entry post-entry-type-page\">\n                        <div class=\"entry-content-wrapper clearfix\">\n                            <div class=\"flex_column av_one_full el_before_av_heading first flex_column_div avia-full-stretch res_page_banner__image\"\n                                 style=\"background-image: url(https:\/\/sanlucar.com\/wp-content\/uploads\/2022\/06\/Geschaeftsleitung_Header.jpg); background-repeat: no-repeat; background-position: 50% 50%; background-attachment: scroll;\"><\/div>\n                            <div class=\"flex_column av_one_full flex_column_div avia-full-stretch res_page_banner__heading \">\n\t\t\t\t\t\t\t\t\n\t\t\t\t\t\t\t\t\t\t\t\t\t\t\t<div class=\"row\" style=\"max-width:1087px;margin-left:auto;margin-right:auto;background: #D4E8F1;padding:25px;padding-bottom:0;margin-top:-40px;\">\n\t\t\t\t\t\t\t\t<h1 class=\"col-md-12 product_header__main__intro_container__headline\" style=\"margin-left:0;margin-bottom:11px;\">Management team.<\/h1>\n\t\t\t\t\t\t\t\t<div class=\"col-md-6\">\t\n\t\t\t\t\t\t\t\t\t<p>In early 2018, the two company founders Stephan R\u00f6tzer and Jorge Peris put the management of the company in the hands<\/p>\n\t\t\t\t\t\t\t\t<\/div>\n\t\t\t\t\t\t\t\t<div class=\"col-md-6\">\n\t\t\t\t\t\t\t\t\t\n\t\t\t\t\t\t\t\t<p>of a Leadership Team, whose members are experts at each stage of the value chain.<\/p>\n\t\t\t\t\t\t\t\t<\/div>\n\t\t\t\t\t\t\t\t<\/div>\n\t\t\t\t\t\t\t\t<div class=\"row goawaypadding\" style=\"max-width:1087px;margin-left:auto;margin-right:auto;\">\n\t\t\t\t\t\t\t\t\n    <div  class=\"res_breadcrumbs \" style=\"\">\n        <ul class=\"d-flex flex-wrap\">\n            <li><a href=\"https:\/\/sanlucar.com\/en\/\">Home<\/a><span class=\"sep\">\/<\/span><\/li>\n                                                <li><span><span class=\"sep\">\/<\/span><\/span><\/li>\n                                                    <li class=\"res_breadcrumbs__current\"><span>Our management team<\/span><\/li>\n        <\/ul>\n    <\/div>\n\n    \t\t\t\t\t\t\t\t<\/div>\n                                \t\t\t\t                            <\/div>\n                        <\/div>\n                    <\/div>\n                <\/div>\n            <\/div>\n\n\n\n\n            <\/div>            \n<div id='av_section_1'  class='avia-section av-m75ed-55022ae023fa563c129c9a25d13e8a62 main_color avia-section-default avia-no-border-styling  avia-builder-el-1  el_after_res_page_banner  el_before_av_section  avia-bg-style-scroll container_wrap fullsize'  ><div class='container av-section-cont-open' ><div class='template-page content  av-content-full alpha units'><div class='post-entry post-entry-type-page post-entry-16150'><div class='entry-content-wrapper clearfix'>\n<div class='flex_column_table av-3kxqqd-213396e997499e210f7583210c586a01 sc-av_two_fifth av-equal-height-column-flextable'><div  class='flex_column av-3kxqqd-213396e997499e210f7583210c586a01 av_two_fifth  avia-builder-el-2  el_before_av_three_fifth  avia-builder-el-first  first flex_column_table_cell av-equal-height-column av-align-middle  '     ><style type=\"text\/css\" data-created_by=\"avia_inline_auto\" id=\"style-css-av-l46snhqo-0cbdae0bb1d4edaf3ef42f07bea9d8ce\">\n.avia-image-container.av-l46snhqo-0cbdae0bb1d4edaf3ef42f07bea9d8ce .av-image-caption-overlay-center{\ncolor:#ffffff;\n}\n<\/style>\n<div  class='avia-image-container av-l46snhqo-0cbdae0bb1d4edaf3ef42f07bea9d8ce av-styling- avia-align-center  avia-builder-el-3  avia-builder-el-no-sibling '  itemprop=\"image\" itemscope=\"itemscope\" itemtype=\"https:\/\/schema.org\/ImageObject\" ><div class=\"avia-image-container-inner\"><div class=\"avia-image-overlay-wrap\"><picture><source media='(max-width:225px)' srcset='https:\/\/sanlucar.com\/wp-content\/uploads\/2024\/07\/Geschaftsleitung_Stephan-Rotzer-225x300.jpg'><source media='(max-width:529px)' srcset='https:\/\/sanlucar.com\/wp-content\/uploads\/2024\/07\/Geschaftsleitung_Stephan-Rotzer-529x705.jpg'><source media='(max-width:600px)' srcset='https:\/\/sanlucar.com\/wp-content\/uploads\/2024\/07\/Geschaftsleitung_Stephan-Rotzer.jpg'><img decoding=\"async\" class='avia_image ' src=\"https:\/\/sanlucar.com\/wp-content\/uploads\/2024\/07\/Geschaftsleitung_Stephan-Rotzer.jpg\" alt='Stephan R\u00f6tzer, founder of SanLucar, representing leadership in sustainable agriculture and fresh produce innovation' title='Gesch\u00e4ftsleitung_Stephan-R\u00f6tzer'\/><\/picture><\/div><\/div><\/div><\/div><div class='av-flex-placeholder'><\/div><div  class='flex_column av-l46snt6y-19ef94e32c697eb45894e9657cd89902 av_three_fifth  avia-builder-el-4  el_after_av_two_fifth  avia-builder-el-last  flex_column_table_cell av-equal-height-column av-align-middle  '     ><section  class='av_textblock_section av-l46sm3n2-792362a501a45375024acddbb7667a9d '   itemscope=\"itemscope\" itemtype=\"https:\/\/schema.org\/CreativeWork\" ><div class='avia_textblock'  itemprop=\"text\" ><h2>Stephan R\u00f6tzer, Founder and Owner.<\/h2>\n<p>As the son of a fruit and vegetable wholesaler from Munich, he was born with a passion for best fruit and vegetables. He fell in love with Spain and citrus fruit early on, and therefore founded SanLucar in Valencia in 1993. Since then, he has been living his dream every day, providing people with the best fruit from all over the world. He found reliable partners in excellent master growers, who help him realise his vision of providing extraordinary fruit and vegetables. So it\u2019s no surprise that SanLucar has come to be a major international brand with a good reputation. He has now retired from the daily business of the company, to be able to concentrate on the further development of the products and brand.<\/p>\n<blockquote>\n<p>&#8220;I\u2019m constantly fascinated by fruit and the dynamics of this business. And I\u2019m happy that I can live my passion on my many trips around the world.&#8221;<\/p>\n<\/blockquote>\n<\/div><\/section><\/div><\/div><!--close column table wrapper. Autoclose: 1 -->\n\n<\/div><\/div><\/div><!-- close content main div --><\/div><\/div><div id='av_section_2'  class='avia-section av-9wj45h-82b49909cb297c1c22afacadceb2f60d main_color avia-section-default avia-no-border-styling  avia-builder-el-6  el_after_av_section  el_before_av_section  avia-bg-style-scroll container_wrap fullsize'  ><div class='container av-section-cont-open' ><div class='template-page content  av-content-full alpha units'><div class='post-entry post-entry-type-page post-entry-16150'><div class='entry-content-wrapper clearfix'>\n<div class='flex_column_table av-7ifen9-6b3165f629307e2c16b1c6c71fd4a87c sc-av_two_fifth av-equal-height-column-flextable'><div  class='flex_column av-7ifen9-6b3165f629307e2c16b1c6c71fd4a87c av_two_fifth  avia-builder-el-7  el_before_av_three_fifth  avia-builder-el-first  first flex_column_table_cell av-equal-height-column av-align-middle  '     ><style type=\"text\/css\" data-created_by=\"avia_inline_auto\" id=\"style-css-av-5rkglh-0210b838da296de5c79b7449d4506bd6\">\n.avia-image-container.av-5rkglh-0210b838da296de5c79b7449d4506bd6 .av-image-caption-overlay-center{\ncolor:#ffffff;\n}\n<\/style>\n<div  class='avia-image-container av-5rkglh-0210b838da296de5c79b7449d4506bd6 av-styling- avia-align-center  avia-builder-el-8  avia-builder-el-no-sibling '  itemprop=\"image\" itemscope=\"itemscope\" itemtype=\"https:\/\/schema.org\/ImageObject\" ><div class=\"avia-image-container-inner\"><div class=\"avia-image-overlay-wrap\"><picture><source media='(max-width:225px)' srcset='https:\/\/sanlucar.com\/wp-content\/uploads\/2024\/08\/Jorge_Perisv1r-225x300.jpg'><source media='(max-width:460px)' srcset='https:\/\/sanlucar.com\/wp-content\/uploads\/2024\/08\/Jorge_Perisv1r.jpg'><img decoding=\"async\" class='avia_image ' src=\"https:\/\/sanlucar.com\/wp-content\/uploads\/2024\/08\/Jorge_Perisv1r.jpg\" alt='Jorge Peris, a SanLucar expert, representing dedication to sustainable agriculture and fresh produce innovation.' title='Jorge_Perisv1r'\/><\/picture><\/div><\/div><\/div><\/div><div class='av-flex-placeholder'><\/div><div  class='flex_column av-4h1ndx-f22be43b94b86bdf111a53b5b647e7fb av_three_fifth  avia-builder-el-9  el_after_av_two_fifth  avia-builder-el-last  flex_column_table_cell av-equal-height-column av-align-middle  '     ><section  class='av_textblock_section av-1yhek5-657802df0e235be6a51aadd297276415 '   itemscope=\"itemscope\" itemtype=\"https:\/\/schema.org\/CreativeWork\" ><div class='avia_textblock'  itemprop=\"text\" ><h2>Jorge Peris, Co-founder and General Manager.<\/h2>\n<p>The economist from Valencia started out supporting Stephan R\u00f6tzer as a student in the founding and development of SanLucar. Hand in hand with the growth of the company, he faced a variety of professional challenges, ranging from HR and Finance to the Management Department. Today he is the SanLucar Group\u2019s General Manager and focuses on strategic corporate development. As a dream team, Stephan and Jorge always come up with good ideas about how they can further revolutionise the world of fruit.<\/p>\n<blockquote>\n<p>&#8220;If people had told me back then when I was a student that SanLucar would start out in a garage and turn into a global enterprise, I would\u2019ve probably thought they were crazy. But SanLucar has always been something special. Keeping it that way has always been my duty and I continue to keep a watchful eye on it.&#8221;<\/p>\n<\/blockquote>\n<\/div><\/section><\/div><\/div><!--close column table wrapper. Autoclose: 1 -->\n\n<\/div><\/div><\/div><!-- close content main div --><\/div><\/div><div id='av_section_3'  class='avia-section av-av_section-2dcb3d115e2e5af9a73072e0505910f8 main_color avia-section-default avia-no-border-styling  avia-builder-el-11  el_after_av_section  avia-builder-el-last  avia-bg-style-scroll container_wrap fullsize'  ><div class='container av-section-cont-open' ><div class='template-page content  av-content-full alpha units'><div class='post-entry post-entry-type-page post-entry-16150'><div class='entry-content-wrapper clearfix'>\n<div class='flex_column_table av-av_two_fifth-1ca22399d877b927d873af939ca1b3bf sc-av_two_fifth av-equal-height-column-flextable'><div  class='flex_column av-av_two_fifth-1ca22399d877b927d873af939ca1b3bf av_two_fifth  avia-builder-el-12  el_before_av_three_fifth  avia-builder-el-first  first flex_column_table_cell av-equal-height-column av-align-middle  '     ><style type=\"text\/css\" data-created_by=\"avia_inline_auto\" id=\"style-css-av-lyzl7o6z-299e7a2ad2f65dcb0382265daf94ef1b\">\n.avia-image-container.av-lyzl7o6z-299e7a2ad2f65dcb0382265daf94ef1b .av-image-caption-overlay-center{\ncolor:#ffffff;\n}\n<\/style>\n<div  class='avia-image-container av-lyzl7o6z-299e7a2ad2f65dcb0382265daf94ef1b av-styling- avia-align-center  avia-builder-el-13  avia-builder-el-no-sibling '  itemprop=\"image\" itemscope=\"itemscope\" itemtype=\"https:\/\/schema.org\/ImageObject\" ><div class=\"avia-image-container-inner\"><div class=\"avia-image-overlay-wrap\"><picture><source media='(max-width:225px)' srcset='https:\/\/sanlucar.com\/wp-content\/uploads\/2024\/07\/Armin_Rehberg-225x300.jpg'><source media='(max-width:529px)' srcset='https:\/\/sanlucar.com\/wp-content\/uploads\/2024\/07\/Armin_Rehberg-529x705.jpg'><source media='(max-width:600px)' srcset='https:\/\/sanlucar.com\/wp-content\/uploads\/2024\/07\/Armin_Rehberg.jpg'><img decoding=\"async\" class='avia_image ' src=\"https:\/\/sanlucar.com\/wp-content\/uploads\/2024\/07\/Armin_Rehberg.jpg\" alt='Armin Rehberg, CEO of SanLucar, representing leadership in sustainable agriculture and fresh produce innovation.' title='Armin_Rehberg'\/><\/picture><\/div><\/div><\/div><\/div><div class='av-flex-placeholder'><\/div><div  class='flex_column av-av_three_fifth-d06667205e6186ec8414c6eb7605d406 av_three_fifth  avia-builder-el-14  el_after_av_two_fifth  avia-builder-el-last  flex_column_table_cell av-equal-height-column av-align-middle  '     ><section  class='av_textblock_section av-lyssv4ae-bd3765aa9b25df7e23ac62d199f2b8a4 '   itemscope=\"itemscope\" itemtype=\"https:\/\/schema.org\/CreativeWork\" ><div class='avia_textblock'  itemprop=\"text\" ><h2><span class=\"ui-provider a b c d e f g h i j k l m n o p q r s t u v w x y z ab ac ae af ag ah ai aj ak\" dir=\"ltr\">Armin Rehberg, Managing Director<\/span>.<\/h2>\n<p><span class=\"ui-provider a b c d e f g h i j k l m n o p q r s t u v w x y z ab ac ae af ag ah ai aj ak\" dir=\"ltr\">Armin Rehberg has been CEO Direction at the SanLucar Group since January 1, 2021. Together with owner and founder Stephan R\u00f6tzer, he is responsible for all business activities of SanLucar, especially for national and international trading partners. His focus is on using efficient processes and a strong team to ensure the long-term marketing of SanLucar&#8217;s production in terms of absolute customer and producer orientation:<\/span><\/p>\n<blockquote>\n<p>&#8220;<span class=\"ui-provider a b c d e f g h i j k l m n o p q r s t u v w x y z ab ac ae af ag ah ai aj ak\" dir=\"ltr\">As an experienced top trade manager with feeling and experience also on the supplier and production side, it is a pleasure for me to further develop our teams every day with great commitment and fun and to steer and accompany SanLucar on its growth course and orientation together with Stephan. It is important for us to do things here in a way that we are proud of. SanLucar is simply a great company, active worldwide and incredibly dynamic<\/span>.&#8221;<\/p>\n<\/blockquote>\n<\/div><\/section><\/div><\/div><!--close column table wrapper. Autoclose: 1 -->\n","protected":false},"excerpt":{"rendered":"","protected":false},"author":12,"featured_media":19274,"parent":0,"menu_order":0,"comment_status":"closed","ping_status":"closed","template":"","meta":{"_acf_changed":false,"footnotes":""},"class_list":["post-16150","page","type-page","status-publish","has-post-thumbnail","hentry"],"acf":[],"yoast_head":"<!-- This site is optimized with the Yoast SEO plugin v27.0 - https:\/\/yoast.com\/product\/yoast-seo-wordpress\/ -->\n<title>Our management team | SanLucar<\/title>\n<meta name=\"robots\" content=\"index, follow, max-snippet:-1, max-image-preview:large, max-video-preview:-1\" \/>\n<link rel=\"canonical\" href=\"https:\/\/sanlucar.com\/en\/company\/management-team\/\" \/>\n<meta property=\"og:locale\" content=\"en_US\" \/>\n<meta property=\"og:type\" content=\"article\" \/>\n<meta property=\"og:title\" content=\"Our management team | SanLucar\" \/>\n<meta property=\"og:url\" content=\"https:\/\/sanlucar.com\/en\/company\/management-team\/\" \/>\n<meta property=\"og:site_name\" content=\"SanLucar\" \/>\n<meta property=\"article:publisher\" content=\"https:\/\/www.facebook.com\/sanlucarfruit\" \/>\n<meta property=\"article:modified_time\" content=\"2024-12-02T09:40:44+00:00\" \/>\n<meta property=\"og:image\" content=\"https:\/\/sanlucar.com\/wp-content\/uploads\/2024\/02\/03-Unsere-Geschaftsleitung.jpg\" \/>\n\t<meta property=\"og:image:width\" content=\"1414\" \/>\n\t<meta property=\"og:image:height\" content=\"630\" \/>\n\t<meta property=\"og:image:type\" content=\"image\/jpeg\" \/>\n<meta name=\"twitter:card\" content=\"summary_large_image\" \/>\n<meta name=\"twitter:label1\" content=\"Est. reading time\" \/>\n\t<meta name=\"twitter:data1\" content=\"2 minutes\" \/>\n<script type=\"application\/ld+json\" class=\"yoast-schema-graph\">{\"@context\":\"https:\/\/schema.org\",\"@graph\":[{\"@type\":\"WebPage\",\"@id\":\"https:\/\/sanlucar.com\/en\/company\/management-team\/\",\"url\":\"https:\/\/sanlucar.com\/en\/company\/management-team\/\",\"name\":\"Our management team | SanLucar\",\"isPartOf\":{\"@id\":\"https:\/\/sanlucar.com\/#website\"},\"primaryImageOfPage\":{\"@id\":\"https:\/\/sanlucar.com\/en\/company\/management-team\/#primaryimage\"},\"image\":{\"@id\":\"https:\/\/sanlucar.com\/en\/company\/management-team\/#primaryimage\"},\"thumbnailUrl\":\"https:\/\/sanlucar.com\/wp-content\/uploads\/2024\/02\/03-Unsere-Geschaftsleitung.jpg\",\"datePublished\":\"2023-08-07T09:17:57+00:00\",\"dateModified\":\"2024-12-02T09:40:44+00:00\",\"breadcrumb\":{\"@id\":\"https:\/\/sanlucar.com\/en\/company\/management-team\/#breadcrumb\"},\"inLanguage\":\"en-US\",\"potentialAction\":[{\"@type\":\"ReadAction\",\"target\":[\"https:\/\/sanlucar.com\/en\/company\/management-team\/\"]}]},{\"@type\":\"ImageObject\",\"inLanguage\":\"en-US\",\"@id\":\"https:\/\/sanlucar.com\/en\/company\/management-team\/#primaryimage\",\"url\":\"https:\/\/sanlucar.com\/wp-content\/uploads\/2024\/02\/03-Unsere-Geschaftsleitung.jpg\",\"contentUrl\":\"https:\/\/sanlucar.com\/wp-content\/uploads\/2024\/02\/03-Unsere-Geschaftsleitung.jpg\",\"width\":1414,\"height\":630,\"caption\":\"SanLucar executive team posing for a professional group photo, representing leadership in sustainable agriculture.\"},{\"@type\":\"BreadcrumbList\",\"@id\":\"https:\/\/sanlucar.com\/en\/company\/management-team\/#breadcrumb\",\"itemListElement\":[{\"@type\":\"ListItem\",\"position\":1,\"name\":\"Home\",\"item\":\"https:\/\/sanlucar.com\/en\/\"},{\"@type\":\"ListItem\",\"position\":2,\"name\":\"Our management team\"}]},{\"@type\":\"WebSite\",\"@id\":\"https:\/\/sanlucar.com\/#website\",\"url\":\"https:\/\/sanlucar.com\/\",\"name\":\"SanLucar\",\"description\":\"\",\"publisher\":{\"@id\":\"https:\/\/sanlucar.com\/#organization\"},\"potentialAction\":[{\"@type\":\"SearchAction\",\"target\":{\"@type\":\"EntryPoint\",\"urlTemplate\":\"https:\/\/sanlucar.com\/?s={search_term_string}\"},\"query-input\":{\"@type\":\"PropertyValueSpecification\",\"valueRequired\":true,\"valueName\":\"search_term_string\"}}],\"inLanguage\":\"en-US\"},{\"@type\":\"Organization\",\"@id\":\"https:\/\/sanlucar.com\/#organization\",\"name\":\"SanLucar\",\"url\":\"https:\/\/sanlucar.com\/\",\"logo\":{\"@type\":\"ImageObject\",\"inLanguage\":\"en-US\",\"@id\":\"https:\/\/sanlucar.com\/#\/schema\/logo\/image\/\",\"url\":\"https:\/\/sanlucar.com\/wp-content\/uploads\/2023\/01\/sanlucar-logo-onwhite.png\",\"contentUrl\":\"https:\/\/sanlucar.com\/wp-content\/uploads\/2023\/01\/sanlucar-logo-onwhite.png\",\"width\":800,\"height\":800,\"caption\":\"SanLucar\"},\"image\":{\"@id\":\"https:\/\/sanlucar.com\/#\/schema\/logo\/image\/\"},\"sameAs\":[\"https:\/\/www.facebook.com\/sanlucarfruit\",\"https:\/\/www.instagram.com\/sanlucarfruit\/\",\"https:\/\/www.youtube.com\/user\/SanLucar2009\",\"https:\/\/www.linkedin.com\/company\/sanlucar\/\"]}]}<\/script>\n<!-- \/ Yoast SEO plugin. -->","yoast_head_json":{"title":"Our management team | SanLucar","robots":{"index":"index","follow":"follow","max-snippet":"max-snippet:-1","max-image-preview":"max-image-preview:large","max-video-preview":"max-video-preview:-1"},"canonical":"https:\/\/sanlucar.com\/en\/company\/management-team\/","og_locale":"en_US","og_type":"article","og_title":"Our management team | SanLucar","og_url":"https:\/\/sanlucar.com\/en\/company\/management-team\/","og_site_name":"SanLucar","article_publisher":"https:\/\/www.facebook.com\/sanlucarfruit","article_modified_time":"2024-12-02T09:40:44+00:00","og_image":[{"width":1414,"height":630,"url":"https:\/\/sanlucar.com\/wp-content\/uploads\/2024\/02\/03-Unsere-Geschaftsleitung.jpg","type":"image\/jpeg"}],"twitter_card":"summary_large_image","twitter_misc":{"Est. reading time":"2 minutes"},"schema":{"@context":"https:\/\/schema.org","@graph":[{"@type":"WebPage","@id":"https:\/\/sanlucar.com\/en\/company\/management-team\/","url":"https:\/\/sanlucar.com\/en\/company\/management-team\/","name":"Our management team | SanLucar","isPartOf":{"@id":"https:\/\/sanlucar.com\/#website"},"primaryImageOfPage":{"@id":"https:\/\/sanlucar.com\/en\/company\/management-team\/#primaryimage"},"image":{"@id":"https:\/\/sanlucar.com\/en\/company\/management-team\/#primaryimage"},"thumbnailUrl":"https:\/\/sanlucar.com\/wp-content\/uploads\/2024\/02\/03-Unsere-Geschaftsleitung.jpg","datePublished":"2023-08-07T09:17:57+00:00","dateModified":"2024-12-02T09:40:44+00:00","breadcrumb":{"@id":"https:\/\/sanlucar.com\/en\/company\/management-team\/#breadcrumb"},"inLanguage":"en-US","potentialAction":[{"@type":"ReadAction","target":["https:\/\/sanlucar.com\/en\/company\/management-team\/"]}]},{"@type":"ImageObject","inLanguage":"en-US","@id":"https:\/\/sanlucar.com\/en\/company\/management-team\/#primaryimage","url":"https:\/\/sanlucar.com\/wp-content\/uploads\/2024\/02\/03-Unsere-Geschaftsleitung.jpg","contentUrl":"https:\/\/sanlucar.com\/wp-content\/uploads\/2024\/02\/03-Unsere-Geschaftsleitung.jpg","width":1414,"height":630,"caption":"SanLucar executive team posing for a professional group photo, representing leadership in sustainable agriculture."},{"@type":"BreadcrumbList","@id":"https:\/\/sanlucar.com\/en\/company\/management-team\/#breadcrumb","itemListElement":[{"@type":"ListItem","position":1,"name":"Home","item":"https:\/\/sanlucar.com\/en\/"},{"@type":"ListItem","position":2,"name":"Our management team"}]},{"@type":"WebSite","@id":"https:\/\/sanlucar.com\/#website","url":"https:\/\/sanlucar.com\/","name":"SanLucar","description":"","publisher":{"@id":"https:\/\/sanlucar.com\/#organization"},"potentialAction":[{"@type":"SearchAction","target":{"@type":"EntryPoint","urlTemplate":"https:\/\/sanlucar.com\/?s={search_term_string}"},"query-input":{"@type":"PropertyValueSpecification","valueRequired":true,"valueName":"search_term_string"}}],"inLanguage":"en-US"},{"@type":"Organization","@id":"https:\/\/sanlucar.com\/#organization","name":"SanLucar","url":"https:\/\/sanlucar.com\/","logo":{"@type":"ImageObject","inLanguage":"en-US","@id":"https:\/\/sanlucar.com\/#\/schema\/logo\/image\/","url":"https:\/\/sanlucar.com\/wp-content\/uploads\/2023\/01\/sanlucar-logo-onwhite.png","contentUrl":"https:\/\/sanlucar.com\/wp-content\/uploads\/2023\/01\/sanlucar-logo-onwhite.png","width":800,"height":800,"caption":"SanLucar"},"image":{"@id":"https:\/\/sanlucar.com\/#\/schema\/logo\/image\/"},"sameAs":["https:\/\/www.facebook.com\/sanlucarfruit","https:\/\/www.instagram.com\/sanlucarfruit\/","https:\/\/www.youtube.com\/user\/SanLucar2009","https:\/\/www.linkedin.com\/company\/sanlucar\/"]}]}},"_links":{"self":[{"href":"https:\/\/sanlucar.com\/en\/wp-json\/wp\/v2\/pages\/16150","targetHints":{"allow":["GET"]}}],"collection":[{"href":"https:\/\/sanlucar.com\/en\/wp-json\/wp\/v2\/pages"}],"about":[{"href":"https:\/\/sanlucar.com\/en\/wp-json\/wp\/v2\/types\/page"}],"author":[{"embeddable":true,"href":"https:\/\/sanlucar.com\/en\/wp-json\/wp\/v2\/users\/12"}],"replies":[{"embeddable":true,"href":"https:\/\/sanlucar.com\/en\/wp-json\/wp\/v2\/comments?post=16150"}],"version-history":[{"count":2,"href":"https:\/\/sanlucar.com\/en\/wp-json\/wp\/v2\/pages\/16150\/revisions"}],"predecessor-version":[{"id":48818,"href":"https:\/\/sanlucar.com\/en\/wp-json\/wp\/v2\/pages\/16150\/revisions\/48818"}],"wp:featuredmedia":[{"embeddable":true,"href":"https:\/\/sanlucar.com\/en\/wp-json\/wp\/v2\/media\/19274"}],"wp:attachment":[{"href":"https:\/\/sanlucar.com\/en\/wp-json\/wp\/v2\/media?parent=16150"}],"curies":[{"name":"wp","href":"https:\/\/api.w.org\/{rel}","templated":true}]}}