
{"id":28730,"date":"2022-06-01T13:40:13","date_gmt":"2022-06-01T13:40:13","guid":{"rendered":"https:\/\/sanlucar.com\/career\/praktikums-programm\/"},"modified":"2025-10-03T10:08:25","modified_gmt":"2025-10-03T08:08:25","slug":"internships","status":"publish","type":"page","link":"https:\/\/sanlucar.com\/en\/career\/internships\/","title":{"rendered":"Internships"},"content":{"rendered":"\n            <div   class='avia-section main_color res_page_banner  avia-builder-el-0  el_before_av_section  avia-builder-el-first   avia-bg-style-scroll res_page_banner__intro--image_headline container_wrap fullsize' style='' data-section-bg-repeat='stretch'>            <div class=\"av-section-cont-open res_page_banner res_page_banner--image_headline\">\n                <div class=\"template-page content av-content-full alpha units\">\n                    <div class=\"post-entry post-entry-type-page\">\n                        <div class=\"entry-content-wrapper clearfix\">\n                            <div class=\"flex_column av_one_full el_before_av_heading first flex_column_div avia-full-stretch res_page_banner__image\"\n                                 style=\"background-image: url(https:\/\/sanlucar.com\/wp-content\/uploads\/2024\/05\/03-Praktikums-Programmv1.jpg); background-repeat: no-repeat; background-position: 50% 50%; background-attachment: scroll;\"><\/div>\n                            <div class=\"flex_column av_one_full flex_column_div avia-full-stretch res_page_banner__heading \">\n\t\t\t\t\t\t\t\t\n\t\t\t\t\t\t\t\t\t\t\t\t\t\t\t<div class=\"row\" style=\"max-width:1087px;margin-left:auto;margin-right:auto;background: #D4E8F1;padding:25px;padding-bottom:0;margin-top:-40px;\">\n\t\t\t\t\t\t\t\t<h1 class=\"col-md-12 product_header__main__intro_container__headline\" style=\"margin-left:0;margin-bottom:11px;\">Praktikums-Programm. Ein Praktikumsplatz an der Sonne.<\/h1>\n\t\t\t\t\t\t\t\t<div class=\"col-md-6\">\t\n\t\t\t\t\t\t\t\t\t<p>Six months in Spain, sweet fruit, the sea and much more. At our headquarters in Puzol, close to Valencia, we offer paid full-time internships from February\/March to August\/September<\/p>\n\t\t\t\t\t\t\t\t<\/div>\n\t\t\t\t\t\t\t\t<div class=\"col-md-6\">\n\t\t\t\t\t\t\t\t\t\n\t\t\t\t\t\t\t\t<p>or from August\/September to February\/March. All we need is an internship agreement from your university or another educational institution \u2013 and you.<\/p>\n\t\t\t\t\t\t\t\t<\/div>\n\t\t\t\t\t\t\t\t<\/div>\n\t\t\t\t\t\t\t\t<div class=\"row goawaypadding\" style=\"max-width:1087px;margin-left:auto;margin-right:auto;\">\n\t\t\t\t\t\t\t\t\n    <div  class=\"res_breadcrumbs \" style=\"\">\n        <ul class=\"d-flex flex-wrap\">\n            <li><a href=\"https:\/\/sanlucar.com\/en\/\">Home<\/a><span class=\"sep\">\/<\/span><\/li>\n                                                <li><span><span class=\"sep\">\/<\/span><\/span><\/li>\n                                                            <li>\n                        <a href=\"https:\/\/sanlucar.com\/en\/career\/\">Career<\/a><span class=\"sep\">\/<\/span>\n                    <\/li>\n                                        <li class=\"res_breadcrumbs__current\"><span>Internships<\/span><\/li>\n        <\/ul>\n    <\/div>\n\n    \t\t\t\t\t\t\t\t<\/div>\n                                \t\t\t\t                            <\/div>\n                        <\/div>\n                    <\/div>\n                <\/div>\n            <\/div>\n\n\n\n\n            <\/div>            \n<div id='av_section_1'  class='avia-section av-4dhovs-a3ced84cec8f172c4521c18e11ecae24 main_color avia-section-default avia-no-border-styling  avia-builder-el-1  el_after_res_page_banner  el_before_av_section  avia-bg-style-scroll container_wrap fullsize'  ><div class='container av-section-cont-open' ><div class='template-page content  av-content-full alpha units'><div class='post-entry post-entry-type-page post-entry-28730'><div class='entry-content-wrapper clearfix'>\n<div class='flex_column_table av-l4a5bfwq-035a19fb7af2629190082b11bad655ca sc-av_one_half av-equal-height-column-flextable'><div  class='flex_column av-l4a5bfwq-035a19fb7af2629190082b11bad655ca av_one_half  avia-builder-el-2  el_before_av_one_half  avia-builder-el-first  first flex_column_table_cell av-equal-height-column av-align-top  '     ><p><section  class='av_textblock_section av-l4a5aog9-590e4c1ae231d8db350b9f6bd95b6d1f '   itemscope=\"itemscope\" itemtype=\"https:\/\/schema.org\/CreativeWork\" ><div class='avia_textblock'  itemprop=\"text\" ><p>Du arbeitest in einem internationalen Umfeld und bist Teil eines dynamischen Netzwerks von Praktikanten aus aller Welt. Du \u00fcbernimmst schnell Verantwortung, vielf\u00e4ltige Aufgaben und wirst dabei von Tutoren aus deiner und der Personal-Abteilung unterst\u00fctzt.<\/p>\n<p>Kontinuierliches Feedback und vertiefende Nachbereitungen helfen dir, dich pers\u00f6nlich und fachlich weiterzuentwickeln. Du bekommst Einblicke in die spannende, sich st\u00e4ndig wandelnde Obst und Gem\u00fcse Branche und lernst dabei die gesamte Wertsch\u00f6pfungskette eines internationalen Unternehmens kennen. Neben Lieferantenbesuchen und einem inspirierenden Praktikumsprojekt bieten wir dir au\u00dferdem Spanischunterricht an.<\/p>\n<p>Wir freuen uns auf deine Bewerbung!<\/p>\n<\/div><\/section><br \/>\n<div  class='avia-button-wrap av-l4a7knq9-c26bc4e5ebb8447da43a978c7dec9aae-wrap avia-button-left  avia-builder-el-4  el_after_av_textblock  avia-builder-el-last '><a href='https:\/\/sanlucar.com\/en\/career\/jobs-international\/'  class='avia-button av-l4a7knq9-c26bc4e5ebb8447da43a978c7dec9aae avia-icon_select-no avia-size-small avia-position-left avia-color-theme-color'  ><span class='avia_iconbox_title' >Mach ein Praktikum!<\/span><\/a><\/div><\/p><\/div><div class='av-flex-placeholder'><\/div><div  class='flex_column av-31vfx4-85d344223574a96e26474d4c13eba95e av_one_half  avia-builder-el-5  el_after_av_one_half  avia-builder-el-last  flex_column_table_cell av-equal-height-column av-align-top  '     ><style type=\"text\/css\" data-created_by=\"avia_inline_auto\" id=\"style-css-av-l4a5b9om-083f19cba7627cd2661eae25443a9c2a\">\n.avia-image-container.av-l4a5b9om-083f19cba7627cd2661eae25443a9c2a .av-image-caption-overlay-center{\ncolor:#ffffff;\n}\n<\/style>\n<div  class='avia-image-container av-l4a5b9om-083f19cba7627cd2661eae25443a9c2a av-styling- avia-align-center  avia-builder-el-6  avia-builder-el-no-sibling '  itemprop=\"image\" itemscope=\"itemscope\" itemtype=\"https:\/\/schema.org\/ImageObject\" ><div class=\"avia-image-container-inner\"><div class=\"avia-image-overlay-wrap\"><picture><source media='(max-width:300px)' srcset='https:\/\/sanlucar.com\/wp-content\/uploads\/2024\/10\/Practikum-guys-1-300x200.jpg'><source media='(max-width:600px)' srcset='https:\/\/sanlucar.com\/wp-content\/uploads\/2024\/10\/Practikum-guys-1.jpg'><img decoding=\"async\" class='avia_image ' src=\"https:\/\/sanlucar.com\/wp-content\/uploads\/2024\/10\/Practikum-guys-1.jpg\" alt='SanLucar interns gaining hands-on experience in sustainable agriculture and fresh produce industry.' title='Practikum-guys (1)'\/><\/picture><\/div><\/div><\/div><\/div><\/div><!--close column table wrapper. Autoclose: 1 --><\/div><\/div><\/div><!-- close content main div --><\/div><\/div><div id='av_section_2'  class='avia-section av-5dtrxk-309f40227d5692a97c966ff65e97c130 tertiary_color avia-section-default avia-no-border-styling  avia-builder-el-7  el_after_av_section  avia-builder-el-last  avia-bg-style-scroll container_wrap fullsize'  ><div class='container av-section-cont-open' ><div class='template-page content  av-content-full alpha units'><div class='post-entry post-entry-type-page post-entry-28730'><div class='entry-content-wrapper clearfix'>\n\n<style type=\"text\/css\" data-created_by=\"avia_inline_auto\" id=\"style-css-av-l4a7o03s-3be0c54ebed501b7780df0a9c2be7419\">\n#top .av-special-heading.av-l4a7o03s-3be0c54ebed501b7780df0a9c2be7419{\npadding-bottom:10px;\n}\nbody .av-special-heading.av-l4a7o03s-3be0c54ebed501b7780df0a9c2be7419 .av-special-heading-tag .heading-char{\nfont-size:25px;\n}\n.av-special-heading.av-l4a7o03s-3be0c54ebed501b7780df0a9c2be7419 .av-subheading{\nfont-size:15px;\n}\n<\/style>\n<div  class='av-special-heading av-l4a7o03s-3be0c54ebed501b7780df0a9c2be7419 av-special-heading-h2 blockquote modern-quote modern-centered  avia-builder-el-8  el_before_av_two_fifth  avia-builder-el-first '><h2 class='av-special-heading-tag'  itemprop=\"headline\"  >Erfahrungen ehemaliger SanLucar Praktikanten.<\/h2><div class=\"special-heading-border\"><div class=\"special-heading-inner-border\"><\/div><\/div><\/div>\n<div class='flex_column_table av-l4a5div3-843e6c58a3c32fdce3bc1e04c4ff331b sc-av_two_fifth av-mobile-columns-flex av-columns-reverse av-equal-height-column-flextable'><div  class='flex_column av-l4a5div3-843e6c58a3c32fdce3bc1e04c4ff331b av_two_fifth  avia-builder-el-9  el_after_av_heading  el_before_av_three_fifth  first flex_column_table_cell av-equal-height-column av-align-middle  '     ><style type=\"text\/css\" data-created_by=\"avia_inline_auto\" id=\"style-css-av-6k7720-ad92e6c91fc5ad203c3a5ea823b71817\">\n.avia-image-container.av-6k7720-ad92e6c91fc5ad203c3a5ea823b71817 .av-caption-image-overlay-bg{\nopacity:0.4;\nbackground-color:#000000;\n}\n.avia-image-container.av-6k7720-ad92e6c91fc5ad203c3a5ea823b71817 .av-image-caption-overlay-center{\ncolor:#ffffff;\n}\n<\/style>\n<div  class='avia-image-container av-6k7720-ad92e6c91fc5ad203c3a5ea823b71817 av-styling- avia-align-center  avia-builder-el-10  avia-builder-el-no-sibling  noHover av-overlay-hover-deactivate'  itemprop=\"image\" itemscope=\"itemscope\" itemtype=\"https:\/\/schema.org\/ImageObject\" ><div class=\"avia-image-container-inner\"><div class=\"avia-image-overlay-wrap\"><div class=\"av-image-caption-overlay\"><div class=\"av-caption-image-overlay-bg\"><\/div><div class=\"av-image-caption-overlay-position\"><div class=\"av-image-caption-overlay-center\"><p>Greta Reers, Praktikantin im Einkauf<\/p>\n<\/div><\/div><\/div><picture><source media='(max-width:216px)' srcset='https:\/\/sanlucar.com\/wp-content\/uploads\/2022\/06\/Greta_Reers-216x300.jpg'><source media='(max-width:507px)' srcset='https:\/\/sanlucar.com\/wp-content\/uploads\/2022\/06\/Greta_Reers-507x705.jpg'><source media='(max-width:600px)' srcset='https:\/\/sanlucar.com\/wp-content\/uploads\/2022\/06\/Greta_Reers.jpg'><img decoding=\"async\" class='avia_image ' src=\"https:\/\/sanlucar.com\/wp-content\/uploads\/2022\/06\/Greta_Reers.jpg\" alt='Portraitfoto von Praktikantin Greta Reers' title='Greta_Reers'\/><\/picture><\/div><\/div><\/div><\/div><div class='av-flex-placeholder'><\/div><div  class='flex_column av-4crbt4-c67162e37037a687c0674cf823fe883f av_three_fifth  avia-builder-el-11  el_after_av_two_fifth  el_before_av_three_fifth  flex_column_table_cell av-equal-height-column av-align-middle  '     ><p>\n<style type=\"text\/css\" data-created_by=\"avia_inline_auto\" id=\"style-css-av-l4a7otnf-c0d89878c84894b004b480dde1393df9\">\n#top .av-special-heading.av-l4a7otnf-c0d89878c84894b004b480dde1393df9{\npadding-bottom:10px;\n}\nbody .av-special-heading.av-l4a7otnf-c0d89878c84894b004b480dde1393df9 .av-special-heading-tag .heading-char{\nfont-size:25px;\n}\n.av-special-heading.av-l4a7otnf-c0d89878c84894b004b480dde1393df9 .av-subheading{\nfont-size:15px;\n}\n<\/style>\n<div  class='av-special-heading av-l4a7otnf-c0d89878c84894b004b480dde1393df9 av-special-heading-h3 blockquote modern-quote  avia-builder-el-12  el_before_av_textblock  avia-builder-el-first '><h3 class='av-special-heading-tag'  itemprop=\"headline\"  >Greta Reers<\/h3><div class='av-subheading av-subheading_below'><p>Praktikantin im Einkauf.<\/p>\n<\/div><div class=\"special-heading-border\"><div class=\"special-heading-inner-border\"><\/div><\/div><\/div><br \/>\n<section  class='av_textblock_section av-1u7iew-9b53c0a1380adea4098e4b7732239ff3 '   itemscope=\"itemscope\" itemtype=\"https:\/\/schema.org\/CreativeWork\" ><div class='avia_textblock'  itemprop=\"text\" ><p>\u00bbIch habe ein Praktikum im Bereich Einkauf gemacht. SanLucar bildet Einkaufsteams entsprechend der Saison und Erntezeit, so habe ich unterschiedliche Teams und Produkte kennengelernt. Eine super Erfahrung! Ich war direkt ins Tagesgesch\u00e4ft eingebunden, was bedeutete, in permanenter Absprache mit den Lieferanten zu arbeiten und sicherzustellen, dass die Bestellungen rundum korrekt ausgef\u00fchrt werden \u2013 in enger Zusammenarbeit mit der Verkaufsabteilung und dem Logistik-Team. SanLucar legt gro\u00dfen Wert auf Qualit\u00e4t und faires, verantwortungsbewusstes Handeln, vom Feld bis in den Supermarkt. Am meisten begeistert hat mich, dass ich mit Produkten arbeiten konnte, die ich selbst Tag f\u00fcr Tag kaufe. Die Arbeitsatmosph\u00e4re ist sehr pers\u00f6nlich und offen und nicht nur mein Tutor aus der Abteilung hat mich kontinuierlich begleitet und unterst\u00fctzt, sondern auch die HR-Abteilung.\u00ab<\/p>\n<\/div><\/section><\/p><\/div><\/div><!--close column table wrapper. Autoclose: 1 --><div class='flex_column_table av-459haw-5776990cc7256ce64be3fee189e2bd45 sc-av_three_fifth av-equal-height-column-flextable'><div  class='flex_column av-459haw-5776990cc7256ce64be3fee189e2bd45 av_three_fifth  avia-builder-el-14  el_after_av_three_fifth  el_before_av_two_fifth  first flex_column_table_cell av-equal-height-column av-align-middle  '     ><p>\n<style type=\"text\/css\" data-created_by=\"avia_inline_auto\" id=\"style-css-av-l4a7qlel-67b3716a6b7a708bfb73c915be521f26\">\n#top .av-special-heading.av-l4a7qlel-67b3716a6b7a708bfb73c915be521f26{\npadding-bottom:10px;\n}\nbody .av-special-heading.av-l4a7qlel-67b3716a6b7a708bfb73c915be521f26 .av-special-heading-tag .heading-char{\nfont-size:25px;\n}\n.av-special-heading.av-l4a7qlel-67b3716a6b7a708bfb73c915be521f26 .av-subheading{\nfont-size:15px;\n}\n<\/style>\n<div  class='av-special-heading av-l4a7qlel-67b3716a6b7a708bfb73c915be521f26 av-special-heading-h3 blockquote modern-quote  avia-builder-el-15  el_before_av_textblock  avia-builder-el-first '><h3 class='av-special-heading-tag'  itemprop=\"headline\"  >Elisa Nickel<\/h3><div class='av-subheading av-subheading_below'><p>Praktikantin in der Personalabteilung.<\/p>\n<\/div><div class=\"special-heading-border\"><div class=\"special-heading-inner-border\"><\/div><\/div><\/div><br \/>\n<section  class='av_textblock_section av-l4a7quvb-004a36c70e30867d260b5ef217396d41 '   itemscope=\"itemscope\" itemtype=\"https:\/\/schema.org\/CreativeWork\" ><div class='avia_textblock'  itemprop=\"text\" ><p>\u00bbIch war in der Personalabteilung mit der Auswahl neuer Praktikanten betraut. So habe ich etwa Anzeigentexte geschrieben und online gestellt, mit Bewerbern korrespondiert und sogar Bewerbungsgespr\u00e4che organisiert und gef\u00fchrt. Ich fand es sehr sch\u00f6n, dass mir das HR-Team von Beginn an Vertrauen geschenkt hat. Bei SanLucar sp\u00fcrt man die famili\u00e4re Atmosph\u00e4re schon am ersten Arbeitstag, und soziale Aspekte und Projekte spielen in der Firma eine wichtige Rolle. Ich habe viel \u00fcber die Strukturen und Zusammenh\u00e4nge in einem internationalen Unternehmen erfahren, nicht zuletzt aus Pr\u00e4sentationen, die wir Praktikanten uns gegenseitig \u00fcber unsere jeweiligen Abteilungen gehalten haben. Das Praktikum war eine tolle Erfahrung, um mein Uniwissen im Alltag anzuwenden, mich in neue Aufgabenbereiche einzuarbeiten und viel dazuzulernen.\u00ab<\/p>\n<\/div><\/section><\/p><\/div><div class='av-flex-placeholder'><\/div><div  class='flex_column av-38pxdk-25d25fcd0d4772094b75f2db76f142c1 av_two_fifth  avia-builder-el-17  el_after_av_three_fifth  avia-builder-el-last  flex_column_table_cell av-equal-height-column av-align-middle  '     ><style type=\"text\/css\" data-created_by=\"avia_inline_auto\" id=\"style-css-av-l4a5e0bn-38949bebb2fad5dc1e90e2ef98e1bae5\">\n.avia-image-container.av-l4a5e0bn-38949bebb2fad5dc1e90e2ef98e1bae5 .av-caption-image-overlay-bg{\nopacity:0.4;\nbackground-color:#000000;\n}\n.avia-image-container.av-l4a5e0bn-38949bebb2fad5dc1e90e2ef98e1bae5 .av-image-caption-overlay-center{\ncolor:#ffffff;\n}\n<\/style>\n<div  class='avia-image-container av-l4a5e0bn-38949bebb2fad5dc1e90e2ef98e1bae5 av-styling- avia-align-center  avia-builder-el-18  avia-builder-el-no-sibling  noHover av-overlay-hover-deactivate'  itemprop=\"image\" itemscope=\"itemscope\" itemtype=\"https:\/\/schema.org\/ImageObject\" ><div class=\"avia-image-container-inner\"><div class=\"avia-image-overlay-wrap\"><div class=\"av-image-caption-overlay\"><div class=\"av-caption-image-overlay-bg\"><\/div><div class=\"av-image-caption-overlay-position\"><div class=\"av-image-caption-overlay-center\"><p>Elisa Nickel, Praktikantin in der Personalabteilung<\/p>\n<\/div><\/div><\/div><picture><source media='(max-width:227px)' srcset='https:\/\/sanlucar.com\/wp-content\/uploads\/2024\/08\/Elisa_NickelV1R-227x300.jpg'><source media='(max-width:359px)' srcset='https:\/\/sanlucar.com\/wp-content\/uploads\/2024\/08\/Elisa_NickelV1R.jpg'><img decoding=\"async\" class='avia_image ' src=\"https:\/\/sanlucar.com\/wp-content\/uploads\/2024\/08\/Elisa_NickelV1R.jpg\" alt='Elisa Nickel, a SanLucar expert, representing dedication to sustainable agriculture and fresh produce innovation.' title='Elisa_NickelV1R'\/><\/picture><\/div><\/div><\/div><\/div><\/div><!--close column table wrapper. Autoclose: 1 -->\n<\/p>\n","protected":false},"excerpt":{"rendered":"","protected":false},"author":12,"featured_media":31599,"parent":15708,"menu_order":0,"comment_status":"closed","ping_status":"closed","template":"","meta":{"_acf_changed":false,"footnotes":""},"class_list":["post-28730","page","type-page","status-publish","has-post-thumbnail","hentry"],"acf":[],"yoast_head":"<!-- This site is optimized with the Yoast SEO plugin v27.0 - https:\/\/yoast.com\/product\/yoast-seo-wordpress\/ -->\n<title>Internships | SanLucar<\/title>\n<meta name=\"robots\" content=\"index, follow, max-snippet:-1, max-image-preview:large, max-video-preview:-1\" \/>\n<link rel=\"canonical\" href=\"https:\/\/sanlucar.com\/en\/karriere\/internships\/\" \/>\n<meta property=\"og:locale\" content=\"en_US\" \/>\n<meta property=\"og:type\" content=\"article\" \/>\n<meta property=\"og:title\" content=\"Internships | SanLucar\" \/>\n<meta property=\"og:url\" content=\"https:\/\/sanlucar.com\/en\/karriere\/internships\/\" \/>\n<meta property=\"og:site_name\" content=\"SanLucar\" \/>\n<meta property=\"article:publisher\" content=\"https:\/\/www.facebook.com\/sanlucarfruit\" \/>\n<meta property=\"article:modified_time\" content=\"2025-10-03T08:08:25+00:00\" \/>\n<meta property=\"og:image\" content=\"https:\/\/sanlucar.com\/wp-content\/uploads\/2024\/05\/03-Praktikums-Programmv1.jpg\" \/>\n\t<meta property=\"og:image:width\" content=\"1414\" \/>\n\t<meta property=\"og:image:height\" content=\"513\" \/>\n\t<meta property=\"og:image:type\" content=\"image\/jpeg\" \/>\n<meta name=\"twitter:card\" content=\"summary_large_image\" \/>\n<script type=\"application\/ld+json\" class=\"yoast-schema-graph\">{\"@context\":\"https:\/\/schema.org\",\"@graph\":[{\"@type\":\"WebPage\",\"@id\":\"https:\/\/sanlucar.com\/en\/karriere\/internships\/\",\"url\":\"https:\/\/sanlucar.com\/en\/karriere\/internships\/\",\"name\":\"Internships | SanLucar\",\"isPartOf\":{\"@id\":\"https:\/\/sanlucar.com\/#website\"},\"primaryImageOfPage\":{\"@id\":\"https:\/\/sanlucar.com\/en\/karriere\/internships\/#primaryimage\"},\"image\":{\"@id\":\"https:\/\/sanlucar.com\/en\/karriere\/internships\/#primaryimage\"},\"thumbnailUrl\":\"https:\/\/sanlucar.com\/wp-content\/uploads\/2024\/05\/03-Praktikums-Programmv1.jpg\",\"datePublished\":\"2022-06-01T13:40:13+00:00\",\"dateModified\":\"2025-10-03T08:08:25+00:00\",\"breadcrumb\":{\"@id\":\"https:\/\/sanlucar.com\/en\/karriere\/internships\/#breadcrumb\"},\"inLanguage\":\"en-US\",\"potentialAction\":[{\"@type\":\"ReadAction\",\"target\":[\"https:\/\/sanlucar.com\/en\/karriere\/internships\/\"]}]},{\"@type\":\"ImageObject\",\"inLanguage\":\"en-US\",\"@id\":\"https:\/\/sanlucar.com\/en\/karriere\/internships\/#primaryimage\",\"url\":\"https:\/\/sanlucar.com\/wp-content\/uploads\/2024\/05\/03-Praktikums-Programmv1.jpg\",\"contentUrl\":\"https:\/\/sanlucar.com\/wp-content\/uploads\/2024\/05\/03-Praktikums-Programmv1.jpg\",\"width\":1414,\"height\":513,\"caption\":\"SanLucar internship program, providing hands-on experience in sustainable agriculture and fresh produce industry.\"},{\"@type\":\"BreadcrumbList\",\"@id\":\"https:\/\/sanlucar.com\/en\/karriere\/internships\/#breadcrumb\",\"itemListElement\":[{\"@type\":\"ListItem\",\"position\":1,\"name\":\"Home\",\"item\":\"https:\/\/sanlucar.com\/en\/\"},{\"@type\":\"ListItem\",\"position\":2,\"name\":\"Internships\"}]},{\"@type\":\"WebSite\",\"@id\":\"https:\/\/sanlucar.com\/#website\",\"url\":\"https:\/\/sanlucar.com\/\",\"name\":\"SanLucar\",\"description\":\"\",\"publisher\":{\"@id\":\"https:\/\/sanlucar.com\/#organization\"},\"potentialAction\":[{\"@type\":\"SearchAction\",\"target\":{\"@type\":\"EntryPoint\",\"urlTemplate\":\"https:\/\/sanlucar.com\/?s={search_term_string}\"},\"query-input\":{\"@type\":\"PropertyValueSpecification\",\"valueRequired\":true,\"valueName\":\"search_term_string\"}}],\"inLanguage\":\"en-US\"},{\"@type\":\"Organization\",\"@id\":\"https:\/\/sanlucar.com\/#organization\",\"name\":\"SanLucar\",\"url\":\"https:\/\/sanlucar.com\/\",\"logo\":{\"@type\":\"ImageObject\",\"inLanguage\":\"en-US\",\"@id\":\"https:\/\/sanlucar.com\/#\/schema\/logo\/image\/\",\"url\":\"https:\/\/sanlucar.com\/wp-content\/uploads\/2023\/01\/sanlucar-logo-onwhite.png\",\"contentUrl\":\"https:\/\/sanlucar.com\/wp-content\/uploads\/2023\/01\/sanlucar-logo-onwhite.png\",\"width\":800,\"height\":800,\"caption\":\"SanLucar\"},\"image\":{\"@id\":\"https:\/\/sanlucar.com\/#\/schema\/logo\/image\/\"},\"sameAs\":[\"https:\/\/www.facebook.com\/sanlucarfruit\",\"https:\/\/www.instagram.com\/sanlucarfruit\/\",\"https:\/\/www.youtube.com\/user\/SanLucar2009\",\"https:\/\/www.linkedin.com\/company\/sanlucar\/\"]}]}<\/script>\n<!-- \/ Yoast SEO plugin. -->","yoast_head_json":{"title":"Internships | SanLucar","robots":{"index":"index","follow":"follow","max-snippet":"max-snippet:-1","max-image-preview":"max-image-preview:large","max-video-preview":"max-video-preview:-1"},"canonical":"https:\/\/sanlucar.com\/en\/karriere\/internships\/","og_locale":"en_US","og_type":"article","og_title":"Internships | SanLucar","og_url":"https:\/\/sanlucar.com\/en\/karriere\/internships\/","og_site_name":"SanLucar","article_publisher":"https:\/\/www.facebook.com\/sanlucarfruit","article_modified_time":"2025-10-03T08:08:25+00:00","og_image":[{"width":1414,"height":513,"url":"https:\/\/sanlucar.com\/wp-content\/uploads\/2024\/05\/03-Praktikums-Programmv1.jpg","type":"image\/jpeg"}],"twitter_card":"summary_large_image","schema":{"@context":"https:\/\/schema.org","@graph":[{"@type":"WebPage","@id":"https:\/\/sanlucar.com\/en\/karriere\/internships\/","url":"https:\/\/sanlucar.com\/en\/karriere\/internships\/","name":"Internships | SanLucar","isPartOf":{"@id":"https:\/\/sanlucar.com\/#website"},"primaryImageOfPage":{"@id":"https:\/\/sanlucar.com\/en\/karriere\/internships\/#primaryimage"},"image":{"@id":"https:\/\/sanlucar.com\/en\/karriere\/internships\/#primaryimage"},"thumbnailUrl":"https:\/\/sanlucar.com\/wp-content\/uploads\/2024\/05\/03-Praktikums-Programmv1.jpg","datePublished":"2022-06-01T13:40:13+00:00","dateModified":"2025-10-03T08:08:25+00:00","breadcrumb":{"@id":"https:\/\/sanlucar.com\/en\/karriere\/internships\/#breadcrumb"},"inLanguage":"en-US","potentialAction":[{"@type":"ReadAction","target":["https:\/\/sanlucar.com\/en\/karriere\/internships\/"]}]},{"@type":"ImageObject","inLanguage":"en-US","@id":"https:\/\/sanlucar.com\/en\/karriere\/internships\/#primaryimage","url":"https:\/\/sanlucar.com\/wp-content\/uploads\/2024\/05\/03-Praktikums-Programmv1.jpg","contentUrl":"https:\/\/sanlucar.com\/wp-content\/uploads\/2024\/05\/03-Praktikums-Programmv1.jpg","width":1414,"height":513,"caption":"SanLucar internship program, providing hands-on experience in sustainable agriculture and fresh produce industry."},{"@type":"BreadcrumbList","@id":"https:\/\/sanlucar.com\/en\/karriere\/internships\/#breadcrumb","itemListElement":[{"@type":"ListItem","position":1,"name":"Home","item":"https:\/\/sanlucar.com\/en\/"},{"@type":"ListItem","position":2,"name":"Internships"}]},{"@type":"WebSite","@id":"https:\/\/sanlucar.com\/#website","url":"https:\/\/sanlucar.com\/","name":"SanLucar","description":"","publisher":{"@id":"https:\/\/sanlucar.com\/#organization"},"potentialAction":[{"@type":"SearchAction","target":{"@type":"EntryPoint","urlTemplate":"https:\/\/sanlucar.com\/?s={search_term_string}"},"query-input":{"@type":"PropertyValueSpecification","valueRequired":true,"valueName":"search_term_string"}}],"inLanguage":"en-US"},{"@type":"Organization","@id":"https:\/\/sanlucar.com\/#organization","name":"SanLucar","url":"https:\/\/sanlucar.com\/","logo":{"@type":"ImageObject","inLanguage":"en-US","@id":"https:\/\/sanlucar.com\/#\/schema\/logo\/image\/","url":"https:\/\/sanlucar.com\/wp-content\/uploads\/2023\/01\/sanlucar-logo-onwhite.png","contentUrl":"https:\/\/sanlucar.com\/wp-content\/uploads\/2023\/01\/sanlucar-logo-onwhite.png","width":800,"height":800,"caption":"SanLucar"},"image":{"@id":"https:\/\/sanlucar.com\/#\/schema\/logo\/image\/"},"sameAs":["https:\/\/www.facebook.com\/sanlucarfruit","https:\/\/www.instagram.com\/sanlucarfruit\/","https:\/\/www.youtube.com\/user\/SanLucar2009","https:\/\/www.linkedin.com\/company\/sanlucar\/"]}]}},"_links":{"self":[{"href":"https:\/\/sanlucar.com\/en\/wp-json\/wp\/v2\/pages\/28730","targetHints":{"allow":["GET"]}}],"collection":[{"href":"https:\/\/sanlucar.com\/en\/wp-json\/wp\/v2\/pages"}],"about":[{"href":"https:\/\/sanlucar.com\/en\/wp-json\/wp\/v2\/types\/page"}],"author":[{"embeddable":true,"href":"https:\/\/sanlucar.com\/en\/wp-json\/wp\/v2\/users\/12"}],"replies":[{"embeddable":true,"href":"https:\/\/sanlucar.com\/en\/wp-json\/wp\/v2\/comments?post=28730"}],"version-history":[{"count":2,"href":"https:\/\/sanlucar.com\/en\/wp-json\/wp\/v2\/pages\/28730\/revisions"}],"predecessor-version":[{"id":57020,"href":"https:\/\/sanlucar.com\/en\/wp-json\/wp\/v2\/pages\/28730\/revisions\/57020"}],"up":[{"embeddable":true,"href":"https:\/\/sanlucar.com\/en\/wp-json\/wp\/v2\/pages\/15708"}],"wp:featuredmedia":[{"embeddable":true,"href":"https:\/\/sanlucar.com\/en\/wp-json\/wp\/v2\/media\/31599"}],"wp:attachment":[{"href":"https:\/\/sanlucar.com\/en\/wp-json\/wp\/v2\/media?parent=28730"}],"curies":[{"name":"wp","href":"https:\/\/api.w.org\/{rel}","templated":true}]}}