
{"id":39284,"date":"2024-07-24T17:46:55","date_gmt":"2024-07-24T15:46:55","guid":{"rendered":"https:\/\/sanlucar.com\/company\/partnerschaften\/"},"modified":"2024-08-14T12:51:30","modified_gmt":"2024-08-14T10:51:30","slug":"fruitful-partnerships","status":"publish","type":"page","link":"https:\/\/sanlucar.com\/en\/company\/fruitful-partnerships\/","title":{"rendered":"Fruitful partnerships."},"content":{"rendered":"\n            <div   class='avia-section main_color res_page_banner  avia-builder-el-0  el_before_av_one_half  avia-builder-el-first   avia-bg-style-scroll res_page_banner__intro--image_headline container_wrap fullsize' style='' data-section-bg-repeat='stretch'>            <div class=\"av-section-cont-open res_page_banner res_page_banner--image_headline\">\n                <div class=\"template-page content av-content-full alpha units\">\n                    <div class=\"post-entry post-entry-type-page\">\n                        <div class=\"entry-content-wrapper clearfix\">\n                            <div class=\"flex_column av_one_full el_before_av_heading first flex_column_div avia-full-stretch res_page_banner__image\"\n                                 style=\"background-image: url(https:\/\/sanlucar.com\/wp-content\/uploads\/2024\/07\/parner-1.jpg); background-repeat: no-repeat; background-position: 50% 50%; background-attachment: scroll;\"><\/div>\n                            <div class=\"flex_column av_one_full flex_column_div avia-full-stretch res_page_banner__heading \">\n\t\t\t\t\t\t\t\t\n\t\t\t\t\t\t\t\t\t\t\t\t\t\t\t<div class=\"row\" style=\"max-width:1087px;margin-left:auto;margin-right:auto;background: #D4E8F1;padding:25px;padding-bottom:0;margin-top:-40px;\">\n\t\t\t\t\t\t\t\t<h1 class=\"col-md-12 product_header__main__intro_container__headline\" style=\"margin-left:0;margin-bottom:11px;\">Fruitful partnerships.<\/h1>\n\t\t\t\t\t\t\t\t<div class=\"col-md-6\">\t\n\t\t\t\t\t\t\t\t\t<p>Our vision is to bring people natural health and a little joie de vivre. And because we are stronger together, we cooperate with partners such as The Walt Disney Company, the German first division soccer team VfB Stuttgart, and ATP and WTA tennis tournaments. Take a look at how film, sport and sweet fruit go together.<\/p>\n\t\t\t\t\t\t\t\t<\/div>\n\t\t\t\t\t\t\t\t<div class=\"col-md-6\">\n\t\t\t\t\t\t\t\t\t\n\t\t\t\t\t\t\t\t<p><img loading=\"lazy\" decoding=\"async\" class=\"alignnone size-full wp-image-40387\" src=\"https:\/\/sanlucar.com\/wp-content\/uploads\/2024\/08\/Parnerv1r-1.jpg\" alt=\"\" width=\"600\" height=\"228\" srcset=\"https:\/\/sanlucar.com\/wp-content\/uploads\/2024\/08\/Parnerv1r-1.jpg 600w, https:\/\/sanlucar.com\/wp-content\/uploads\/2024\/08\/Parnerv1r-1-300x114.jpg 300w\" sizes=\"auto, (max-width: 600px) 100vw, 600px\" \/><\/p>\n\t\t\t\t\t\t\t\t<\/div>\n\t\t\t\t\t\t\t\t<\/div>\n\t\t\t\t\t\t\t\t<div class=\"row goawaypadding\" style=\"max-width:1087px;margin-left:auto;margin-right:auto;\">\n\t\t\t\t\t\t\t\t\n    <div  class=\"res_breadcrumbs \" style=\"\">\n        <ul class=\"d-flex flex-wrap\">\n            <li><a href=\"https:\/\/sanlucar.com\/en\/\">Home<\/a><span class=\"sep\">\/<\/span><\/li>\n                                                <li><span><span class=\"sep\">\/<\/span><\/span><\/li>\n                                                            <li>\n                        <a href=\"https:\/\/sanlucar.com\/en\/?page_id=15920\">The SanLucar company<\/a><span class=\"sep\">\/<\/span>\n                    <\/li>\n                                        <li class=\"res_breadcrumbs__current\"><span>Fruitful partnerships.<\/span><\/li>\n        <\/ul>\n    <\/div>\n\n    \t\t\t\t\t\t\t\t<\/div>\n                                \t\t\t\t                            <\/div>\n                        <\/div>\n                    <\/div>\n                <\/div>\n            <\/div>\n\n\n\n\n            <\/div><div id='after_page_banner'  class='main_color av_default_container_wrap container_wrap fullsize'  ><div class='container av-section-cont-open' ><div class='template-page content  av-content-full alpha units'><div class='post-entry post-entry-type-page post-entry-39284'><div class='entry-content-wrapper clearfix'>            \n<div  class='flex_column av-2vnrops-ecae1055f160fcc2bd8b12f673c6bd80 av_one_half  avia-builder-el-1  el_after_res_page_banner  el_before_av_one_half  avia-builder-el-first  first flex_column_div  '     ><style type=\"text\/css\" data-created_by=\"avia_inline_auto\" id=\"style-css-av-lz00icbr-38baa4cc71724544de94b8c07a2cdebe\">\n.avia-image-container.av-lz00icbr-38baa4cc71724544de94b8c07a2cdebe .av-image-caption-overlay-center{\ncolor:#ffffff;\n}\n<\/style>\n<div  class='avia-image-container av-lz00icbr-38baa4cc71724544de94b8c07a2cdebe av-styling- avia-align-center  avia-builder-el-2  avia-builder-el-no-sibling '  itemprop=\"image\" itemscope=\"itemscope\" itemtype=\"https:\/\/schema.org\/ImageObject\" ><div class=\"avia-image-container-inner\"><div class=\"avia-image-overlay-wrap\"><picture><source media='(max-width:300px)' srcset='https:\/\/sanlucar.com\/wp-content\/uploads\/2024\/07\/Lionking-300x206.jpg'><source media='(max-width:600px)' srcset='https:\/\/sanlucar.com\/wp-content\/uploads\/2024\/07\/Lionking.jpg'><img decoding=\"async\" class='avia_image ' src=\"https:\/\/sanlucar.com\/wp-content\/uploads\/2024\/07\/Lionking.jpg\" alt='Colorful SanLucar fruit display in a supermarket featuring a Lion King theme, highlighting apples, pineapples, and fresh produce.' title='Lionking'\/><\/picture><\/div><\/div><\/div><\/div>\n<div  class='flex_column av-2jsclj4-71c0608cac11b41cd43393eb71675452 av_one_half  avia-builder-el-3  el_after_av_one_half  el_before_av_one_half  flex_column_div  '     ><section  class='av_textblock_section av-lz00infk-2f661dfa709b3c26b8b9b608edfa8bb7 '   itemscope=\"itemscope\" itemtype=\"https:\/\/schema.org\/CreativeWork\" ><div class='avia_textblock'  itemprop=\"text\" ><p><strong>And\u2026 action! For sweet fruits. <\/strong><\/p>\n<p>We are delighted when we can encourage children to eat more fruit and vegetables with our juicy-sweet fruit and crunchy-fresh vegetables.\u00a0 That\u2019s why our partnership with Disney and its magical movie characters is so valuable to us. In the supermarket, for example, together with Snow White, the Lion King or Nemo, we really whet children\u2019s appetites for our fruit and vegetables. We have been promoting healthy eating for a long time. As taste and eating habits are formed in the first few years of life, it is important to gain a liking for fruit and vegetables as early as possible. And the taste of our fruit is really popular with children.<\/p>\n<\/div><\/section><\/div>\n<div  class='flex_column av-28hj3vk-e77c1b72d24f964ce68efedc7bf0ead4 av_one_half  avia-builder-el-5  el_after_av_one_half  el_before_av_one_half  first flex_column_div  column-top-margin'     ><section  class='av_textblock_section av-lz00j719-95900bfea28cd9c7f0e1015597721401 '   itemscope=\"itemscope\" itemtype=\"https:\/\/schema.org\/CreativeWork\" ><div class='avia_textblock'  itemprop=\"text\" ><p><strong>Our fruit and vegetables? All aces! <\/strong><\/p>\n<p>Whether the BOSS OPEN in Stuttgart or the Ecotrans Ladies Open in Berlin \u2013 as a sponsor and fresh produce partner, we support first-class men\u2019s and women\u2019s tennis at ATP and WTA tournaments. Why? Because delicious fruit and fast-paced sport simply belong together. And what the world\u2019s tennis elite enjoy, we have enjoyed for a long time. \u201cSport at this level can only work if the nutrition is also perfectly balanced. We know that what\u2019s good for top athletes is good for everyone: lots of fresh and delicious fruit and vegetables,\u201d says our CEO Armin Rehberg. And he\u2019s right! And that\u2019s why tennis enthusiasts and players were able to refresh and fortify themselves during the tournaments \u2013 just like at Wimbledon \u2013 with our juicy-sweet strawberries with cream, for example.<\/p>\n<\/div><\/section><\/div>\n<div  class='flex_column av-1s5lk00-df5c4177e2d25d2b3f647346103965df av_one_half  avia-builder-el-7  el_after_av_one_half  el_before_av_one_half  flex_column_div  column-top-margin'     ><style type=\"text\/css\" data-created_by=\"avia_inline_auto\" id=\"style-css-av-lz00iyyv-6ce0356f96c1f17cb5af6ab7a9287a30\">\n.avia-image-container.av-lz00iyyv-6ce0356f96c1f17cb5af6ab7a9287a30 .av-image-caption-overlay-center{\ncolor:#ffffff;\n}\n<\/style>\n<div  class='avia-image-container av-lz00iyyv-6ce0356f96c1f17cb5af6ab7a9287a30 av-styling- avia-align-center  avia-builder-el-8  avia-builder-el-no-sibling '  itemprop=\"image\" itemscope=\"itemscope\" itemtype=\"https:\/\/schema.org\/ImageObject\" ><div class=\"avia-image-container-inner\"><div class=\"avia-image-overlay-wrap\"><picture><source media='(max-width:300px)' srcset='https:\/\/sanlucar.com\/wp-content\/uploads\/2024\/07\/VFB-Stuttgart-1-300x219.jpg'><source media='(max-width:600px)' srcset='https:\/\/sanlucar.com\/wp-content\/uploads\/2024\/07\/VFB-Stuttgart-1.jpg'><img decoding=\"async\" class='avia_image ' src=\"https:\/\/sanlucar.com\/wp-content\/uploads\/2024\/07\/VFB-Stuttgart-1.jpg\" alt='VfB Stuttgart soccer players posing on the field with fresh SanLucar fruits, including pineapples, grapes, and oranges.' title='VFB Stuttgart 1'\/><\/picture><\/div><\/div><\/div><\/div>\n<div class='av-column-wrapper-individual av-mobile-columns-flex av-columns-reverse'><div  class='flex_column av-1c0c23k-5d784638f340b9069c23bee80bbd58fe av_one_half  avia-builder-el-9  el_after_av_one_half  el_before_av_one_half  first flex_column_div  column-top-margin'     ><style type=\"text\/css\" data-created_by=\"avia_inline_auto\" id=\"style-css-av-lz00ob6s-04edcdb5ce9a09dbd7eb4b2556989886\">\n.avia-image-container.av-lz00ob6s-04edcdb5ce9a09dbd7eb4b2556989886 .av-image-caption-overlay-center{\ncolor:#ffffff;\n}\n<\/style>\n<div  class='avia-image-container av-lz00ob6s-04edcdb5ce9a09dbd7eb4b2556989886 av-styling- avia-align-center  avia-builder-el-10  avia-builder-el-no-sibling '  itemprop=\"image\" itemscope=\"itemscope\" itemtype=\"https:\/\/schema.org\/ImageObject\" ><div class=\"avia-image-container-inner\"><div class=\"avia-image-overlay-wrap\"><picture><source media='(max-width:300px)' srcset='https:\/\/sanlucar.com\/wp-content\/uploads\/2024\/07\/Tenis-300x202.jpg'><source media='(max-width:600px)' srcset='https:\/\/sanlucar.com\/wp-content\/uploads\/2024\/07\/Tenis.jpg'><img decoding=\"async\" class='avia_image ' src=\"https:\/\/sanlucar.com\/wp-content\/uploads\/2024\/07\/Tenis.jpg\" alt='Female tennis player hitting a backhand shot on a grass court with a large SanLucar \"Taste the Sun\" banner in the background.' title='Tenis'\/><\/picture><\/div><\/div><\/div><\/div>\n<div  class='flex_column av-su48hs-0f379daf87d73800c5ce2c4b3d4e21ad av_one_half  avia-builder-el-11  el_after_av_one_half  avia-builder-el-last  flex_column_div  column-top-margin'     ><section  class='av_textblock_section av-lz00jdz7-675822e9ce7573ff4474775e1849d8c3 '   itemscope=\"itemscope\" itemtype=\"https:\/\/schema.org\/CreativeWork\" ><div class='avia_textblock'  itemprop=\"text\" ><p><strong>Unser Obst und Gem\u00fcse? Lauter Asse! <\/strong><\/p>\n<p>Ob die BOSS OPEN in Stuttgart oder die Ecotrans Ladies Open in Berlin \u2013 wir unterst\u00fctzen als Sponsor und Frische-Partner erstklassiges Damen- und Herren-Tennis bei ATP- und WTA-Turnieren. Warum? Weil k\u00f6stliche Fr\u00fcchte und rasanter Sport einfach zusammengeh\u00f6ren. Und was der Tennis-Weltelite schmeckt, m\u00f6gen wir doch schon lange. &gt;&gt;Sport auf dieser Ebene kann nur funktionieren, wenn auch die Ern\u00e4hrung perfekt abgestimmt ist. Wir wissen: Was Spitzensportler guttut, ist fu\u0308r alle gut \u2013 n\u00e4mlich viel frisches und tolles Obst und Gemu\u0308se&lt;&lt;, wei\u00df unser CEO Armin Rehberg. Recht hat er! Und deshalb konnten sich Tennis-Begeisterte und Spieler*innen w\u00e4hrend der Turniere \u2013 ganz wie in Wimbledon \u2013 zum Beispiel auch mit unseren saftig-s\u00fc\u00dfen Erdbeeren mit Sahne erfrischen und st\u00e4rken.<\/p>\n<\/div><\/section><\/div><\/div><!--close flex column wrapper. Autoclose: 1 -->\n","protected":false},"excerpt":{"rendered":"","protected":false},"author":12,"featured_media":39132,"parent":15920,"menu_order":0,"comment_status":"closed","ping_status":"closed","template":"","meta":{"_acf_changed":false,"footnotes":""},"class_list":["post-39284","page","type-page","status-publish","has-post-thumbnail","hentry"],"acf":[],"yoast_head":"<!-- This site is optimized with the Yoast SEO plugin v27.0 - https:\/\/yoast.com\/product\/yoast-seo-wordpress\/ -->\n<title>Fruitful partnerships. | SanLucar<\/title>\n<meta name=\"robots\" content=\"index, follow, max-snippet:-1, max-image-preview:large, max-video-preview:-1\" \/>\n<link rel=\"canonical\" href=\"https:\/\/sanlucar.com\/en\/company\/fruitful-partnerships\/\" \/>\n<meta property=\"og:locale\" content=\"en_US\" \/>\n<meta property=\"og:type\" content=\"article\" \/>\n<meta property=\"og:title\" content=\"Fruitful partnerships. | SanLucar\" \/>\n<meta property=\"og:url\" content=\"https:\/\/sanlucar.com\/en\/company\/fruitful-partnerships\/\" \/>\n<meta property=\"og:site_name\" content=\"SanLucar\" \/>\n<meta property=\"article:publisher\" content=\"https:\/\/www.facebook.com\/sanlucarfruit\" \/>\n<meta property=\"article:modified_time\" content=\"2024-08-14T10:51:30+00:00\" \/>\n<meta property=\"og:image\" content=\"https:\/\/sanlucar.com\/wp-content\/uploads\/2024\/07\/parner-1.jpg\" \/>\n\t<meta property=\"og:image:width\" content=\"1414\" \/>\n\t<meta property=\"og:image:height\" content=\"513\" \/>\n\t<meta property=\"og:image:type\" content=\"image\/jpeg\" \/>\n<meta name=\"twitter:card\" content=\"summary_large_image\" \/>\n<meta name=\"twitter:label1\" content=\"Est. reading time\" \/>\n\t<meta name=\"twitter:data1\" content=\"3 minutes\" \/>\n<script type=\"application\/ld+json\" class=\"yoast-schema-graph\">{\"@context\":\"https:\/\/schema.org\",\"@graph\":[{\"@type\":\"WebPage\",\"@id\":\"https:\/\/sanlucar.com\/en\/company\/fruitful-partnerships\/\",\"url\":\"https:\/\/sanlucar.com\/en\/company\/fruitful-partnerships\/\",\"name\":\"Fruitful partnerships. | SanLucar\",\"isPartOf\":{\"@id\":\"https:\/\/sanlucar.com\/#website\"},\"primaryImageOfPage\":{\"@id\":\"https:\/\/sanlucar.com\/en\/company\/fruitful-partnerships\/#primaryimage\"},\"image\":{\"@id\":\"https:\/\/sanlucar.com\/en\/company\/fruitful-partnerships\/#primaryimage\"},\"thumbnailUrl\":\"https:\/\/sanlucar.com\/wp-content\/uploads\/2024\/07\/parner-1.jpg\",\"datePublished\":\"2024-07-24T15:46:55+00:00\",\"dateModified\":\"2024-08-14T10:51:30+00:00\",\"breadcrumb\":{\"@id\":\"https:\/\/sanlucar.com\/en\/company\/fruitful-partnerships\/#breadcrumb\"},\"inLanguage\":\"en-US\",\"potentialAction\":[{\"@type\":\"ReadAction\",\"target\":[\"https:\/\/sanlucar.com\/en\/company\/fruitful-partnerships\/\"]}]},{\"@type\":\"ImageObject\",\"inLanguage\":\"en-US\",\"@id\":\"https:\/\/sanlucar.com\/en\/company\/fruitful-partnerships\/#primaryimage\",\"url\":\"https:\/\/sanlucar.com\/wp-content\/uploads\/2024\/07\/parner-1.jpg\",\"contentUrl\":\"https:\/\/sanlucar.com\/wp-content\/uploads\/2024\/07\/parner-1.jpg\",\"width\":1414,\"height\":513,\"caption\":\"SanLucar partner collaboration \u2013 promoting sustainability, innovation, and excellence in the fresh produce industry.\"},{\"@type\":\"BreadcrumbList\",\"@id\":\"https:\/\/sanlucar.com\/en\/company\/fruitful-partnerships\/#breadcrumb\",\"itemListElement\":[{\"@type\":\"ListItem\",\"position\":1,\"name\":\"Home\",\"item\":\"https:\/\/sanlucar.com\/en\/\"},{\"@type\":\"ListItem\",\"position\":2,\"name\":\"Fruitful partnerships.\"}]},{\"@type\":\"WebSite\",\"@id\":\"https:\/\/sanlucar.com\/#website\",\"url\":\"https:\/\/sanlucar.com\/\",\"name\":\"SanLucar\",\"description\":\"\",\"publisher\":{\"@id\":\"https:\/\/sanlucar.com\/#organization\"},\"potentialAction\":[{\"@type\":\"SearchAction\",\"target\":{\"@type\":\"EntryPoint\",\"urlTemplate\":\"https:\/\/sanlucar.com\/?s={search_term_string}\"},\"query-input\":{\"@type\":\"PropertyValueSpecification\",\"valueRequired\":true,\"valueName\":\"search_term_string\"}}],\"inLanguage\":\"en-US\"},{\"@type\":\"Organization\",\"@id\":\"https:\/\/sanlucar.com\/#organization\",\"name\":\"SanLucar\",\"url\":\"https:\/\/sanlucar.com\/\",\"logo\":{\"@type\":\"ImageObject\",\"inLanguage\":\"en-US\",\"@id\":\"https:\/\/sanlucar.com\/#\/schema\/logo\/image\/\",\"url\":\"https:\/\/sanlucar.com\/wp-content\/uploads\/2023\/01\/sanlucar-logo-onwhite.png\",\"contentUrl\":\"https:\/\/sanlucar.com\/wp-content\/uploads\/2023\/01\/sanlucar-logo-onwhite.png\",\"width\":800,\"height\":800,\"caption\":\"SanLucar\"},\"image\":{\"@id\":\"https:\/\/sanlucar.com\/#\/schema\/logo\/image\/\"},\"sameAs\":[\"https:\/\/www.facebook.com\/sanlucarfruit\",\"https:\/\/www.instagram.com\/sanlucarfruit\/\",\"https:\/\/www.youtube.com\/user\/SanLucar2009\",\"https:\/\/www.linkedin.com\/company\/sanlucar\/\"]}]}<\/script>\n<!-- \/ Yoast SEO plugin. -->","yoast_head_json":{"title":"Fruitful partnerships. | SanLucar","robots":{"index":"index","follow":"follow","max-snippet":"max-snippet:-1","max-image-preview":"max-image-preview:large","max-video-preview":"max-video-preview:-1"},"canonical":"https:\/\/sanlucar.com\/en\/company\/fruitful-partnerships\/","og_locale":"en_US","og_type":"article","og_title":"Fruitful partnerships. | SanLucar","og_url":"https:\/\/sanlucar.com\/en\/company\/fruitful-partnerships\/","og_site_name":"SanLucar","article_publisher":"https:\/\/www.facebook.com\/sanlucarfruit","article_modified_time":"2024-08-14T10:51:30+00:00","og_image":[{"width":1414,"height":513,"url":"https:\/\/sanlucar.com\/wp-content\/uploads\/2024\/07\/parner-1.jpg","type":"image\/jpeg"}],"twitter_card":"summary_large_image","twitter_misc":{"Est. reading time":"3 minutes"},"schema":{"@context":"https:\/\/schema.org","@graph":[{"@type":"WebPage","@id":"https:\/\/sanlucar.com\/en\/company\/fruitful-partnerships\/","url":"https:\/\/sanlucar.com\/en\/company\/fruitful-partnerships\/","name":"Fruitful partnerships. | SanLucar","isPartOf":{"@id":"https:\/\/sanlucar.com\/#website"},"primaryImageOfPage":{"@id":"https:\/\/sanlucar.com\/en\/company\/fruitful-partnerships\/#primaryimage"},"image":{"@id":"https:\/\/sanlucar.com\/en\/company\/fruitful-partnerships\/#primaryimage"},"thumbnailUrl":"https:\/\/sanlucar.com\/wp-content\/uploads\/2024\/07\/parner-1.jpg","datePublished":"2024-07-24T15:46:55+00:00","dateModified":"2024-08-14T10:51:30+00:00","breadcrumb":{"@id":"https:\/\/sanlucar.com\/en\/company\/fruitful-partnerships\/#breadcrumb"},"inLanguage":"en-US","potentialAction":[{"@type":"ReadAction","target":["https:\/\/sanlucar.com\/en\/company\/fruitful-partnerships\/"]}]},{"@type":"ImageObject","inLanguage":"en-US","@id":"https:\/\/sanlucar.com\/en\/company\/fruitful-partnerships\/#primaryimage","url":"https:\/\/sanlucar.com\/wp-content\/uploads\/2024\/07\/parner-1.jpg","contentUrl":"https:\/\/sanlucar.com\/wp-content\/uploads\/2024\/07\/parner-1.jpg","width":1414,"height":513,"caption":"SanLucar partner collaboration \u2013 promoting sustainability, innovation, and excellence in the fresh produce industry."},{"@type":"BreadcrumbList","@id":"https:\/\/sanlucar.com\/en\/company\/fruitful-partnerships\/#breadcrumb","itemListElement":[{"@type":"ListItem","position":1,"name":"Home","item":"https:\/\/sanlucar.com\/en\/"},{"@type":"ListItem","position":2,"name":"Fruitful partnerships."}]},{"@type":"WebSite","@id":"https:\/\/sanlucar.com\/#website","url":"https:\/\/sanlucar.com\/","name":"SanLucar","description":"","publisher":{"@id":"https:\/\/sanlucar.com\/#organization"},"potentialAction":[{"@type":"SearchAction","target":{"@type":"EntryPoint","urlTemplate":"https:\/\/sanlucar.com\/?s={search_term_string}"},"query-input":{"@type":"PropertyValueSpecification","valueRequired":true,"valueName":"search_term_string"}}],"inLanguage":"en-US"},{"@type":"Organization","@id":"https:\/\/sanlucar.com\/#organization","name":"SanLucar","url":"https:\/\/sanlucar.com\/","logo":{"@type":"ImageObject","inLanguage":"en-US","@id":"https:\/\/sanlucar.com\/#\/schema\/logo\/image\/","url":"https:\/\/sanlucar.com\/wp-content\/uploads\/2023\/01\/sanlucar-logo-onwhite.png","contentUrl":"https:\/\/sanlucar.com\/wp-content\/uploads\/2023\/01\/sanlucar-logo-onwhite.png","width":800,"height":800,"caption":"SanLucar"},"image":{"@id":"https:\/\/sanlucar.com\/#\/schema\/logo\/image\/"},"sameAs":["https:\/\/www.facebook.com\/sanlucarfruit","https:\/\/www.instagram.com\/sanlucarfruit\/","https:\/\/www.youtube.com\/user\/SanLucar2009","https:\/\/www.linkedin.com\/company\/sanlucar\/"]}]}},"_links":{"self":[{"href":"https:\/\/sanlucar.com\/en\/wp-json\/wp\/v2\/pages\/39284","targetHints":{"allow":["GET"]}}],"collection":[{"href":"https:\/\/sanlucar.com\/en\/wp-json\/wp\/v2\/pages"}],"about":[{"href":"https:\/\/sanlucar.com\/en\/wp-json\/wp\/v2\/types\/page"}],"author":[{"embeddable":true,"href":"https:\/\/sanlucar.com\/en\/wp-json\/wp\/v2\/users\/12"}],"replies":[{"embeddable":true,"href":"https:\/\/sanlucar.com\/en\/wp-json\/wp\/v2\/comments?post=39284"}],"version-history":[{"count":2,"href":"https:\/\/sanlucar.com\/en\/wp-json\/wp\/v2\/pages\/39284\/revisions"}],"predecessor-version":[{"id":40496,"href":"https:\/\/sanlucar.com\/en\/wp-json\/wp\/v2\/pages\/39284\/revisions\/40496"}],"up":[{"embeddable":true,"href":"https:\/\/sanlucar.com\/en\/wp-json\/wp\/v2\/pages\/15920"}],"wp:featuredmedia":[{"embeddable":true,"href":"https:\/\/sanlucar.com\/en\/wp-json\/wp\/v2\/media\/39132"}],"wp:attachment":[{"href":"https:\/\/sanlucar.com\/en\/wp-json\/wp\/v2\/media?parent=39284"}],"curies":[{"name":"wp","href":"https:\/\/api.w.org\/{rel}","templated":true}]}}