
{"id":47466,"date":"2024-10-22T11:45:30","date_gmt":"2024-10-22T09:45:30","guid":{"rendered":"https:\/\/sanlucar.com\/asociaciones\/"},"modified":"2024-10-22T12:21:21","modified_gmt":"2024-10-22T10:21:21","slug":"partnerships","status":"publish","type":"page","link":"https:\/\/sanlucar.com\/en\/partnerships\/","title":{"rendered":"Partnerships"},"content":{"rendered":"\n            <div   class='avia-section main_color res_page_banner  avia-builder-el-0  el_before_av_section  avia-builder-el-first   avia-bg-style-scroll container_wrap fullsize' style='' data-section-bg-repeat='stretch'>            <div class=\"av-section-cont-open res_page_banner res_page_banner--headline_subline\">\n                <div class=\"template-page content av-content-full alpha units\">\n                    <div class=\"post-entry post-entry-type-page\">\n                        <div class=\"entry-content-wrapper clearfix\">\n                            <div class=\"flex_column av_one_full el_before_av_heading first flex_column_div avia-full-stretch res_page_banner__image\"\n                                 style=\"background-image: url(https:\/\/sanlucar.com\/wp-content\/uploads\/2024\/09\/Header-Verantwortung_v4-1.jpg); background-repeat: no-repeat; background-position: 50% 50%; background-attachment: scroll;\"><\/div>\n                            <div class=\"flex_column av_one_full flex_column_div avia-full-stretch res_page_banner__heading beige-background\">\n\t\t\t\t\t\t\t\t\n\t\t\t\t\t\t\t\t\t\t\t\t                                                                    <div class=\"res_page_banner__heading__inner res_page_banner__heading__inner--headline_subline\">\n                                                                                    <h1>Our partners for a better world.<\/h1>\n                                                                                                                            <h2>Whether therapeutic horse riding, blood donations or learning programmes for school children \u2013 together with social initiatives, we make the world a little sunnier.<\/h2>\n                                                                            <\/div>\n                                    \n    <div  class=\"res_breadcrumbs \" style=\"\">\n        <ul class=\"d-flex flex-wrap\">\n            <li><a href=\"https:\/\/sanlucar.com\/en\/\">Home<\/a><span class=\"sep\">\/<\/span><\/li>\n                                                <li><span><span class=\"sep\">\/<\/span><\/span><\/li>\n                                                    <li class=\"res_breadcrumbs__current\"><span>Partnerships<\/span><\/li>\n        <\/ul>\n    <\/div>\n\n    \t\t\t\t\t\t\t\t\n\t\t\t\t                                            <\/div>\n                        <\/div>\n                    <\/div>\n                <\/div>\n            <\/div>\n\n\n\n\n            <\/div>            \n<div id='av_section_1'  class='avia-section av-1ihaeksh-9b95f9acbc15574976aef2bb87d3cced beige_color avia-section-default avia-no-border-styling  avia-builder-el-1  el_after_res_page_banner  avia-builder-el-last  avia-bg-style-scroll container_wrap fullsize'  ><div class='container av-section-cont-open' ><div class='template-page content  av-content-full alpha units'><div class='post-entry post-entry-type-page post-entry-47466'><div class='entry-content-wrapper clearfix'>\n<div  class='flex_column av-1i28o9gh-c8b2d5dc5a4147d5dbd9d402a9ad4559 av_one_full  avia-builder-el-2  el_before_res_row_with_illustration  avia-builder-el-first  first flex_column_div  '     ><div class='avia-data-table-wrap av-1him0vk1-5cae2ab0bfb42f01a1cbb0ec35bc3637 avia_responsive_table avia-table-1'><table  class='avia-table avia-data-table avia_pricing_default  avia-builder-el-3  avia-builder-el-no-sibling '  itemscope=\"itemscope\" itemtype=\"https:\/\/schema.org\/Table\" ><tbody><tr class='avia-heading-row'><th class=''>Organizaciones sin \u00e1nimo de lucro con las que trabajamos actualmente<\/th><th class=''>Pa\u00eds<\/th><th class=''>Desde (a\u00f1o) <\/th><th class=''>Duraci\u00f3n (a\u00f1os)<\/th><\/tr><tr class=''><td class=''>UTAIM &#8211; Union Tunisienne d&#8217;Aide aux Insuffisants Mentau<\/td><td class=''>Tunisia<\/td><td class=''>2010<\/td><td class=''>14<\/td><\/tr><tr class=''><td class=''>Asociaci\u00f3n &#8220;Pferde St\u00e4rken&#8221;<\/td><td class=''>Austria<\/td><td class=''>2011<\/td><td class=''>13<\/td><\/tr><tr class=''><td class=''>Amazing Brainz<\/td><td class=''>South Africa<\/td><td class=''>2012<\/td><td class=''>12<\/td><\/tr><tr class=''><td class=''>Centro de Transfusi\u00f3n Comunidad Valenciana<\/td><td class=''>Spain<\/td><td class=''>2012<\/td><td class=''>12<\/td><\/tr><tr class=''><td class=''>Cruz Roja<\/td><td class=''>Spain<\/td><td class=''>2012<\/td><td class=''>12<\/td><\/tr><tr class=''><td class=''>AGIM &#8211; Association G\u00e9n\u00e9rale des Insuffisants Moteurs<\/td><td class=''>Tunisia<\/td><td class=''>2014<\/td><td class=''>10<\/td><\/tr><tr class=''><td class=''>ATAS &#8211; Association Tunisienne d\u2019Aide Aux Sourds<\/td><td class=''>Tunisia<\/td><td class=''>2016<\/td><td class=''>8<\/td><\/tr><tr class=''><td class=''>Ministerio de Educaci\u00f3n tunecino<\/td><td class=''>Tunisia<\/td><td class=''>2016<\/td><td class=''>8<\/td><\/tr><tr class=''><td class=''>Asociaci\u00f3n Coordinadora Solidaria de los Estibadores del Puerto de Valencia<\/td><td class=''>Spain<\/td><td class=''>2018<\/td><td class=''>6<\/td><\/tr><tr class=''><td class=''>FEDA Madrid \u2013 Centro para la Formaci\u00f3n Dual en Espa\u00f1a<\/td><td class=''>Spain<\/td><td class=''>2018<\/td><td class=''>6<\/td><\/tr><tr class=''><td class=''>F\u00f6rderverein Tr\u00e4ume werden wahr e.V.<\/td><td class=''>Germany<\/td><td class=''>2018<\/td><td class=''>6<\/td><\/tr><tr class=''><td class=''>Arche Karlsruhe e. V<\/td><td class=''>Germany<\/td><td class=''>2019<\/td><td class=''>9<\/td><\/tr><tr class=''><td class=''>Escuela B\u00e1sica Miguel Su\u00e1rez Seminario Ecuador<\/td><td class=''>Ecuador<\/td><td class=''>2020<\/td><td class=''>4<\/td><\/tr><tr class=''><td class=''>Fundaci\u00f3n Iniciativa Social<\/td><td class=''>Spain<\/td><td class=''>2020<\/td><td class=''>4<\/td><\/tr><tr class=''><td class=''>FA &#8211; L&#8217;Agence de vulgarisation et de formation agricole<\/td><td class=''>Tunisia<\/td><td class=''>2021<\/td><td class=''>3<\/td><\/tr><tr class=''><td class=''>Swiss Contact T\u00fanez<\/td><td class=''>Tunisia<\/td><td class=''>2021<\/td><td class=''>3<\/td><\/tr><tr class=''><td class=''>ACNUR &#8211; Alto Comisionado de las Naciones Unidas para los Refugiados<\/td><td class=''>Spain<\/td><td class=''>2022<\/td><td class=''>2<\/td><\/tr><tr class=''><td class=''>Confederaci\u00f3n Empresarial Comunidad Valenciana<\/td><td class=''>Spain<\/td><td class=''>2022<\/td><td class=''>2<\/td><\/tr><tr class=''><td class=''>La Promotora<\/td><td class=''>Spain<\/td><td class=''>2022<\/td><td class=''>2<\/td><\/tr><tr class=''><td class=''>Foros de Comercio \u00c9tico<\/td><td class=''>Spain<\/td><td class=''>2022<\/td><td class=''>2<\/td><\/tr><tr class=''><td class=''>FEDACOVA<\/td><td class=''>Spain<\/td><td class=''>2022<\/td><td class=''>2<\/td><\/tr><tr class=''><td class=''>Aprender sin Temer<\/td><td class=''>Ecuador<\/td><td class=''>2023<\/td><td class=''>1<\/td><\/tr><\/tbody><\/table><\/div><style type='text\/css'>.avia-table-1 td:nth-of-type(1):before { content: 'Organizaciones sin \u00e1nimo de lucro con las que trabajamos actualmente'; } .avia-table-1 td:nth-of-type(2):before { content: 'Pa\u00eds'; } .avia-table-1 td:nth-of-type(3):before { content: 'Desde (a\u00f1o) '; } .avia-table-1 td:nth-of-type(4):before { content: 'Duraci\u00f3n (a\u00f1os)'; } <\/style><\/div>\n            <div id=\"\"\n                 class=\"res_row_with_illustration  avia-builder-el-4  el_after_av_one_full  el_before_res_row_with_illustration  \"\n                 style=\"\">\n                                    <div class=\"res_row_with_illustration__illustration position-top_right\">\n                        <picture><img class='avia_image ' src='https:\/\/sanlucar.com\/wp-content\/uploads\/2022\/06\/Dreams_Programe_20210518_3-14.png' alt='' title='Partnerships'\/><\/picture>                    <\/div>\n                                <div class=\"row\">\n                    <div class=\"col-md-6 res_row_with_illustration__content order-md-2\">\n                                            <\/div>\n                    <div class=\"col-md-6 res_row_with_illustration__image\">\n                                            <\/div>\n                <\/div>\n            <\/div>\n\n            \n\n            <div id=\"\"\n                 class=\"res_row_with_illustration  avia-builder-el-5  el_after_res_row_with_illustration  avia-builder-el-last  \"\n                 style=\"\">\n                                    <div class=\"res_row_with_illustration__illustration position-bottom_left\">\n                        <picture><img class='avia_image ' src='https:\/\/sanlucar.com\/wp-content\/uploads\/2022\/06\/Dreams_Programe_20210518_3-05.png' alt='' title='Partnerships'\/><\/picture>                    <\/div>\n                                <div class=\"row\">\n                    <div class=\"col-md-6 res_row_with_illustration__content order-md-2\">\n                                            <\/div>\n                    <div class=\"col-md-6 res_row_with_illustration__image\">\n                                            <\/div>\n                <\/div>\n            <\/div>\n\n            \n\n","protected":false},"excerpt":{"rendered":"","protected":false},"author":12,"featured_media":0,"parent":0,"menu_order":0,"comment_status":"closed","ping_status":"closed","template":"","meta":{"_acf_changed":false,"footnotes":""},"class_list":["post-47466","page","type-page","status-publish","hentry"],"acf":[],"yoast_head":"<!-- This site is optimized with the Yoast SEO plugin v27.0 - https:\/\/yoast.com\/product\/yoast-seo-wordpress\/ -->\n<title>Partnerships | SanLucar<\/title>\n<meta name=\"robots\" content=\"index, follow, max-snippet:-1, max-image-preview:large, max-video-preview:-1\" \/>\n<link rel=\"canonical\" href=\"https:\/\/sanlucar.com\/en\/partnerships\/\" \/>\n<meta property=\"og:locale\" content=\"en_US\" \/>\n<meta property=\"og:type\" content=\"article\" \/>\n<meta property=\"og:title\" content=\"Partnerships | SanLucar\" \/>\n<meta property=\"og:url\" content=\"https:\/\/sanlucar.com\/en\/partnerships\/\" \/>\n<meta property=\"og:site_name\" content=\"SanLucar\" \/>\n<meta property=\"article:publisher\" content=\"https:\/\/www.facebook.com\/sanlucarfruit\" \/>\n<meta property=\"article:modified_time\" content=\"2024-10-22T10:21:21+00:00\" \/>\n<meta name=\"twitter:card\" content=\"summary_large_image\" \/>\n<script type=\"application\/ld+json\" class=\"yoast-schema-graph\">{\"@context\":\"https:\/\/schema.org\",\"@graph\":[{\"@type\":\"WebPage\",\"@id\":\"https:\/\/sanlucar.com\/en\/partnerships\/\",\"url\":\"https:\/\/sanlucar.com\/en\/partnerships\/\",\"name\":\"Partnerships | SanLucar\",\"isPartOf\":{\"@id\":\"https:\/\/sanlucar.com\/#website\"},\"datePublished\":\"2024-10-22T09:45:30+00:00\",\"dateModified\":\"2024-10-22T10:21:21+00:00\",\"breadcrumb\":{\"@id\":\"https:\/\/sanlucar.com\/en\/partnerships\/#breadcrumb\"},\"inLanguage\":\"en-US\",\"potentialAction\":[{\"@type\":\"ReadAction\",\"target\":[\"https:\/\/sanlucar.com\/en\/partnerships\/\"]}]},{\"@type\":\"BreadcrumbList\",\"@id\":\"https:\/\/sanlucar.com\/en\/partnerships\/#breadcrumb\",\"itemListElement\":[{\"@type\":\"ListItem\",\"position\":1,\"name\":\"Home\",\"item\":\"https:\/\/sanlucar.com\/en\/\"},{\"@type\":\"ListItem\",\"position\":2,\"name\":\"Partnerships\"}]},{\"@type\":\"WebSite\",\"@id\":\"https:\/\/sanlucar.com\/#website\",\"url\":\"https:\/\/sanlucar.com\/\",\"name\":\"SanLucar\",\"description\":\"\",\"publisher\":{\"@id\":\"https:\/\/sanlucar.com\/#organization\"},\"potentialAction\":[{\"@type\":\"SearchAction\",\"target\":{\"@type\":\"EntryPoint\",\"urlTemplate\":\"https:\/\/sanlucar.com\/?s={search_term_string}\"},\"query-input\":{\"@type\":\"PropertyValueSpecification\",\"valueRequired\":true,\"valueName\":\"search_term_string\"}}],\"inLanguage\":\"en-US\"},{\"@type\":\"Organization\",\"@id\":\"https:\/\/sanlucar.com\/#organization\",\"name\":\"SanLucar\",\"url\":\"https:\/\/sanlucar.com\/\",\"logo\":{\"@type\":\"ImageObject\",\"inLanguage\":\"en-US\",\"@id\":\"https:\/\/sanlucar.com\/#\/schema\/logo\/image\/\",\"url\":\"https:\/\/sanlucar.com\/wp-content\/uploads\/2023\/01\/sanlucar-logo-onwhite.png\",\"contentUrl\":\"https:\/\/sanlucar.com\/wp-content\/uploads\/2023\/01\/sanlucar-logo-onwhite.png\",\"width\":800,\"height\":800,\"caption\":\"SanLucar\"},\"image\":{\"@id\":\"https:\/\/sanlucar.com\/#\/schema\/logo\/image\/\"},\"sameAs\":[\"https:\/\/www.facebook.com\/sanlucarfruit\",\"https:\/\/www.instagram.com\/sanlucarfruit\/\",\"https:\/\/www.youtube.com\/user\/SanLucar2009\",\"https:\/\/www.linkedin.com\/company\/sanlucar\/\"]}]}<\/script>\n<!-- \/ Yoast SEO plugin. -->","yoast_head_json":{"title":"Partnerships | SanLucar","robots":{"index":"index","follow":"follow","max-snippet":"max-snippet:-1","max-image-preview":"max-image-preview:large","max-video-preview":"max-video-preview:-1"},"canonical":"https:\/\/sanlucar.com\/en\/partnerships\/","og_locale":"en_US","og_type":"article","og_title":"Partnerships | SanLucar","og_url":"https:\/\/sanlucar.com\/en\/partnerships\/","og_site_name":"SanLucar","article_publisher":"https:\/\/www.facebook.com\/sanlucarfruit","article_modified_time":"2024-10-22T10:21:21+00:00","twitter_card":"summary_large_image","schema":{"@context":"https:\/\/schema.org","@graph":[{"@type":"WebPage","@id":"https:\/\/sanlucar.com\/en\/partnerships\/","url":"https:\/\/sanlucar.com\/en\/partnerships\/","name":"Partnerships | SanLucar","isPartOf":{"@id":"https:\/\/sanlucar.com\/#website"},"datePublished":"2024-10-22T09:45:30+00:00","dateModified":"2024-10-22T10:21:21+00:00","breadcrumb":{"@id":"https:\/\/sanlucar.com\/en\/partnerships\/#breadcrumb"},"inLanguage":"en-US","potentialAction":[{"@type":"ReadAction","target":["https:\/\/sanlucar.com\/en\/partnerships\/"]}]},{"@type":"BreadcrumbList","@id":"https:\/\/sanlucar.com\/en\/partnerships\/#breadcrumb","itemListElement":[{"@type":"ListItem","position":1,"name":"Home","item":"https:\/\/sanlucar.com\/en\/"},{"@type":"ListItem","position":2,"name":"Partnerships"}]},{"@type":"WebSite","@id":"https:\/\/sanlucar.com\/#website","url":"https:\/\/sanlucar.com\/","name":"SanLucar","description":"","publisher":{"@id":"https:\/\/sanlucar.com\/#organization"},"potentialAction":[{"@type":"SearchAction","target":{"@type":"EntryPoint","urlTemplate":"https:\/\/sanlucar.com\/?s={search_term_string}"},"query-input":{"@type":"PropertyValueSpecification","valueRequired":true,"valueName":"search_term_string"}}],"inLanguage":"en-US"},{"@type":"Organization","@id":"https:\/\/sanlucar.com\/#organization","name":"SanLucar","url":"https:\/\/sanlucar.com\/","logo":{"@type":"ImageObject","inLanguage":"en-US","@id":"https:\/\/sanlucar.com\/#\/schema\/logo\/image\/","url":"https:\/\/sanlucar.com\/wp-content\/uploads\/2023\/01\/sanlucar-logo-onwhite.png","contentUrl":"https:\/\/sanlucar.com\/wp-content\/uploads\/2023\/01\/sanlucar-logo-onwhite.png","width":800,"height":800,"caption":"SanLucar"},"image":{"@id":"https:\/\/sanlucar.com\/#\/schema\/logo\/image\/"},"sameAs":["https:\/\/www.facebook.com\/sanlucarfruit","https:\/\/www.instagram.com\/sanlucarfruit\/","https:\/\/www.youtube.com\/user\/SanLucar2009","https:\/\/www.linkedin.com\/company\/sanlucar\/"]}]}},"_links":{"self":[{"href":"https:\/\/sanlucar.com\/en\/wp-json\/wp\/v2\/pages\/47466","targetHints":{"allow":["GET"]}}],"collection":[{"href":"https:\/\/sanlucar.com\/en\/wp-json\/wp\/v2\/pages"}],"about":[{"href":"https:\/\/sanlucar.com\/en\/wp-json\/wp\/v2\/types\/page"}],"author":[{"embeddable":true,"href":"https:\/\/sanlucar.com\/en\/wp-json\/wp\/v2\/users\/12"}],"replies":[{"embeddable":true,"href":"https:\/\/sanlucar.com\/en\/wp-json\/wp\/v2\/comments?post=47466"}],"version-history":[{"count":2,"href":"https:\/\/sanlucar.com\/en\/wp-json\/wp\/v2\/pages\/47466\/revisions"}],"predecessor-version":[{"id":57335,"href":"https:\/\/sanlucar.com\/en\/wp-json\/wp\/v2\/pages\/47466\/revisions\/57335"}],"wp:attachment":[{"href":"https:\/\/sanlucar.com\/en\/wp-json\/wp\/v2\/media?parent=47466"}],"curies":[{"name":"wp","href":"https:\/\/api.w.org\/{rel}","templated":true}]}}