
{"id":15695,"date":"2024-04-05T14:58:21","date_gmt":"2024-04-05T12:58:21","guid":{"rendered":"https:\/\/sanlucar.dev.resonanz-digital.at\/?page_id=15695"},"modified":"2025-02-10T14:09:23","modified_gmt":"2025-02-10T13:09:23","slug":"condiciones-generales","status":"publish","type":"page","link":"https:\/\/sanlucar.com\/es\/condiciones-generales\/","title":{"rendered":"Condiciones generales"},"content":{"rendered":"<div id='av_section_1'  class='avia-section av-abn9n-e86f64e55aec91d7388a9e9c519f51d8 main_color avia-section-default avia-no-border-styling  avia-builder-el-0  avia-builder-el-no-sibling  avia-bg-style-scroll container_wrap fullsize'  ><div class='container av-section-cont-open' ><main  role=\"main\" itemprop=\"mainContentOfPage\"  class='template-page content  av-content-full alpha units'><div class='post-entry post-entry-type-page post-entry-15695'><div class='entry-content-wrapper clearfix'>\n<section  class='av_textblock_section av-l4b4ilu1-f7d505521ff2d7d6ef9b18bb39bcd274 '   itemscope=\"itemscope\" itemtype=\"https:\/\/schema.org\/CreativeWork\" ><div class='avia_textblock'  itemprop=\"text\" ><h1><strong>Condiciones generales de venta de SanLucar Group<\/strong><\/h1>\n<h2>1. <strong>\u00c1mbito de aplicaci\u00f3n <\/strong><\/h2>\n<p>Las siguientes Condiciones Generales de Venta ser\u00e1n de aplicaci\u00f3n a cualquier Contrato de Compraventa de frutas y verduras (en adelante, los \u00abPRODUCTOS\u00bb) entre una empresa vendedora perteneciente a SANLUCAR Group (en adelante, el \u00abVENDEDOR\u00bb) y el comprador (en adelante, el \u00abCOMPRADOR\u00bb). En el sitio web de SANLUCAR Group \u00abwww.sanlucar.com\u00bb, aparece publicado un listado de empresas que forman SANLUCAR Group, que aplican estas Condiciones Generales de Venta, as\u00ed como una versi\u00f3n de dichas condiciones. Independientemente de lo que se dispone anteriormente, SANLUCAR Group comprende, aunque no exclusivamente, las siguientes empresas:<\/p>\n<ul>\n<li>SANLUCAR FRUIT S.L.<\/li>\n<li>SANLUCAR DEUTSCHLAND GMBH<\/li>\n<li>SANLUCAR VERTRIEB DEUTSCHLAND GMBH<\/li>\n<li>SANLUCAR FRUIT IMPORT NETHERLANDS B.V.<\/li>\n<li>SANLUCAR OBST &amp; GEM\u00dcSE HANDELS GMBH<\/li>\n<li>SANLUCAR FRUIT FRANCE S.R.L.<\/li>\n<\/ul>\n<p>Estas Condiciones Generales de Venta son igualmente de aplicaci\u00f3n a los futuros acuerdos formalizados por el VENDEDOR, aunque no se haga menci\u00f3n expl\u00edcita de los mismos.<\/p>\n<p>Las Condiciones Generales de Venta ser\u00e1n de aplicaci\u00f3n con respecto a aquellos t\u00e9rminos que no se hayan regulado expresamente en las Condiciones Generales de Compra, si las hubiera, o bien en la orden de Compra o en sus documentos complementarios.<\/p>\n<p>Otras condiciones contractuales generales que complementen, modifiquen o contradigan estas Condiciones Generales de Venta no formar\u00e1n parte del contrato, incluso aunque el VENDEDOR tenga conocimiento de las mismas, a no ser que el VENDEDOR haya aportado su consentimiento expl\u00edcito por escrito con respecto a la validez de esas condiciones.<\/p>\n<h2>2. <strong>Pedidos<\/strong><\/h2>\n<p>Los PRODUCTOS espec\u00edficos que se requieran, as\u00ed como la cantidad de cada uno de ellos, deber\u00e1 especificarse en los pedidos por parte del COMPRADOR. Las ofertas del VENDEDOR no son vinculantes.<\/p>\n<p>Una vez se haya aceptado el pedido por la otra parte, se habr\u00e1 creado una relaci\u00f3n contractual entre COMPRADOR y VENDEDOR, que estar\u00e1 regulada por:<\/p>\n<p>(i) las Condiciones Especiales (si las hubiera), y<\/p>\n<p>(ii) las presentes Condiciones Generales de Venta.<\/p>\n<h2>3. <strong>Transferencia de propiedad <\/strong><\/h2>\n<p>El VENDEDOR se reserva la propiedad (reserva de titularidad) de todos los PRODUCTOS suministrados (PRODUCTOS con reserva de titularidad) hasta que todos sus cr\u00e9ditos, procedentes de la relaci\u00f3n contractual con el COMPRADOR, hayan sido satisfechos (en adelante, los \u00abCr\u00e9ditos Garantizados\u00bb).<\/p>\n<p>La reserva de titularidad continuar\u00e1 en vigor, incluso en caso de que parte o todos los cr\u00e9ditos del VENDEDOR hacia el COMPRADOR hayan sido incluidos en una factura vigente y el pago haya sido transferido y aceptado.<\/p>\n<p>La reserva de titularidad comprende cr\u00e9ditos futuros y condicionados. La reserva de titularidad se ver\u00e1 aumentada y ampliada de conformidad con las siguientes disposiciones.<\/p>\n<p>Los PRODUCTOS con reserva de titularidad no podr\u00e1n ser empe\u00f1ados ni pignorados a terceros hasta que se hayan satisfecho totalmente los cr\u00e9ditos garantizados. El COMPRADOR deber\u00e1 notificar inmediatamente al VENDEDOR por escrito sobre el acceso de terceros a las mercanc\u00edas pertenecientes al VENDEDOR. Cuando el tercero no est\u00e9 en disposici\u00f3n de reembolsar al VENDEDOR las costas judiciales o extrajudiciales en las que se haya incurrido en este contexto, el COMPRADOR ser\u00e1 responsable al respecto.<\/p>\n<p>El COMPRADOR tratar\u00e1 los PRODUCTOS con la pertinente diligencia de un empresario responsable. Estar\u00e1 obligado a disponer de un seguro apropiado, a su propio cargo, por el valor original, contra incendios, inundaciones o robo. En caso de que se necesiten trabajos de control y asistencia, el COMPRADOR llevar\u00e1 a cabo estos trabajos a su propio cargo puntualmente.<\/p>\n<p>El COMPRADOR \u00fanicamente podr\u00e1 vender la propiedad del VENDEDOR dentro de su actividad normal de conformidad con condiciones ordinarias. El COMPRADOR estar\u00e1 obligado a especificar una reserva de titularidad en esas ventas. En cualquier caso, el COMPRADOR asumir\u00e1 el riesgo de cr\u00e9dito de las ventas del PRODUCTO ante mayoristas, supermercados, distribuidores y\/o destinatarios, siempre que el PRODUCTO se encuentre en condiciones \u00f3ptimas en la entrega.<\/p>\n<p>Los cr\u00e9ditos del COMPRADOR, resultantes de la venta de PRODUCTOS con reserva de titularidad (incluso despu\u00e9s de combinarlos), ser\u00e1n asignados en ese momento al VENDEDOR con el fin de garantizar sus cr\u00e9ditos. El alcance de la asignaci\u00f3n corresponde al valor de la propiedad vendida del VENDEDOR. El VENDEDOR acepta la asignaci\u00f3n. Estos cr\u00e9ditos no podr\u00e1n asignarse ni empe\u00f1arse a terceros. El COMPRADOR deber\u00e1 notificar inmediatamente al VENDEDOR por escrito con respecto al acceso de terceros a dichos cr\u00e9ditos.<\/p>\n<h2>4. <strong>Entrega de PRODUCTOS, transferencia de riesgos y reclamaciones <\/strong><\/h2>\n<p>Los riesgos ser\u00e1n transferidos al COMPRADOR a la entrega del PRODUCTO llevada a cabo por el VENDEDOR.<\/p>\n<p>Los plazos de entrega ser\u00e1n acordados entre el VENDEDOR y el COMPRADOR. En caso de que el VENDEDOR no cumpla el plazo acordado, se comunicar\u00e1 al COMPRADOR (por correo electr\u00f3nico o por tel\u00e9fono) a partir del momento en que se conozca la imposibilidad de cumplimiento de dicho plazo. En este sentido, el suministro con retraso llevado a cabo por el VENDEDOR no se considerar\u00e1 un caso de incumplimiento.<\/p>\n<p>El VENDEDOR es responsable de garantizar que los PRODUCTOS cumplan las especificaciones de calidad acordadas y que se respeten las disposiciones europeas o las leyes y normativas aplicables a los PRODUCTOS. En caso de que existan defectos y no se haya pactado ning\u00fan acuerdo sobre la calidad, dicha calidad se considerar\u00e1 de conformidad con los reglamentos legales. El VENDEDOR no ser\u00e1 responsable de las declaraciones p\u00fablicas realizadas por el productor u otro tercero (p. ej. mensajes publicitarios).<\/p>\n<p>El COMPRADOR estar\u00e1 obligado a controlar la calidad y la cantidad de los PRODUCTOS que se entreguen, y el COMPRADOR deber\u00e1 interponer las posibles reclamaciones dentro de un plazo m\u00e1ximo de 12 horas a partir de ese momento, debido a la naturaleza perecedera de los PRODUCTOS. Una vez que haya transcurrido ese per\u00edodo, las mercanc\u00edas se considerar\u00e1n aceptadas.<\/p>\n<p>Las reclamaciones por PRODUCTOS defectuosos \u00fanicamente ser\u00e1n aceptadas si los PRODUCTOS y sus embalajes mantienen su condici\u00f3n original.<\/p>\n<p>Las reclamaciones deber\u00e1n identificar debidamente y de forma apropiada los PRODUCTOS reclamados y llevar suficientes fotograf\u00edas adjuntas que correspondan a los da\u00f1os causados a los mismos. La precisi\u00f3n y suficiencia de la informaci\u00f3n ser\u00e1 evaluada seg\u00fan el criterio del PROVEEDOR. El COMPRADOR facilitar\u00e1 al PROVEEDOR, entre otras cosas, las lecturas termogr\u00e1ficas (dos por envase). Sin esas lecturas, el PROVEEDOR no aceptar\u00e1 ning\u00fan tipo de reclamaci\u00f3n posible.<\/p>\n<p>En caso de que el COMPRADOR interponga una reclamaci\u00f3n sobre la calidad de los PRODUCTOS, se pondr\u00e1 en contacto con el PROVEEDOR de modo que, si as\u00ed se desea, el PROVEEDOR realice, a su propio cargo, una inspecci\u00f3n alternativa a trav\u00e9s de un supervisor independiente, en un plazo de dos (2) d\u00edas naturales, soportando el COMPRADOR los costes generados del almacenamiento de los productos hasta que se haya realizado la inspecci\u00f3n.<\/p>\n<p>El COMPRADOR garantizar\u00e1 al PROVEEDOR el acceso a las instalaciones en las que se encuentren almacenados los PRODUCTOS con el fin de inspeccionarlos, ya sea por s\u00ed mismo o a trav\u00e9s de una empresa o una persona que designe el PROVEEDOR.<\/p>\n<p>Si el PRODUCTO en cuesti\u00f3n es completamente irrecuperable, el PROVEEDOR emitir\u00e1 una factura de abono de cr\u00e9dito por el importe total del PRODUCTO ya pagado.<\/p>\n<p>Si todo o parte del PRODUCTO defectuoso puede venderse por un precio inferior al esperado debido a los da\u00f1os o a problemas de calidad, el PROVEEDOR podr\u00e1 disponer del PRODUCTO defectuoso como crea conveniente o seg\u00fan las Partes acuerden conforme a un precio reducido.<\/p>\n<p>En caso de discrepancias entre los criterios del inspector designado por el COMPRADOR y el nombrado por el PROVEEDOR, las Partes nombrar\u00e1n a un inspector\/perito de calidad independiente que acuerden mutuamente para que aporte una determinaci\u00f3n definitiva.<\/p>\n<p>Si el inspector determina que el da\u00f1o del PRODUCTO es atribuible al transportista, el PROVEEDOR estar\u00e1 exento de pago por la inspecci\u00f3n y el COMPRADOR interpondr\u00e1 una reclamaci\u00f3n al transportista.<\/p>\n<p>En caso de suministro en exceso, el COMPRADOR estar\u00e1 obligado a no rechazar el recibo de la entrega sin motivo justificado, siempre que el exceso no supere un 10 % de la cantidad del PRODUCTO solicitado.<\/p>\n<p>El COMPRADOR comprar\u00e1 y vender\u00e1 los PRODUCTOS en su propio nombre, a su propio cargo y bajo su propio riesgo.<\/p>\n<h2>5. <strong>Protecci\u00f3n de la marca del PROVEEDOR <\/strong><\/h2>\n<p>El COMPRADOR podr\u00e1 utilizar las marcas del PROVEEDOR durante la validez del contrato exclusivamente con respecto a los PRODUCTOS suministrados por el PROVEEDOR y siguiendo sus indicaciones.<\/p>\n<p>El COMPRADOR no deber\u00e1 modificar el logotipo de las marcas del PROVEEDOR que aparezca en los PRODUCTOS o en sus embalajes, ni combinar los PRODUCTOS con otros productos distintos, y no utilizar\u00e1 embalajes con las marcas del PROVEEDOR para otros productos.<\/p>\n<p>El uso espec\u00edfico de las marcas del PROVEEDOR o de cualquiera de sus elementos por parte del COMPRADOR requerir\u00e1 el consentimiento por escrito del PROVEEDOR.<\/p>\n<h2>6. <strong>Asignaci\u00f3n de derechos <\/strong><\/h2>\n<p>El COMPRADOR no podr\u00e1 asignar su posici\u00f3n contractual a terceros sin el consentimiento previo por escrito del VENDEDOR.<\/p>\n<h2>7. <strong>Prioridad <\/strong><\/h2>\n<p>Las presentes Condiciones Generales de Venta deber\u00e1n aplicarse siempre que las Condiciones Especiales del pedido no establezcan criterios o condiciones diferentes, en cuyo caso prevalecer\u00e1n estas \u00faltimas.<\/p>\n<p>Las Condiciones Especiales (si las hubiera), as\u00ed como las presentes Condiciones Generales de Venta, prevalecer\u00e1n sobre cualquier otro acuerdo firmado entre el COMPRADOR y el PROVEEDOR.<\/p>\n<h2>8. <strong>Fuerza Mayor <\/strong><\/h2>\n<p>En caso de que la disponibilidad del PRODUCTO pueda verse gravemente da\u00f1ada debido a motivos excepcionales que no puedan preverse o bien, aunque puedan preverse, no puedan evitarse, los plazos y fechas estipulados ser\u00e1n ampliados autom\u00e1ticamente durante un per\u00edodo equivalente a la duraci\u00f3n de dichos motivos excepcionales.<\/p>\n<p>Si estos motivos superan un plazo de treinta (30) d\u00edas naturales, cualquiera de las Partes podr\u00e1 rescindir la relaci\u00f3n contractual. En caso de rescisi\u00f3n de la relaci\u00f3n contractual debido a casos de fuerza mayor, ninguna de las Partes tendr\u00e1 derecho a ser indemnizada por los da\u00f1os y perjuicios. Los pagos a cuenta realizados por PRODUCTOS no entregados deber\u00e1n ser reembolsados. Estos PRODUCTOS que estuvieran en curso de env\u00edo deber\u00e1n devolverse.<\/p>\n<h2>9. <strong>Rescisi\u00f3n anticipada <\/strong><\/h2>\n<p>La relaci\u00f3n comercial entre las Partes podr\u00e1 finalizar en los siguientes casos:<\/p>\n<ul>\n<li>En caso de que alguna de las Partes notifique a la otra Parte su intenci\u00f3n de rescindir el Contrato mediante aportaci\u00f3n de notificaci\u00f3n previa por escrito con una antelaci\u00f3n m\u00ednima de tres (3) meses.<\/li>\n<li>La rescisi\u00f3n por cualquiera de las Partes en caso de que alguna de ellas cometa un quebrantamiento de alguna de las cl\u00e1usulas del contrato pertinente o de estas Condiciones Generales de Venta, siempre que el quebrantamiento no se haya resuelto en un plazo m\u00e1ximo de cinco (5) d\u00edas naturales desde la solicitud de la otra Parte, a no ser que el incumplimiento no pueda solventarse o impida el cumplimiento de las obligaciones de la Parte cumplidora. En este caso, la rescisi\u00f3n podr\u00e1 ser inmediata sin perjuicio del derecho a reclamaci\u00f3n por da\u00f1os y perjuicios de la Parte.<\/li>\n<\/ul>\n<p>En caso de rescisi\u00f3n anticipada, cualquier tr\u00e1mite del proceso de finalizaci\u00f3n ser\u00e1 cancelado y se abonar\u00e1n las facturas pendientes. El COMPRADOR deber\u00e1 adquirir cualesquiera materiales y\/o materiales de producci\u00f3n exclusivos, tales como envases, suministros, materiales de embalaje, etc., obtenidos por el PROVEEDOR para hacer frente a los pedidos que se encuentren a\u00fan en su posesi\u00f3n. El PROVEEDOR podr\u00e1 facturar al COMPRADOR en concepto de cualesquiera materiales que estuviera obligado a adquirir pero que no se hubieran utilizado.<\/p>\n<h2>10. <strong>Jurisdicci\u00f3n y Ley aplicable <\/strong><\/h2>\n<p>La Ley aplicable a cualquier relaci\u00f3n legal entre el VENDEDOR y el COMPRADOR ser\u00e1 la Ley de Espa\u00f1a.<\/p>\n<p>La Jurisdicci\u00f3n ser\u00e1 la del domicilio del VENDEDOR. Esto tambi\u00e9n ser\u00e1 de aplicaci\u00f3n a los procedimientos de escrituras, intercambios y cheques. El VENDEDOR tendr\u00e1 derecho a demandar al COMPRADOR en su domicilio.<\/p>\n<h2>11. <strong>Estipulaciones finales <\/strong><\/h2>\n<p>Cualesquiera modificaciones o correcciones de las presentes Condiciones Generales de Venta ser\u00e1n realizadas por escrito y deber\u00e1n ser acordadas por las Partes.<\/p>\n<p>Cada una de las Partes acuerda que las actualizaciones de estas Condiciones Generales de Venta, que se env\u00eden peri\u00f3dicamente al PROVEEDOR, ser\u00e1n vinculantes para las Partes y ser\u00e1n incorporadas y formar\u00e1n una parte integral de las presentes Condiciones Generales de Venta.<\/p>\n<p>Si una o m\u00e1s estipulaciones del acuerdo pertinente, incluyendo estas Condiciones Generales de Venta, se declara nula, el resto de estipulaciones continuar\u00e1 estando en vigor. Para reemplazar la estipulaci\u00f3n inv\u00e1lida, las Partes acordar\u00e1n una nueva, cuyo perfil econ\u00f3mico se aproxime a la estipulaci\u00f3n nula.<\/p>\n<\/div><\/section>\n<section  class='av_textblock_section av-lwujmmqc-3cbc373b78848bd28da8f1bf88c67b5c '   itemscope=\"itemscope\" itemtype=\"https:\/\/schema.org\/CreativeWork\" ><div class='avia_textblock'  itemprop=\"text\" ><h2><strong>Condiciones generales de compra de productos del grupo SanLucar<\/strong><\/h2>\n<h3><span style=\"text-decoration: underline;\"><a href=\"https:\/\/sanlucar.com\/wp-content\/uploads\/2024\/12\/2024.04.xx_.-SANLUCAR-CCGG-Proveedores-no-fruta-y-verdura-v5-clean-1.pdf\">Descargue las condiciones aqu\u00ed.<\/a><\/span><\/h3>\n<h2><strong>Las condiciones generales de contrataci\u00f3n de servicios del grupo SanLucar<\/strong><\/h2>\n<h3><a href=\"https:\/\/sanlucar.com\/wp-content\/uploads\/2024\/12\/2024.04.xx_.-SANLUCAR-CCGG-Proveedores-servicios-clean-v.1-002.pdf\"><span style=\"text-decoration: underline;\">Descargue las condiciones aqu\u00ed.<\/span><\/a><\/h3>\n<\/div><\/section>\n\n","protected":false},"excerpt":{"rendered":"","protected":false},"author":12,"featured_media":0,"parent":0,"menu_order":0,"comment_status":"closed","ping_status":"closed","template":"","meta":{"_acf_changed":false,"footnotes":""},"class_list":["post-15695","page","type-page","status-publish","hentry"],"acf":[],"yoast_head":"<!-- This site is optimized with the Yoast SEO plugin v27.0 - https:\/\/yoast.com\/product\/yoast-seo-wordpress\/ -->\n<title>Condiciones generales | SanLucar<\/title>\n<meta name=\"robots\" content=\"index, follow, max-snippet:-1, max-image-preview:large, max-video-preview:-1\" \/>\n<link rel=\"canonical\" href=\"https:\/\/sanlucar.com\/es\/condiciones-generales\/\" \/>\n<meta property=\"og:locale\" content=\"es_ES\" \/>\n<meta property=\"og:type\" content=\"article\" \/>\n<meta property=\"og:title\" content=\"Condiciones generales | SanLucar\" \/>\n<meta property=\"og:url\" content=\"https:\/\/sanlucar.com\/es\/condiciones-generales\/\" \/>\n<meta property=\"og:site_name\" content=\"SanLucar\" \/>\n<meta property=\"article:publisher\" content=\"https:\/\/www.facebook.com\/sanlucarfruit\" \/>\n<meta property=\"article:modified_time\" content=\"2025-02-10T13:09:23+00:00\" \/>\n<meta name=\"twitter:card\" content=\"summary_large_image\" \/>\n<meta name=\"twitter:label1\" content=\"Tiempo de lectura\" \/>\n\t<meta name=\"twitter:data1\" content=\"10 minutos\" \/>\n<script type=\"application\/ld+json\" class=\"yoast-schema-graph\">{\"@context\":\"https:\/\/schema.org\",\"@graph\":[{\"@type\":\"WebPage\",\"@id\":\"https:\/\/sanlucar.com\/es\/condiciones-generales\/\",\"url\":\"https:\/\/sanlucar.com\/es\/condiciones-generales\/\",\"name\":\"Condiciones generales | SanLucar\",\"isPartOf\":{\"@id\":\"https:\/\/sanlucar.com\/#website\"},\"datePublished\":\"2024-04-05T12:58:21+00:00\",\"dateModified\":\"2025-02-10T13:09:23+00:00\",\"breadcrumb\":{\"@id\":\"https:\/\/sanlucar.com\/es\/condiciones-generales\/#breadcrumb\"},\"inLanguage\":\"es\",\"potentialAction\":[{\"@type\":\"ReadAction\",\"target\":[\"https:\/\/sanlucar.com\/es\/condiciones-generales\/\"]}]},{\"@type\":\"BreadcrumbList\",\"@id\":\"https:\/\/sanlucar.com\/es\/condiciones-generales\/#breadcrumb\",\"itemListElement\":[{\"@type\":\"ListItem\",\"position\":1,\"name\":\"Home\",\"item\":\"https:\/\/sanlucar.com\/es\/\"},{\"@type\":\"ListItem\",\"position\":2,\"name\":\"Condiciones generales\"}]},{\"@type\":\"WebSite\",\"@id\":\"https:\/\/sanlucar.com\/#website\",\"url\":\"https:\/\/sanlucar.com\/\",\"name\":\"SanLucar\",\"description\":\"\",\"publisher\":{\"@id\":\"https:\/\/sanlucar.com\/#organization\"},\"potentialAction\":[{\"@type\":\"SearchAction\",\"target\":{\"@type\":\"EntryPoint\",\"urlTemplate\":\"https:\/\/sanlucar.com\/?s={search_term_string}\"},\"query-input\":{\"@type\":\"PropertyValueSpecification\",\"valueRequired\":true,\"valueName\":\"search_term_string\"}}],\"inLanguage\":\"es\"},{\"@type\":\"Organization\",\"@id\":\"https:\/\/sanlucar.com\/#organization\",\"name\":\"SanLucar\",\"url\":\"https:\/\/sanlucar.com\/\",\"logo\":{\"@type\":\"ImageObject\",\"inLanguage\":\"es\",\"@id\":\"https:\/\/sanlucar.com\/#\/schema\/logo\/image\/\",\"url\":\"https:\/\/sanlucar.com\/wp-content\/uploads\/2023\/01\/sanlucar-logo-onwhite.png\",\"contentUrl\":\"https:\/\/sanlucar.com\/wp-content\/uploads\/2023\/01\/sanlucar-logo-onwhite.png\",\"width\":800,\"height\":800,\"caption\":\"SanLucar\"},\"image\":{\"@id\":\"https:\/\/sanlucar.com\/#\/schema\/logo\/image\/\"},\"sameAs\":[\"https:\/\/www.facebook.com\/sanlucarfruit\",\"https:\/\/www.instagram.com\/sanlucarfruit\/\",\"https:\/\/www.youtube.com\/user\/SanLucar2009\",\"https:\/\/www.linkedin.com\/company\/sanlucar\/\"]}]}<\/script>\n<!-- \/ Yoast SEO plugin. -->","yoast_head_json":{"title":"Condiciones generales | SanLucar","robots":{"index":"index","follow":"follow","max-snippet":"max-snippet:-1","max-image-preview":"max-image-preview:large","max-video-preview":"max-video-preview:-1"},"canonical":"https:\/\/sanlucar.com\/es\/condiciones-generales\/","og_locale":"es_ES","og_type":"article","og_title":"Condiciones generales | SanLucar","og_url":"https:\/\/sanlucar.com\/es\/condiciones-generales\/","og_site_name":"SanLucar","article_publisher":"https:\/\/www.facebook.com\/sanlucarfruit","article_modified_time":"2025-02-10T13:09:23+00:00","twitter_card":"summary_large_image","twitter_misc":{"Tiempo de lectura":"10 minutos"},"schema":{"@context":"https:\/\/schema.org","@graph":[{"@type":"WebPage","@id":"https:\/\/sanlucar.com\/es\/condiciones-generales\/","url":"https:\/\/sanlucar.com\/es\/condiciones-generales\/","name":"Condiciones generales | SanLucar","isPartOf":{"@id":"https:\/\/sanlucar.com\/#website"},"datePublished":"2024-04-05T12:58:21+00:00","dateModified":"2025-02-10T13:09:23+00:00","breadcrumb":{"@id":"https:\/\/sanlucar.com\/es\/condiciones-generales\/#breadcrumb"},"inLanguage":"es","potentialAction":[{"@type":"ReadAction","target":["https:\/\/sanlucar.com\/es\/condiciones-generales\/"]}]},{"@type":"BreadcrumbList","@id":"https:\/\/sanlucar.com\/es\/condiciones-generales\/#breadcrumb","itemListElement":[{"@type":"ListItem","position":1,"name":"Home","item":"https:\/\/sanlucar.com\/es\/"},{"@type":"ListItem","position":2,"name":"Condiciones generales"}]},{"@type":"WebSite","@id":"https:\/\/sanlucar.com\/#website","url":"https:\/\/sanlucar.com\/","name":"SanLucar","description":"","publisher":{"@id":"https:\/\/sanlucar.com\/#organization"},"potentialAction":[{"@type":"SearchAction","target":{"@type":"EntryPoint","urlTemplate":"https:\/\/sanlucar.com\/?s={search_term_string}"},"query-input":{"@type":"PropertyValueSpecification","valueRequired":true,"valueName":"search_term_string"}}],"inLanguage":"es"},{"@type":"Organization","@id":"https:\/\/sanlucar.com\/#organization","name":"SanLucar","url":"https:\/\/sanlucar.com\/","logo":{"@type":"ImageObject","inLanguage":"es","@id":"https:\/\/sanlucar.com\/#\/schema\/logo\/image\/","url":"https:\/\/sanlucar.com\/wp-content\/uploads\/2023\/01\/sanlucar-logo-onwhite.png","contentUrl":"https:\/\/sanlucar.com\/wp-content\/uploads\/2023\/01\/sanlucar-logo-onwhite.png","width":800,"height":800,"caption":"SanLucar"},"image":{"@id":"https:\/\/sanlucar.com\/#\/schema\/logo\/image\/"},"sameAs":["https:\/\/www.facebook.com\/sanlucarfruit","https:\/\/www.instagram.com\/sanlucarfruit\/","https:\/\/www.youtube.com\/user\/SanLucar2009","https:\/\/www.linkedin.com\/company\/sanlucar\/"]}]}},"_links":{"self":[{"href":"https:\/\/sanlucar.com\/es\/wp-json\/wp\/v2\/pages\/15695","targetHints":{"allow":["GET"]}}],"collection":[{"href":"https:\/\/sanlucar.com\/es\/wp-json\/wp\/v2\/pages"}],"about":[{"href":"https:\/\/sanlucar.com\/es\/wp-json\/wp\/v2\/types\/page"}],"author":[{"embeddable":true,"href":"https:\/\/sanlucar.com\/es\/wp-json\/wp\/v2\/users\/12"}],"replies":[{"embeddable":true,"href":"https:\/\/sanlucar.com\/es\/wp-json\/wp\/v2\/comments?post=15695"}],"version-history":[{"count":2,"href":"https:\/\/sanlucar.com\/es\/wp-json\/wp\/v2\/pages\/15695\/revisions"}],"predecessor-version":[{"id":51066,"href":"https:\/\/sanlucar.com\/es\/wp-json\/wp\/v2\/pages\/15695\/revisions\/51066"}],"wp:attachment":[{"href":"https:\/\/sanlucar.com\/es\/wp-json\/wp\/v2\/media?parent=15695"}],"curies":[{"name":"wp","href":"https:\/\/api.w.org\/{rel}","templated":true}]}}