
{"id":15730,"date":"2023-08-01T10:50:45","date_gmt":"2023-08-01T08:50:45","guid":{"rendered":"https:\/\/sanlucar.dev.resonanz-digital.at\/?page_id=15730"},"modified":"2025-10-03T10:08:47","modified_gmt":"2025-10-03T08:08:47","slug":"programa-de-practicas","status":"publish","type":"page","link":"https:\/\/sanlucar.com\/es\/carrera\/programa-de-practicas\/","title":{"rendered":"Programa de practicas"},"content":{"rendered":"\n            <div   class='avia-section main_color res_page_banner  avia-builder-el-0  el_before_av_section  avia-builder-el-first   avia-bg-style-scroll res_page_banner__intro--image_headline container_wrap fullsize' style='' data-section-bg-repeat='stretch'>            <div class=\"av-section-cont-open res_page_banner res_page_banner--image_headline\">\n                <div class=\"template-page content av-content-full alpha units\">\n                    <div class=\"post-entry post-entry-type-page\">\n                        <div class=\"entry-content-wrapper clearfix\">\n                            <div class=\"flex_column av_one_full el_before_av_heading first flex_column_div avia-full-stretch res_page_banner__image\"\n                                 style=\"background-image: url(https:\/\/sanlucar.com\/wp-content\/uploads\/2024\/05\/03-Praktikums-Programmv1-1.jpg); background-repeat: no-repeat; background-position: 50% 50%; background-attachment: scroll;\"><\/div>\n                            <div class=\"flex_column av_one_full flex_column_div avia-full-stretch res_page_banner__heading \">\n\t\t\t\t\t\t\t\t\n\t\t\t\t\t\t\t\t\t\t\t\t\t\t\t<div class=\"row\" style=\"max-width:1087px;margin-left:auto;margin-right:auto;background: #D4E8F1;padding:25px;padding-bottom:0;margin-top:-40px;\">\n\t\t\t\t\t\t\t\t<h1 class=\"col-md-12 product_header__main__intro_container__headline\" style=\"margin-left:0;margin-bottom:11px;\">Programa de pr\u00e1cticas. Pr\u00e1cticas bajo el sol.<\/h1>\n\t\t\t\t\t\t\t\t<div class=\"col-md-6\">\t\n\t\t\t\t\t\t\t\t\t<p>Seis meses en Valencia, fruta dulce, el mar, y mucho m\u00e1s. En nuestra central de Puzol (Valencia) ofrecemos pr\u00e1cticas remuneradas a tiempo completo desde febrero\/marzo hasta<\/p>\n\t\t\t\t\t\t\t\t<\/div>\n\t\t\t\t\t\t\t\t<div class=\"col-md-6\">\n\t\t\t\t\t\t\t\t\t\n\t\t\t\t\t\t\t\t<p>agosto\/septiembre o desde agosto\/septiembre hasta febrero\/marzo. Para ello, necesitamos un contrato de pr\u00e1cticas de tu universidad o de cualquier otra instituci\u00f3n educativa\u2026 \u00a1y a ti!<\/p>\n\t\t\t\t\t\t\t\t<\/div>\n\t\t\t\t\t\t\t\t<\/div>\n\t\t\t\t\t\t\t\t<div class=\"row goawaypadding\" style=\"max-width:1087px;margin-left:auto;margin-right:auto;\">\n\t\t\t\t\t\t\t\t\n    <div  class=\"res_breadcrumbs \" style=\"\">\n        <ul class=\"d-flex flex-wrap\">\n            <li><a href=\"https:\/\/sanlucar.com\/es\/\">Inicio<\/a><span class=\"sep\">\/<\/span><\/li>\n                                                <li><span><span class=\"sep\">\/<\/span><\/span><\/li>\n                                                            <li>\n                        <a href=\"https:\/\/sanlucar.com\/es\/carrera\/\">Carrera<\/a><span class=\"sep\">\/<\/span>\n                    <\/li>\n                                        <li class=\"res_breadcrumbs__current\"><span>Programa de practicas<\/span><\/li>\n        <\/ul>\n    <\/div>\n\n    \t\t\t\t\t\t\t\t<\/div>\n                                \t\t\t\t                            <\/div>\n                        <\/div>\n                    <\/div>\n                <\/div>\n            <\/div>\n\n\n\n\n            <\/div>            \n<div id='av_section_1'  class='avia-section av-4dhovs-a3ced84cec8f172c4521c18e11ecae24 main_color avia-section-default avia-no-border-styling  avia-builder-el-1  el_after_res_page_banner  el_before_av_section  avia-bg-style-scroll container_wrap fullsize'  ><div class='container av-section-cont-open' ><div class='template-page content  av-content-full alpha units'><div class='post-entry post-entry-type-page post-entry-15730'><div class='entry-content-wrapper clearfix'>\n<div class='flex_column_table av-l4a5bfwq-035a19fb7af2629190082b11bad655ca sc-av_one_half av-equal-height-column-flextable'><div  class='flex_column av-l4a5bfwq-035a19fb7af2629190082b11bad655ca av_one_half  avia-builder-el-2  el_before_av_one_half  avia-builder-el-first  first flex_column_table_cell av-equal-height-column av-align-top  '     ><p><section  class='av_textblock_section av-l4a5aog9-590e4c1ae231d8db350b9f6bd95b6d1f '   itemscope=\"itemscope\" itemtype=\"https:\/\/schema.org\/CreativeWork\" ><div class='avia_textblock'  itemprop=\"text\" ><p>Trabajar\u00e1s en un entorno internacional y formar\u00e1s parte de una din\u00e1mica red de estudiantes en pr\u00e1cticas de todo el mundo. Ir\u00e1s asumiendo responsabilidades muy r\u00e1pidamente, realizar\u00e1s tareas muy variadas y contar\u00e1s con el apoyo de tutores de tu propio departamento y del departamento de recursos humanos.<\/p>\n<p>El continuo feedback y un seguimiento exhaustivo te ayudar\u00e1n a desarrollarte tanto a nivel personal como profesional, conocer\u00e1s de primera mano un apasionante sector en constante cambio, el de la fruta y la verdura, y te familiarizar\u00e1s con la cadena de producci\u00f3n de una empresa internacional. Y, adem\u00e1s de las visitas de los proveedores y de un estimulante programa de pr\u00e1cticas, tambi\u00e9n te ofrecemos clases de idiomas.<\/p>\n<p>\u00a1Esperamos tu solicitud!<\/p>\n<\/div><\/section><br \/>\n<div  class='avia-button-wrap av-l4a7knq9-7abb58dd9b61c50be4bf4c4a902ad0aa-wrap avia-button-left  avia-builder-el-4  el_after_av_textblock  avia-builder-el-last '><a href='\/es\/carrera\/trabajos-internacionales\/'  class='avia-button av-l4a7knq9-7abb58dd9b61c50be4bf4c4a902ad0aa avia-icon_select-no avia-size-small avia-position-left avia-color-theme-color'  ><span class='avia_iconbox_title' >\u00a1Haz tus pr\u00e1cticas!<\/span><\/a><\/div><\/p><\/div><div class='av-flex-placeholder'><\/div><div  class='flex_column av-31vfx4-85d344223574a96e26474d4c13eba95e av_one_half  avia-builder-el-5  el_after_av_one_half  avia-builder-el-last  flex_column_table_cell av-equal-height-column av-align-top  '     ><style type=\"text\/css\" data-created_by=\"avia_inline_auto\" id=\"style-css-av-l4a5b9om-347ce340b621418ff4769c754354f51e\">\n.avia-image-container.av-l4a5b9om-347ce340b621418ff4769c754354f51e .av-image-caption-overlay-center{\ncolor:#ffffff;\n}\n<\/style>\n<div  class='avia-image-container av-l4a5b9om-347ce340b621418ff4769c754354f51e av-styling- avia-align-center  avia-builder-el-6  avia-builder-el-no-sibling '  itemprop=\"image\" itemscope=\"itemscope\" itemtype=\"https:\/\/schema.org\/ImageObject\" ><div class=\"avia-image-container-inner\"><div class=\"avia-image-overlay-wrap\"><picture><source media='(max-width:300px)' srcset='https:\/\/sanlucar.com\/wp-content\/uploads\/2024\/10\/Practikum-guys-1-300x200.jpg'><source media='(max-width:600px)' srcset='https:\/\/sanlucar.com\/wp-content\/uploads\/2024\/10\/Practikum-guys-1.jpg'><img decoding=\"async\" class='avia_image ' src=\"https:\/\/sanlucar.com\/wp-content\/uploads\/2024\/10\/Practikum-guys-1.jpg\" alt='SanLucar interns gaining hands-on experience in sustainable agriculture and fresh produce industry.' title='Practikum-guys (1)'\/><\/picture><\/div><\/div><\/div><\/div><\/div><!--close column table wrapper. Autoclose: 1 --><\/div><\/div><\/div><!-- close content main div --><\/div><\/div><div id='av_section_2'  class='avia-section av-5dtrxk-309f40227d5692a97c966ff65e97c130 tertiary_color avia-section-default avia-no-border-styling  avia-builder-el-7  el_after_av_section  avia-builder-el-last  avia-bg-style-scroll container_wrap fullsize'  ><div class='container av-section-cont-open' ><div class='template-page content  av-content-full alpha units'><div class='post-entry post-entry-type-page post-entry-15730'><div class='entry-content-wrapper clearfix'>\n\n<style type=\"text\/css\" data-created_by=\"avia_inline_auto\" id=\"style-css-av-l4a7o03s-2fe29fef7c8c1164ad9b802ff9892a79\">\n#top .av-special-heading.av-l4a7o03s-2fe29fef7c8c1164ad9b802ff9892a79{\npadding-bottom:10px;\n}\nbody .av-special-heading.av-l4a7o03s-2fe29fef7c8c1164ad9b802ff9892a79 .av-special-heading-tag .heading-char{\nfont-size:25px;\n}\n.av-special-heading.av-l4a7o03s-2fe29fef7c8c1164ad9b802ff9892a79 .av-subheading{\nfont-size:15px;\n}\n<\/style>\n<div  class='av-special-heading av-l4a7o03s-2fe29fef7c8c1164ad9b802ff9892a79 av-special-heading-h2 blockquote modern-quote modern-centered  avia-builder-el-8  el_before_av_two_fifth  avia-builder-el-first '><h2 class='av-special-heading-tag'  itemprop=\"headline\"  >La experiencia de antiguos estudiantes en pr\u00e1cticas de SanLucar.<\/h2><div class=\"special-heading-border\"><div class=\"special-heading-inner-border\"><\/div><\/div><\/div>\n<div class='flex_column_table av-l4a5div3-843e6c58a3c32fdce3bc1e04c4ff331b sc-av_two_fifth av-mobile-columns-flex av-columns-reverse av-equal-height-column-flextable'><div  class='flex_column av-l4a5div3-843e6c58a3c32fdce3bc1e04c4ff331b av_two_fifth  avia-builder-el-9  el_after_av_heading  el_before_av_three_fifth  first flex_column_table_cell av-equal-height-column av-align-middle  '     ><style type=\"text\/css\" data-created_by=\"avia_inline_auto\" id=\"style-css-av-6k7720-bed601480301e6763663575811d7b008\">\n.avia-image-container.av-6k7720-bed601480301e6763663575811d7b008 .av-caption-image-overlay-bg{\nopacity:0.4;\nbackground-color:#000000;\n}\n.avia-image-container.av-6k7720-bed601480301e6763663575811d7b008 .av-image-caption-overlay-center{\ncolor:#ffffff;\n}\n<\/style>\n<div  class='avia-image-container av-6k7720-bed601480301e6763663575811d7b008 av-styling- avia-align-center  avia-builder-el-10  avia-builder-el-no-sibling  noHover av-overlay-hover-deactivate'  itemprop=\"image\" itemscope=\"itemscope\" itemtype=\"https:\/\/schema.org\/ImageObject\" ><div class=\"avia-image-container-inner\"><div class=\"avia-image-overlay-wrap\"><div class=\"av-image-caption-overlay\"><div class=\"av-caption-image-overlay-bg\"><\/div><div class=\"av-image-caption-overlay-position\"><div class=\"av-image-caption-overlay-center\"><p>Greta Reers, Estudiante en pr\u00e1cticas en Compras<\/p>\n<\/div><\/div><\/div><picture><source media='(max-width:216px)' srcset='https:\/\/sanlucar.com\/wp-content\/uploads\/2022\/06\/Greta_Reers-216x300.jpg'><source media='(max-width:507px)' srcset='https:\/\/sanlucar.com\/wp-content\/uploads\/2022\/06\/Greta_Reers-507x705.jpg'><source media='(max-width:600px)' srcset='https:\/\/sanlucar.com\/wp-content\/uploads\/2022\/06\/Greta_Reers.jpg'><img decoding=\"async\" class='avia_image ' src=\"https:\/\/sanlucar.com\/wp-content\/uploads\/2022\/06\/Greta_Reers.jpg\" alt='Portraitfoto von Praktikantin Greta Reers' title=''\/><\/picture><\/div><\/div><\/div><\/div><div class='av-flex-placeholder'><\/div><div  class='flex_column av-4crbt4-c67162e37037a687c0674cf823fe883f av_three_fifth  avia-builder-el-11  el_after_av_two_fifth  el_before_av_three_fifth  flex_column_table_cell av-equal-height-column av-align-middle  '     ><p>\n<style type=\"text\/css\" data-created_by=\"avia_inline_auto\" id=\"style-css-av-l4a7otnf-72b80028d5277a3d7c93f73f18b2855b\">\n#top .av-special-heading.av-l4a7otnf-72b80028d5277a3d7c93f73f18b2855b{\npadding-bottom:10px;\n}\nbody .av-special-heading.av-l4a7otnf-72b80028d5277a3d7c93f73f18b2855b .av-special-heading-tag .heading-char{\nfont-size:25px;\n}\n.av-special-heading.av-l4a7otnf-72b80028d5277a3d7c93f73f18b2855b .av-subheading{\nfont-size:15px;\n}\n<\/style>\n<div  class='av-special-heading av-l4a7otnf-72b80028d5277a3d7c93f73f18b2855b av-special-heading-h3 blockquote modern-quote  avia-builder-el-12  el_before_av_textblock  avia-builder-el-first '><h3 class='av-special-heading-tag'  itemprop=\"headline\"  >Greta Reers<\/h3><div class='av-subheading av-subheading_below'><p>Estudiante en pr\u00e1cticas en Compras<\/p>\n<\/div><div class=\"special-heading-border\"><div class=\"special-heading-inner-border\"><\/div><\/div><\/div><br \/>\n<section  class='av_textblock_section av-1u7iew-dc2196ecc0bc627d36c1ddac1c7ff75d '   itemscope=\"itemscope\" itemtype=\"https:\/\/schema.org\/CreativeWork\" ><div class='avia_textblock'  itemprop=\"text\" ><p>\u00abYo hice unas pr\u00e1cticas en el departamento de compras. SanLucar configura los equipos de compras dependiendo de la temporada y de la \u00e9poca de cosecha, as\u00ed que pude trabajar con equipos y productos distintos. \u00a1Una experiencia fant\u00e1stica! Estuve metida de lleno en las tareas diarias, lo que implicaba trabajar en contacto permanente con proveedores y asegurarme de que los pedidos se llevaban a cabo correctamente en estrecha colaboraci\u00f3n con el departamento de ventas y el equipo de log\u00edstica. Para SanLucar, la calidad y el comercio justo y responsable, desde el campo hasta el supermercado, tienen una gran importancia, y lo que m\u00e1s me impresion\u00f3 fue poder trabajar con productos que yo misma compro todos los d\u00edas. El ambiente de trabajo era muy personal y abierto; adem\u00e1s, no solo contaba con la gu\u00eda y la ayuda continuas de mi tutor en el departamento, sino tambi\u00e9n del departamento de recursos humanos\u00bb.<\/p>\n<\/div><\/section><\/p><\/div><\/div><!--close column table wrapper. Autoclose: 1 --><div class='flex_column_table av-459haw-5776990cc7256ce64be3fee189e2bd45 sc-av_three_fifth av-equal-height-column-flextable'><div  class='flex_column av-459haw-5776990cc7256ce64be3fee189e2bd45 av_three_fifth  avia-builder-el-14  el_after_av_three_fifth  el_before_av_two_fifth  first flex_column_table_cell av-equal-height-column av-align-middle  '     ><p>\n<style type=\"text\/css\" data-created_by=\"avia_inline_auto\" id=\"style-css-av-l4a7qlel-e93d195202437b275da0a7a4e0a3f5e4\">\n#top .av-special-heading.av-l4a7qlel-e93d195202437b275da0a7a4e0a3f5e4{\npadding-bottom:10px;\n}\nbody .av-special-heading.av-l4a7qlel-e93d195202437b275da0a7a4e0a3f5e4 .av-special-heading-tag .heading-char{\nfont-size:25px;\n}\n.av-special-heading.av-l4a7qlel-e93d195202437b275da0a7a4e0a3f5e4 .av-subheading{\nfont-size:15px;\n}\n<\/style>\n<div  class='av-special-heading av-l4a7qlel-e93d195202437b275da0a7a4e0a3f5e4 av-special-heading-h3 blockquote modern-quote  avia-builder-el-15  el_before_av_textblock  avia-builder-el-first '><h3 class='av-special-heading-tag'  itemprop=\"headline\"  >Elisa Nickel<\/h3><div class='av-subheading av-subheading_below'><p>Estudiante en pr\u00e1cticas en RR.HH.<\/p>\n<\/div><div class=\"special-heading-border\"><div class=\"special-heading-inner-border\"><\/div><\/div><\/div><br \/>\n<section  class='av_textblock_section av-l4a7quvb-aa392b14e5b46e4665139896f92289a4 '   itemscope=\"itemscope\" itemtype=\"https:\/\/schema.org\/CreativeWork\" ><div class='avia_textblock'  itemprop=\"text\" ><p>\u00abEn el departamento de recursos humanos me encargaron la tarea de elegir a nuevos estudiantes de pr\u00e1cticas. As\u00ed que redact\u00e9 anuncios y los colgu\u00e9 en internet, llev\u00e9 la correspondencia con los solicitantes y organic\u00e9 e hice las entrevistas. Me pareci\u00f3 muy bonito que el departamento de recursos humanos confiara en m\u00ed desde el principio. Adem\u00e1s, en SanLucar el ambiente familiar se palpa ya desde el primer d\u00eda, y las cuestiones y los proyectos sociales tienen un papel muy importante en la empresa. Aprend\u00ed mucho sobre las estructuras y las relaciones que existen en una empresa internacional, sin olvidar las presentaciones que hicimos los estudiantes de pr\u00e1cticas sobre nuestros respectivos departamentos. Fue una experiencia fant\u00e1stica para poder emplear los conocimientos de la universidad en el d\u00eda a d\u00eda de una empresa, trabajar en nuevas competencias y adem\u00e1s aprender un mont\u00f3n\u00bb.<\/p>\n<\/div><\/section><\/p><\/div><div class='av-flex-placeholder'><\/div><div  class='flex_column av-38pxdk-25d25fcd0d4772094b75f2db76f142c1 av_two_fifth  avia-builder-el-17  el_after_av_three_fifth  avia-builder-el-last  flex_column_table_cell av-equal-height-column av-align-middle  '     ><style type=\"text\/css\" data-created_by=\"avia_inline_auto\" id=\"style-css-av-l4a5e0bn-2a9ea7412165f56c4657bd28f99cafb0\">\n.avia-image-container.av-l4a5e0bn-2a9ea7412165f56c4657bd28f99cafb0 .av-caption-image-overlay-bg{\nopacity:0.4;\nbackground-color:#000000;\n}\n.avia-image-container.av-l4a5e0bn-2a9ea7412165f56c4657bd28f99cafb0 .av-image-caption-overlay-center{\ncolor:#ffffff;\n}\n<\/style>\n<div  class='avia-image-container av-l4a5e0bn-2a9ea7412165f56c4657bd28f99cafb0 av-styling- avia-align-center  avia-builder-el-18  avia-builder-el-no-sibling  noHover av-overlay-hover-deactivate'  itemprop=\"image\" itemscope=\"itemscope\" itemtype=\"https:\/\/schema.org\/ImageObject\" ><div class=\"avia-image-container-inner\"><div class=\"avia-image-overlay-wrap\"><div class=\"av-image-caption-overlay\"><div class=\"av-caption-image-overlay-bg\"><\/div><div class=\"av-image-caption-overlay-position\"><div class=\"av-image-caption-overlay-center\"><p>Elisa Nickel, Estudiante en pr\u00e1cticas en RR.HH.<\/p>\n<\/div><\/div><\/div><picture><source media='(max-width:227px)' srcset='https:\/\/sanlucar.com\/wp-content\/uploads\/2024\/08\/Elisa_NickelV1R-227x300.jpg'><source media='(max-width:359px)' srcset='https:\/\/sanlucar.com\/wp-content\/uploads\/2024\/08\/Elisa_NickelV1R.jpg'><img decoding=\"async\" class='avia_image ' src=\"https:\/\/sanlucar.com\/wp-content\/uploads\/2024\/08\/Elisa_NickelV1R.jpg\" alt='Elisa Nickel, a SanLucar expert, representing dedication to sustainable agriculture and fresh produce innovation.' title='Elisa_NickelV1R'\/><\/picture><\/div><\/div><\/div><\/div><\/div><!--close column table wrapper. Autoclose: 1 -->\n<\/p>\n","protected":false},"excerpt":{"rendered":"","protected":false},"author":12,"featured_media":31600,"parent":28822,"menu_order":0,"comment_status":"closed","ping_status":"closed","template":"","meta":{"_acf_changed":false,"footnotes":""},"class_list":["post-15730","page","type-page","status-publish","has-post-thumbnail","hentry"],"acf":[],"yoast_head":"<!-- This site is optimized with the Yoast SEO plugin v27.0 - https:\/\/yoast.com\/product\/yoast-seo-wordpress\/ -->\n<title>Programa de practicas | SanLucar<\/title>\n<meta name=\"robots\" content=\"index, follow, max-snippet:-1, max-image-preview:large, max-video-preview:-1\" \/>\n<link rel=\"canonical\" href=\"https:\/\/sanlucar.com\/es\/karriere\/programa-de-practicas\/\" \/>\n<meta property=\"og:locale\" content=\"es_ES\" \/>\n<meta property=\"og:type\" content=\"article\" \/>\n<meta property=\"og:title\" content=\"Programa de practicas | SanLucar\" \/>\n<meta property=\"og:url\" content=\"https:\/\/sanlucar.com\/es\/karriere\/programa-de-practicas\/\" \/>\n<meta property=\"og:site_name\" content=\"SanLucar\" \/>\n<meta property=\"article:publisher\" content=\"https:\/\/www.facebook.com\/sanlucarfruit\" \/>\n<meta property=\"article:modified_time\" content=\"2025-10-03T08:08:47+00:00\" \/>\n<meta property=\"og:image\" content=\"https:\/\/sanlucar.com\/wp-content\/uploads\/2024\/05\/03-Praktikums-Programmv1.jpg\" \/>\n\t<meta property=\"og:image:width\" content=\"1414\" \/>\n\t<meta property=\"og:image:height\" content=\"513\" \/>\n\t<meta property=\"og:image:type\" content=\"image\/jpeg\" \/>\n<meta name=\"twitter:card\" content=\"summary_large_image\" \/>\n<meta name=\"twitter:label1\" content=\"Tiempo de lectura\" \/>\n\t<meta name=\"twitter:data1\" content=\"3 minutos\" \/>\n<script type=\"application\/ld+json\" class=\"yoast-schema-graph\">{\"@context\":\"https:\/\/schema.org\",\"@graph\":[{\"@type\":\"WebPage\",\"@id\":\"https:\/\/sanlucar.com\/es\/karriere\/programa-de-practicas\/\",\"url\":\"https:\/\/sanlucar.com\/es\/karriere\/programa-de-practicas\/\",\"name\":\"Programa de practicas | SanLucar\",\"isPartOf\":{\"@id\":\"https:\/\/sanlucar.com\/#website\"},\"primaryImageOfPage\":{\"@id\":\"https:\/\/sanlucar.com\/es\/karriere\/programa-de-practicas\/#primaryimage\"},\"image\":{\"@id\":\"https:\/\/sanlucar.com\/es\/karriere\/programa-de-practicas\/#primaryimage\"},\"thumbnailUrl\":\"https:\/\/sanlucar.com\/wp-content\/uploads\/2024\/05\/03-Praktikums-Programmv1.jpg\",\"datePublished\":\"2023-08-01T08:50:45+00:00\",\"dateModified\":\"2025-10-03T08:08:47+00:00\",\"breadcrumb\":{\"@id\":\"https:\/\/sanlucar.com\/es\/karriere\/programa-de-practicas\/#breadcrumb\"},\"inLanguage\":\"es\",\"potentialAction\":[{\"@type\":\"ReadAction\",\"target\":[\"https:\/\/sanlucar.com\/es\/karriere\/programa-de-practicas\/\"]}]},{\"@type\":\"ImageObject\",\"inLanguage\":\"es\",\"@id\":\"https:\/\/sanlucar.com\/es\/karriere\/programa-de-practicas\/#primaryimage\",\"url\":\"https:\/\/sanlucar.com\/wp-content\/uploads\/2024\/05\/03-Praktikums-Programmv1.jpg\",\"contentUrl\":\"https:\/\/sanlucar.com\/wp-content\/uploads\/2024\/05\/03-Praktikums-Programmv1.jpg\",\"width\":1414,\"height\":513,\"caption\":\"SanLucar internship program, providing hands-on experience in sustainable agriculture and fresh produce industry.\"},{\"@type\":\"BreadcrumbList\",\"@id\":\"https:\/\/sanlucar.com\/es\/karriere\/programa-de-practicas\/#breadcrumb\",\"itemListElement\":[{\"@type\":\"ListItem\",\"position\":1,\"name\":\"Home\",\"item\":\"https:\/\/sanlucar.com\/es\/\"},{\"@type\":\"ListItem\",\"position\":2,\"name\":\"Programa de practicas\"}]},{\"@type\":\"WebSite\",\"@id\":\"https:\/\/sanlucar.com\/#website\",\"url\":\"https:\/\/sanlucar.com\/\",\"name\":\"SanLucar\",\"description\":\"\",\"publisher\":{\"@id\":\"https:\/\/sanlucar.com\/#organization\"},\"potentialAction\":[{\"@type\":\"SearchAction\",\"target\":{\"@type\":\"EntryPoint\",\"urlTemplate\":\"https:\/\/sanlucar.com\/?s={search_term_string}\"},\"query-input\":{\"@type\":\"PropertyValueSpecification\",\"valueRequired\":true,\"valueName\":\"search_term_string\"}}],\"inLanguage\":\"es\"},{\"@type\":\"Organization\",\"@id\":\"https:\/\/sanlucar.com\/#organization\",\"name\":\"SanLucar\",\"url\":\"https:\/\/sanlucar.com\/\",\"logo\":{\"@type\":\"ImageObject\",\"inLanguage\":\"es\",\"@id\":\"https:\/\/sanlucar.com\/#\/schema\/logo\/image\/\",\"url\":\"https:\/\/sanlucar.com\/wp-content\/uploads\/2023\/01\/sanlucar-logo-onwhite.png\",\"contentUrl\":\"https:\/\/sanlucar.com\/wp-content\/uploads\/2023\/01\/sanlucar-logo-onwhite.png\",\"width\":800,\"height\":800,\"caption\":\"SanLucar\"},\"image\":{\"@id\":\"https:\/\/sanlucar.com\/#\/schema\/logo\/image\/\"},\"sameAs\":[\"https:\/\/www.facebook.com\/sanlucarfruit\",\"https:\/\/www.instagram.com\/sanlucarfruit\/\",\"https:\/\/www.youtube.com\/user\/SanLucar2009\",\"https:\/\/www.linkedin.com\/company\/sanlucar\/\"]}]}<\/script>\n<!-- \/ Yoast SEO plugin. -->","yoast_head_json":{"title":"Programa de practicas | SanLucar","robots":{"index":"index","follow":"follow","max-snippet":"max-snippet:-1","max-image-preview":"max-image-preview:large","max-video-preview":"max-video-preview:-1"},"canonical":"https:\/\/sanlucar.com\/es\/karriere\/programa-de-practicas\/","og_locale":"es_ES","og_type":"article","og_title":"Programa de practicas | SanLucar","og_url":"https:\/\/sanlucar.com\/es\/karriere\/programa-de-practicas\/","og_site_name":"SanLucar","article_publisher":"https:\/\/www.facebook.com\/sanlucarfruit","article_modified_time":"2025-10-03T08:08:47+00:00","og_image":[{"width":1414,"height":513,"url":"https:\/\/sanlucar.com\/wp-content\/uploads\/2024\/05\/03-Praktikums-Programmv1.jpg","type":"image\/jpeg"}],"twitter_card":"summary_large_image","twitter_misc":{"Tiempo de lectura":"3 minutos"},"schema":{"@context":"https:\/\/schema.org","@graph":[{"@type":"WebPage","@id":"https:\/\/sanlucar.com\/es\/karriere\/programa-de-practicas\/","url":"https:\/\/sanlucar.com\/es\/karriere\/programa-de-practicas\/","name":"Programa de practicas | SanLucar","isPartOf":{"@id":"https:\/\/sanlucar.com\/#website"},"primaryImageOfPage":{"@id":"https:\/\/sanlucar.com\/es\/karriere\/programa-de-practicas\/#primaryimage"},"image":{"@id":"https:\/\/sanlucar.com\/es\/karriere\/programa-de-practicas\/#primaryimage"},"thumbnailUrl":"https:\/\/sanlucar.com\/wp-content\/uploads\/2024\/05\/03-Praktikums-Programmv1.jpg","datePublished":"2023-08-01T08:50:45+00:00","dateModified":"2025-10-03T08:08:47+00:00","breadcrumb":{"@id":"https:\/\/sanlucar.com\/es\/karriere\/programa-de-practicas\/#breadcrumb"},"inLanguage":"es","potentialAction":[{"@type":"ReadAction","target":["https:\/\/sanlucar.com\/es\/karriere\/programa-de-practicas\/"]}]},{"@type":"ImageObject","inLanguage":"es","@id":"https:\/\/sanlucar.com\/es\/karriere\/programa-de-practicas\/#primaryimage","url":"https:\/\/sanlucar.com\/wp-content\/uploads\/2024\/05\/03-Praktikums-Programmv1.jpg","contentUrl":"https:\/\/sanlucar.com\/wp-content\/uploads\/2024\/05\/03-Praktikums-Programmv1.jpg","width":1414,"height":513,"caption":"SanLucar internship program, providing hands-on experience in sustainable agriculture and fresh produce industry."},{"@type":"BreadcrumbList","@id":"https:\/\/sanlucar.com\/es\/karriere\/programa-de-practicas\/#breadcrumb","itemListElement":[{"@type":"ListItem","position":1,"name":"Home","item":"https:\/\/sanlucar.com\/es\/"},{"@type":"ListItem","position":2,"name":"Programa de practicas"}]},{"@type":"WebSite","@id":"https:\/\/sanlucar.com\/#website","url":"https:\/\/sanlucar.com\/","name":"SanLucar","description":"","publisher":{"@id":"https:\/\/sanlucar.com\/#organization"},"potentialAction":[{"@type":"SearchAction","target":{"@type":"EntryPoint","urlTemplate":"https:\/\/sanlucar.com\/?s={search_term_string}"},"query-input":{"@type":"PropertyValueSpecification","valueRequired":true,"valueName":"search_term_string"}}],"inLanguage":"es"},{"@type":"Organization","@id":"https:\/\/sanlucar.com\/#organization","name":"SanLucar","url":"https:\/\/sanlucar.com\/","logo":{"@type":"ImageObject","inLanguage":"es","@id":"https:\/\/sanlucar.com\/#\/schema\/logo\/image\/","url":"https:\/\/sanlucar.com\/wp-content\/uploads\/2023\/01\/sanlucar-logo-onwhite.png","contentUrl":"https:\/\/sanlucar.com\/wp-content\/uploads\/2023\/01\/sanlucar-logo-onwhite.png","width":800,"height":800,"caption":"SanLucar"},"image":{"@id":"https:\/\/sanlucar.com\/#\/schema\/logo\/image\/"},"sameAs":["https:\/\/www.facebook.com\/sanlucarfruit","https:\/\/www.instagram.com\/sanlucarfruit\/","https:\/\/www.youtube.com\/user\/SanLucar2009","https:\/\/www.linkedin.com\/company\/sanlucar\/"]}]}},"_links":{"self":[{"href":"https:\/\/sanlucar.com\/es\/wp-json\/wp\/v2\/pages\/15730","targetHints":{"allow":["GET"]}}],"collection":[{"href":"https:\/\/sanlucar.com\/es\/wp-json\/wp\/v2\/pages"}],"about":[{"href":"https:\/\/sanlucar.com\/es\/wp-json\/wp\/v2\/types\/page"}],"author":[{"embeddable":true,"href":"https:\/\/sanlucar.com\/es\/wp-json\/wp\/v2\/users\/12"}],"replies":[{"embeddable":true,"href":"https:\/\/sanlucar.com\/es\/wp-json\/wp\/v2\/comments?post=15730"}],"version-history":[{"count":2,"href":"https:\/\/sanlucar.com\/es\/wp-json\/wp\/v2\/pages\/15730\/revisions"}],"predecessor-version":[{"id":57021,"href":"https:\/\/sanlucar.com\/es\/wp-json\/wp\/v2\/pages\/15730\/revisions\/57021"}],"up":[{"embeddable":true,"href":"https:\/\/sanlucar.com\/es\/wp-json\/wp\/v2\/pages\/28822"}],"wp:featuredmedia":[{"embeddable":true,"href":"https:\/\/sanlucar.com\/es\/wp-json\/wp\/v2\/media\/31600"}],"wp:attachment":[{"href":"https:\/\/sanlucar.com\/es\/wp-json\/wp\/v2\/media?parent=15730"}],"curies":[{"name":"wp","href":"https:\/\/api.w.org\/{rel}","templated":true}]}}