
{"id":15774,"date":"2023-08-01T13:17:37","date_gmt":"2023-08-01T11:17:37","guid":{"rendered":"https:\/\/sanlucar.dev.resonanz-digital.at\/?page_id=15774"},"modified":"2023-08-01T15:20:27","modified_gmt":"2023-08-01T13:20:27","slug":"en-forma-y-delgado","status":"publish","type":"page","link":"https:\/\/sanlucar.com\/es\/consejos-e-ideas\/consejos-de-nutricion\/en-forma-y-delgado\/","title":{"rendered":"Dulces frutas buscan gente que quiera perder peso"},"content":{"rendered":"<p>Sentirse bien en el propio cuerpo es un deseo generalizado. Y da lo mismo que queramos perder esos kilos de m\u00e1s o que necesitemos una raci\u00f3n extra de energ\u00eda para seguir haciendo deporte: la fruta y la verdura, al tener pocas calor\u00edas, son ideales para saciarse entre horas y tambi\u00e9n para poner el cuerpo a tope con un buen chute de vitaminas. \u00a1Nada como la fruta!<\/p>\n","protected":false},"excerpt":{"rendered":"<p>Sentirse bien en el propio cuerpo es un deseo generalizado. Y da lo mismo que queramos perder esos kilos de m\u00e1s o que necesitemos una raci\u00f3n extra de energ\u00eda para seguir haciendo deporte: la fruta y la verdura, al tener pocas calor\u00edas, son ideales para saciarse entre horas y tambi\u00e9n para poner el cuerpo a [&hellip;]<\/p>\n","protected":false},"author":12,"featured_media":11411,"parent":15789,"menu_order":0,"comment_status":"closed","ping_status":"closed","template":"templates\/blog-category-template.php","meta":{"_acf_changed":false,"footnotes":""},"class_list":["post-15774","page","type-page","status-publish","has-post-thumbnail","hentry"],"acf":[],"yoast_head":"<!-- This site is optimized with the Yoast SEO plugin v27.0 - https:\/\/yoast.com\/product\/yoast-seo-wordpress\/ -->\n<title>Dulces frutas buscan gente que quiera perder peso | SanLucar<\/title>\n<meta name=\"robots\" content=\"index, follow, max-snippet:-1, max-image-preview:large, max-video-preview:-1\" \/>\n<link rel=\"canonical\" href=\"https:\/\/sanlucar.com\/es\/consejos-e-ideas\/consejos-de-nutricion\/en-forma-y-delgado\/\" \/>\n<meta property=\"og:locale\" content=\"es_ES\" \/>\n<meta property=\"og:type\" content=\"article\" \/>\n<meta property=\"og:title\" content=\"Dulces frutas buscan gente que quiera perder peso | SanLucar\" \/>\n<meta property=\"og:description\" content=\"Sentirse bien en el propio cuerpo es un deseo generalizado. Y da lo mismo que queramos perder esos kilos de m\u00e1s o que necesitemos una raci\u00f3n extra de energ\u00eda para seguir haciendo deporte: la fruta y la verdura, al tener pocas calor\u00edas, son ideales para saciarse entre horas y tambi\u00e9n para poner el cuerpo a [&hellip;]\" \/>\n<meta property=\"og:url\" content=\"https:\/\/sanlucar.com\/es\/consejos-e-ideas\/consejos-de-nutricion\/en-forma-y-delgado\/\" \/>\n<meta property=\"og:site_name\" content=\"SanLucar\" \/>\n<meta property=\"article:publisher\" content=\"https:\/\/www.facebook.com\/sanlucarfruit\" \/>\n<meta property=\"article:modified_time\" content=\"2023-08-01T13:20:27+00:00\" \/>\n<meta property=\"og:image\" content=\"https:\/\/sanlucar.com\/wp-content\/uploads\/2022\/06\/FitandSlim_Header.jpg\" \/>\n\t<meta property=\"og:image:width\" content=\"1600\" \/>\n\t<meta property=\"og:image:height\" content=\"900\" \/>\n\t<meta property=\"og:image:type\" content=\"image\/jpeg\" \/>\n<meta name=\"twitter:card\" content=\"summary_large_image\" \/>\n<meta name=\"twitter:label1\" content=\"Tiempo de lectura\" \/>\n\t<meta name=\"twitter:data1\" content=\"1 minuto\" \/>\n<script type=\"application\/ld+json\" class=\"yoast-schema-graph\">{\"@context\":\"https:\/\/schema.org\",\"@graph\":[{\"@type\":\"WebPage\",\"@id\":\"https:\/\/sanlucar.com\/es\/consejos-e-ideas\/consejos-de-nutricion\/en-forma-y-delgado\/\",\"url\":\"https:\/\/sanlucar.com\/es\/consejos-e-ideas\/consejos-de-nutricion\/en-forma-y-delgado\/\",\"name\":\"Dulces frutas buscan gente que quiera perder peso | SanLucar\",\"isPartOf\":{\"@id\":\"https:\/\/sanlucar.com\/#website\"},\"primaryImageOfPage\":{\"@id\":\"https:\/\/sanlucar.com\/es\/consejos-e-ideas\/consejos-de-nutricion\/en-forma-y-delgado\/#primaryimage\"},\"image\":{\"@id\":\"https:\/\/sanlucar.com\/es\/consejos-e-ideas\/consejos-de-nutricion\/en-forma-y-delgado\/#primaryimage\"},\"thumbnailUrl\":\"https:\/\/sanlucar.com\/wp-content\/uploads\/2022\/06\/FitandSlim_Header.jpg\",\"datePublished\":\"2023-08-01T11:17:37+00:00\",\"dateModified\":\"2023-08-01T13:20:27+00:00\",\"breadcrumb\":{\"@id\":\"https:\/\/sanlucar.com\/es\/consejos-e-ideas\/consejos-de-nutricion\/en-forma-y-delgado\/#breadcrumb\"},\"inLanguage\":\"es\",\"potentialAction\":[{\"@type\":\"ReadAction\",\"target\":[\"https:\/\/sanlucar.com\/es\/consejos-e-ideas\/consejos-de-nutricion\/en-forma-y-delgado\/\"]}]},{\"@type\":\"ImageObject\",\"inLanguage\":\"es\",\"@id\":\"https:\/\/sanlucar.com\/es\/consejos-e-ideas\/consejos-de-nutricion\/en-forma-y-delgado\/#primaryimage\",\"url\":\"https:\/\/sanlucar.com\/wp-content\/uploads\/2022\/06\/FitandSlim_Header.jpg\",\"contentUrl\":\"https:\/\/sanlucar.com\/wp-content\/uploads\/2022\/06\/FitandSlim_Header.jpg\",\"width\":1600,\"height\":900},{\"@type\":\"BreadcrumbList\",\"@id\":\"https:\/\/sanlucar.com\/es\/consejos-e-ideas\/consejos-de-nutricion\/en-forma-y-delgado\/#breadcrumb\",\"itemListElement\":[{\"@type\":\"ListItem\",\"position\":1,\"name\":\"Home\",\"item\":\"https:\/\/sanlucar.com\/es\/\"},{\"@type\":\"ListItem\",\"position\":2,\"name\":\"Consejos e ideas\",\"item\":\"https:\/\/sanlucar.com\/es\/consejos-e-ideas\/\"},{\"@type\":\"ListItem\",\"position\":3,\"name\":\"Consejos de nutrici\u00f3n\",\"item\":\"https:\/\/sanlucar.com\/es\/consejos-e-ideas\/consejos-de-nutricion\/\"},{\"@type\":\"ListItem\",\"position\":4,\"name\":\"Dulces frutas buscan gente que quiera perder peso\"}]},{\"@type\":\"WebSite\",\"@id\":\"https:\/\/sanlucar.com\/#website\",\"url\":\"https:\/\/sanlucar.com\/\",\"name\":\"SanLucar\",\"description\":\"\",\"publisher\":{\"@id\":\"https:\/\/sanlucar.com\/#organization\"},\"potentialAction\":[{\"@type\":\"SearchAction\",\"target\":{\"@type\":\"EntryPoint\",\"urlTemplate\":\"https:\/\/sanlucar.com\/?s={search_term_string}\"},\"query-input\":{\"@type\":\"PropertyValueSpecification\",\"valueRequired\":true,\"valueName\":\"search_term_string\"}}],\"inLanguage\":\"es\"},{\"@type\":\"Organization\",\"@id\":\"https:\/\/sanlucar.com\/#organization\",\"name\":\"SanLucar\",\"url\":\"https:\/\/sanlucar.com\/\",\"logo\":{\"@type\":\"ImageObject\",\"inLanguage\":\"es\",\"@id\":\"https:\/\/sanlucar.com\/#\/schema\/logo\/image\/\",\"url\":\"https:\/\/sanlucar.com\/wp-content\/uploads\/2023\/01\/sanlucar-logo-onwhite.png\",\"contentUrl\":\"https:\/\/sanlucar.com\/wp-content\/uploads\/2023\/01\/sanlucar-logo-onwhite.png\",\"width\":800,\"height\":800,\"caption\":\"SanLucar\"},\"image\":{\"@id\":\"https:\/\/sanlucar.com\/#\/schema\/logo\/image\/\"},\"sameAs\":[\"https:\/\/www.facebook.com\/sanlucarfruit\",\"https:\/\/www.instagram.com\/sanlucarfruit\/\",\"https:\/\/www.youtube.com\/user\/SanLucar2009\",\"https:\/\/www.linkedin.com\/company\/sanlucar\/\"]}]}<\/script>\n<!-- \/ Yoast SEO plugin. -->","yoast_head_json":{"title":"Dulces frutas buscan gente que quiera perder peso | SanLucar","robots":{"index":"index","follow":"follow","max-snippet":"max-snippet:-1","max-image-preview":"max-image-preview:large","max-video-preview":"max-video-preview:-1"},"canonical":"https:\/\/sanlucar.com\/es\/consejos-e-ideas\/consejos-de-nutricion\/en-forma-y-delgado\/","og_locale":"es_ES","og_type":"article","og_title":"Dulces frutas buscan gente que quiera perder peso | SanLucar","og_description":"Sentirse bien en el propio cuerpo es un deseo generalizado. Y da lo mismo que queramos perder esos kilos de m\u00e1s o que necesitemos una raci\u00f3n extra de energ\u00eda para seguir haciendo deporte: la fruta y la verdura, al tener pocas calor\u00edas, son ideales para saciarse entre horas y tambi\u00e9n para poner el cuerpo a [&hellip;]","og_url":"https:\/\/sanlucar.com\/es\/consejos-e-ideas\/consejos-de-nutricion\/en-forma-y-delgado\/","og_site_name":"SanLucar","article_publisher":"https:\/\/www.facebook.com\/sanlucarfruit","article_modified_time":"2023-08-01T13:20:27+00:00","og_image":[{"width":1600,"height":900,"url":"https:\/\/sanlucar.com\/wp-content\/uploads\/2022\/06\/FitandSlim_Header.jpg","type":"image\/jpeg"}],"twitter_card":"summary_large_image","twitter_misc":{"Tiempo de lectura":"1 minuto"},"schema":{"@context":"https:\/\/schema.org","@graph":[{"@type":"WebPage","@id":"https:\/\/sanlucar.com\/es\/consejos-e-ideas\/consejos-de-nutricion\/en-forma-y-delgado\/","url":"https:\/\/sanlucar.com\/es\/consejos-e-ideas\/consejos-de-nutricion\/en-forma-y-delgado\/","name":"Dulces frutas buscan gente que quiera perder peso | SanLucar","isPartOf":{"@id":"https:\/\/sanlucar.com\/#website"},"primaryImageOfPage":{"@id":"https:\/\/sanlucar.com\/es\/consejos-e-ideas\/consejos-de-nutricion\/en-forma-y-delgado\/#primaryimage"},"image":{"@id":"https:\/\/sanlucar.com\/es\/consejos-e-ideas\/consejos-de-nutricion\/en-forma-y-delgado\/#primaryimage"},"thumbnailUrl":"https:\/\/sanlucar.com\/wp-content\/uploads\/2022\/06\/FitandSlim_Header.jpg","datePublished":"2023-08-01T11:17:37+00:00","dateModified":"2023-08-01T13:20:27+00:00","breadcrumb":{"@id":"https:\/\/sanlucar.com\/es\/consejos-e-ideas\/consejos-de-nutricion\/en-forma-y-delgado\/#breadcrumb"},"inLanguage":"es","potentialAction":[{"@type":"ReadAction","target":["https:\/\/sanlucar.com\/es\/consejos-e-ideas\/consejos-de-nutricion\/en-forma-y-delgado\/"]}]},{"@type":"ImageObject","inLanguage":"es","@id":"https:\/\/sanlucar.com\/es\/consejos-e-ideas\/consejos-de-nutricion\/en-forma-y-delgado\/#primaryimage","url":"https:\/\/sanlucar.com\/wp-content\/uploads\/2022\/06\/FitandSlim_Header.jpg","contentUrl":"https:\/\/sanlucar.com\/wp-content\/uploads\/2022\/06\/FitandSlim_Header.jpg","width":1600,"height":900},{"@type":"BreadcrumbList","@id":"https:\/\/sanlucar.com\/es\/consejos-e-ideas\/consejos-de-nutricion\/en-forma-y-delgado\/#breadcrumb","itemListElement":[{"@type":"ListItem","position":1,"name":"Home","item":"https:\/\/sanlucar.com\/es\/"},{"@type":"ListItem","position":2,"name":"Consejos e ideas","item":"https:\/\/sanlucar.com\/es\/consejos-e-ideas\/"},{"@type":"ListItem","position":3,"name":"Consejos de nutrici\u00f3n","item":"https:\/\/sanlucar.com\/es\/consejos-e-ideas\/consejos-de-nutricion\/"},{"@type":"ListItem","position":4,"name":"Dulces frutas buscan gente que quiera perder peso"}]},{"@type":"WebSite","@id":"https:\/\/sanlucar.com\/#website","url":"https:\/\/sanlucar.com\/","name":"SanLucar","description":"","publisher":{"@id":"https:\/\/sanlucar.com\/#organization"},"potentialAction":[{"@type":"SearchAction","target":{"@type":"EntryPoint","urlTemplate":"https:\/\/sanlucar.com\/?s={search_term_string}"},"query-input":{"@type":"PropertyValueSpecification","valueRequired":true,"valueName":"search_term_string"}}],"inLanguage":"es"},{"@type":"Organization","@id":"https:\/\/sanlucar.com\/#organization","name":"SanLucar","url":"https:\/\/sanlucar.com\/","logo":{"@type":"ImageObject","inLanguage":"es","@id":"https:\/\/sanlucar.com\/#\/schema\/logo\/image\/","url":"https:\/\/sanlucar.com\/wp-content\/uploads\/2023\/01\/sanlucar-logo-onwhite.png","contentUrl":"https:\/\/sanlucar.com\/wp-content\/uploads\/2023\/01\/sanlucar-logo-onwhite.png","width":800,"height":800,"caption":"SanLucar"},"image":{"@id":"https:\/\/sanlucar.com\/#\/schema\/logo\/image\/"},"sameAs":["https:\/\/www.facebook.com\/sanlucarfruit","https:\/\/www.instagram.com\/sanlucarfruit\/","https:\/\/www.youtube.com\/user\/SanLucar2009","https:\/\/www.linkedin.com\/company\/sanlucar\/"]}]}},"_links":{"self":[{"href":"https:\/\/sanlucar.com\/es\/wp-json\/wp\/v2\/pages\/15774","targetHints":{"allow":["GET"]}}],"collection":[{"href":"https:\/\/sanlucar.com\/es\/wp-json\/wp\/v2\/pages"}],"about":[{"href":"https:\/\/sanlucar.com\/es\/wp-json\/wp\/v2\/types\/page"}],"author":[{"embeddable":true,"href":"https:\/\/sanlucar.com\/es\/wp-json\/wp\/v2\/users\/12"}],"replies":[{"embeddable":true,"href":"https:\/\/sanlucar.com\/es\/wp-json\/wp\/v2\/comments?post=15774"}],"version-history":[{"count":2,"href":"https:\/\/sanlucar.com\/es\/wp-json\/wp\/v2\/pages\/15774\/revisions"}],"predecessor-version":[{"id":15784,"href":"https:\/\/sanlucar.com\/es\/wp-json\/wp\/v2\/pages\/15774\/revisions\/15784"}],"up":[{"embeddable":true,"href":"https:\/\/sanlucar.com\/es\/wp-json\/wp\/v2\/pages\/15789"}],"wp:featuredmedia":[{"embeddable":true,"href":"https:\/\/sanlucar.com\/es\/wp-json\/wp\/v2\/media\/11411"}],"wp:attachment":[{"href":"https:\/\/sanlucar.com\/es\/wp-json\/wp\/v2\/media?parent=15774"}],"curies":[{"name":"wp","href":"https:\/\/api.w.org\/{rel}","templated":true}]}}