
{"id":15789,"date":"2023-08-01T14:18:20","date_gmt":"2023-08-01T12:18:20","guid":{"rendered":"https:\/\/sanlucar.dev.resonanz-digital.at\/?page_id=15789"},"modified":"2023-08-01T14:18:20","modified_gmt":"2023-08-01T12:18:20","slug":"consejos-de-nutricion","status":"publish","type":"page","link":"https:\/\/sanlucar.com\/es\/consejos-e-ideas\/consejos-de-nutricion\/","title":{"rendered":"Consejos de nutrici\u00f3n"},"content":{"rendered":"<p>\u00bfLos pl\u00e1tanos fortalecen? \u00bfQu\u00e9 les sabe bien a los ni\u00f1os? \u00bfY qu\u00e9 necesitan los atletas para su entrenamiento? Aqu\u00ed tienes consejos de nutrici\u00f3n que pueden gustar a todos.<\/p>\n","protected":false},"excerpt":{"rendered":"<p>Lorem ipsum dolor sit amet, consetetur sadipscing elitr, sed diam nonumy eirmod tempor invidunt ut labore et dolore magna aliquyam.<\/p>\n","protected":false},"author":12,"featured_media":13544,"parent":15688,"menu_order":0,"comment_status":"closed","ping_status":"closed","template":"templates\/blog-category-template.php","meta":{"_acf_changed":false,"footnotes":""},"class_list":["post-15789","page","type-page","status-publish","has-post-thumbnail","hentry"],"acf":[],"yoast_head":"<!-- This site is optimized with the Yoast SEO plugin v27.0 - https:\/\/yoast.com\/product\/yoast-seo-wordpress\/ -->\n<title>Consejos de nutrici\u00f3n | SanLucar<\/title>\n<meta name=\"robots\" content=\"index, follow, max-snippet:-1, max-image-preview:large, max-video-preview:-1\" \/>\n<link rel=\"canonical\" href=\"https:\/\/sanlucar.com\/es\/consejos-e-ideas\/consejos-de-nutricion\/\" \/>\n<meta property=\"og:locale\" content=\"es_ES\" \/>\n<meta property=\"og:type\" content=\"article\" \/>\n<meta property=\"og:title\" content=\"Consejos de nutrici\u00f3n | SanLucar\" \/>\n<meta property=\"og:description\" content=\"Lorem ipsum dolor sit amet, consetetur sadipscing elitr, sed diam nonumy eirmod tempor invidunt ut labore et dolore magna aliquyam.\" \/>\n<meta property=\"og:url\" content=\"https:\/\/sanlucar.com\/es\/consejos-e-ideas\/consejos-de-nutricion\/\" \/>\n<meta property=\"og:site_name\" content=\"SanLucar\" \/>\n<meta property=\"article:publisher\" content=\"https:\/\/www.facebook.com\/sanlucarfruit\" \/>\n<meta property=\"og:image\" content=\"https:\/\/sanlucar.com\/wp-content\/uploads\/2023\/01\/Tipps-und-Ideen_Ernaehrungstipps_header.jpg\" \/>\n\t<meta property=\"og:image:width\" content=\"2400\" \/>\n\t<meta property=\"og:image:height\" content=\"1600\" \/>\n\t<meta property=\"og:image:type\" content=\"image\/jpeg\" \/>\n<meta name=\"twitter:card\" content=\"summary_large_image\" \/>\n<meta name=\"twitter:label1\" content=\"Tiempo de lectura\" \/>\n\t<meta name=\"twitter:data1\" content=\"1 minuto\" \/>\n<script type=\"application\/ld+json\" class=\"yoast-schema-graph\">{\"@context\":\"https:\/\/schema.org\",\"@graph\":[{\"@type\":\"WebPage\",\"@id\":\"https:\/\/sanlucar.com\/es\/consejos-e-ideas\/consejos-de-nutricion\/\",\"url\":\"https:\/\/sanlucar.com\/es\/consejos-e-ideas\/consejos-de-nutricion\/\",\"name\":\"Consejos de nutrici\u00f3n | SanLucar\",\"isPartOf\":{\"@id\":\"https:\/\/sanlucar.com\/#website\"},\"primaryImageOfPage\":{\"@id\":\"https:\/\/sanlucar.com\/es\/consejos-e-ideas\/consejos-de-nutricion\/#primaryimage\"},\"image\":{\"@id\":\"https:\/\/sanlucar.com\/es\/consejos-e-ideas\/consejos-de-nutricion\/#primaryimage\"},\"thumbnailUrl\":\"https:\/\/sanlucar.com\/wp-content\/uploads\/2023\/01\/Tipps-und-Ideen_Ernaehrungstipps_header.jpg\",\"datePublished\":\"2023-08-01T12:18:20+00:00\",\"breadcrumb\":{\"@id\":\"https:\/\/sanlucar.com\/es\/consejos-e-ideas\/consejos-de-nutricion\/#breadcrumb\"},\"inLanguage\":\"es\",\"potentialAction\":[{\"@type\":\"ReadAction\",\"target\":[\"https:\/\/sanlucar.com\/es\/consejos-e-ideas\/consejos-de-nutricion\/\"]}]},{\"@type\":\"ImageObject\",\"inLanguage\":\"es\",\"@id\":\"https:\/\/sanlucar.com\/es\/consejos-e-ideas\/consejos-de-nutricion\/#primaryimage\",\"url\":\"https:\/\/sanlucar.com\/wp-content\/uploads\/2023\/01\/Tipps-und-Ideen_Ernaehrungstipps_header.jpg\",\"contentUrl\":\"https:\/\/sanlucar.com\/wp-content\/uploads\/2023\/01\/Tipps-und-Ideen_Ernaehrungstipps_header.jpg\",\"width\":2400,\"height\":1600},{\"@type\":\"BreadcrumbList\",\"@id\":\"https:\/\/sanlucar.com\/es\/consejos-e-ideas\/consejos-de-nutricion\/#breadcrumb\",\"itemListElement\":[{\"@type\":\"ListItem\",\"position\":1,\"name\":\"Home\",\"item\":\"https:\/\/sanlucar.com\/es\/\"},{\"@type\":\"ListItem\",\"position\":2,\"name\":\"Consejos de nutrici\u00f3n\"}]},{\"@type\":\"WebSite\",\"@id\":\"https:\/\/sanlucar.com\/#website\",\"url\":\"https:\/\/sanlucar.com\/\",\"name\":\"SanLucar\",\"description\":\"\",\"publisher\":{\"@id\":\"https:\/\/sanlucar.com\/#organization\"},\"potentialAction\":[{\"@type\":\"SearchAction\",\"target\":{\"@type\":\"EntryPoint\",\"urlTemplate\":\"https:\/\/sanlucar.com\/?s={search_term_string}\"},\"query-input\":{\"@type\":\"PropertyValueSpecification\",\"valueRequired\":true,\"valueName\":\"search_term_string\"}}],\"inLanguage\":\"es\"},{\"@type\":\"Organization\",\"@id\":\"https:\/\/sanlucar.com\/#organization\",\"name\":\"SanLucar\",\"url\":\"https:\/\/sanlucar.com\/\",\"logo\":{\"@type\":\"ImageObject\",\"inLanguage\":\"es\",\"@id\":\"https:\/\/sanlucar.com\/#\/schema\/logo\/image\/\",\"url\":\"https:\/\/sanlucar.com\/wp-content\/uploads\/2023\/01\/sanlucar-logo-onwhite.png\",\"contentUrl\":\"https:\/\/sanlucar.com\/wp-content\/uploads\/2023\/01\/sanlucar-logo-onwhite.png\",\"width\":800,\"height\":800,\"caption\":\"SanLucar\"},\"image\":{\"@id\":\"https:\/\/sanlucar.com\/#\/schema\/logo\/image\/\"},\"sameAs\":[\"https:\/\/www.facebook.com\/sanlucarfruit\",\"https:\/\/www.instagram.com\/sanlucarfruit\/\",\"https:\/\/www.youtube.com\/user\/SanLucar2009\",\"https:\/\/www.linkedin.com\/company\/sanlucar\/\"]}]}<\/script>\n<!-- \/ Yoast SEO plugin. -->","yoast_head_json":{"title":"Consejos de nutrici\u00f3n | SanLucar","robots":{"index":"index","follow":"follow","max-snippet":"max-snippet:-1","max-image-preview":"max-image-preview:large","max-video-preview":"max-video-preview:-1"},"canonical":"https:\/\/sanlucar.com\/es\/consejos-e-ideas\/consejos-de-nutricion\/","og_locale":"es_ES","og_type":"article","og_title":"Consejos de nutrici\u00f3n | SanLucar","og_description":"Lorem ipsum dolor sit amet, consetetur sadipscing elitr, sed diam nonumy eirmod tempor invidunt ut labore et dolore magna aliquyam.","og_url":"https:\/\/sanlucar.com\/es\/consejos-e-ideas\/consejos-de-nutricion\/","og_site_name":"SanLucar","article_publisher":"https:\/\/www.facebook.com\/sanlucarfruit","og_image":[{"width":2400,"height":1600,"url":"https:\/\/sanlucar.com\/wp-content\/uploads\/2023\/01\/Tipps-und-Ideen_Ernaehrungstipps_header.jpg","type":"image\/jpeg"}],"twitter_card":"summary_large_image","twitter_misc":{"Tiempo de lectura":"1 minuto"},"schema":{"@context":"https:\/\/schema.org","@graph":[{"@type":"WebPage","@id":"https:\/\/sanlucar.com\/es\/consejos-e-ideas\/consejos-de-nutricion\/","url":"https:\/\/sanlucar.com\/es\/consejos-e-ideas\/consejos-de-nutricion\/","name":"Consejos de nutrici\u00f3n | SanLucar","isPartOf":{"@id":"https:\/\/sanlucar.com\/#website"},"primaryImageOfPage":{"@id":"https:\/\/sanlucar.com\/es\/consejos-e-ideas\/consejos-de-nutricion\/#primaryimage"},"image":{"@id":"https:\/\/sanlucar.com\/es\/consejos-e-ideas\/consejos-de-nutricion\/#primaryimage"},"thumbnailUrl":"https:\/\/sanlucar.com\/wp-content\/uploads\/2023\/01\/Tipps-und-Ideen_Ernaehrungstipps_header.jpg","datePublished":"2023-08-01T12:18:20+00:00","breadcrumb":{"@id":"https:\/\/sanlucar.com\/es\/consejos-e-ideas\/consejos-de-nutricion\/#breadcrumb"},"inLanguage":"es","potentialAction":[{"@type":"ReadAction","target":["https:\/\/sanlucar.com\/es\/consejos-e-ideas\/consejos-de-nutricion\/"]}]},{"@type":"ImageObject","inLanguage":"es","@id":"https:\/\/sanlucar.com\/es\/consejos-e-ideas\/consejos-de-nutricion\/#primaryimage","url":"https:\/\/sanlucar.com\/wp-content\/uploads\/2023\/01\/Tipps-und-Ideen_Ernaehrungstipps_header.jpg","contentUrl":"https:\/\/sanlucar.com\/wp-content\/uploads\/2023\/01\/Tipps-und-Ideen_Ernaehrungstipps_header.jpg","width":2400,"height":1600},{"@type":"BreadcrumbList","@id":"https:\/\/sanlucar.com\/es\/consejos-e-ideas\/consejos-de-nutricion\/#breadcrumb","itemListElement":[{"@type":"ListItem","position":1,"name":"Home","item":"https:\/\/sanlucar.com\/es\/"},{"@type":"ListItem","position":2,"name":"Consejos de nutrici\u00f3n"}]},{"@type":"WebSite","@id":"https:\/\/sanlucar.com\/#website","url":"https:\/\/sanlucar.com\/","name":"SanLucar","description":"","publisher":{"@id":"https:\/\/sanlucar.com\/#organization"},"potentialAction":[{"@type":"SearchAction","target":{"@type":"EntryPoint","urlTemplate":"https:\/\/sanlucar.com\/?s={search_term_string}"},"query-input":{"@type":"PropertyValueSpecification","valueRequired":true,"valueName":"search_term_string"}}],"inLanguage":"es"},{"@type":"Organization","@id":"https:\/\/sanlucar.com\/#organization","name":"SanLucar","url":"https:\/\/sanlucar.com\/","logo":{"@type":"ImageObject","inLanguage":"es","@id":"https:\/\/sanlucar.com\/#\/schema\/logo\/image\/","url":"https:\/\/sanlucar.com\/wp-content\/uploads\/2023\/01\/sanlucar-logo-onwhite.png","contentUrl":"https:\/\/sanlucar.com\/wp-content\/uploads\/2023\/01\/sanlucar-logo-onwhite.png","width":800,"height":800,"caption":"SanLucar"},"image":{"@id":"https:\/\/sanlucar.com\/#\/schema\/logo\/image\/"},"sameAs":["https:\/\/www.facebook.com\/sanlucarfruit","https:\/\/www.instagram.com\/sanlucarfruit\/","https:\/\/www.youtube.com\/user\/SanLucar2009","https:\/\/www.linkedin.com\/company\/sanlucar\/"]}]}},"_links":{"self":[{"href":"https:\/\/sanlucar.com\/es\/wp-json\/wp\/v2\/pages\/15789","targetHints":{"allow":["GET"]}}],"collection":[{"href":"https:\/\/sanlucar.com\/es\/wp-json\/wp\/v2\/pages"}],"about":[{"href":"https:\/\/sanlucar.com\/es\/wp-json\/wp\/v2\/types\/page"}],"author":[{"embeddable":true,"href":"https:\/\/sanlucar.com\/es\/wp-json\/wp\/v2\/users\/12"}],"replies":[{"embeddable":true,"href":"https:\/\/sanlucar.com\/es\/wp-json\/wp\/v2\/comments?post=15789"}],"version-history":[{"count":2,"href":"https:\/\/sanlucar.com\/es\/wp-json\/wp\/v2\/pages\/15789\/revisions"}],"predecessor-version":[{"id":15791,"href":"https:\/\/sanlucar.com\/es\/wp-json\/wp\/v2\/pages\/15789\/revisions\/15791"}],"up":[{"embeddable":true,"href":"https:\/\/sanlucar.com\/es\/wp-json\/wp\/v2\/pages\/15688"}],"wp:featuredmedia":[{"embeddable":true,"href":"https:\/\/sanlucar.com\/es\/wp-json\/wp\/v2\/media\/13544"}],"wp:attachment":[{"href":"https:\/\/sanlucar.com\/es\/wp-json\/wp\/v2\/media?parent=15789"}],"curies":[{"name":"wp","href":"https:\/\/api.w.org\/{rel}","templated":true}]}}