
{"id":15806,"date":"2023-08-01T15:35:56","date_gmt":"2023-08-01T13:35:56","guid":{"rendered":"https:\/\/sanlucar.dev.resonanz-digital.at\/?page_id=15806"},"modified":"2023-08-01T15:35:56","modified_gmt":"2023-08-01T13:35:56","slug":"nino-y-cono","status":"publish","type":"page","link":"https:\/\/sanlucar.com\/es\/consejos-e-ideas\/consejos-de-nutricion\/nino-y-cono\/","title":{"rendered":"Por amor a los brotes tiernos"},"content":{"rendered":"<p>\u00bfLo que m\u00e1s te importa es que los reto\u00f1os est\u00e9n sanos? A nosotros tambi\u00e9n. \u00bfPero cu\u00e1nta fruta y verdura tienen que comer? \u00bfY c\u00f3mo hacemos para que aprecien su delicioso sabor? Aqu\u00ed os ofrecemos propuestas inspiradoras, informaci\u00f3n interesante y recetas que encantar\u00e1n a los m\u00e1s peque\u00f1os.<\/p>\n","protected":false},"excerpt":{"rendered":"<p>\u00bfLo que m\u00e1s te importa es que los reto\u00f1os est\u00e9n sanos? A nosotros tambi\u00e9n. \u00bfPero cu\u00e1nta fruta y verdura tienen que comer? \u00bfY c\u00f3mo hacemos para que aprecien su delicioso sabor? Aqu\u00ed os ofrecemos propuestas inspiradoras, informaci\u00f3n interesante y recetas que encantar\u00e1n a los m\u00e1s peque\u00f1os.<\/p>\n","protected":false},"author":12,"featured_media":13552,"parent":15789,"menu_order":0,"comment_status":"closed","ping_status":"closed","template":"templates\/blog-category-template.php","meta":{"_acf_changed":false,"footnotes":""},"class_list":["post-15806","page","type-page","status-publish","has-post-thumbnail","hentry"],"acf":[],"yoast_head":"<!-- This site is optimized with the Yoast SEO plugin v27.0 - https:\/\/yoast.com\/product\/yoast-seo-wordpress\/ -->\n<title>Por amor a los brotes tiernos | SanLucar<\/title>\n<meta name=\"robots\" content=\"index, follow, max-snippet:-1, max-image-preview:large, max-video-preview:-1\" \/>\n<link rel=\"canonical\" href=\"https:\/\/sanlucar.com\/es\/consejos-e-ideas\/consejos-de-nutricion\/nino-y-cono\/\" \/>\n<meta property=\"og:locale\" content=\"es_ES\" \/>\n<meta property=\"og:type\" content=\"article\" \/>\n<meta property=\"og:title\" content=\"Por amor a los brotes tiernos | SanLucar\" \/>\n<meta property=\"og:description\" content=\"\u00bfLo que m\u00e1s te importa es que los reto\u00f1os est\u00e9n sanos? A nosotros tambi\u00e9n. \u00bfPero cu\u00e1nta fruta y verdura tienen que comer? \u00bfY c\u00f3mo hacemos para que aprecien su delicioso sabor? Aqu\u00ed os ofrecemos propuestas inspiradoras, informaci\u00f3n interesante y recetas que encantar\u00e1n a los m\u00e1s peque\u00f1os.\" \/>\n<meta property=\"og:url\" content=\"https:\/\/sanlucar.com\/es\/consejos-e-ideas\/consejos-de-nutricion\/nino-y-cono\/\" \/>\n<meta property=\"og:site_name\" content=\"SanLucar\" \/>\n<meta property=\"article:publisher\" content=\"https:\/\/www.facebook.com\/sanlucarfruit\" \/>\n<meta property=\"og:image\" content=\"https:\/\/sanlucar.com\/wp-content\/uploads\/2023\/01\/Tipps-und-Ideen_Ernaehrungstipps_Kind-und-Kegel_header-1030x687.jpg\" \/>\n\t<meta property=\"og:image:width\" content=\"1030\" \/>\n\t<meta property=\"og:image:height\" content=\"687\" \/>\n\t<meta property=\"og:image:type\" content=\"image\/jpeg\" \/>\n<meta name=\"twitter:card\" content=\"summary_large_image\" \/>\n<meta name=\"twitter:label1\" content=\"Tiempo de lectura\" \/>\n\t<meta name=\"twitter:data1\" content=\"1 minuto\" \/>\n<script type=\"application\/ld+json\" class=\"yoast-schema-graph\">{\"@context\":\"https:\/\/schema.org\",\"@graph\":[{\"@type\":\"WebPage\",\"@id\":\"https:\/\/sanlucar.com\/es\/consejos-e-ideas\/consejos-de-nutricion\/nino-y-cono\/\",\"url\":\"https:\/\/sanlucar.com\/es\/consejos-e-ideas\/consejos-de-nutricion\/nino-y-cono\/\",\"name\":\"Por amor a los brotes tiernos | SanLucar\",\"isPartOf\":{\"@id\":\"https:\/\/sanlucar.com\/#website\"},\"primaryImageOfPage\":{\"@id\":\"https:\/\/sanlucar.com\/es\/consejos-e-ideas\/consejos-de-nutricion\/nino-y-cono\/#primaryimage\"},\"image\":{\"@id\":\"https:\/\/sanlucar.com\/es\/consejos-e-ideas\/consejos-de-nutricion\/nino-y-cono\/#primaryimage\"},\"thumbnailUrl\":\"https:\/\/sanlucar.com\/wp-content\/uploads\/2023\/01\/Tipps-und-Ideen_Ernaehrungstipps_Kind-und-Kegel_header.jpg\",\"datePublished\":\"2023-08-01T13:35:56+00:00\",\"breadcrumb\":{\"@id\":\"https:\/\/sanlucar.com\/es\/consejos-e-ideas\/consejos-de-nutricion\/nino-y-cono\/#breadcrumb\"},\"inLanguage\":\"es\",\"potentialAction\":[{\"@type\":\"ReadAction\",\"target\":[\"https:\/\/sanlucar.com\/es\/consejos-e-ideas\/consejos-de-nutricion\/nino-y-cono\/\"]}]},{\"@type\":\"ImageObject\",\"inLanguage\":\"es\",\"@id\":\"https:\/\/sanlucar.com\/es\/consejos-e-ideas\/consejos-de-nutricion\/nino-y-cono\/#primaryimage\",\"url\":\"https:\/\/sanlucar.com\/wp-content\/uploads\/2023\/01\/Tipps-und-Ideen_Ernaehrungstipps_Kind-und-Kegel_header.jpg\",\"contentUrl\":\"https:\/\/sanlucar.com\/wp-content\/uploads\/2023\/01\/Tipps-und-Ideen_Ernaehrungstipps_Kind-und-Kegel_header.jpg\",\"width\":2400,\"height\":1600},{\"@type\":\"BreadcrumbList\",\"@id\":\"https:\/\/sanlucar.com\/es\/consejos-e-ideas\/consejos-de-nutricion\/nino-y-cono\/#breadcrumb\",\"itemListElement\":[{\"@type\":\"ListItem\",\"position\":1,\"name\":\"Home\",\"item\":\"https:\/\/sanlucar.com\/es\/\"},{\"@type\":\"ListItem\",\"position\":2,\"name\":\"Por amor a los brotes tiernos\"}]},{\"@type\":\"WebSite\",\"@id\":\"https:\/\/sanlucar.com\/#website\",\"url\":\"https:\/\/sanlucar.com\/\",\"name\":\"SanLucar\",\"description\":\"\",\"publisher\":{\"@id\":\"https:\/\/sanlucar.com\/#organization\"},\"potentialAction\":[{\"@type\":\"SearchAction\",\"target\":{\"@type\":\"EntryPoint\",\"urlTemplate\":\"https:\/\/sanlucar.com\/?s={search_term_string}\"},\"query-input\":{\"@type\":\"PropertyValueSpecification\",\"valueRequired\":true,\"valueName\":\"search_term_string\"}}],\"inLanguage\":\"es\"},{\"@type\":\"Organization\",\"@id\":\"https:\/\/sanlucar.com\/#organization\",\"name\":\"SanLucar\",\"url\":\"https:\/\/sanlucar.com\/\",\"logo\":{\"@type\":\"ImageObject\",\"inLanguage\":\"es\",\"@id\":\"https:\/\/sanlucar.com\/#\/schema\/logo\/image\/\",\"url\":\"https:\/\/sanlucar.com\/wp-content\/uploads\/2023\/01\/sanlucar-logo-onwhite.png\",\"contentUrl\":\"https:\/\/sanlucar.com\/wp-content\/uploads\/2023\/01\/sanlucar-logo-onwhite.png\",\"width\":800,\"height\":800,\"caption\":\"SanLucar\"},\"image\":{\"@id\":\"https:\/\/sanlucar.com\/#\/schema\/logo\/image\/\"},\"sameAs\":[\"https:\/\/www.facebook.com\/sanlucarfruit\",\"https:\/\/www.instagram.com\/sanlucarfruit\/\",\"https:\/\/www.youtube.com\/user\/SanLucar2009\",\"https:\/\/www.linkedin.com\/company\/sanlucar\/\"]}]}<\/script>\n<!-- \/ Yoast SEO plugin. -->","yoast_head_json":{"title":"Por amor a los brotes tiernos | SanLucar","robots":{"index":"index","follow":"follow","max-snippet":"max-snippet:-1","max-image-preview":"max-image-preview:large","max-video-preview":"max-video-preview:-1"},"canonical":"https:\/\/sanlucar.com\/es\/consejos-e-ideas\/consejos-de-nutricion\/nino-y-cono\/","og_locale":"es_ES","og_type":"article","og_title":"Por amor a los brotes tiernos | SanLucar","og_description":"\u00bfLo que m\u00e1s te importa es que los reto\u00f1os est\u00e9n sanos? A nosotros tambi\u00e9n. \u00bfPero cu\u00e1nta fruta y verdura tienen que comer? \u00bfY c\u00f3mo hacemos para que aprecien su delicioso sabor? Aqu\u00ed os ofrecemos propuestas inspiradoras, informaci\u00f3n interesante y recetas que encantar\u00e1n a los m\u00e1s peque\u00f1os.","og_url":"https:\/\/sanlucar.com\/es\/consejos-e-ideas\/consejos-de-nutricion\/nino-y-cono\/","og_site_name":"SanLucar","article_publisher":"https:\/\/www.facebook.com\/sanlucarfruit","og_image":[{"width":1030,"height":687,"url":"https:\/\/sanlucar.com\/wp-content\/uploads\/2023\/01\/Tipps-und-Ideen_Ernaehrungstipps_Kind-und-Kegel_header-1030x687.jpg","type":"image\/jpeg"}],"twitter_card":"summary_large_image","twitter_misc":{"Tiempo de lectura":"1 minuto"},"schema":{"@context":"https:\/\/schema.org","@graph":[{"@type":"WebPage","@id":"https:\/\/sanlucar.com\/es\/consejos-e-ideas\/consejos-de-nutricion\/nino-y-cono\/","url":"https:\/\/sanlucar.com\/es\/consejos-e-ideas\/consejos-de-nutricion\/nino-y-cono\/","name":"Por amor a los brotes tiernos | SanLucar","isPartOf":{"@id":"https:\/\/sanlucar.com\/#website"},"primaryImageOfPage":{"@id":"https:\/\/sanlucar.com\/es\/consejos-e-ideas\/consejos-de-nutricion\/nino-y-cono\/#primaryimage"},"image":{"@id":"https:\/\/sanlucar.com\/es\/consejos-e-ideas\/consejos-de-nutricion\/nino-y-cono\/#primaryimage"},"thumbnailUrl":"https:\/\/sanlucar.com\/wp-content\/uploads\/2023\/01\/Tipps-und-Ideen_Ernaehrungstipps_Kind-und-Kegel_header.jpg","datePublished":"2023-08-01T13:35:56+00:00","breadcrumb":{"@id":"https:\/\/sanlucar.com\/es\/consejos-e-ideas\/consejos-de-nutricion\/nino-y-cono\/#breadcrumb"},"inLanguage":"es","potentialAction":[{"@type":"ReadAction","target":["https:\/\/sanlucar.com\/es\/consejos-e-ideas\/consejos-de-nutricion\/nino-y-cono\/"]}]},{"@type":"ImageObject","inLanguage":"es","@id":"https:\/\/sanlucar.com\/es\/consejos-e-ideas\/consejos-de-nutricion\/nino-y-cono\/#primaryimage","url":"https:\/\/sanlucar.com\/wp-content\/uploads\/2023\/01\/Tipps-und-Ideen_Ernaehrungstipps_Kind-und-Kegel_header.jpg","contentUrl":"https:\/\/sanlucar.com\/wp-content\/uploads\/2023\/01\/Tipps-und-Ideen_Ernaehrungstipps_Kind-und-Kegel_header.jpg","width":2400,"height":1600},{"@type":"BreadcrumbList","@id":"https:\/\/sanlucar.com\/es\/consejos-e-ideas\/consejos-de-nutricion\/nino-y-cono\/#breadcrumb","itemListElement":[{"@type":"ListItem","position":1,"name":"Home","item":"https:\/\/sanlucar.com\/es\/"},{"@type":"ListItem","position":2,"name":"Por amor a los brotes tiernos"}]},{"@type":"WebSite","@id":"https:\/\/sanlucar.com\/#website","url":"https:\/\/sanlucar.com\/","name":"SanLucar","description":"","publisher":{"@id":"https:\/\/sanlucar.com\/#organization"},"potentialAction":[{"@type":"SearchAction","target":{"@type":"EntryPoint","urlTemplate":"https:\/\/sanlucar.com\/?s={search_term_string}"},"query-input":{"@type":"PropertyValueSpecification","valueRequired":true,"valueName":"search_term_string"}}],"inLanguage":"es"},{"@type":"Organization","@id":"https:\/\/sanlucar.com\/#organization","name":"SanLucar","url":"https:\/\/sanlucar.com\/","logo":{"@type":"ImageObject","inLanguage":"es","@id":"https:\/\/sanlucar.com\/#\/schema\/logo\/image\/","url":"https:\/\/sanlucar.com\/wp-content\/uploads\/2023\/01\/sanlucar-logo-onwhite.png","contentUrl":"https:\/\/sanlucar.com\/wp-content\/uploads\/2023\/01\/sanlucar-logo-onwhite.png","width":800,"height":800,"caption":"SanLucar"},"image":{"@id":"https:\/\/sanlucar.com\/#\/schema\/logo\/image\/"},"sameAs":["https:\/\/www.facebook.com\/sanlucarfruit","https:\/\/www.instagram.com\/sanlucarfruit\/","https:\/\/www.youtube.com\/user\/SanLucar2009","https:\/\/www.linkedin.com\/company\/sanlucar\/"]}]}},"_links":{"self":[{"href":"https:\/\/sanlucar.com\/es\/wp-json\/wp\/v2\/pages\/15806","targetHints":{"allow":["GET"]}}],"collection":[{"href":"https:\/\/sanlucar.com\/es\/wp-json\/wp\/v2\/pages"}],"about":[{"href":"https:\/\/sanlucar.com\/es\/wp-json\/wp\/v2\/types\/page"}],"author":[{"embeddable":true,"href":"https:\/\/sanlucar.com\/es\/wp-json\/wp\/v2\/users\/12"}],"replies":[{"embeddable":true,"href":"https:\/\/sanlucar.com\/es\/wp-json\/wp\/v2\/comments?post=15806"}],"version-history":[{"count":2,"href":"https:\/\/sanlucar.com\/es\/wp-json\/wp\/v2\/pages\/15806\/revisions"}],"predecessor-version":[{"id":15810,"href":"https:\/\/sanlucar.com\/es\/wp-json\/wp\/v2\/pages\/15806\/revisions\/15810"}],"up":[{"embeddable":true,"href":"https:\/\/sanlucar.com\/es\/wp-json\/wp\/v2\/pages\/15789"}],"wp:featuredmedia":[{"embeddable":true,"href":"https:\/\/sanlucar.com\/es\/wp-json\/wp\/v2\/media\/13552"}],"wp:attachment":[{"href":"https:\/\/sanlucar.com\/es\/wp-json\/wp\/v2\/media?parent=15806"}],"curies":[{"name":"wp","href":"https:\/\/api.w.org\/{rel}","templated":true}]}}