
{"id":15811,"date":"2023-08-01T15:40:29","date_gmt":"2023-08-01T13:40:29","guid":{"rendered":"https:\/\/sanlucar.dev.resonanz-digital.at\/?page_id=15811"},"modified":"2023-08-01T15:40:29","modified_gmt":"2023-08-01T13:40:29","slug":"consejos-y-tendencias","status":"publish","type":"page","link":"https:\/\/sanlucar.com\/es\/consejos-e-ideas\/consejos-de-nutricion\/consejos-y-tendencias\/","title":{"rendered":"Informaci\u00f3n reci\u00e9n recolectada"},"content":{"rendered":"<p>Afrontar el oto\u00f1o con casta\u00f1as, elaborar una ensalada como si fuera un m\u00e1ndala, descubrir que el aguacate es un delicioso superalimento, comer fresas de gran calidad seg\u00fan Greenpeace\u2026 nos hemos dado un garbeo por un enorme huerto de fruct\u00edferas noticias y os hemos preparado una colorida cesta.<\/p>\n","protected":false},"excerpt":{"rendered":"<p>Afrontar el oto\u00f1o con casta\u00f1as, elaborar una ensalada como si fuera un m\u00e1ndala, descubrir que el aguacate es un delicioso superalimento, comer fresas de gran calidad seg\u00fan Greenpeace\u2026 nos hemos dado un garbeo por un enorme huerto de fruct\u00edferas noticias y os hemos preparado una colorida cesta.<\/p>\n","protected":false},"author":12,"featured_media":13554,"parent":15789,"menu_order":0,"comment_status":"closed","ping_status":"closed","template":"templates\/blog-category-template.php","meta":{"_acf_changed":false,"footnotes":""},"class_list":["post-15811","page","type-page","status-publish","has-post-thumbnail","hentry"],"acf":[],"yoast_head":"<!-- This site is optimized with the Yoast SEO plugin v27.0 - https:\/\/yoast.com\/product\/yoast-seo-wordpress\/ -->\n<title>Informaci\u00f3n reci\u00e9n recolectada | SanLucar<\/title>\n<meta name=\"robots\" content=\"index, follow, max-snippet:-1, max-image-preview:large, max-video-preview:-1\" \/>\n<link rel=\"canonical\" href=\"https:\/\/sanlucar.com\/es\/consejos-e-ideas\/consejos-de-nutricion\/consejos-y-tendencias\/\" \/>\n<meta property=\"og:locale\" content=\"es_ES\" \/>\n<meta property=\"og:type\" content=\"article\" \/>\n<meta property=\"og:title\" content=\"Informaci\u00f3n reci\u00e9n recolectada | SanLucar\" \/>\n<meta property=\"og:description\" content=\"Afrontar el oto\u00f1o con casta\u00f1as, elaborar una ensalada como si fuera un m\u00e1ndala, descubrir que el aguacate es un delicioso superalimento, comer fresas de gran calidad seg\u00fan Greenpeace\u2026 nos hemos dado un garbeo por un enorme huerto de fruct\u00edferas noticias y os hemos preparado una colorida cesta.\" \/>\n<meta property=\"og:url\" content=\"https:\/\/sanlucar.com\/es\/consejos-e-ideas\/consejos-de-nutricion\/consejos-y-tendencias\/\" \/>\n<meta property=\"og:site_name\" content=\"SanLucar\" \/>\n<meta property=\"article:publisher\" content=\"https:\/\/www.facebook.com\/sanlucarfruit\" \/>\n<meta property=\"og:image\" content=\"https:\/\/sanlucar.com\/wp-content\/uploads\/2023\/01\/Tipps-und-Ideen_Ernaehrungstipps_Tipps-und-Trends-1030x687.jpg\" \/>\n\t<meta property=\"og:image:width\" content=\"1030\" \/>\n\t<meta property=\"og:image:height\" content=\"687\" \/>\n\t<meta property=\"og:image:type\" content=\"image\/jpeg\" \/>\n<meta name=\"twitter:card\" content=\"summary_large_image\" \/>\n<meta name=\"twitter:label1\" content=\"Tiempo de lectura\" \/>\n\t<meta name=\"twitter:data1\" content=\"1 minuto\" \/>\n<script type=\"application\/ld+json\" class=\"yoast-schema-graph\">{\"@context\":\"https:\/\/schema.org\",\"@graph\":[{\"@type\":\"WebPage\",\"@id\":\"https:\/\/sanlucar.com\/es\/consejos-e-ideas\/consejos-de-nutricion\/consejos-y-tendencias\/\",\"url\":\"https:\/\/sanlucar.com\/es\/consejos-e-ideas\/consejos-de-nutricion\/consejos-y-tendencias\/\",\"name\":\"Informaci\u00f3n reci\u00e9n recolectada | SanLucar\",\"isPartOf\":{\"@id\":\"https:\/\/sanlucar.com\/#website\"},\"primaryImageOfPage\":{\"@id\":\"https:\/\/sanlucar.com\/es\/consejos-e-ideas\/consejos-de-nutricion\/consejos-y-tendencias\/#primaryimage\"},\"image\":{\"@id\":\"https:\/\/sanlucar.com\/es\/consejos-e-ideas\/consejos-de-nutricion\/consejos-y-tendencias\/#primaryimage\"},\"thumbnailUrl\":\"https:\/\/sanlucar.com\/wp-content\/uploads\/2023\/01\/Tipps-und-Ideen_Ernaehrungstipps_Tipps-und-Trends.jpg\",\"datePublished\":\"2023-08-01T13:40:29+00:00\",\"breadcrumb\":{\"@id\":\"https:\/\/sanlucar.com\/es\/consejos-e-ideas\/consejos-de-nutricion\/consejos-y-tendencias\/#breadcrumb\"},\"inLanguage\":\"es\",\"potentialAction\":[{\"@type\":\"ReadAction\",\"target\":[\"https:\/\/sanlucar.com\/es\/consejos-e-ideas\/consejos-de-nutricion\/consejos-y-tendencias\/\"]}]},{\"@type\":\"ImageObject\",\"inLanguage\":\"es\",\"@id\":\"https:\/\/sanlucar.com\/es\/consejos-e-ideas\/consejos-de-nutricion\/consejos-y-tendencias\/#primaryimage\",\"url\":\"https:\/\/sanlucar.com\/wp-content\/uploads\/2023\/01\/Tipps-und-Ideen_Ernaehrungstipps_Tipps-und-Trends.jpg\",\"contentUrl\":\"https:\/\/sanlucar.com\/wp-content\/uploads\/2023\/01\/Tipps-und-Ideen_Ernaehrungstipps_Tipps-und-Trends.jpg\",\"width\":2400,\"height\":1600},{\"@type\":\"BreadcrumbList\",\"@id\":\"https:\/\/sanlucar.com\/es\/consejos-e-ideas\/consejos-de-nutricion\/consejos-y-tendencias\/#breadcrumb\",\"itemListElement\":[{\"@type\":\"ListItem\",\"position\":1,\"name\":\"Home\",\"item\":\"https:\/\/sanlucar.com\/es\/\"},{\"@type\":\"ListItem\",\"position\":2,\"name\":\"Informaci\u00f3n reci\u00e9n recolectada\"}]},{\"@type\":\"WebSite\",\"@id\":\"https:\/\/sanlucar.com\/#website\",\"url\":\"https:\/\/sanlucar.com\/\",\"name\":\"SanLucar\",\"description\":\"\",\"publisher\":{\"@id\":\"https:\/\/sanlucar.com\/#organization\"},\"potentialAction\":[{\"@type\":\"SearchAction\",\"target\":{\"@type\":\"EntryPoint\",\"urlTemplate\":\"https:\/\/sanlucar.com\/?s={search_term_string}\"},\"query-input\":{\"@type\":\"PropertyValueSpecification\",\"valueRequired\":true,\"valueName\":\"search_term_string\"}}],\"inLanguage\":\"es\"},{\"@type\":\"Organization\",\"@id\":\"https:\/\/sanlucar.com\/#organization\",\"name\":\"SanLucar\",\"url\":\"https:\/\/sanlucar.com\/\",\"logo\":{\"@type\":\"ImageObject\",\"inLanguage\":\"es\",\"@id\":\"https:\/\/sanlucar.com\/#\/schema\/logo\/image\/\",\"url\":\"https:\/\/sanlucar.com\/wp-content\/uploads\/2023\/01\/sanlucar-logo-onwhite.png\",\"contentUrl\":\"https:\/\/sanlucar.com\/wp-content\/uploads\/2023\/01\/sanlucar-logo-onwhite.png\",\"width\":800,\"height\":800,\"caption\":\"SanLucar\"},\"image\":{\"@id\":\"https:\/\/sanlucar.com\/#\/schema\/logo\/image\/\"},\"sameAs\":[\"https:\/\/www.facebook.com\/sanlucarfruit\",\"https:\/\/www.instagram.com\/sanlucarfruit\/\",\"https:\/\/www.youtube.com\/user\/SanLucar2009\",\"https:\/\/www.linkedin.com\/company\/sanlucar\/\"]}]}<\/script>\n<!-- \/ Yoast SEO plugin. -->","yoast_head_json":{"title":"Informaci\u00f3n reci\u00e9n recolectada | SanLucar","robots":{"index":"index","follow":"follow","max-snippet":"max-snippet:-1","max-image-preview":"max-image-preview:large","max-video-preview":"max-video-preview:-1"},"canonical":"https:\/\/sanlucar.com\/es\/consejos-e-ideas\/consejos-de-nutricion\/consejos-y-tendencias\/","og_locale":"es_ES","og_type":"article","og_title":"Informaci\u00f3n reci\u00e9n recolectada | SanLucar","og_description":"Afrontar el oto\u00f1o con casta\u00f1as, elaborar una ensalada como si fuera un m\u00e1ndala, descubrir que el aguacate es un delicioso superalimento, comer fresas de gran calidad seg\u00fan Greenpeace\u2026 nos hemos dado un garbeo por un enorme huerto de fruct\u00edferas noticias y os hemos preparado una colorida cesta.","og_url":"https:\/\/sanlucar.com\/es\/consejos-e-ideas\/consejos-de-nutricion\/consejos-y-tendencias\/","og_site_name":"SanLucar","article_publisher":"https:\/\/www.facebook.com\/sanlucarfruit","og_image":[{"width":1030,"height":687,"url":"https:\/\/sanlucar.com\/wp-content\/uploads\/2023\/01\/Tipps-und-Ideen_Ernaehrungstipps_Tipps-und-Trends-1030x687.jpg","type":"image\/jpeg"}],"twitter_card":"summary_large_image","twitter_misc":{"Tiempo de lectura":"1 minuto"},"schema":{"@context":"https:\/\/schema.org","@graph":[{"@type":"WebPage","@id":"https:\/\/sanlucar.com\/es\/consejos-e-ideas\/consejos-de-nutricion\/consejos-y-tendencias\/","url":"https:\/\/sanlucar.com\/es\/consejos-e-ideas\/consejos-de-nutricion\/consejos-y-tendencias\/","name":"Informaci\u00f3n reci\u00e9n recolectada | SanLucar","isPartOf":{"@id":"https:\/\/sanlucar.com\/#website"},"primaryImageOfPage":{"@id":"https:\/\/sanlucar.com\/es\/consejos-e-ideas\/consejos-de-nutricion\/consejos-y-tendencias\/#primaryimage"},"image":{"@id":"https:\/\/sanlucar.com\/es\/consejos-e-ideas\/consejos-de-nutricion\/consejos-y-tendencias\/#primaryimage"},"thumbnailUrl":"https:\/\/sanlucar.com\/wp-content\/uploads\/2023\/01\/Tipps-und-Ideen_Ernaehrungstipps_Tipps-und-Trends.jpg","datePublished":"2023-08-01T13:40:29+00:00","breadcrumb":{"@id":"https:\/\/sanlucar.com\/es\/consejos-e-ideas\/consejos-de-nutricion\/consejos-y-tendencias\/#breadcrumb"},"inLanguage":"es","potentialAction":[{"@type":"ReadAction","target":["https:\/\/sanlucar.com\/es\/consejos-e-ideas\/consejos-de-nutricion\/consejos-y-tendencias\/"]}]},{"@type":"ImageObject","inLanguage":"es","@id":"https:\/\/sanlucar.com\/es\/consejos-e-ideas\/consejos-de-nutricion\/consejos-y-tendencias\/#primaryimage","url":"https:\/\/sanlucar.com\/wp-content\/uploads\/2023\/01\/Tipps-und-Ideen_Ernaehrungstipps_Tipps-und-Trends.jpg","contentUrl":"https:\/\/sanlucar.com\/wp-content\/uploads\/2023\/01\/Tipps-und-Ideen_Ernaehrungstipps_Tipps-und-Trends.jpg","width":2400,"height":1600},{"@type":"BreadcrumbList","@id":"https:\/\/sanlucar.com\/es\/consejos-e-ideas\/consejos-de-nutricion\/consejos-y-tendencias\/#breadcrumb","itemListElement":[{"@type":"ListItem","position":1,"name":"Home","item":"https:\/\/sanlucar.com\/es\/"},{"@type":"ListItem","position":2,"name":"Informaci\u00f3n reci\u00e9n recolectada"}]},{"@type":"WebSite","@id":"https:\/\/sanlucar.com\/#website","url":"https:\/\/sanlucar.com\/","name":"SanLucar","description":"","publisher":{"@id":"https:\/\/sanlucar.com\/#organization"},"potentialAction":[{"@type":"SearchAction","target":{"@type":"EntryPoint","urlTemplate":"https:\/\/sanlucar.com\/?s={search_term_string}"},"query-input":{"@type":"PropertyValueSpecification","valueRequired":true,"valueName":"search_term_string"}}],"inLanguage":"es"},{"@type":"Organization","@id":"https:\/\/sanlucar.com\/#organization","name":"SanLucar","url":"https:\/\/sanlucar.com\/","logo":{"@type":"ImageObject","inLanguage":"es","@id":"https:\/\/sanlucar.com\/#\/schema\/logo\/image\/","url":"https:\/\/sanlucar.com\/wp-content\/uploads\/2023\/01\/sanlucar-logo-onwhite.png","contentUrl":"https:\/\/sanlucar.com\/wp-content\/uploads\/2023\/01\/sanlucar-logo-onwhite.png","width":800,"height":800,"caption":"SanLucar"},"image":{"@id":"https:\/\/sanlucar.com\/#\/schema\/logo\/image\/"},"sameAs":["https:\/\/www.facebook.com\/sanlucarfruit","https:\/\/www.instagram.com\/sanlucarfruit\/","https:\/\/www.youtube.com\/user\/SanLucar2009","https:\/\/www.linkedin.com\/company\/sanlucar\/"]}]}},"_links":{"self":[{"href":"https:\/\/sanlucar.com\/es\/wp-json\/wp\/v2\/pages\/15811","targetHints":{"allow":["GET"]}}],"collection":[{"href":"https:\/\/sanlucar.com\/es\/wp-json\/wp\/v2\/pages"}],"about":[{"href":"https:\/\/sanlucar.com\/es\/wp-json\/wp\/v2\/types\/page"}],"author":[{"embeddable":true,"href":"https:\/\/sanlucar.com\/es\/wp-json\/wp\/v2\/users\/12"}],"replies":[{"embeddable":true,"href":"https:\/\/sanlucar.com\/es\/wp-json\/wp\/v2\/comments?post=15811"}],"version-history":[{"count":2,"href":"https:\/\/sanlucar.com\/es\/wp-json\/wp\/v2\/pages\/15811\/revisions"}],"predecessor-version":[{"id":16382,"href":"https:\/\/sanlucar.com\/es\/wp-json\/wp\/v2\/pages\/15811\/revisions\/16382"}],"up":[{"embeddable":true,"href":"https:\/\/sanlucar.com\/es\/wp-json\/wp\/v2\/pages\/15789"}],"wp:featuredmedia":[{"embeddable":true,"href":"https:\/\/sanlucar.com\/es\/wp-json\/wp\/v2\/media\/13554"}],"wp:attachment":[{"href":"https:\/\/sanlucar.com\/es\/wp-json\/wp\/v2\/media?parent=15811"}],"curies":[{"name":"wp","href":"https:\/\/api.w.org\/{rel}","templated":true}]}}