
{"id":15897,"date":"2024-04-05T14:49:34","date_gmt":"2024-04-05T12:49:34","guid":{"rendered":"https:\/\/sanlucar.dev.resonanz-digital.at\/?page_id=15897"},"modified":"2025-03-21T18:35:17","modified_gmt":"2025-03-21T17:35:17","slug":"politica-de-privacidad","status":"publish","type":"page","link":"https:\/\/sanlucar.com\/es\/politica-de-privacidad\/","title":{"rendered":"Pol\u00edtica de Privacidad"},"content":{"rendered":"<div  class='flex_column av-av_one_full-692a56cb27b4036f41891925b87c1c70 av_one_full  avia-builder-el-0  avia-builder-el-no-sibling  first flex_column_div  '     ><section  class='av_textblock_section av-lumnxk79-21956ce0e78049facd8af32e97d63f4c '   itemscope=\"itemscope\" itemtype=\"https:\/\/schema.org\/CreativeWork\" ><div class='avia_textblock'  itemprop=\"text\" ><h1>Pol\u00edtica de Privacidad<\/h1>\n<p>La presente pol\u00edtica de privacidad describe las formas en la que recogemos la informaci\u00f3n, con qu\u00e9 fin la utilizamos y c\u00f3mo la gestionamos.<\/p>\n<p>Su privacidad es importante para nosotros y le otorgamos una gran importancia, por eso deseamos expresar el m\u00e1ximo compromiso con la protecci\u00f3n de los datos personales de nuestros usuarios.<\/p>\n<p>De acuerdo con la normativa de protecci\u00f3n de datos de car\u00e1cter personal, y en conformidad con lo previsto en los art\u00edculos 13 y 14 del Reglamento UE 2016\/679, Reglamento General de protecci\u00f3n de Datos, mediante la presente Pol\u00edtica de Privacidad, el Usuario queda informado de lo siguiente.<\/p>\n<p><strong>\u00bfQui\u00e9n es el responsable del tratamiento de sus datos?<\/strong><\/p>\n<p>SANLUCAR FRUIT, S.L.U con domicilio en Sera Llarga, 24, 46530 Puzol (Valencia), Espa\u00f1a, y C.I.F. B-96128590 y correo electr\u00f3nico:\u00a0<a href=\"mailto:RGPD@sanlucar.com\">RGPD@sanlucar.com<\/a>, en adelante SANLUCAR, ser\u00e1 responsable de los datos personales facilitados por Usted a trav\u00e9s de los formularios habilitados a tales efectos en la presente p\u00e1gina web, as\u00ed como de los datos a los que SANLUCAR acceda como consecuencia de su navegaci\u00f3n, solicitudes o utilizaci\u00f3n de los servicios ofrecidos a trav\u00e9s de esta p\u00e1gina web o a trav\u00e9s de los tel\u00e9fonos \/ correos electr\u00f3nicos de contacto indicados.<\/p>\n<p><strong>\u00bfQu\u00e9 datos podemos recabar?<\/strong><\/p>\n<p>Para las finalidades establecidas en esta Pol\u00edtica de Privacidad SANLUCAR recaba y trata los Datos Personales que se detallan a continuaci\u00f3n, que depender\u00e1n de los diferentes productos o servicios que solicite a trav\u00e9s de los formularios habilitados a tales efectos en la presente p\u00e1gina web, as\u00ed como de los que nos facilite telef\u00f3nicamente, a trav\u00e9s de cualquiera de nuestros formularios en formato papel, o de los obtenidos como consecuencia de la relaci\u00f3n con Usted:<\/p>\n<ol>\n<li>Datos identificativos y de contacto, a t\u00edtulo enunciativo: nombre, apellidos, correo electr\u00f3nico, tel\u00e9fono, direcci\u00f3n postal, recabados en los formularios de consultas y peticiones o transmitidos por usted a trav\u00e9s de correo electr\u00f3nico \/ tel\u00e9fonos indicados en la web para realizar consultas, o peticiones.<\/li>\n<li>Datos curriculares proporcionados por usted en el env\u00edo de su curriculum a trav\u00e9s de los formularios habilitados en la web o en el env\u00edo de su curriculum a trav\u00e9s de las direcciones de correo electr\u00f3nico indicadas para tal efecto en la web.<\/li>\n<li>Datos navegaci\u00f3n, a t\u00edtulo enunciativo: direcci\u00f3n IP, tipo e identificaci\u00f3n del dispositivo, tipo de navegador, dominio a trav\u00e9s del cual accede al Sitio Web, datos de navegaci\u00f3n, actividad en el Sitio Web.<\/li>\n<li>Datos de contacto asociados a clientes \/ proveedores. Como cualquier empresa actuando en el tr\u00e1fico jur\u00eddico, SANLUCAR se relaciona con proveedores y clientes y sus respectivas personas de contacto, con profesionales, colaboradores (a titulo enunciativo: nombre y apellidos, cargo, tel\u00e9fono, correo electr\u00f3nico, direcci\u00f3n postal)<\/li>\n<\/ol>\n<p>Le informamos que los datos personales solicitados a trav\u00e9s de cada uno de los formularios habilitados en la presente p\u00e1gina web, as\u00ed como los solicitados en las correspondientes llamadas telef\u00f3nicas son los estrictamente necesarios para la consecuci\u00f3n de la finalidad informada en cada caso, de manera que en caso de no facilitarnos dichos datos no podremos facilitarle informaci\u00f3n sobre el servicio solicitado, atender a su solicitud, etc., seg\u00fan corresponda en cada supuesto.<\/p>\n<p><strong>\u00a0\u00bfCon que finalizada tratamos sus datos, cu\u00e1l es la base legitimadora y cu\u00e1les son los plazos de conservaci\u00f3n?<\/strong><\/p>\n<p>Nota: En aquellos casos donde para realizar una solicitud sea necesario cumplimentar un formulario y marcar un checkbox de aceptaci\u00f3n, as\u00ed como hacer un \u00abclick\u00bb en el bot\u00f3n de enviar, la realizaci\u00f3n del mismo implicar\u00e1 necesariamente que ha sido informado y ha otorgado expresamente su consentimiento al contenido de la cl\u00e1usula anexada a dicho formulario o aceptaci\u00f3n de la pol\u00edtica de privacidad.<\/p>\n<p>Atenci\u00f3n consultas y peticiones (secci\u00f3n de contacto)<\/p>\n<p>A trav\u00e9s del formulario habilitado en la p\u00e1gina web, as\u00ed como a trav\u00e9s de los tel\u00e9fonos o los correos electr\u00f3nicos indicado en la web SANLUCAR recaba datos identificativos y de contacto del Usuario, tales como su nombre, empresa, tel\u00e9fono y correo electr\u00f3nico, as\u00ed como aquellos datos que el usuario pueda incluir en su consulta, sugerencia, o petici\u00f3n.<\/p>\n<p>En estos casos los datos ser\u00e1n tratados con la finalidad de contestar a sus consultas, solicitudes o peticiones.<\/p>\n<p>El tratamiento de sus datos para la finalidad de \u201cContacto\u201d se basa en la gesti\u00f3n y tramitaci\u00f3n de la relaci\u00f3n jur\u00eddica entablada entre el usuario y SANLUCAR, es decir, en la gesti\u00f3n de su propia solicitud, en el mantenimiento del contacto entre las partes y, en su caso, en la prestaci\u00f3n del servicio que el usuario hubiera solicitado<\/p>\n<p>Los datos de usuario ser\u00e1n conservados durante el plazo de prescripci\u00f3n de las acciones legales o del plazo que imponga la normativa aplicable en funci\u00f3n de la naturaleza de la consulta.<\/p>\n<p>Env\u00edo de curriculum vitae e inscripci\u00f3n en ofertas<\/p>\n<p>SANLUCAR pone a disposici\u00f3n de sus usuarios a trav\u00e9s de la Web una direcci\u00f3n de correo electr\u00f3nico y un formulario para proceder al env\u00edo del curriculum vitae. SANLUCAR utilizara estos datos para valorar la candidatura del Usuario y, en su caso, incorporarlo a los procesos de selecci\u00f3n que se ajusten a su perfil, en caso de que \u00e9ste remita su Curr\u00edculum V\u00edtae a trav\u00e9s de los formularios habilitados al efecto en el Sitio Web o mediante las direcciones de correo habilitadas.<\/p>\n<p>El Curr\u00edculum V\u00edtae del Usuario ser\u00e1 conservado durante dos a\u00f1os con el fin indicado, por lo que es su responsabilidad mantenerlo actualizado, puesto que ser\u00e1n utilizados para comunicarle futuras vacantes que se ajusten a su perfil y puedan resultar de su inter\u00e9s.<\/p>\n<p>El tratamiento de los datos contenidos en su curriculum vitae, est\u00e1 legitimado en base al consentimiento que otorga en el momento que acepta la presente pol\u00edtica de privacidad al enviar su curriculum y\/o inscribirse en alguna oferta.<\/p>\n<p>De igual modo, al enviar el curriculum, usted autoriza a SANLUCAR FRUIT S.L.U., a que comunique sus datos personales, con la misma finalidad, a las empresas del Grupo SANLUCAR, consider\u00e1ndose informado de dicha cesi\u00f3n.<\/p>\n<p>Gesti\u00f3n de clientes y proveedores<\/p>\n<p>SANLUCAR utiliza datos identificativos y de contacto de los representantes legales de las empresas clientes \/ proveedores o con otros interlocutores de estas con el fin de gestionar la contrataci\u00f3n o llevar a cabo la ejecuci\u00f3n de los servicios contratados y el mantenimiento de la relaci\u00f3n contractual.<\/p>\n<p>Los datos personales ser\u00e1n conservados con ese fin durante todo el tiempo en que la relaci\u00f3n contractual est\u00e9 vigente (siendo esta la base legitimadora) y, a\u00fan despu\u00e9s, durante todo el tiempo exigido por la legislaci\u00f3n aplicable y hasta que prescriban las eventuales responsabilidades derivadas del contrato, a los efectos de la formulaci\u00f3n, el ejercicio o la defensa de eventuales reclamaciones.<\/p>\n<p><strong>\u00bfQu\u00e9 medidas de seguridad aplicamos?<\/strong><\/p>\n<p>SANLUCAR se compromete al cumplimiento de su obligaci\u00f3n de secreto de los datos de car\u00e1cter personal y de su deber de guardarlos, y adoptar\u00e1 las medidas necesarias para evitar su alteraci\u00f3n, p\u00e9rdida, tratamiento o acceso no autorizado, de acuerdo con lo establecido por normativa aplicable.<\/p>\n<p>SANLUCAR tiene implantadas las medidas de seguridad de \u00edndole t\u00e9cnica y organizativas necesarias para garantizar la seguridad de sus datos de car\u00e1cter personal y evitar su alteraci\u00f3n, p\u00e9rdida y tratamiento y\/o acceso no autorizado, habida cuenta del estado de la tecnolog\u00eda, la naturaleza de los datos almacenados y los riesgos a que est\u00e1n expuestos, ya provengan de la acci\u00f3n humana o del medio f\u00edsico o natural, de acuerdo a lo establecido por la normativa aplicable.<\/p>\n<p>Asimismo, continuamente se ejercen acciones de supervisi\u00f3n, control y evaluaci\u00f3n de sus procesos para asegurar el respeto a la privacidad y seguridad de la informaci\u00f3n, seg\u00fan los est\u00e1ndares internacionales.<\/p>\n<p><strong>\u00bfCon qui\u00e9n compartimos sus datos personales?<\/strong><\/p>\n<p>Solo utilizamos, transferimos o compartimos Datos Personales con terceros en los t\u00e9rminos descritos en esta Pol\u00edtica de Privacidad SANLUCAR no vende ni alquila sus Datos Personales a terceros y s\u00f3lo los comunicar\u00e1 a personas o entidades si obtenemos su consentimiento previo o en cumplimiento o de conformidad con la legislaci\u00f3n aplicable cuando dicho consentimiento no sea necesario para una transferencia espec\u00edfica.<\/p>\n<p>Compartiremos o daremos acceso a terceros a sus Datos Personales cuando hacerlo se haya consentido, sea necesario para lograr uno de los objetivos que se describen a continuaci\u00f3n y de conformidad con la legislaci\u00f3n vigente:<\/p>\n<p>Otras empresas de SANLUCAR<\/p>\n<p>SANLUCAR ampar\u00e1ndose en el inter\u00e9s leg\u00edtimo, podr\u00e1 ceder sus datos a otras empresas de nuestro Grupo empresarial en el \u00e1mbito de la Uni\u00f3n Europea, para la realizaci\u00f3n de todas las gestiones y servicios relativos a finalidades administrativas internas.<\/p>\n<p>Nuestros proveedores<\/p>\n<p>SANLUCAR comunicar\u00e1 o permitir\u00e1 acceso a sus Datos Personales a empresas que nos prestan servicios bajo un contrato, cuando sea necesario para el cumplimiento de las finalidades descritas en esta esta Pol\u00edtica de Privacidad como por ejemplo servicios de plataforma web, distribuci\u00f3n de correos electr\u00f3nicos, servicios de posicionamiento web, marketing y organizaci\u00f3n de campa\u00f1as promocionales. Estos proveedores llevan a cabo el tratamiento de los datos conforme a un contrato de encargo del tratamiento donde se establecen las condiciones de confidencialidad, seguridad, integridad y destino de los Datos Personales.<\/p>\n<p>Obligaciones legales<\/p>\n<p>SANLUCAR podr\u00e1 comunicar sus Datos Personales cuando la cesi\u00f3n est\u00e9 autorizada por ley o sea necesaria para dar cumplimiento a una obligaci\u00f3n legal, incluyendo la cesi\u00f3n a las autoridades competentes, jueces y tribunales. Esto incluye, a t\u00edtulo enunciativo no limitativo, el cumplimiento de las solicitudes formuladas por las autoridades de conformidad con la Ley 10\/2010, de 28 de abril, sobre prevenci\u00f3n de blanqueo de capitales y financiaci\u00f3n del terrorismo.<br \/>\n<strong><br \/>\n\u00bfQu\u00e9 Derechos tiene el usuario?<\/strong><br \/>\nCualquier persona tiene derecho a obtener confirmaci\u00f3n sobre si en SANLUCAR estamos tratando datos personales que les conciernan, o no. Asimismo, las personas interesadas tienen derecho a acceder a sus datos personales, as\u00ed como a solicitar la rectificaci\u00f3n de los datos inexactos o, en su caso, solicitar su supresi\u00f3n cuando, entre otros motivos, los datos ya no sean necesarios para los fines que fueron recogidos. Asimismo, el usuario podr\u00e1 oponerse al tratamiento de sus datos personales cuando los mismos fueran tratados en base al inter\u00e9s leg\u00edtimo del Responsable del tratamiento. El usuario podr\u00e1 solicitar la portabilidad de sus datos personales para recibirlos \u00e9l mismo o para remitirlos a otro responsable del tratamiento de su elecci\u00f3n.<\/p>\n<p>En determinadas circunstancias, los interesados podr\u00e1n solicitar la limitaci\u00f3n del tratamiento de sus datos, en cuyo caso \u00fanicamente los conservaremos para el ejercicio o la defensa de reclamaciones.<\/p>\n<p>Para facilitar el proceso, y cumplir con el principio de exactitud de los datos, si se modifica alg\u00fan dato, el Responsable agradece la comunicaci\u00f3n de dicha modificaci\u00f3n.<\/p>\n<p>Para el ejercicio de los mencionados derechos, el usuario puede solicitar a SANLUCAR un formulario, o usar los elaborados por la Agencia Espa\u00f1ola de Protecci\u00f3n de Datos o terceros En este sentido, le informamos que tiene a su disposici\u00f3n modelos de ejercicio de los citados derechos en la p\u00e1gina web de la Agencia Espa\u00f1ola de Protecci\u00f3n de Datos.<\/p>\n<p>Estos formularios deben ir firmados electr\u00f3nicamente o ser acompa\u00f1ados de fotocopia del DNI; en caso de haber representaci\u00f3n se debe adjuntar copia de DNI del usuario, o que lo firme con su firma electr\u00f3nica. Los formularios pueden ser presentados presencialmente, enviados por carta o por mail en la direcci\u00f3n del Responsable al inicio de este texto.<\/p>\n<p>Dependiendo del derecho ejercitado, SANLUCAR tardar\u00e1 como m\u00e1ximo un mes en dar respuesta desde la recepci\u00f3n de la solicitud, y dos meses si el tema es muy complejo, caso en el cual el usuario ser\u00e1 notificado.<br \/>\n<strong><br \/>\n\u00bfTratamos cookies?<\/strong><br \/>\nS\u00ed; para m\u00e1s informaci\u00f3n puedes consultar nuestra pol\u00edtica de cookies<\/p>\n<p>Datos de navegaci\u00f3n<\/p>\n<p>Al navegar por SANLUCAR se pueden recoger datos no identificables, que pueden incluir, direcciones IP, ubicaci\u00f3n geogr\u00e1fica (aproximadamente), un registro de c\u00f3mo se utilizan los servicios y sitios, y otros datos que no pueden ser utilizados para identificar al usuario. Entre los datos no identificativos est\u00e1n tambi\u00e9n los relacionados a tus h\u00e1bitos de navegaci\u00f3n a trav\u00e9s de servicios de terceros. Esta web utiliza los siguientes servicios de an\u00e1lisis de terceros:<\/p>\n<p>Pol\u00edtica de privacidad Redes Sociales<\/p>\n<p>De conformidad con lo establecido en la normativa vigente en Protecci\u00f3n de Datos de Car\u00e1cter Personal (RGPD) y la Ley 34\/2002, de 11 de julio, de Servicios de la Sociedad de la Informaci\u00f3n y de Comercio Electr\u00f3nico (LSSI-CE), SANLUCAR informa a los usuarios, que ha procedido a crear un perfil en la\/s Red\/es Social\/es Facebook, Twitter, Instagram y YouTube con la finalidad principal de publicitar sus productos y servicios.<\/p>\n<p>Si el usuario dispone de un perfil en la misma Red Social y ha decidido unirse a la p\u00e1gina creada por SANLUCAR, mostrando as\u00ed inter\u00e9s en la informaci\u00f3n que se publicite en la Red. Al unirse a nuestra p\u00e1gina, nos facilita su consentimiento para el tratamiento de aquellos datos personales publicados en su perfil.<\/p>\n<p>El usuario puede acceder en todo momento a las pol\u00edticas de privacidad de la propia Red Social, as\u00ed como configurar su perfil para garantizar su privacidad.<\/p>\n<p>SANLUCAR tiene acceso y trata aquella informaci\u00f3n p\u00fablica del usuario, en especial, su nombre de contacto. Estos datos, s\u00f3lo son utilizados dentro de la propia Red Social. No son incorporados a ning\u00fan fichero.<\/p>\n<p>Publicaciones<\/p>\n<p>El usuario, una vez unido a la p\u00e1gina de SANLUCAR podr\u00e1 publicar en \u00e9sta \u00faltima comentarios, enlaces, im\u00e1genes o fotograf\u00edas o cualquier otro tipo de contenido multimedia soportado por la Red Social. El usuario, en todos los casos, debe ser el titular de los mismos, gozar de los derechos de autor y de propiedad intelectual o contar con el consentimiento de los terceros afectados. Se proh\u00edbe expresamente cualquier publicaci\u00f3n en la p\u00e1gina, ya sean textos, gr\u00e1ficos, fotograf\u00edas, v\u00eddeos, etc. que atenten o sean susceptibles de atentar contra la moral, la \u00e9tica, el buen gusto o el decoro, y\/o que infrinjan, violen o quebranten los derechos de propiedad intelectual o industrial, el derecho a la imagen o la Ley. En estos casos, SANLUCAR\u00a0 \u00a0se reserva el derecho a retirar de inmediato el contenido, pudiendo solicitar el bloqueo permanente del usuario.<\/p>\n<p>SANLUCAR no se har\u00e1 responsable de los contenidos que libremente ha publicado un usuario.<\/p>\n<p>El usuario debe tener presente que sus publicaciones ser\u00e1n conocidas por los otros usuarios, por lo que \u00e9l mismo es el principal responsable de su privacidad.<\/p>\n<p>Las im\u00e1genes que puedan publicarse en la p\u00e1gina no ser\u00e1n almacenadas en ning\u00fan fichero por parte de SANLUCAR pero s\u00ed que permanecer\u00e1n en la Red Social.<\/p>\n<p>Concursos y promociones<\/p>\n<p>SANLUCAR\u00a0 \u00a0se reserva el derecho a realizar concursos y promociones, en los que podr\u00e1 participar el usuario unido a su p\u00e1gina. Las bases de cada uno de ellos, cuando se utilice para ello la plataforma de la Red Social, ser\u00e1n publicadas en la misma. Cumpliendo siempre con la LSSI-CE y con cualquier otra norma que le sea de aplicaci\u00f3n.<\/p>\n<p>La Red Social no patrocina, avala ni administra, de modo alguno, ninguna de nuestras promociones, ni est\u00e1 asociada a ninguna de ellas.<\/p>\n<p>Publicidad<\/p>\n<p>SANLUCAR utilizar\u00e1 la Red Social para publicitar sus productos y servicios, en todo caso, si decide tratar sus datos de contacto para realizar acciones directas de prospecci\u00f3n comercial, ser\u00e1 siempre, cumpliendo con las exigencias legales del RGPD y de la LSSI- CE.<\/p>\n<p>No se considerar\u00e1 publicidad el hecho de recomendar a otros usuarios la p\u00e1gina de SANLUCAR para que tambi\u00e9n ellos puedan disfrutar de las promociones o estar informados de su actividad.<\/p>\n<p>A continuaci\u00f3n, detallamos el enlace a la pol\u00edtica de privacidad de la Red Social:<\/p>\n<p>Facebook: <a href=\"https:\/\/www.facebook.com\/privacy\/explanation\">https:\/\/www.facebook.com\/privacy\/explanation<\/a><\/p>\n<p>Twitter: <a href=\"https:\/\/twitter.com\/privacy\">https:\/\/twitter.com\/privacy<\/a><\/p>\n<p>Instagram: <a href=\"https:\/\/help.instagram.com\/519522125107875?helpref=page_content\">https:\/\/help.instagram.com\/519522125107875?helpref=page_content<\/a><\/p>\n<p>Youtube: <a href=\"https:\/\/policies.google.com\/privacy\">https:\/\/policies.google.com\/privacy<\/a> <a href=\"https:\/\/www.youtube.com\/intl\/es\/yt\/about\/policies\/#community-guidelines\">https:\/\/www.youtube.com\/intl\/es\/yt\/about\/policies\/#community-guidelines<\/a><\/p>\n<\/div><\/section><\/div>\n","protected":false},"excerpt":{"rendered":"","protected":false},"author":12,"featured_media":0,"parent":0,"menu_order":0,"comment_status":"closed","ping_status":"closed","template":"","meta":{"_acf_changed":false,"footnotes":""},"class_list":["post-15897","page","type-page","status-publish","hentry"],"acf":[],"yoast_head":"<!-- This site is optimized with the Yoast SEO plugin v27.0 - https:\/\/yoast.com\/product\/yoast-seo-wordpress\/ -->\n<title>Pol\u00edtica de Privacidad | SanLucar<\/title>\n<meta name=\"robots\" content=\"index, follow, max-snippet:-1, max-image-preview:large, max-video-preview:-1\" \/>\n<link rel=\"canonical\" href=\"https:\/\/sanlucar.com\/es\/politica-de-privacidad\/\" \/>\n<meta property=\"og:locale\" content=\"es_ES\" \/>\n<meta property=\"og:type\" content=\"article\" \/>\n<meta property=\"og:title\" content=\"Pol\u00edtica de Privacidad | SanLucar\" \/>\n<meta property=\"og:url\" content=\"https:\/\/sanlucar.com\/es\/politica-de-privacidad\/\" \/>\n<meta property=\"og:site_name\" content=\"SanLucar\" \/>\n<meta property=\"article:publisher\" content=\"https:\/\/www.facebook.com\/sanlucarfruit\" \/>\n<meta property=\"article:modified_time\" content=\"2025-03-21T17:35:17+00:00\" \/>\n<meta name=\"twitter:card\" content=\"summary_large_image\" \/>\n<meta name=\"twitter:label1\" content=\"Tiempo de lectura\" \/>\n\t<meta name=\"twitter:data1\" content=\"1 minuto\" \/>\n<script type=\"application\/ld+json\" class=\"yoast-schema-graph\">{\"@context\":\"https:\/\/schema.org\",\"@graph\":[{\"@type\":\"WebPage\",\"@id\":\"https:\/\/sanlucar.com\/es\/politica-de-privacidad\/\",\"url\":\"https:\/\/sanlucar.com\/es\/politica-de-privacidad\/\",\"name\":\"Pol\u00edtica de Privacidad | SanLucar\",\"isPartOf\":{\"@id\":\"https:\/\/sanlucar.com\/#website\"},\"datePublished\":\"2024-04-05T12:49:34+00:00\",\"dateModified\":\"2025-03-21T17:35:17+00:00\",\"breadcrumb\":{\"@id\":\"https:\/\/sanlucar.com\/es\/politica-de-privacidad\/#breadcrumb\"},\"inLanguage\":\"es\",\"potentialAction\":[{\"@type\":\"ReadAction\",\"target\":[\"https:\/\/sanlucar.com\/es\/politica-de-privacidad\/\"]}]},{\"@type\":\"BreadcrumbList\",\"@id\":\"https:\/\/sanlucar.com\/es\/politica-de-privacidad\/#breadcrumb\",\"itemListElement\":[{\"@type\":\"ListItem\",\"position\":1,\"name\":\"Home\",\"item\":\"https:\/\/sanlucar.com\/es\/\"},{\"@type\":\"ListItem\",\"position\":2,\"name\":\"Pol\u00edtica de Privacidad\"}]},{\"@type\":\"WebSite\",\"@id\":\"https:\/\/sanlucar.com\/#website\",\"url\":\"https:\/\/sanlucar.com\/\",\"name\":\"SanLucar\",\"description\":\"\",\"publisher\":{\"@id\":\"https:\/\/sanlucar.com\/#organization\"},\"potentialAction\":[{\"@type\":\"SearchAction\",\"target\":{\"@type\":\"EntryPoint\",\"urlTemplate\":\"https:\/\/sanlucar.com\/?s={search_term_string}\"},\"query-input\":{\"@type\":\"PropertyValueSpecification\",\"valueRequired\":true,\"valueName\":\"search_term_string\"}}],\"inLanguage\":\"es\"},{\"@type\":\"Organization\",\"@id\":\"https:\/\/sanlucar.com\/#organization\",\"name\":\"SanLucar\",\"url\":\"https:\/\/sanlucar.com\/\",\"logo\":{\"@type\":\"ImageObject\",\"inLanguage\":\"es\",\"@id\":\"https:\/\/sanlucar.com\/#\/schema\/logo\/image\/\",\"url\":\"https:\/\/sanlucar.com\/wp-content\/uploads\/2023\/01\/sanlucar-logo-onwhite.png\",\"contentUrl\":\"https:\/\/sanlucar.com\/wp-content\/uploads\/2023\/01\/sanlucar-logo-onwhite.png\",\"width\":800,\"height\":800,\"caption\":\"SanLucar\"},\"image\":{\"@id\":\"https:\/\/sanlucar.com\/#\/schema\/logo\/image\/\"},\"sameAs\":[\"https:\/\/www.facebook.com\/sanlucarfruit\",\"https:\/\/www.instagram.com\/sanlucarfruit\/\",\"https:\/\/www.youtube.com\/user\/SanLucar2009\",\"https:\/\/www.linkedin.com\/company\/sanlucar\/\"]}]}<\/script>\n<!-- \/ Yoast SEO plugin. -->","yoast_head_json":{"title":"Pol\u00edtica de Privacidad | SanLucar","robots":{"index":"index","follow":"follow","max-snippet":"max-snippet:-1","max-image-preview":"max-image-preview:large","max-video-preview":"max-video-preview:-1"},"canonical":"https:\/\/sanlucar.com\/es\/politica-de-privacidad\/","og_locale":"es_ES","og_type":"article","og_title":"Pol\u00edtica de Privacidad | SanLucar","og_url":"https:\/\/sanlucar.com\/es\/politica-de-privacidad\/","og_site_name":"SanLucar","article_publisher":"https:\/\/www.facebook.com\/sanlucarfruit","article_modified_time":"2025-03-21T17:35:17+00:00","twitter_card":"summary_large_image","twitter_misc":{"Tiempo de lectura":"1 minuto"},"schema":{"@context":"https:\/\/schema.org","@graph":[{"@type":"WebPage","@id":"https:\/\/sanlucar.com\/es\/politica-de-privacidad\/","url":"https:\/\/sanlucar.com\/es\/politica-de-privacidad\/","name":"Pol\u00edtica de Privacidad | SanLucar","isPartOf":{"@id":"https:\/\/sanlucar.com\/#website"},"datePublished":"2024-04-05T12:49:34+00:00","dateModified":"2025-03-21T17:35:17+00:00","breadcrumb":{"@id":"https:\/\/sanlucar.com\/es\/politica-de-privacidad\/#breadcrumb"},"inLanguage":"es","potentialAction":[{"@type":"ReadAction","target":["https:\/\/sanlucar.com\/es\/politica-de-privacidad\/"]}]},{"@type":"BreadcrumbList","@id":"https:\/\/sanlucar.com\/es\/politica-de-privacidad\/#breadcrumb","itemListElement":[{"@type":"ListItem","position":1,"name":"Home","item":"https:\/\/sanlucar.com\/es\/"},{"@type":"ListItem","position":2,"name":"Pol\u00edtica de Privacidad"}]},{"@type":"WebSite","@id":"https:\/\/sanlucar.com\/#website","url":"https:\/\/sanlucar.com\/","name":"SanLucar","description":"","publisher":{"@id":"https:\/\/sanlucar.com\/#organization"},"potentialAction":[{"@type":"SearchAction","target":{"@type":"EntryPoint","urlTemplate":"https:\/\/sanlucar.com\/?s={search_term_string}"},"query-input":{"@type":"PropertyValueSpecification","valueRequired":true,"valueName":"search_term_string"}}],"inLanguage":"es"},{"@type":"Organization","@id":"https:\/\/sanlucar.com\/#organization","name":"SanLucar","url":"https:\/\/sanlucar.com\/","logo":{"@type":"ImageObject","inLanguage":"es","@id":"https:\/\/sanlucar.com\/#\/schema\/logo\/image\/","url":"https:\/\/sanlucar.com\/wp-content\/uploads\/2023\/01\/sanlucar-logo-onwhite.png","contentUrl":"https:\/\/sanlucar.com\/wp-content\/uploads\/2023\/01\/sanlucar-logo-onwhite.png","width":800,"height":800,"caption":"SanLucar"},"image":{"@id":"https:\/\/sanlucar.com\/#\/schema\/logo\/image\/"},"sameAs":["https:\/\/www.facebook.com\/sanlucarfruit","https:\/\/www.instagram.com\/sanlucarfruit\/","https:\/\/www.youtube.com\/user\/SanLucar2009","https:\/\/www.linkedin.com\/company\/sanlucar\/"]}]}},"_links":{"self":[{"href":"https:\/\/sanlucar.com\/es\/wp-json\/wp\/v2\/pages\/15897","targetHints":{"allow":["GET"]}}],"collection":[{"href":"https:\/\/sanlucar.com\/es\/wp-json\/wp\/v2\/pages"}],"about":[{"href":"https:\/\/sanlucar.com\/es\/wp-json\/wp\/v2\/types\/page"}],"author":[{"embeddable":true,"href":"https:\/\/sanlucar.com\/es\/wp-json\/wp\/v2\/users\/12"}],"replies":[{"embeddable":true,"href":"https:\/\/sanlucar.com\/es\/wp-json\/wp\/v2\/comments?post=15897"}],"version-history":[{"count":2,"href":"https:\/\/sanlucar.com\/es\/wp-json\/wp\/v2\/pages\/15897\/revisions"}],"predecessor-version":[{"id":52989,"href":"https:\/\/sanlucar.com\/es\/wp-json\/wp\/v2\/pages\/15897\/revisions\/52989"}],"wp:attachment":[{"href":"https:\/\/sanlucar.com\/es\/wp-json\/wp\/v2\/media?parent=15897"}],"curies":[{"name":"wp","href":"https:\/\/api.w.org\/{rel}","templated":true}]}}