
{"id":15929,"date":"2023-08-02T16:46:14","date_gmt":"2023-08-02T14:46:14","guid":{"rendered":"https:\/\/sanlucar.dev.resonanz-digital.at\/?page_id=15929"},"modified":"2026-04-07T13:09:30","modified_gmt":"2026-04-07T11:09:30","slug":"publicaciones","status":"publish","type":"page","link":"https:\/\/sanlucar.com\/es\/publicaciones\/","title":{"rendered":"Publicaciones"},"content":{"rendered":"\n            <div   class='avia-section main_color res_page_banner  avia-builder-el-0  el_before_av_section  avia-builder-el-first   avia-bg-style-scroll container_wrap fullsize' style='' data-section-bg-repeat='stretch'>            <div class=\"av-section-cont-open res_page_banner res_page_banner--headline_subline\">\n                <div class=\"template-page content av-content-full alpha units\">\n                    <div class=\"post-entry post-entry-type-page\">\n                        <div class=\"entry-content-wrapper clearfix\">\n                            <div class=\"flex_column av_one_full el_before_av_heading first flex_column_div avia-full-stretch res_page_banner__image\"\n                                 style=\"background-image: url(https:\/\/sanlucar.com\/wp-content\/uploads\/2022\/06\/CR_DREAMS_Header.jpg); background-repeat: no-repeat; background-position: 50% 50%; background-attachment: scroll;\"><\/div>\n                            <div class=\"flex_column av_one_full flex_column_div avia-full-stretch res_page_banner__heading beige-background\">\n\t\t\t\t\t\t\t\t\n\t\t\t\t\t\t\t\t\t\t\t\t                                                                    <div class=\"res_page_banner__heading__inner res_page_banner__heading__inner--headline_subline\">\n                                                                                    <h1>Sabor en armon\u00eda con las personas y la naturaleza<\/h1>\n                                                                                                                            <h2>Queremos cosechar las mejores frutas y hortalizas, pero tambi\u00e9n queremos estar orgullosos de c\u00f3mo lo conseguimos. Por eso nos guiamos por los objetivos de sostenibilidad de las Naciones Unidas.<\/h2>\n                                                                            <\/div>\n                                    \n    <div  class=\"res_breadcrumbs \" style=\"\">\n        <ul class=\"d-flex flex-wrap\">\n            <li><a href=\"https:\/\/sanlucar.com\/es\/\">Inicio<\/a><span class=\"sep\">\/<\/span><\/li>\n                                                <li><span><span class=\"sep\">\/<\/span><\/span><\/li>\n                                                    <li class=\"res_breadcrumbs__current\"><span>Publicaciones<\/span><\/li>\n        <\/ul>\n    <\/div>\n\n    \t\t\t\t\t\t\t\t\n\t\t\t\t                                            <\/div>\n                        <\/div>\n                    <\/div>\n                <\/div>\n            <\/div>\n\n\n\n\n            <\/div>            \n<div id='av_section_1'  class='avia-section av-1z1zc6-763132144caf457f1aa57a5807f7362b beige_color avia-section-small avia-no-border-styling  avia-builder-el-1  el_after_res_page_banner  el_before_teaser_boxes  avia-bg-style-scroll container_wrap fullsize'  ><div class='container av-section-cont-open' ><div class='template-page content  av-content-full alpha units'><div class='post-entry post-entry-type-page post-entry-15929'><div class='entry-content-wrapper clearfix'>\n\n            <div id=\"\"\n                 class=\"res_row_with_illustration  avia-builder-el-2  el_before_res_row_with_illustration  avia-builder-el-first  \"\n                 style=\"\">\n                                    <div class=\"res_row_with_illustration__illustration position-bottom_left\">\n                        <picture><img class='avia_image ' src='https:\/\/sanlucar.com\/wp-content\/uploads\/2022\/06\/Dreams_Programe_20210518_3-03.png' alt='Aquarell-Zeichnung einer Avocado-H\u00e4lfte' title=''\/><\/picture>                    <\/div>\n                                <div class=\"row\">\n                    <div class=\"col-md-6 res_row_with_illustration__content \">\n                        <h2>DREAMS Magazine.<\/h2>\n<p>Esta publicaci\u00f3n contiene todo lo relativo a nuestro compromiso con el programa DREAMS; es decir, los diferentes proyectos sociales y medioambientales que llevamos a cabo en Alemania, Austria, Costa Rica, Espa\u00f1a, Ecuador, Sud\u00e1frica y T\u00fanez.<\/p>\n<p><a href=\"https:\/\/sanlucar.com\/wp-content\/uploads\/2024\/07\/ES_Dreams_Magazine_2023_w.pdf\">DREAMS Magazine 2022-2023<\/a> (PDF)<\/p>\n<p><a href=\"https:\/\/sanlucar.com\/wp-content\/uploads\/2023\/08\/Dreams_Magazine_ES_2022-1.pdf\">DREAMS Magazine 2021-2022<\/a> (PDF)<\/p>\n<p><a href=\"https:\/\/sanlucar.com\/wp-content\/uploads\/2023\/08\/Dreams_Magazine_ES_2020-21-1.pdf\">DREAMS Magazine 2020-2021<\/a> (PDF)<\/p>\n<p><a href=\"https:\/\/sanlucar.com\/wp-content\/uploads\/2023\/08\/Dreams_Magazine_ES_2019-20-1.pdf\">DREAMS Magazine 2019-2020<\/a> (PDF)<\/p>\n<p><a href=\"https:\/\/sanlucar.com\/wp-content\/uploads\/2023\/08\/Dreams_Magazine_ES_2017-19-1.pdf\">DREAMS Magazine 2017-2019<\/a> (PDF)<\/p>\n                    <\/div>\n                    <div class=\"col-md-6 res_row_with_illustration__image\">\n                        <picture><source media='(max-width:300px)' srcset='https:\/\/sanlucar.com\/wp-content\/uploads\/2024\/07\/DREAMS_Magazine_ES-2023-300x200.png'><source media='(max-width:600px)' srcset='https:\/\/sanlucar.com\/wp-content\/uploads\/2024\/07\/DREAMS_Magazine_ES-2023.png'><img class='avia_image ' src='https:\/\/sanlucar.com\/wp-content\/uploads\/2024\/07\/DREAMS_Magazine_ES-2023.png' alt='' title='DREAMS_Magazine_ES-2023'\/><\/picture>                    <\/div>\n                <\/div>\n            <\/div>\n\n            \n\n            <div id=\"\"\n                 class=\"res_row_with_illustration  avia-builder-el-3  el_after_res_row_with_illustration  el_before_res_row_with_illustration  \"\n                 style=\"\">\n                                    <div class=\"res_row_with_illustration__illustration position-bottom_right\">\n                        <picture><img class='avia_image ' src='https:\/\/sanlucar.com\/wp-content\/uploads\/2022\/06\/Dreams_Programe_20210518_3-04.png' alt='Aquarell-Zeichnung von einem Bleistift' title=''\/><\/picture>                    <\/div>\n                                <div class=\"row\">\n                    <div class=\"col-md-6 res_row_with_illustration__content order-md-2\">\n                        <h2>Memoria de Sostenibilidad.<\/h2>\n<p>La Memoria de Sostenibilidad recoge la informaci\u00f3n y los resultados de SanLucar sobre tem\u00e1ticas sociales, laborales, ambientales y de buen gobierno, as\u00ed como aspectos acerca de la estructura de la compa\u00f1\u00eda. El documento sigue las recomendaciones y los requerimientos elaborados por el Pacto Mundial y la Ley 11\/2018, adem\u00e1s de detallar el compromiso adquirido con la firma de sus 10 principios.<\/p>\n<p><a href=\"https:\/\/sanlucar.com\/wp-content\/uploads\/2026\/04\/SanLucar_Memoria_2024_DEF_27mar26-1.pdf\">Memoria de Sostenibilidad 2024<\/a>\u00a0(PDF)<\/p>\n<p><a href=\"https:\/\/sanlucar.com\/wp-content\/uploads\/2025\/01\/Memoria_sostenibilidad_SL_ESP.pdf\">Memoria de Sostenibilidad 2023<\/a>\u00a0(PDF)<\/p>\n<p><a href=\"https:\/\/sanlucar.com\/wp-content\/uploads\/2024\/06\/Memoria-de-Sostenibilidad-2022.pdf\">Memoria de Sostenibilidad 2022<\/a> (PDF)<\/p>\n<p><a href=\"https:\/\/sanlucar.com\/wp-content\/uploads\/2024\/06\/Memoria-jul-dic-2021_FINAL-low.pdf\">Memoria de Sostenibilidad julio-diciembre 2021<\/a> (PDF)<\/p>\n<p><a href=\"https:\/\/sanlucar.com\/wp-content\/uploads\/2023\/08\/Memoria-de-sostenibilidad_ES_2020-21-1.pdf\">Memoria de Sostenibilidad 2020-2021<\/a> (PDF)<\/p>\n<p><a href=\"https:\/\/sanlucar.com\/wp-content\/uploads\/2023\/08\/Informe-de-Progreso_ES_2019-20-1.pdf\">Informe de progreso 2019-2020<\/a> (PDF)<\/p>\n<p><a href=\"https:\/\/sanlucar.com\/wp-content\/uploads\/2023\/08\/Informe-de-Progreso_ES_2018-19-1.pdf\">Informe de progreso 2018-2019<\/a> (PDF)<\/p>\n<p><a href=\"https:\/\/sanlucar.com\/wp-content\/uploads\/2023\/08\/Informe-de-Progreso_ES_2017-18-1.pdf\">Informe de progreso 2017-2018<\/a> (PDF)<\/p>\n                    <\/div>\n                    <div class=\"col-md-6 res_row_with_illustration__image\">\n                        <picture><source media='(max-width:300px)' srcset='https:\/\/sanlucar.com\/wp-content\/uploads\/2025\/01\/Memoria_sostenibilidad_SL-300x200.png'><source media='(max-width:705px)' srcset='https:\/\/sanlucar.com\/wp-content\/uploads\/2025\/01\/Memoria_sostenibilidad_SL-705x470.png'><source media='(max-width:768px)' srcset='https:\/\/sanlucar.com\/wp-content\/uploads\/2025\/01\/Memoria_sostenibilidad_SL-768x512.png'><source media='(max-width:1030px)' srcset='https:\/\/sanlucar.com\/wp-content\/uploads\/2025\/01\/Memoria_sostenibilidad_SL.png'><img class='avia_image ' src='https:\/\/sanlucar.com\/wp-content\/uploads\/2025\/01\/Memoria_sostenibilidad_SL.png' alt='SanLucar sustainability report cover featuring nature-inspired design and eco-friendly messaging.' title='Memoria_sostenibilidad_SL'\/><\/picture>                    <\/div>\n                <\/div>\n            <\/div>\n\n            \n\n            <div id=\"\"\n                 class=\"res_row_with_illustration  avia-builder-el-4  el_after_res_row_with_illustration  avia-builder-el-last  \"\n                 style=\"\">\n                                    <div class=\"res_row_with_illustration__illustration position-bottom_left\">\n                        <picture><source media='(max-width:36px)' srcset='https:\/\/sanlucar.com\/wp-content\/uploads\/2022\/06\/Dreams_Programe_20210518_3-02-36x36.png'><source media='(max-width:300px)' srcset='https:\/\/sanlucar.com\/wp-content\/uploads\/2022\/06\/Dreams_Programe_20210518_3-02-300x291.png'><source media='(max-width:350px)' srcset='https:\/\/sanlucar.com\/wp-content\/uploads\/2022\/06\/Dreams_Programe_20210518_3-02.png'><img class='avia_image ' src='https:\/\/sanlucar.com\/wp-content\/uploads\/2022\/06\/Dreams_Programe_20210518_3-02.png' alt='' title=''\/><\/picture>                    <\/div>\n                                <div class=\"row\">\n                    <div class=\"col-md-6 res_row_with_illustration__content \">\n                        <h2>Estado de Informaci\u00f3n No Financiera.<\/h2>\n<p>El Estado de Informaci\u00f3n No Financiera tiene como objetivo comunicar a todos los grupos de inter\u00e9s c\u00f3mo SanLucar crea valor y refleja los impactos econ\u00f3micos, medioambientales, sociales y de buen gobierno que pueden influir sustancialmente en la toma de decisiones de dichos grupos de inter\u00e9s. Se elabora de conformidad con la ley 11\/2018, de 28 de diciembre y siguiendo el est\u00e1ndar Global Reporting Initiative (GRI).<\/p>\n<p><a href=\"https:\/\/sanlucar.com\/wp-content\/uploads\/2025\/05\/2021.02.11.-EINF-.pdf\">Estado de Informaci\u00f3n No Financiera 2019-2020<\/a>\u00a0(PDF)<\/p>\n<p><a href=\"https:\/\/sanlucar.com\/wp-content\/uploads\/2025\/05\/Estado-de-Informacion-No-Financiera-2018-2019-.pdf\">Estado de Informaci\u00f3n No Financiera 2018-2019<\/a>\u00a0(PDF)<\/p>\n<p><a href=\"https:\/\/sanlucar.com\/wp-content\/uploads\/2026\/03\/EINF-SanLucar-2024_FINAL-1.pdf\">Estado de Informaci\u00f3n No Financiera 2024<\/a> (PDF)<\/p>\n                    <\/div>\n                    <div class=\"col-md-6 res_row_with_illustration__image\">\n                        <picture><source media='(max-width:300px)' srcset='https:\/\/sanlucar.com\/wp-content\/uploads\/2025\/05\/Estado-de-infromacion-no-financiera-300x200.png'><source media='(max-width:600px)' srcset='https:\/\/sanlucar.com\/wp-content\/uploads\/2025\/05\/Estado-de-infromacion-no-financiera.png'><img class='avia_image ' src='https:\/\/sanlucar.com\/wp-content\/uploads\/2025\/05\/Estado-de-infromacion-no-financiera.png' alt='' title='Estado-de-infromacion-no-financiera'\/><\/picture>                    <\/div>\n                <\/div>\n            <\/div>\n\n            \n<\/div><\/div><\/div><!-- close content main div --><\/div><\/div><div   class='avia-section beige_color res_teaser_boxes  avia-builder-el-5  el_after_av_section  avia-builder-el-last   container_wrap fullsize' style='' ><div class='container wide-container'><div class='row'>\n\n\n<\/div><\/div><\/div><\/p>\n","protected":false},"excerpt":{"rendered":"","protected":false},"author":12,"featured_media":12087,"parent":0,"menu_order":0,"comment_status":"closed","ping_status":"closed","template":"","meta":{"_acf_changed":false,"footnotes":""},"class_list":["post-15929","page","type-page","status-publish","has-post-thumbnail","hentry"],"acf":[],"yoast_head":"<!-- This site is optimized with the Yoast SEO plugin v27.0 - https:\/\/yoast.com\/product\/yoast-seo-wordpress\/ -->\n<title>Publicaciones | SanLucar<\/title>\n<meta name=\"robots\" content=\"index, follow, max-snippet:-1, max-image-preview:large, max-video-preview:-1\" \/>\n<link rel=\"canonical\" href=\"https:\/\/sanlucar.com\/es\/responsabilidad\/publicaciones\/\" \/>\n<meta property=\"og:locale\" content=\"es_ES\" \/>\n<meta property=\"og:type\" content=\"article\" \/>\n<meta property=\"og:title\" content=\"Publicaciones | SanLucar\" \/>\n<meta property=\"og:url\" content=\"https:\/\/sanlucar.com\/es\/responsabilidad\/publicaciones\/\" \/>\n<meta property=\"og:site_name\" content=\"SanLucar\" \/>\n<meta property=\"article:publisher\" content=\"https:\/\/www.facebook.com\/sanlucarfruit\" \/>\n<meta property=\"article:modified_time\" content=\"2026-04-07T11:09:30+00:00\" \/>\n<meta property=\"og:image\" content=\"https:\/\/sanlucar.com\/wp-content\/uploads\/2022\/06\/CR_DREAMS_Header.jpg\" \/>\n\t<meta property=\"og:image:width\" content=\"1600\" \/>\n\t<meta property=\"og:image:height\" content=\"900\" \/>\n\t<meta property=\"og:image:type\" content=\"image\/jpeg\" \/>\n<meta name=\"twitter:card\" content=\"summary_large_image\" \/>\n<script type=\"application\/ld+json\" class=\"yoast-schema-graph\">{\"@context\":\"https:\/\/schema.org\",\"@graph\":[{\"@type\":\"WebPage\",\"@id\":\"https:\/\/sanlucar.com\/es\/responsabilidad\/publicaciones\/\",\"url\":\"https:\/\/sanlucar.com\/es\/responsabilidad\/publicaciones\/\",\"name\":\"Publicaciones | SanLucar\",\"isPartOf\":{\"@id\":\"https:\/\/sanlucar.com\/#website\"},\"primaryImageOfPage\":{\"@id\":\"https:\/\/sanlucar.com\/es\/responsabilidad\/publicaciones\/#primaryimage\"},\"image\":{\"@id\":\"https:\/\/sanlucar.com\/es\/responsabilidad\/publicaciones\/#primaryimage\"},\"thumbnailUrl\":\"https:\/\/sanlucar.com\/wp-content\/uploads\/2022\/06\/CR_DREAMS_Header.jpg\",\"datePublished\":\"2023-08-02T14:46:14+00:00\",\"dateModified\":\"2026-04-07T11:09:30+00:00\",\"breadcrumb\":{\"@id\":\"https:\/\/sanlucar.com\/es\/responsabilidad\/publicaciones\/#breadcrumb\"},\"inLanguage\":\"es\",\"potentialAction\":[{\"@type\":\"ReadAction\",\"target\":[\"https:\/\/sanlucar.com\/es\/responsabilidad\/publicaciones\/\"]}]},{\"@type\":\"ImageObject\",\"inLanguage\":\"es\",\"@id\":\"https:\/\/sanlucar.com\/es\/responsabilidad\/publicaciones\/#primaryimage\",\"url\":\"https:\/\/sanlucar.com\/wp-content\/uploads\/2022\/06\/CR_DREAMS_Header.jpg\",\"contentUrl\":\"https:\/\/sanlucar.com\/wp-content\/uploads\/2022\/06\/CR_DREAMS_Header.jpg\",\"width\":1600,\"height\":900,\"caption\":\"SanLucar DREAMS initiative in Costa Rica \u2013 supporting education, sustainability, and community development.\"},{\"@type\":\"BreadcrumbList\",\"@id\":\"https:\/\/sanlucar.com\/es\/responsabilidad\/publicaciones\/#breadcrumb\",\"itemListElement\":[{\"@type\":\"ListItem\",\"position\":1,\"name\":\"Home\",\"item\":\"https:\/\/sanlucar.com\/es\/\"},{\"@type\":\"ListItem\",\"position\":2,\"name\":\"Publicaciones\"}]},{\"@type\":\"WebSite\",\"@id\":\"https:\/\/sanlucar.com\/#website\",\"url\":\"https:\/\/sanlucar.com\/\",\"name\":\"SanLucar\",\"description\":\"\",\"publisher\":{\"@id\":\"https:\/\/sanlucar.com\/#organization\"},\"potentialAction\":[{\"@type\":\"SearchAction\",\"target\":{\"@type\":\"EntryPoint\",\"urlTemplate\":\"https:\/\/sanlucar.com\/?s={search_term_string}\"},\"query-input\":{\"@type\":\"PropertyValueSpecification\",\"valueRequired\":true,\"valueName\":\"search_term_string\"}}],\"inLanguage\":\"es\"},{\"@type\":\"Organization\",\"@id\":\"https:\/\/sanlucar.com\/#organization\",\"name\":\"SanLucar\",\"url\":\"https:\/\/sanlucar.com\/\",\"logo\":{\"@type\":\"ImageObject\",\"inLanguage\":\"es\",\"@id\":\"https:\/\/sanlucar.com\/#\/schema\/logo\/image\/\",\"url\":\"https:\/\/sanlucar.com\/wp-content\/uploads\/2023\/01\/sanlucar-logo-onwhite.png\",\"contentUrl\":\"https:\/\/sanlucar.com\/wp-content\/uploads\/2023\/01\/sanlucar-logo-onwhite.png\",\"width\":800,\"height\":800,\"caption\":\"SanLucar\"},\"image\":{\"@id\":\"https:\/\/sanlucar.com\/#\/schema\/logo\/image\/\"},\"sameAs\":[\"https:\/\/www.facebook.com\/sanlucarfruit\",\"https:\/\/www.instagram.com\/sanlucarfruit\/\",\"https:\/\/www.youtube.com\/user\/SanLucar2009\",\"https:\/\/www.linkedin.com\/company\/sanlucar\/\"]}]}<\/script>\n<!-- \/ Yoast SEO plugin. -->","yoast_head_json":{"title":"Publicaciones | SanLucar","robots":{"index":"index","follow":"follow","max-snippet":"max-snippet:-1","max-image-preview":"max-image-preview:large","max-video-preview":"max-video-preview:-1"},"canonical":"https:\/\/sanlucar.com\/es\/responsabilidad\/publicaciones\/","og_locale":"es_ES","og_type":"article","og_title":"Publicaciones | SanLucar","og_url":"https:\/\/sanlucar.com\/es\/responsabilidad\/publicaciones\/","og_site_name":"SanLucar","article_publisher":"https:\/\/www.facebook.com\/sanlucarfruit","article_modified_time":"2026-04-07T11:09:30+00:00","og_image":[{"width":1600,"height":900,"url":"https:\/\/sanlucar.com\/wp-content\/uploads\/2022\/06\/CR_DREAMS_Header.jpg","type":"image\/jpeg"}],"twitter_card":"summary_large_image","schema":{"@context":"https:\/\/schema.org","@graph":[{"@type":"WebPage","@id":"https:\/\/sanlucar.com\/es\/responsabilidad\/publicaciones\/","url":"https:\/\/sanlucar.com\/es\/responsabilidad\/publicaciones\/","name":"Publicaciones | SanLucar","isPartOf":{"@id":"https:\/\/sanlucar.com\/#website"},"primaryImageOfPage":{"@id":"https:\/\/sanlucar.com\/es\/responsabilidad\/publicaciones\/#primaryimage"},"image":{"@id":"https:\/\/sanlucar.com\/es\/responsabilidad\/publicaciones\/#primaryimage"},"thumbnailUrl":"https:\/\/sanlucar.com\/wp-content\/uploads\/2022\/06\/CR_DREAMS_Header.jpg","datePublished":"2023-08-02T14:46:14+00:00","dateModified":"2026-04-07T11:09:30+00:00","breadcrumb":{"@id":"https:\/\/sanlucar.com\/es\/responsabilidad\/publicaciones\/#breadcrumb"},"inLanguage":"es","potentialAction":[{"@type":"ReadAction","target":["https:\/\/sanlucar.com\/es\/responsabilidad\/publicaciones\/"]}]},{"@type":"ImageObject","inLanguage":"es","@id":"https:\/\/sanlucar.com\/es\/responsabilidad\/publicaciones\/#primaryimage","url":"https:\/\/sanlucar.com\/wp-content\/uploads\/2022\/06\/CR_DREAMS_Header.jpg","contentUrl":"https:\/\/sanlucar.com\/wp-content\/uploads\/2022\/06\/CR_DREAMS_Header.jpg","width":1600,"height":900,"caption":"SanLucar DREAMS initiative in Costa Rica \u2013 supporting education, sustainability, and community development."},{"@type":"BreadcrumbList","@id":"https:\/\/sanlucar.com\/es\/responsabilidad\/publicaciones\/#breadcrumb","itemListElement":[{"@type":"ListItem","position":1,"name":"Home","item":"https:\/\/sanlucar.com\/es\/"},{"@type":"ListItem","position":2,"name":"Publicaciones"}]},{"@type":"WebSite","@id":"https:\/\/sanlucar.com\/#website","url":"https:\/\/sanlucar.com\/","name":"SanLucar","description":"","publisher":{"@id":"https:\/\/sanlucar.com\/#organization"},"potentialAction":[{"@type":"SearchAction","target":{"@type":"EntryPoint","urlTemplate":"https:\/\/sanlucar.com\/?s={search_term_string}"},"query-input":{"@type":"PropertyValueSpecification","valueRequired":true,"valueName":"search_term_string"}}],"inLanguage":"es"},{"@type":"Organization","@id":"https:\/\/sanlucar.com\/#organization","name":"SanLucar","url":"https:\/\/sanlucar.com\/","logo":{"@type":"ImageObject","inLanguage":"es","@id":"https:\/\/sanlucar.com\/#\/schema\/logo\/image\/","url":"https:\/\/sanlucar.com\/wp-content\/uploads\/2023\/01\/sanlucar-logo-onwhite.png","contentUrl":"https:\/\/sanlucar.com\/wp-content\/uploads\/2023\/01\/sanlucar-logo-onwhite.png","width":800,"height":800,"caption":"SanLucar"},"image":{"@id":"https:\/\/sanlucar.com\/#\/schema\/logo\/image\/"},"sameAs":["https:\/\/www.facebook.com\/sanlucarfruit","https:\/\/www.instagram.com\/sanlucarfruit\/","https:\/\/www.youtube.com\/user\/SanLucar2009","https:\/\/www.linkedin.com\/company\/sanlucar\/"]}]}},"_links":{"self":[{"href":"https:\/\/sanlucar.com\/es\/wp-json\/wp\/v2\/pages\/15929","targetHints":{"allow":["GET"]}}],"collection":[{"href":"https:\/\/sanlucar.com\/es\/wp-json\/wp\/v2\/pages"}],"about":[{"href":"https:\/\/sanlucar.com\/es\/wp-json\/wp\/v2\/types\/page"}],"author":[{"embeddable":true,"href":"https:\/\/sanlucar.com\/es\/wp-json\/wp\/v2\/users\/12"}],"replies":[{"embeddable":true,"href":"https:\/\/sanlucar.com\/es\/wp-json\/wp\/v2\/comments?post=15929"}],"version-history":[{"count":3,"href":"https:\/\/sanlucar.com\/es\/wp-json\/wp\/v2\/pages\/15929\/revisions"}],"predecessor-version":[{"id":58463,"href":"https:\/\/sanlucar.com\/es\/wp-json\/wp\/v2\/pages\/15929\/revisions\/58463"}],"wp:featuredmedia":[{"embeddable":true,"href":"https:\/\/sanlucar.com\/es\/wp-json\/wp\/v2\/media\/12087"}],"wp:attachment":[{"href":"https:\/\/sanlucar.com\/es\/wp-json\/wp\/v2\/media?parent=15929"}],"curies":[{"name":"wp","href":"https:\/\/api.w.org\/{rel}","templated":true}]}}