
{"id":16157,"date":"2023-08-07T11:22:04","date_gmt":"2023-08-07T09:22:04","guid":{"rendered":"https:\/\/sanlucar.dev.resonanz-digital.at\/?page_id=16157"},"modified":"2024-12-02T10:41:03","modified_gmt":"2024-12-02T09:41:03","slug":"equipo-directivo","status":"publish","type":"page","link":"https:\/\/sanlucar.com\/es\/equipo-directivo\/","title":{"rendered":"Nuestro equipo directivo"},"content":{"rendered":"\n            <div   class='avia-section main_color res_page_banner  avia-builder-el-0  el_before_av_section  avia-builder-el-first   avia-bg-style-scroll container_wrap fullsize' style='' data-section-bg-repeat='stretch'>            <div class=\"av-section-cont-open res_page_banner res_page_banner--headline_subline\">\n                <div class=\"template-page content av-content-full alpha units\">\n                    <div class=\"post-entry post-entry-type-page\">\n                        <div class=\"entry-content-wrapper clearfix\">\n                            <div class=\"flex_column av_one_full el_before_av_heading first flex_column_div avia-full-stretch res_page_banner__image\"\n                                 style=\"background-image: url(https:\/\/sanlucar.com\/wp-content\/uploads\/2022\/06\/Geschaeftsleitung_Header.jpg); background-repeat: no-repeat; background-position: 50% 50%; background-attachment: scroll;\"><\/div>\n                            <div class=\"flex_column av_one_full flex_column_div avia-full-stretch res_page_banner__heading \">\n\t\t\t\t\t\t\t\t\n\t\t\t\t\t\t\t\t\t\t\t\t\t\t\t<div class=\"row\" style=\"max-width:1087px;margin-left:auto;margin-right:auto;background: #D4E8F1;padding:25px;padding-bottom:0;margin-top:-40px;\">\n\t\t\t\t\t\t\t\t<h1 class=\"col-md-12 product_header__main__intro_container__headline\" style=\"margin-left:0;margin-bottom:11px;\">Equipo directivo.<\/h1>\n\t\t\t\t\t\t\t\t<div class=\"col-md-6\">\t\n\t\t\t\t\t\t\t\t\t<p>Desde principios de 2018, los dos fundadores de SanLucar, Stephan R\u00f6tzer y Jorge Peris, han puesto la gesti\u00f3n de la empresa<\/p>\n\t\t\t\t\t\t\t\t<\/div>\n\t\t\t\t\t\t\t\t<div class=\"col-md-6\">\n\t\t\t\t\t\t\t\t\t\n\t\t\t\t\t\t\t\t<p>en manos de un amplio equipo directivo, cuyos miembros est\u00e1n especializados en cada una de las fases de la cadena de valor.<\/p>\n\t\t\t\t\t\t\t\t<\/div>\n\t\t\t\t\t\t\t\t<\/div>\n\t\t\t\t\t\t\t\t<div class=\"row goawaypadding\" style=\"max-width:1087px;margin-left:auto;margin-right:auto;\">\n\t\t\t\t\t\t\t\t\n    <div  class=\"res_breadcrumbs \" style=\"\">\n        <ul class=\"d-flex flex-wrap\">\n            <li><a href=\"https:\/\/sanlucar.com\/es\/\">Inicio<\/a><span class=\"sep\">\/<\/span><\/li>\n                                                <li><span><span class=\"sep\">\/<\/span><\/span><\/li>\n                                                    <li class=\"res_breadcrumbs__current\"><span>Nuestro equipo directivo<\/span><\/li>\n        <\/ul>\n    <\/div>\n\n    \t\t\t\t\t\t\t\t<\/div>\n                                \t\t\t\t                            <\/div>\n                        <\/div>\n                    <\/div>\n                <\/div>\n            <\/div>\n\n\n\n\n            <\/div>            \n<div id='av_section_1'  class='avia-section av-m75ed-55022ae023fa563c129c9a25d13e8a62 main_color avia-section-default avia-no-border-styling  avia-builder-el-1  el_after_res_page_banner  el_before_av_section  avia-bg-style-scroll container_wrap fullsize'  ><div class='container av-section-cont-open' ><div class='template-page content  av-content-full alpha units'><div class='post-entry post-entry-type-page post-entry-16157'><div class='entry-content-wrapper clearfix'>\n<div class='flex_column_table av-3kxqqd-213396e997499e210f7583210c586a01 sc-av_two_fifth av-equal-height-column-flextable'><div  class='flex_column av-3kxqqd-213396e997499e210f7583210c586a01 av_two_fifth  avia-builder-el-2  el_before_av_three_fifth  avia-builder-el-first  first flex_column_table_cell av-equal-height-column av-align-middle  '     ><style type=\"text\/css\" data-created_by=\"avia_inline_auto\" id=\"style-css-av-l46snhqo-b221de8aa52612bdefe8521390b182e4\">\n.avia-image-container.av-l46snhqo-b221de8aa52612bdefe8521390b182e4 .av-image-caption-overlay-center{\ncolor:#ffffff;\n}\n<\/style>\n<div  class='avia-image-container av-l46snhqo-b221de8aa52612bdefe8521390b182e4 av-styling- avia-align-center  avia-builder-el-3  avia-builder-el-no-sibling '  itemprop=\"image\" itemscope=\"itemscope\" itemtype=\"https:\/\/schema.org\/ImageObject\" ><div class=\"avia-image-container-inner\"><div class=\"avia-image-overlay-wrap\"><picture><source media='(max-width:225px)' srcset='https:\/\/sanlucar.com\/wp-content\/uploads\/2024\/07\/Geschaftsleitung_Stephan-Rotzer-225x300.jpg'><source media='(max-width:529px)' srcset='https:\/\/sanlucar.com\/wp-content\/uploads\/2024\/07\/Geschaftsleitung_Stephan-Rotzer-529x705.jpg'><source media='(max-width:600px)' srcset='https:\/\/sanlucar.com\/wp-content\/uploads\/2024\/07\/Geschaftsleitung_Stephan-Rotzer.jpg'><img decoding=\"async\" class='avia_image ' src=\"https:\/\/sanlucar.com\/wp-content\/uploads\/2024\/07\/Geschaftsleitung_Stephan-Rotzer.jpg\" alt='Stephan R\u00f6tzer, founder of SanLucar, representing leadership in sustainable agriculture and fresh produce innovation' title='Gesch\u00e4ftsleitung_Stephan-R\u00f6tzer'\/><\/picture><\/div><\/div><\/div><\/div><div class='av-flex-placeholder'><\/div><div  class='flex_column av-l46snt6y-19ef94e32c697eb45894e9657cd89902 av_three_fifth  avia-builder-el-4  el_after_av_two_fifth  avia-builder-el-last  flex_column_table_cell av-equal-height-column av-align-middle  '     ><section  class='av_textblock_section av-l46sm3n2-792362a501a45375024acddbb7667a9d '   itemscope=\"itemscope\" itemtype=\"https:\/\/schema.org\/CreativeWork\" ><div class='avia_textblock'  itemprop=\"text\" ><h2>Stephan R\u00f6tzer, fundador y propietario.<\/h2>\n<p>A este hijo de un comerciante de fruta y verdura de M\u00fanich, la pasi\u00f3n por la mejor fruta y verdura le viene de cuna. Muy pronto se enamor\u00f3 de Espa\u00f1a y de los c\u00edtricos, lo que lo llev\u00f3 en 1993 a fundar SanLucar en Valencia. Desde entonces cumple su sue\u00f1o todos los d\u00edas: ofrecer a la gente la mejor fruta y verdura procedente de todo el mundo. En destacados maestros agricultores encontr\u00f3 partners de confianza que lo ayudan a llevar a cabo su visi\u00f3n de una fruta y verdura especial. As\u00ed que no es de extra\u00f1ar que SanLucar sea hoy una gran marca internacional de prestigio. Entretanto, se ha retirado de la gesti\u00f3n diaria para poder centrarse en seguir desarrollando los productos y la marca SanLucar.<\/p>\n<blockquote>\n<p>\u00abNunca ha dejado de fascinarme tanto la fruta y la verdura como la propia din\u00e1mica del negocio. Me hace muy feliz poder vivir mi pasi\u00f3n, viajando constantemente alrededor de todo el mundo\u00bb.<\/p>\n<\/blockquote>\n<\/div><\/section><\/div><\/div><!--close column table wrapper. Autoclose: 1 -->\n\n<\/div><\/div><\/div><!-- close content main div --><\/div><\/div><div id='av_section_2'  class='avia-section av-9wj45h-82b49909cb297c1c22afacadceb2f60d main_color avia-section-default avia-no-border-styling  avia-builder-el-6  el_after_av_section  el_before_av_section  avia-bg-style-scroll container_wrap fullsize'  ><div class='container av-section-cont-open' ><div class='template-page content  av-content-full alpha units'><div class='post-entry post-entry-type-page post-entry-16157'><div class='entry-content-wrapper clearfix'>\n<div class='flex_column_table av-7ifen9-6b3165f629307e2c16b1c6c71fd4a87c sc-av_two_fifth av-equal-height-column-flextable'><div  class='flex_column av-7ifen9-6b3165f629307e2c16b1c6c71fd4a87c av_two_fifth  avia-builder-el-7  el_before_av_three_fifth  avia-builder-el-first  first flex_column_table_cell av-equal-height-column av-align-middle  '     ><style type=\"text\/css\" data-created_by=\"avia_inline_auto\" id=\"style-css-av-5rkglh-d690b5deca150df38a8e16a7f8066679\">\n.avia-image-container.av-5rkglh-d690b5deca150df38a8e16a7f8066679 .av-image-caption-overlay-center{\ncolor:#ffffff;\n}\n<\/style>\n<div  class='avia-image-container av-5rkglh-d690b5deca150df38a8e16a7f8066679 av-styling- avia-align-center  avia-builder-el-8  avia-builder-el-no-sibling '  itemprop=\"image\" itemscope=\"itemscope\" itemtype=\"https:\/\/schema.org\/ImageObject\" ><div class=\"avia-image-container-inner\"><div class=\"avia-image-overlay-wrap\"><picture><source media='(max-width:225px)' srcset='https:\/\/sanlucar.com\/wp-content\/uploads\/2024\/08\/Jorge_Perisv1r-225x300.jpg'><source media='(max-width:460px)' srcset='https:\/\/sanlucar.com\/wp-content\/uploads\/2024\/08\/Jorge_Perisv1r.jpg'><img decoding=\"async\" class='avia_image ' src=\"https:\/\/sanlucar.com\/wp-content\/uploads\/2024\/08\/Jorge_Perisv1r.jpg\" alt='Jorge Peris, a SanLucar expert, representing dedication to sustainable agriculture and fresh produce innovation.' title='Jorge_Perisv1r'\/><\/picture><\/div><\/div><\/div><\/div><div class='av-flex-placeholder'><\/div><div  class='flex_column av-4h1ndx-f22be43b94b86bdf111a53b5b647e7fb av_three_fifth  avia-builder-el-9  el_after_av_two_fifth  avia-builder-el-last  flex_column_table_cell av-equal-height-column av-align-middle  '     ><section  class='av_textblock_section av-1yhek5-657802df0e235be6a51aadd297276415 '   itemscope=\"itemscope\" itemtype=\"https:\/\/schema.org\/CreativeWork\" ><div class='avia_textblock'  itemprop=\"text\" ><h2>Jorge Peris, Cofundador y Director General.<\/h2>\n<p>Siendo todav\u00eda estudiante, este economista nacido en Valencia ayud\u00f3 a Stephan R\u00f6tzer a fundar y construir SanLucar. A medida que iba creciendo la empresa, ha ido enfrent\u00e1ndose a los m\u00e1s diversos retos profesionales: ha pasado del departamento de recursos humanos al de administraci\u00f3n, pasando por el financiero. En la actualidad es director general del Grupo SanLucar y se centra en el desarrollo estrat\u00e9gico de la empresa. Como buen dream team, Stephan y Jorge siempre tienen grandes ideas para revolucionar a\u00fan m\u00e1s el mundo de la fruta.<\/p>\n<blockquote>\n<p>\u00abSi cuando era estudiante alguien me hubiera dicho que SanLucar pasar\u00eda de nacer en un garaje a convertirse en una empresa mundial, posiblemente le hubiera tomado por loco. Pero SanLucar siempre ha sido especial, y mi tarea es asegurarme de que lo siga siendo, por lo que siempre mantengo los ojos bien abiertos\u00bb.<\/p>\n<\/blockquote>\n<\/div><\/section><\/div><\/div><!--close column table wrapper. Autoclose: 1 -->\n\n<\/div><\/div><\/div><!-- close content main div --><\/div><\/div><div id='av_section_3'  class='avia-section av-av_section-2dcb3d115e2e5af9a73072e0505910f8 main_color avia-section-default avia-no-border-styling  avia-builder-el-11  el_after_av_section  avia-builder-el-last  avia-bg-style-scroll container_wrap fullsize'  ><div class='container av-section-cont-open' ><div class='template-page content  av-content-full alpha units'><div class='post-entry post-entry-type-page post-entry-16157'><div class='entry-content-wrapper clearfix'>\n<div class='flex_column_table av-av_two_fifth-1ca22399d877b927d873af939ca1b3bf sc-av_two_fifth av-equal-height-column-flextable'><div  class='flex_column av-av_two_fifth-1ca22399d877b927d873af939ca1b3bf av_two_fifth  avia-builder-el-12  el_before_av_three_fifth  avia-builder-el-first  first flex_column_table_cell av-equal-height-column av-align-middle  '     ><style type=\"text\/css\" data-created_by=\"avia_inline_auto\" id=\"style-css-av-lyzlavgs-3180086d25ea64374c2b17d5c62a2bc2\">\n.avia-image-container.av-lyzlavgs-3180086d25ea64374c2b17d5c62a2bc2 .av-image-caption-overlay-center{\ncolor:#ffffff;\n}\n<\/style>\n<div  class='avia-image-container av-lyzlavgs-3180086d25ea64374c2b17d5c62a2bc2 av-styling- avia-align-center  avia-builder-el-13  avia-builder-el-no-sibling '  itemprop=\"image\" itemscope=\"itemscope\" itemtype=\"https:\/\/schema.org\/ImageObject\" ><div class=\"avia-image-container-inner\"><div class=\"avia-image-overlay-wrap\"><picture><source media='(max-width:225px)' srcset='https:\/\/sanlucar.com\/wp-content\/uploads\/2024\/07\/Armin_Rehberg-225x300.jpg'><source media='(max-width:529px)' srcset='https:\/\/sanlucar.com\/wp-content\/uploads\/2024\/07\/Armin_Rehberg-529x705.jpg'><source media='(max-width:600px)' srcset='https:\/\/sanlucar.com\/wp-content\/uploads\/2024\/07\/Armin_Rehberg.jpg'><img decoding=\"async\" class='avia_image ' src=\"https:\/\/sanlucar.com\/wp-content\/uploads\/2024\/07\/Armin_Rehberg.jpg\" alt='Armin Rehberg, CEO of SanLucar, representing leadership in sustainable agriculture and fresh produce innovation.' title='Armin_Rehberg'\/><\/picture><\/div><\/div><\/div><\/div><div class='av-flex-placeholder'><\/div><div  class='flex_column av-av_three_fifth-d06667205e6186ec8414c6eb7605d406 av_three_fifth  avia-builder-el-14  el_after_av_two_fifth  avia-builder-el-last  flex_column_table_cell av-equal-height-column av-align-middle  '     ><section  class='av_textblock_section av-lysswv5h-a840655e981eac57223440c45b112ac3 '   itemscope=\"itemscope\" itemtype=\"https:\/\/schema.org\/CreativeWork\" ><div class='avia_textblock'  itemprop=\"text\" ><h2><span class=\"ui-provider a b c d e f g h i j k l m n o p q r s t u v w x y z ab ac ae af ag ah ai aj ak\" dir=\"ltr\">Armin Rehberg, Director General<\/span>.<\/h2>\n<p><span class=\"ui-provider a b c d e f g h i j k l m n o p q r s t u v w x y z ab ac ae af ag ah ai aj ak\" dir=\"ltr\">Armin Rehberg es, desde el 1 de enero de 2021, CEO Direction del Grupo SanLucar. Junto con el fundador y propietario Stephan R\u00f6tzer, es responsable de todas las actividades comerciales de SanLucar, en particular de los socios comerciales nacionales e internacionales. Su enfoque se centra en la utilizaci\u00f3n de procesos eficientes y un equipo fuerte para garantizar la comercializaci\u00f3n a largo plazo de la producci\u00f3n de SanLucar en t\u00e9rminos de orientaci\u00f3n absoluta al cliente y al productor:<\/span><\/p>\n<blockquote>\n<p>\u00ab<span class=\"ui-provider a b c d e f g h i j k l m n o p q r s t u v w x y z ab ac ae af ag ah ai aj ak\" dir=\"ltr\">Como director comercial experimentado, con experiencia tambi\u00e9n en el \u00e1mbito de los proveedores y la producci\u00f3n, es un placer para m\u00ed desarrollar a nuestros equipos con gran compromiso y diversi\u00f3n cada d\u00eda, y dirigir y acompa\u00f1ar a SanLucar en su trayectoria de crecimiento y orientaci\u00f3n junto con Stephan. Para nosotros es importante hacer las cosas aqu\u00ed de forma que nos sintamos orgullosos. SanLucar es simplemente una gran empresa, activa en todo el mundo e incre\u00edblemente din\u00e1mica<\/span>\u00bb.<\/p>\n<\/blockquote>\n<\/div><\/section><\/div><\/div><!--close column table wrapper. Autoclose: 1 -->\n","protected":false},"excerpt":{"rendered":"","protected":false},"author":12,"featured_media":19275,"parent":0,"menu_order":0,"comment_status":"closed","ping_status":"closed","template":"","meta":{"_acf_changed":false,"footnotes":""},"class_list":["post-16157","page","type-page","status-publish","has-post-thumbnail","hentry"],"acf":[],"yoast_head":"<!-- This site is optimized with the Yoast SEO plugin v27.0 - https:\/\/yoast.com\/product\/yoast-seo-wordpress\/ -->\n<title>Nuestro equipo directivo | SanLucar<\/title>\n<meta name=\"robots\" content=\"index, follow, max-snippet:-1, max-image-preview:large, max-video-preview:-1\" \/>\n<link rel=\"canonical\" href=\"https:\/\/sanlucar.com\/es\/empresa\/equipo-directivo\/\" \/>\n<meta property=\"og:locale\" content=\"es_ES\" \/>\n<meta property=\"og:type\" content=\"article\" \/>\n<meta property=\"og:title\" content=\"Nuestro equipo directivo | SanLucar\" \/>\n<meta property=\"og:url\" content=\"https:\/\/sanlucar.com\/es\/empresa\/equipo-directivo\/\" \/>\n<meta property=\"og:site_name\" content=\"SanLucar\" \/>\n<meta property=\"article:publisher\" content=\"https:\/\/www.facebook.com\/sanlucarfruit\" \/>\n<meta property=\"article:modified_time\" content=\"2024-12-02T09:41:03+00:00\" \/>\n<meta property=\"og:image\" content=\"https:\/\/sanlucar.com\/wp-content\/uploads\/2024\/02\/03-Unsere-Geschaftsleitung.jpg\" \/>\n\t<meta property=\"og:image:width\" content=\"1414\" \/>\n\t<meta property=\"og:image:height\" content=\"630\" \/>\n\t<meta property=\"og:image:type\" content=\"image\/jpeg\" \/>\n<meta name=\"twitter:card\" content=\"summary_large_image\" \/>\n<meta name=\"twitter:label1\" content=\"Tiempo de lectura\" \/>\n\t<meta name=\"twitter:data1\" content=\"2 minutos\" \/>\n<script type=\"application\/ld+json\" class=\"yoast-schema-graph\">{\"@context\":\"https:\/\/schema.org\",\"@graph\":[{\"@type\":\"WebPage\",\"@id\":\"https:\/\/sanlucar.com\/es\/empresa\/equipo-directivo\/\",\"url\":\"https:\/\/sanlucar.com\/es\/empresa\/equipo-directivo\/\",\"name\":\"Nuestro equipo directivo | SanLucar\",\"isPartOf\":{\"@id\":\"https:\/\/sanlucar.com\/#website\"},\"primaryImageOfPage\":{\"@id\":\"https:\/\/sanlucar.com\/es\/empresa\/equipo-directivo\/#primaryimage\"},\"image\":{\"@id\":\"https:\/\/sanlucar.com\/es\/empresa\/equipo-directivo\/#primaryimage\"},\"thumbnailUrl\":\"https:\/\/sanlucar.com\/wp-content\/uploads\/2024\/02\/03-Unsere-Geschaftsleitung.jpg\",\"datePublished\":\"2023-08-07T09:22:04+00:00\",\"dateModified\":\"2024-12-02T09:41:03+00:00\",\"breadcrumb\":{\"@id\":\"https:\/\/sanlucar.com\/es\/empresa\/equipo-directivo\/#breadcrumb\"},\"inLanguage\":\"es\",\"potentialAction\":[{\"@type\":\"ReadAction\",\"target\":[\"https:\/\/sanlucar.com\/es\/empresa\/equipo-directivo\/\"]}]},{\"@type\":\"ImageObject\",\"inLanguage\":\"es\",\"@id\":\"https:\/\/sanlucar.com\/es\/empresa\/equipo-directivo\/#primaryimage\",\"url\":\"https:\/\/sanlucar.com\/wp-content\/uploads\/2024\/02\/03-Unsere-Geschaftsleitung.jpg\",\"contentUrl\":\"https:\/\/sanlucar.com\/wp-content\/uploads\/2024\/02\/03-Unsere-Geschaftsleitung.jpg\",\"width\":1414,\"height\":630,\"caption\":\"SanLucar executive team posing for a professional group photo, representing leadership in sustainable agriculture.\"},{\"@type\":\"BreadcrumbList\",\"@id\":\"https:\/\/sanlucar.com\/es\/empresa\/equipo-directivo\/#breadcrumb\",\"itemListElement\":[{\"@type\":\"ListItem\",\"position\":1,\"name\":\"Home\",\"item\":\"https:\/\/sanlucar.com\/es\/\"},{\"@type\":\"ListItem\",\"position\":2,\"name\":\"Nuestro equipo directivo\"}]},{\"@type\":\"WebSite\",\"@id\":\"https:\/\/sanlucar.com\/#website\",\"url\":\"https:\/\/sanlucar.com\/\",\"name\":\"SanLucar\",\"description\":\"\",\"publisher\":{\"@id\":\"https:\/\/sanlucar.com\/#organization\"},\"potentialAction\":[{\"@type\":\"SearchAction\",\"target\":{\"@type\":\"EntryPoint\",\"urlTemplate\":\"https:\/\/sanlucar.com\/?s={search_term_string}\"},\"query-input\":{\"@type\":\"PropertyValueSpecification\",\"valueRequired\":true,\"valueName\":\"search_term_string\"}}],\"inLanguage\":\"es\"},{\"@type\":\"Organization\",\"@id\":\"https:\/\/sanlucar.com\/#organization\",\"name\":\"SanLucar\",\"url\":\"https:\/\/sanlucar.com\/\",\"logo\":{\"@type\":\"ImageObject\",\"inLanguage\":\"es\",\"@id\":\"https:\/\/sanlucar.com\/#\/schema\/logo\/image\/\",\"url\":\"https:\/\/sanlucar.com\/wp-content\/uploads\/2023\/01\/sanlucar-logo-onwhite.png\",\"contentUrl\":\"https:\/\/sanlucar.com\/wp-content\/uploads\/2023\/01\/sanlucar-logo-onwhite.png\",\"width\":800,\"height\":800,\"caption\":\"SanLucar\"},\"image\":{\"@id\":\"https:\/\/sanlucar.com\/#\/schema\/logo\/image\/\"},\"sameAs\":[\"https:\/\/www.facebook.com\/sanlucarfruit\",\"https:\/\/www.instagram.com\/sanlucarfruit\/\",\"https:\/\/www.youtube.com\/user\/SanLucar2009\",\"https:\/\/www.linkedin.com\/company\/sanlucar\/\"]}]}<\/script>\n<!-- \/ Yoast SEO plugin. -->","yoast_head_json":{"title":"Nuestro equipo directivo | SanLucar","robots":{"index":"index","follow":"follow","max-snippet":"max-snippet:-1","max-image-preview":"max-image-preview:large","max-video-preview":"max-video-preview:-1"},"canonical":"https:\/\/sanlucar.com\/es\/empresa\/equipo-directivo\/","og_locale":"es_ES","og_type":"article","og_title":"Nuestro equipo directivo | SanLucar","og_url":"https:\/\/sanlucar.com\/es\/empresa\/equipo-directivo\/","og_site_name":"SanLucar","article_publisher":"https:\/\/www.facebook.com\/sanlucarfruit","article_modified_time":"2024-12-02T09:41:03+00:00","og_image":[{"width":1414,"height":630,"url":"https:\/\/sanlucar.com\/wp-content\/uploads\/2024\/02\/03-Unsere-Geschaftsleitung.jpg","type":"image\/jpeg"}],"twitter_card":"summary_large_image","twitter_misc":{"Tiempo de lectura":"2 minutos"},"schema":{"@context":"https:\/\/schema.org","@graph":[{"@type":"WebPage","@id":"https:\/\/sanlucar.com\/es\/empresa\/equipo-directivo\/","url":"https:\/\/sanlucar.com\/es\/empresa\/equipo-directivo\/","name":"Nuestro equipo directivo | SanLucar","isPartOf":{"@id":"https:\/\/sanlucar.com\/#website"},"primaryImageOfPage":{"@id":"https:\/\/sanlucar.com\/es\/empresa\/equipo-directivo\/#primaryimage"},"image":{"@id":"https:\/\/sanlucar.com\/es\/empresa\/equipo-directivo\/#primaryimage"},"thumbnailUrl":"https:\/\/sanlucar.com\/wp-content\/uploads\/2024\/02\/03-Unsere-Geschaftsleitung.jpg","datePublished":"2023-08-07T09:22:04+00:00","dateModified":"2024-12-02T09:41:03+00:00","breadcrumb":{"@id":"https:\/\/sanlucar.com\/es\/empresa\/equipo-directivo\/#breadcrumb"},"inLanguage":"es","potentialAction":[{"@type":"ReadAction","target":["https:\/\/sanlucar.com\/es\/empresa\/equipo-directivo\/"]}]},{"@type":"ImageObject","inLanguage":"es","@id":"https:\/\/sanlucar.com\/es\/empresa\/equipo-directivo\/#primaryimage","url":"https:\/\/sanlucar.com\/wp-content\/uploads\/2024\/02\/03-Unsere-Geschaftsleitung.jpg","contentUrl":"https:\/\/sanlucar.com\/wp-content\/uploads\/2024\/02\/03-Unsere-Geschaftsleitung.jpg","width":1414,"height":630,"caption":"SanLucar executive team posing for a professional group photo, representing leadership in sustainable agriculture."},{"@type":"BreadcrumbList","@id":"https:\/\/sanlucar.com\/es\/empresa\/equipo-directivo\/#breadcrumb","itemListElement":[{"@type":"ListItem","position":1,"name":"Home","item":"https:\/\/sanlucar.com\/es\/"},{"@type":"ListItem","position":2,"name":"Nuestro equipo directivo"}]},{"@type":"WebSite","@id":"https:\/\/sanlucar.com\/#website","url":"https:\/\/sanlucar.com\/","name":"SanLucar","description":"","publisher":{"@id":"https:\/\/sanlucar.com\/#organization"},"potentialAction":[{"@type":"SearchAction","target":{"@type":"EntryPoint","urlTemplate":"https:\/\/sanlucar.com\/?s={search_term_string}"},"query-input":{"@type":"PropertyValueSpecification","valueRequired":true,"valueName":"search_term_string"}}],"inLanguage":"es"},{"@type":"Organization","@id":"https:\/\/sanlucar.com\/#organization","name":"SanLucar","url":"https:\/\/sanlucar.com\/","logo":{"@type":"ImageObject","inLanguage":"es","@id":"https:\/\/sanlucar.com\/#\/schema\/logo\/image\/","url":"https:\/\/sanlucar.com\/wp-content\/uploads\/2023\/01\/sanlucar-logo-onwhite.png","contentUrl":"https:\/\/sanlucar.com\/wp-content\/uploads\/2023\/01\/sanlucar-logo-onwhite.png","width":800,"height":800,"caption":"SanLucar"},"image":{"@id":"https:\/\/sanlucar.com\/#\/schema\/logo\/image\/"},"sameAs":["https:\/\/www.facebook.com\/sanlucarfruit","https:\/\/www.instagram.com\/sanlucarfruit\/","https:\/\/www.youtube.com\/user\/SanLucar2009","https:\/\/www.linkedin.com\/company\/sanlucar\/"]}]}},"_links":{"self":[{"href":"https:\/\/sanlucar.com\/es\/wp-json\/wp\/v2\/pages\/16157","targetHints":{"allow":["GET"]}}],"collection":[{"href":"https:\/\/sanlucar.com\/es\/wp-json\/wp\/v2\/pages"}],"about":[{"href":"https:\/\/sanlucar.com\/es\/wp-json\/wp\/v2\/types\/page"}],"author":[{"embeddable":true,"href":"https:\/\/sanlucar.com\/es\/wp-json\/wp\/v2\/users\/12"}],"replies":[{"embeddable":true,"href":"https:\/\/sanlucar.com\/es\/wp-json\/wp\/v2\/comments?post=16157"}],"version-history":[{"count":2,"href":"https:\/\/sanlucar.com\/es\/wp-json\/wp\/v2\/pages\/16157\/revisions"}],"predecessor-version":[{"id":52014,"href":"https:\/\/sanlucar.com\/es\/wp-json\/wp\/v2\/pages\/16157\/revisions\/52014"}],"wp:featuredmedia":[{"embeddable":true,"href":"https:\/\/sanlucar.com\/es\/wp-json\/wp\/v2\/media\/19275"}],"wp:attachment":[{"href":"https:\/\/sanlucar.com\/es\/wp-json\/wp\/v2\/media?parent=16157"}],"curies":[{"name":"wp","href":"https:\/\/api.w.org\/{rel}","templated":true}]}}