
{"id":28822,"date":"2022-05-23T13:13:07","date_gmt":"2022-05-23T13:13:07","guid":{"rendered":"https:\/\/sanlucar.com\/karriere\/"},"modified":"2024-12-17T12:55:11","modified_gmt":"2024-12-17T11:55:11","slug":"carrera","status":"publish","type":"page","link":"https:\/\/sanlucar.com\/es\/carrera\/","title":{"rendered":"Carrera"},"content":{"rendered":"\n            <div   class='avia-section main_color res_page_banner  avia-builder-el-0  el_before_av_section  avia-builder-el-first   avia-bg-style-scroll res_page_banner__intro--image_headline container_wrap fullsize' style='' data-section-bg-repeat='stretch'>            <div class=\"av-section-cont-open res_page_banner res_page_banner--image_headline\">\n                <div class=\"template-page content av-content-full alpha units\">\n                    <div class=\"post-entry post-entry-type-page\">\n                        <div class=\"entry-content-wrapper clearfix\">\n                            <div class=\"flex_column av_one_full el_before_av_heading first flex_column_div avia-full-stretch res_page_banner__image\"\n                                 style=\"background-image: url(https:\/\/sanlucar.com\/wp-content\/uploads\/2024\/05\/Header-Karriere-1555x560-2.jpg); background-repeat: no-repeat; background-position: 50% 50%; background-attachment: scroll;\"><\/div>\n                            <div class=\"flex_column av_one_full flex_column_div avia-full-stretch res_page_banner__heading \">\n\t\t\t\t\t\t\t\t\n\t\t\t\t\t\t\t\t\t\t\t\t\t\t\t<div class=\"row\" style=\"max-width:1087px;margin-left:auto;margin-right:auto;background: #D4E8F1;padding:25px;padding-bottom:0;margin-top:-40px;\">\n\t\t\t\t\t\t\t\t<h1 class=\"col-md-12 product_header__main__intro_container__headline\" style=\"margin-left:0;margin-bottom:11px;\">\u00a1Convi\u00e9rtete en SanLucano!<\/h1>\n\t\t\t\t\t\t\t\t<div class=\"col-md-6\">\t\n\t\t\t\t\t\t\t\t\t<p>No vestimos de traje, nos tuteamos, somos un grupo multicultural y variado procedente de todo el mundo, trabajamos muy bien en equipo, nuestra estructura organizativa es horizontal y nos encanta nuestra fruta y verdura. Si a ti tambi\u00e9n te gusta y adem\u00e1s compartes\u00a0nuestra visi\u00f3n, misi\u00f3n y nuestros valores, podemos ofrecerte una carrera profesional, est\u00e9s en la etapa que est\u00e9s de tu vida laboral: tanto si eres un especialista con experiencia, como si acabas de llegar al sector o eres un estudiante en pr\u00e1cticas.<\/p>\n<p>Las candidaturas son siempre bienvenidas. Y para que las personas candidatas se sientan c\u00f3modas, desde el proceso de selecci\u00f3n siempre tienen a la misma persona de contacto de nuestro departamento de recursos humanos. Adem\u00e1s, durante el proceso conoces a tu manager y, por supuesto, nosotros tambi\u00e9n queremos conocerte a ti para descubrir contigo cu\u00e1les son tus talentos y qu\u00e9 es lo que te gusta hacer. \u00a1Te esperamos!<\/p>\n\t\t\t\t\t\t\t\t<\/div>\n\t\t\t\t\t\t\t\t<div class=\"col-md-6\">\n\t\t\t\t\t\t\t\t\t\n\t\t\t\t\t\t\t\t<p><img loading=\"lazy\" decoding=\"async\" class=\"size-full wp-image-4878\" src=\"https:\/\/sanlucar.com\/wp-content\/uploads\/2022\/05\/videokonferenz.jpg\" alt=\"Webcam-Bildschirm zeigt viele Gesichter von verschiedenen teilnehmenden Menschen\" width=\"1920\" height=\"1279\" srcset=\"https:\/\/sanlucar.com\/wp-content\/uploads\/2022\/05\/videokonferenz.jpg 1920w, https:\/\/sanlucar.com\/wp-content\/uploads\/2022\/05\/videokonferenz-300x200.jpg 300w, https:\/\/sanlucar.com\/wp-content\/uploads\/2022\/05\/videokonferenz-1030x686.jpg 1030w, https:\/\/sanlucar.com\/wp-content\/uploads\/2022\/05\/videokonferenz-768x512.jpg 768w, https:\/\/sanlucar.com\/wp-content\/uploads\/2022\/05\/videokonferenz-1536x1023.jpg 1536w, https:\/\/sanlucar.com\/wp-content\/uploads\/2022\/05\/videokonferenz-2048x1364.jpg 2048w, https:\/\/sanlucar.com\/wp-content\/uploads\/2022\/05\/videokonferenz-1500x999.jpg 1500w, https:\/\/sanlucar.com\/wp-content\/uploads\/2022\/05\/videokonferenz-705x470.jpg 705w\" sizes=\"auto, (max-width: 1920px) 100vw, 1920px\" \/><\/p>\n\t\t\t\t\t\t\t\t<\/div>\n\t\t\t\t\t\t\t\t<\/div>\n\t\t\t\t\t\t\t\t<div class=\"row goawaypadding\" style=\"max-width:1087px;margin-left:auto;margin-right:auto;\">\n\t\t\t\t\t\t\t\t\n    <div  class=\"res_breadcrumbs \" style=\"\">\n        <ul class=\"d-flex flex-wrap\">\n            <li><a href=\"https:\/\/sanlucar.com\/es\/\">Inicio<\/a><span class=\"sep\">\/<\/span><\/li>\n                                                <li><span><span class=\"sep\">\/<\/span><\/span><\/li>\n                                                    <li class=\"res_breadcrumbs__current\"><span>Carrera<\/span><\/li>\n        <\/ul>\n    <\/div>\n\n    \t\t\t\t\t\t\t\t<\/div>\n                                \t\t\t\t                            <\/div>\n                        <\/div>\n                    <\/div>\n                <\/div>\n            <\/div>\n\n\n\n\n            <\/div>            \n<div id='av_section_1'  class='avia-section av-3q6jqw-4fc7a48129123dcf84b998d021df170a main_color avia-section-default avia-no-border-styling  avia-builder-el-1  el_after_res_page_banner  avia-builder-el-last  avia-bg-style-scroll container_wrap fullsize'  ><div class='container av-section-cont-open' ><div class='template-page content  av-content-full alpha units'><div class='post-entry post-entry-type-page post-entry-28822'><div class='entry-content-wrapper clearfix'>\n<div class='flex_column_table av-l4snngz1-6c5758d3d19ceca0cd6073d3a6db158f sc-av_one_half av-equal-height-column-flextable'><div  class='flex_column av-l4snngz1-6c5758d3d19ceca0cd6073d3a6db158f av_one_half  avia-builder-el-2  el_before_av_one_half  avia-builder-el-first  first flex_column_table_cell av-equal-height-column av-align-middle  '     ><section  class='av_textblock_section av-l4snot9k-730bbff774e6e172639297fe27519d2d '   itemscope=\"itemscope\" itemtype=\"https:\/\/schema.org\/CreativeWork\" ><div class='avia_textblock'  itemprop=\"text\" ><h3>Encuentra el trabajo de tus sue\u00f1os.<\/h3>\n<h2><a href=\"https:\/\/sanlucar.com\/es\/karriere\/trabajos-internacionales\/\">Vacantes actuales Internacional<\/a><\/h2>\n<h2><a href=\"https:\/\/sanlucar.com\/es\/karriere\/trabajos-alemania\/\">Vacantes actuales en Alemania<\/a><\/h2>\n<p>Nuestras oportunidades profesionales son tan variadas como nuestros productos:<\/p>\n<ul>\n<li>Branding y marketing<\/li>\n<li>Commercial Planning<\/li>\n<li>Communication &amp; CR<\/li>\n<li>Distribution<\/li>\n<li>Finance, Strategy &amp; IT<\/li>\n<li>Human Resources &amp; Office Management<\/li>\n<li>Legal<\/li>\n<li>Operations: Packaging, Quality, Logistics, Warehouse<\/li>\n<li>Production and R&amp;D<\/li>\n<li>Sales &amp; Product Management<\/li>\n<li>Travel Management &amp; Executive Assistance<\/li>\n<\/ul>\n<\/div><\/section><\/div><div class='av-flex-placeholder'><\/div><div  class='flex_column av-30i4fc-71e76694a73d3568ccbbabcc1f57e6ed av_one_half  avia-builder-el-4  el_after_av_one_half  avia-builder-el-last  flex_column_table_cell av-equal-height-column av-align-middle av-hide-on-mobile  '     ><style type=\"text\/css\" data-created_by=\"avia_inline_auto\" id=\"style-css-av-ltfmrj7r-576eaef39245187ebee9d57314c091d2\">\n.avia-image-container.av-ltfmrj7r-576eaef39245187ebee9d57314c091d2 .av-image-caption-overlay-center{\ncolor:#ffffff;\n}\n<\/style>\n<div  class='avia-image-container av-ltfmrj7r-576eaef39245187ebee9d57314c091d2 av-styling- avia-align-center  avia-builder-el-5  avia-builder-el-no-sibling '  itemprop=\"image\" itemscope=\"itemscope\" itemtype=\"https:\/\/schema.org\/ImageObject\" ><div class=\"avia-image-container-inner\"><div class=\"avia-image-overlay-wrap\"><picture><source media='(max-width:300px)' srcset='https:\/\/sanlucar.com\/wp-content\/uploads\/2022\/05\/karriere-bei-sanlucar-300x200.jpg'><source media='(max-width:705px)' srcset='https:\/\/sanlucar.com\/wp-content\/uploads\/2022\/05\/karriere-bei-sanlucar-705x470.jpg'><source media='(max-width:768px)' srcset='https:\/\/sanlucar.com\/wp-content\/uploads\/2022\/05\/karriere-bei-sanlucar-768x512.jpg'><source media='(max-width:1030px)' srcset='https:\/\/sanlucar.com\/wp-content\/uploads\/2022\/05\/karriere-bei-sanlucar-1030x687.jpg'><source media='(max-width:1500px)' srcset='https:\/\/sanlucar.com\/wp-content\/uploads\/2022\/05\/karriere-bei-sanlucar-1500x1001.jpg'><source media='(max-width:1536px)' srcset='https:\/\/sanlucar.com\/wp-content\/uploads\/2022\/05\/karriere-bei-sanlucar-1536x1025.jpg'><source media='(max-width:2048px)' srcset='https:\/\/sanlucar.com\/wp-content\/uploads\/2022\/05\/karriere-bei-sanlucar-2048x1366.jpg'><img decoding=\"async\" class='avia_image ' src=\"https:\/\/sanlucar.com\/wp-content\/uploads\/2022\/05\/karriere-bei-sanlucar-300x200.jpg\" alt='Seen from above, a team sits at the office table at a joint meeting and discusses' title=''\/><\/picture><\/div><\/div><\/div><\/div><\/div><!--close column table wrapper. Autoclose: 1 -->\n","protected":false},"excerpt":{"rendered":"","protected":false},"author":12,"featured_media":0,"parent":0,"menu_order":0,"comment_status":"closed","ping_status":"closed","template":"","meta":{"_acf_changed":false,"footnotes":""},"class_list":["post-28822","page","type-page","status-publish","hentry"],"acf":[],"yoast_head":"<!-- This site is optimized with the Yoast SEO plugin v27.0 - https:\/\/yoast.com\/product\/yoast-seo-wordpress\/ -->\n<title>Carrera | SanLucar<\/title>\n<meta name=\"robots\" content=\"index, follow, max-snippet:-1, max-image-preview:large, max-video-preview:-1\" \/>\n<link rel=\"canonical\" href=\"https:\/\/sanlucar.com\/es\/karriere\/\" \/>\n<meta property=\"og:locale\" content=\"es_ES\" \/>\n<meta property=\"og:type\" content=\"article\" \/>\n<meta property=\"og:title\" content=\"Carrera | SanLucar\" \/>\n<meta property=\"og:url\" content=\"https:\/\/sanlucar.com\/es\/karriere\/\" \/>\n<meta property=\"og:site_name\" content=\"SanLucar\" \/>\n<meta property=\"article:publisher\" content=\"https:\/\/www.facebook.com\/sanlucarfruit\" \/>\n<meta property=\"article:modified_time\" content=\"2024-12-17T11:55:11+00:00\" \/>\n<meta property=\"og:image\" content=\"https:\/\/sanlucar.com\/wp-content\/uploads\/2024\/05\/Header-Karriere-1555x560-2.jpg\" \/>\n\t<meta property=\"og:image:width\" content=\"1555\" \/>\n\t<meta property=\"og:image:height\" content=\"560\" \/>\n\t<meta property=\"og:image:type\" content=\"image\/jpeg\" \/>\n<meta name=\"twitter:card\" content=\"summary_large_image\" \/>\n<meta name=\"twitter:label1\" content=\"Tiempo de lectura\" \/>\n\t<meta name=\"twitter:data1\" content=\"1 minuto\" \/>\n<script type=\"application\/ld+json\" class=\"yoast-schema-graph\">{\"@context\":\"https:\/\/schema.org\",\"@graph\":[{\"@type\":\"WebPage\",\"@id\":\"https:\/\/sanlucar.com\/es\/karriere\/\",\"url\":\"https:\/\/sanlucar.com\/es\/karriere\/\",\"name\":\"Carrera | SanLucar\",\"isPartOf\":{\"@id\":\"https:\/\/sanlucar.com\/#website\"},\"datePublished\":\"2022-05-23T13:13:07+00:00\",\"dateModified\":\"2024-12-17T11:55:11+00:00\",\"breadcrumb\":{\"@id\":\"https:\/\/sanlucar.com\/es\/karriere\/#breadcrumb\"},\"inLanguage\":\"es\",\"potentialAction\":[{\"@type\":\"ReadAction\",\"target\":[\"https:\/\/sanlucar.com\/es\/karriere\/\"]}]},{\"@type\":\"BreadcrumbList\",\"@id\":\"https:\/\/sanlucar.com\/es\/karriere\/#breadcrumb\",\"itemListElement\":[{\"@type\":\"ListItem\",\"position\":1,\"name\":\"Home\",\"item\":\"https:\/\/sanlucar.com\/es\/\"},{\"@type\":\"ListItem\",\"position\":2,\"name\":\"Carrera\"}]},{\"@type\":\"WebSite\",\"@id\":\"https:\/\/sanlucar.com\/#website\",\"url\":\"https:\/\/sanlucar.com\/\",\"name\":\"SanLucar\",\"description\":\"\",\"publisher\":{\"@id\":\"https:\/\/sanlucar.com\/#organization\"},\"potentialAction\":[{\"@type\":\"SearchAction\",\"target\":{\"@type\":\"EntryPoint\",\"urlTemplate\":\"https:\/\/sanlucar.com\/?s={search_term_string}\"},\"query-input\":{\"@type\":\"PropertyValueSpecification\",\"valueRequired\":true,\"valueName\":\"search_term_string\"}}],\"inLanguage\":\"es\"},{\"@type\":\"Organization\",\"@id\":\"https:\/\/sanlucar.com\/#organization\",\"name\":\"SanLucar\",\"url\":\"https:\/\/sanlucar.com\/\",\"logo\":{\"@type\":\"ImageObject\",\"inLanguage\":\"es\",\"@id\":\"https:\/\/sanlucar.com\/#\/schema\/logo\/image\/\",\"url\":\"https:\/\/sanlucar.com\/wp-content\/uploads\/2023\/01\/sanlucar-logo-onwhite.png\",\"contentUrl\":\"https:\/\/sanlucar.com\/wp-content\/uploads\/2023\/01\/sanlucar-logo-onwhite.png\",\"width\":800,\"height\":800,\"caption\":\"SanLucar\"},\"image\":{\"@id\":\"https:\/\/sanlucar.com\/#\/schema\/logo\/image\/\"},\"sameAs\":[\"https:\/\/www.facebook.com\/sanlucarfruit\",\"https:\/\/www.instagram.com\/sanlucarfruit\/\",\"https:\/\/www.youtube.com\/user\/SanLucar2009\",\"https:\/\/www.linkedin.com\/company\/sanlucar\/\"]}]}<\/script>\n<!-- \/ Yoast SEO plugin. -->","yoast_head_json":{"title":"Carrera | SanLucar","robots":{"index":"index","follow":"follow","max-snippet":"max-snippet:-1","max-image-preview":"max-image-preview:large","max-video-preview":"max-video-preview:-1"},"canonical":"https:\/\/sanlucar.com\/es\/karriere\/","og_locale":"es_ES","og_type":"article","og_title":"Carrera | SanLucar","og_url":"https:\/\/sanlucar.com\/es\/karriere\/","og_site_name":"SanLucar","article_publisher":"https:\/\/www.facebook.com\/sanlucarfruit","article_modified_time":"2024-12-17T11:55:11+00:00","og_image":[{"width":1555,"height":560,"url":"https:\/\/sanlucar.com\/wp-content\/uploads\/2024\/05\/Header-Karriere-1555x560-2.jpg","type":"image\/jpeg"}],"twitter_card":"summary_large_image","twitter_misc":{"Tiempo de lectura":"1 minuto"},"schema":{"@context":"https:\/\/schema.org","@graph":[{"@type":"WebPage","@id":"https:\/\/sanlucar.com\/es\/karriere\/","url":"https:\/\/sanlucar.com\/es\/karriere\/","name":"Carrera | SanLucar","isPartOf":{"@id":"https:\/\/sanlucar.com\/#website"},"datePublished":"2022-05-23T13:13:07+00:00","dateModified":"2024-12-17T11:55:11+00:00","breadcrumb":{"@id":"https:\/\/sanlucar.com\/es\/karriere\/#breadcrumb"},"inLanguage":"es","potentialAction":[{"@type":"ReadAction","target":["https:\/\/sanlucar.com\/es\/karriere\/"]}]},{"@type":"BreadcrumbList","@id":"https:\/\/sanlucar.com\/es\/karriere\/#breadcrumb","itemListElement":[{"@type":"ListItem","position":1,"name":"Home","item":"https:\/\/sanlucar.com\/es\/"},{"@type":"ListItem","position":2,"name":"Carrera"}]},{"@type":"WebSite","@id":"https:\/\/sanlucar.com\/#website","url":"https:\/\/sanlucar.com\/","name":"SanLucar","description":"","publisher":{"@id":"https:\/\/sanlucar.com\/#organization"},"potentialAction":[{"@type":"SearchAction","target":{"@type":"EntryPoint","urlTemplate":"https:\/\/sanlucar.com\/?s={search_term_string}"},"query-input":{"@type":"PropertyValueSpecification","valueRequired":true,"valueName":"search_term_string"}}],"inLanguage":"es"},{"@type":"Organization","@id":"https:\/\/sanlucar.com\/#organization","name":"SanLucar","url":"https:\/\/sanlucar.com\/","logo":{"@type":"ImageObject","inLanguage":"es","@id":"https:\/\/sanlucar.com\/#\/schema\/logo\/image\/","url":"https:\/\/sanlucar.com\/wp-content\/uploads\/2023\/01\/sanlucar-logo-onwhite.png","contentUrl":"https:\/\/sanlucar.com\/wp-content\/uploads\/2023\/01\/sanlucar-logo-onwhite.png","width":800,"height":800,"caption":"SanLucar"},"image":{"@id":"https:\/\/sanlucar.com\/#\/schema\/logo\/image\/"},"sameAs":["https:\/\/www.facebook.com\/sanlucarfruit","https:\/\/www.instagram.com\/sanlucarfruit\/","https:\/\/www.youtube.com\/user\/SanLucar2009","https:\/\/www.linkedin.com\/company\/sanlucar\/"]}]}},"_links":{"self":[{"href":"https:\/\/sanlucar.com\/es\/wp-json\/wp\/v2\/pages\/28822","targetHints":{"allow":["GET"]}}],"collection":[{"href":"https:\/\/sanlucar.com\/es\/wp-json\/wp\/v2\/pages"}],"about":[{"href":"https:\/\/sanlucar.com\/es\/wp-json\/wp\/v2\/types\/page"}],"author":[{"embeddable":true,"href":"https:\/\/sanlucar.com\/es\/wp-json\/wp\/v2\/users\/12"}],"replies":[{"embeddable":true,"href":"https:\/\/sanlucar.com\/es\/wp-json\/wp\/v2\/comments?post=28822"}],"version-history":[{"count":2,"href":"https:\/\/sanlucar.com\/es\/wp-json\/wp\/v2\/pages\/28822\/revisions"}],"predecessor-version":[{"id":51739,"href":"https:\/\/sanlucar.com\/es\/wp-json\/wp\/v2\/pages\/28822\/revisions\/51739"}],"wp:attachment":[{"href":"https:\/\/sanlucar.com\/es\/wp-json\/wp\/v2\/media?parent=28822"}],"curies":[{"name":"wp","href":"https:\/\/api.w.org\/{rel}","templated":true}]}}