
{"id":31541,"date":"2024-05-02T15:22:07","date_gmt":"2024-05-02T13:22:07","guid":{"rendered":"https:\/\/sanlucar.com\/empresa\/markenauftritt\/"},"modified":"2026-04-21T13:27:03","modified_gmt":"2026-04-21T11:27:03","slug":"branding","status":"publish","type":"page","link":"https:\/\/sanlucar.com\/es\/branding\/","title":{"rendered":"Branding"},"content":{"rendered":"\n            <div   class='avia-section main_color res_page_banner  avia-builder-el-0  el_before_av_one_half  avia-builder-el-first   avia-bg-style-scroll container_wrap fullsize' style='' data-section-bg-repeat='stretch'>            <div class=\"av-section-cont-open res_page_banner res_page_banner--headline_subline\">\n                <div class=\"template-page content av-content-full alpha units\">\n                    <div class=\"post-entry post-entry-type-page\">\n                        <div class=\"entry-content-wrapper clearfix\">\n                            <div class=\"flex_column av_one_full el_before_av_heading first flex_column_div avia-full-stretch res_page_banner__image\"\n                                 style=\"background-image: url(https:\/\/sanlucar.com\/wp-content\/uploads\/2024\/04\/POS_special.jpg); background-repeat: no-repeat; background-position: 50% 50%; background-attachment: scroll;\"><\/div>\n                            <div class=\"flex_column av_one_full flex_column_div avia-full-stretch res_page_banner__heading \">\n\t\t\t\t\t\t\t\t\n\t\t\t\t\t\t\t\t\t\t\t\t\t\t\t<div class=\"row\" style=\"max-width:1087px;margin-left:auto;margin-right:auto;background: #D4E8F1;padding:25px;padding-bottom:0;margin-top:-40px;\">\n\t\t\t\t\t\t\t\t<h1 class=\"col-md-12 product_header__main__intro_container__headline\" style=\"margin-left:0;margin-bottom:11px;\">Hallo Sonnenschein.<\/h1>\n\t\t\t\t\t\t\t\t<div class=\"col-md-6\">\t\n\t\t\t\t\t\t\t\t\t<p>Acomp\u00e1\u00f1anos en nuestro soleado mundo de m\u00e1s de 100 deliciosas variedades de frutas y verduras, refrescantes batidos y zumos, ensaladas reci\u00e9n preparadas y exuberantes plantas.<\/p>\n<p>Descubre inspiradores anuncios, v\u00eddeos de nuestras fincas y maestros horticultores, y magn\u00edficos expositores de supermercado. \u00bfSientes el sol? Entonces tambi\u00e9n encontrar\u00e1s aqu\u00ed los lugares donde puedes conseguir nuestras delicias.<\/p>\n\t\t\t\t\t\t\t\t<\/div>\n\t\t\t\t\t\t\t\t<div class=\"col-md-6\">\n\t\t\t\t\t\t\t\t\t\n\t\t\t\t\t\t\t\t<p><img loading=\"lazy\" decoding=\"async\" class=\"alignnone size-full wp-image-32342\" src=\"https:\/\/sanlucar.com\/wp-content\/uploads\/2024\/05\/Markenauftritt-1.jpg\" alt=\"\" width=\"502\" height=\"208\" srcset=\"https:\/\/sanlucar.com\/wp-content\/uploads\/2024\/05\/Markenauftritt-1.jpg 502w, https:\/\/sanlucar.com\/wp-content\/uploads\/2024\/05\/Markenauftritt-1-300x124.jpg 300w\" sizes=\"auto, (max-width: 502px) 100vw, 502px\" \/><\/p>\n\t\t\t\t\t\t\t\t<\/div>\n\t\t\t\t\t\t\t\t<\/div>\n\t\t\t\t\t\t\t\t<div class=\"row goawaypadding\" style=\"max-width:1087px;margin-left:auto;margin-right:auto;\">\n\t\t\t\t\t\t\t\t\n    <div  class=\"res_breadcrumbs \" style=\"\">\n        <ul class=\"d-flex flex-wrap\">\n            <li><a href=\"https:\/\/sanlucar.com\/es\/\">Inicio<\/a><span class=\"sep\">\/<\/span><\/li>\n                                                <li><span><span class=\"sep\">\/<\/span><\/span><\/li>\n                                                    <li class=\"res_breadcrumbs__current\"><span>Branding<\/span><\/li>\n        <\/ul>\n    <\/div>\n\n    \t\t\t\t\t\t\t\t<\/div>\n                                \t\t\t\t                            <\/div>\n                        <\/div>\n                    <\/div>\n                <\/div>\n            <\/div>\n\n\n\n\n            <\/div><div id='after_page_banner'  class='main_color av_default_container_wrap container_wrap fullsize'  ><div class='container av-section-cont-open' ><div class='template-page content  av-content-full alpha units'><div class='post-entry post-entry-type-page post-entry-31541'><div class='entry-content-wrapper clearfix'>            \n<div  class='flex_column av-1kubigq-a4f250f40ea46f3955196fca930651bb av_one_half  avia-builder-el-1  el_after_res_page_banner  el_before_av_one_half  avia-builder-el-first  first flex_column_div  '     ><p>\n<style type=\"text\/css\" data-created_by=\"avia_inline_auto\" id=\"style-css-av-lvp4wiiw-0dc2fa149fc6b08d0e131e05057c340d\">\n.avia-image-container.av-lvp4wiiw-0dc2fa149fc6b08d0e131e05057c340d .av-image-caption-overlay-center{\ncolor:#ffffff;\n}\n<\/style>\n<div  class='avia-image-container av-lvp4wiiw-0dc2fa149fc6b08d0e131e05057c340d av-styling- avia-align-center  avia-builder-el-2  el_before_av_textblock  avia-builder-el-first '  itemprop=\"image\" itemscope=\"itemscope\" itemtype=\"https:\/\/schema.org\/ImageObject\" ><div class=\"avia-image-container-inner\"><div class=\"avia-image-overlay-wrap\"><a href=\"https:\/\/sanlucar.com\/es\/empresa\/punto-de-venta\/\" class='avia_image' ><picture><source media='(max-width:300px)' srcset='https:\/\/sanlucar.com\/wp-content\/uploads\/2024\/02\/01-Im-Geschaft-300x134.jpg'><source media='(max-width:705px)' srcset='https:\/\/sanlucar.com\/wp-content\/uploads\/2024\/02\/01-Im-Geschaft-705x314.jpg'><source media='(max-width:768px)' srcset='https:\/\/sanlucar.com\/wp-content\/uploads\/2024\/02\/01-Im-Geschaft-768x342.jpg'><source media='(max-width:1030px)' srcset='https:\/\/sanlucar.com\/wp-content\/uploads\/2024\/02\/01-Im-Geschaft-1030x459.jpg'><source media='(max-width:1414px)' srcset='https:\/\/sanlucar.com\/wp-content\/uploads\/2024\/02\/01-Im-Geschaft.jpg'><img decoding=\"async\" class='avia_image ' src=\"https:\/\/sanlucar.com\/wp-content\/uploads\/2024\/02\/01-Im-Geschaft.jpg\" alt='SanLucar fresh produce displayed in-store, highlighting quality, freshness, and sustainability.' title='01-Im-Geschaft'\/><\/picture><\/a><\/div><\/div><\/div><br \/>\n<section  class='av_textblock_section av-lvp5s3dq-bbf5ece32352254a775270f42fc87a78 '   itemscope=\"itemscope\" itemtype=\"https:\/\/schema.org\/CreativeWork\" ><div class='avia_textblock'  itemprop=\"text\" ><h3><a href=\"https:\/\/sanlucar.com\/unternehmen\/markenauftritt-geschaeft\/\">Im Gesch\u00e4ft.<\/a><\/h3>\n<\/div><\/section><\/p><\/div><div  class='flex_column av-1l7cwm2-756faeb82ad6e079b4ef87c8248c34ff av_one_half  avia-builder-el-4  el_after_av_one_half  el_before_av_one_half  flex_column_div  '     ><p>\n<style type=\"text\/css\" data-created_by=\"avia_inline_auto\" id=\"style-css-av-lvp5zhzo-b2209a0490d7ac34547e340f4bef64fc\">\n.avia-image-container.av-lvp5zhzo-b2209a0490d7ac34547e340f4bef64fc .av-image-caption-overlay-center{\ncolor:#ffffff;\n}\n<\/style>\n<div  class='avia-image-container av-lvp5zhzo-b2209a0490d7ac34547e340f4bef64fc av-styling- avia-align-center  avia-builder-el-5  el_before_av_textblock  avia-builder-el-first '  itemprop=\"image\" itemscope=\"itemscope\" itemtype=\"https:\/\/schema.org\/ImageObject\" ><div class=\"avia-image-container-inner\"><div class=\"avia-image-overlay-wrap\"><a href=\"https:\/\/sanlucar.com\/es\/empresa\/agricultor-videos\/\" class='avia_image' ><picture><source media='(max-width:300px)' srcset='https:\/\/sanlucar.com\/wp-content\/uploads\/2024\/05\/Genaro-300x134.jpg'><source media='(max-width:705px)' srcset='https:\/\/sanlucar.com\/wp-content\/uploads\/2024\/05\/Genaro-705x314.jpg'><source media='(max-width:768px)' srcset='https:\/\/sanlucar.com\/wp-content\/uploads\/2024\/05\/Genaro-768x342.jpg'><source media='(max-width:1030px)' srcset='https:\/\/sanlucar.com\/wp-content\/uploads\/2024\/05\/Genaro-1030x459.jpg'><source media='(max-width:1414px)' srcset='https:\/\/sanlucar.com\/wp-content\/uploads\/2024\/05\/Genaro.jpg'><img decoding=\"async\" class='avia_image ' src=\"https:\/\/sanlucar.com\/wp-content\/uploads\/2024\/05\/Genaro.jpg\" alt='' title='Genaro'\/><\/picture><\/a><\/div><\/div><\/div><br \/>\n<section  class='av_textblock_section av-lvp5wd44-b5d2a597a2868d33f4f07b8738d0e732 '   itemscope=\"itemscope\" itemtype=\"https:\/\/schema.org\/CreativeWork\" ><div class='avia_textblock'  itemprop=\"text\" ><h3><a href=\"https:\/\/sanlucar.com\/unternehmen\/markenauftritt-fincas\/\">Von den Fincas.<\/a><\/h3>\n<\/div><\/section><\/p><\/div><div  class='flex_column av-17gs4e2-f2c45af652e3665bf4b7fa8cac7d5563 av_one_half  avia-builder-el-7  el_after_av_one_half  el_before_av_one_half  first flex_column_div  column-top-margin'     ><p>\n<style type=\"text\/css\" data-created_by=\"avia_inline_auto\" id=\"style-css-av-lvp9o53f-b94a28f5516812423004468165fdcfb5\">\n.avia-image-container.av-lvp9o53f-b94a28f5516812423004468165fdcfb5 .av-image-caption-overlay-center{\ncolor:#ffffff;\n}\n<\/style>\n<div  class='avia-image-container av-lvp9o53f-b94a28f5516812423004468165fdcfb5 av-styling- avia-align-center  avia-builder-el-8  el_before_av_textblock  avia-builder-el-first '  itemprop=\"image\" itemscope=\"itemscope\" itemtype=\"https:\/\/schema.org\/ImageObject\" ><div class=\"avia-image-container-inner\"><div class=\"avia-image-overlay-wrap\"><a href=\"https:\/\/sanlucar.com\/es\/empresa\/tv-spots\/\" class='avia_image' ><picture><source media='(max-width:300px)' srcset='https:\/\/sanlucar.com\/wp-content\/uploads\/2024\/02\/03-Im-Fernsehen-1-300x134.jpg'><source media='(max-width:705px)' srcset='https:\/\/sanlucar.com\/wp-content\/uploads\/2024\/02\/03-Im-Fernsehen-1-705x314.jpg'><source media='(max-width:768px)' srcset='https:\/\/sanlucar.com\/wp-content\/uploads\/2024\/02\/03-Im-Fernsehen-1-768x342.jpg'><source media='(max-width:1030px)' srcset='https:\/\/sanlucar.com\/wp-content\/uploads\/2024\/02\/03-Im-Fernsehen-1-1030x459.jpg'><source media='(max-width:1414px)' srcset='https:\/\/sanlucar.com\/wp-content\/uploads\/2024\/02\/03-Im-Fernsehen-1.jpg'><img decoding=\"async\" class='avia_image ' src=\"https:\/\/sanlucar.com\/wp-content\/uploads\/2024\/02\/03-Im-Fernsehen-1.jpg\" alt='' title='03-Im-Fernsehen'\/><\/picture><\/a><\/div><\/div><\/div><br \/>\n<section  class='av_textblock_section av-lvp60tcu-e50d22ca4e91cdb3861536e1600ae4e8 '   itemscope=\"itemscope\" itemtype=\"https:\/\/schema.org\/CreativeWork\" ><div class='avia_textblock'  itemprop=\"text\" ><h3><a href=\"https:\/\/sanlucar.com\/unternehmen\/markenauftritt-fernsehen\/\">Im Fernsehen.<\/a><\/h3>\n<\/div><\/section><\/p><\/div><div  class='flex_column av-ik5bcq-f7f30b80c5ffba366624538bc0c5332a av_one_half  avia-builder-el-10  el_after_av_one_half  avia-builder-el-last  flex_column_div  column-top-margin'     ><p>\n<style type=\"text\/css\" data-created_by=\"avia_inline_auto\" id=\"style-css-av-lvp9tvfu-55f40c6181cf65600ac88b9dd40eae0c\">\n.avia-image-container.av-lvp9tvfu-55f40c6181cf65600ac88b9dd40eae0c .av-image-caption-overlay-center{\ncolor:#ffffff;\n}\n<\/style>\n<div  class='avia-image-container av-lvp9tvfu-55f40c6181cf65600ac88b9dd40eae0c av-styling- avia-align-center  avia-builder-el-11  el_before_av_textblock  avia-builder-el-first '  itemprop=\"image\" itemscope=\"itemscope\" itemtype=\"https:\/\/schema.org\/ImageObject\" ><div class=\"avia-image-container-inner\"><div class=\"avia-image-overlay-wrap\"><a href=\"https:\/\/sanlucar.com\/es\/aqui-encontrara-sanlucar\/\" class='avia_image' ><picture><source media='(max-width:300px)' srcset='https:\/\/sanlucar.com\/wp-content\/uploads\/2024\/05\/POSDE-300x134.jpg'><source media='(max-width:705px)' srcset='https:\/\/sanlucar.com\/wp-content\/uploads\/2024\/05\/POSDE-705x314.jpg'><source media='(max-width:768px)' srcset='https:\/\/sanlucar.com\/wp-content\/uploads\/2024\/05\/POSDE-768x342.jpg'><source media='(max-width:1030px)' srcset='https:\/\/sanlucar.com\/wp-content\/uploads\/2024\/05\/POSDE-1030x459.jpg'><source media='(max-width:1414px)' srcset='https:\/\/sanlucar.com\/wp-content\/uploads\/2024\/05\/POSDE.jpg'><img decoding=\"async\" class='avia_image ' src=\"https:\/\/sanlucar.com\/wp-content\/uploads\/2024\/05\/POSDE.jpg\" alt='' title='POSDE'\/><\/picture><\/a><\/div><\/div><\/div><br \/>\n<section  class='av_textblock_section av-lvp9pr2g-58342df13bc34cce73d26cadd6461abb '   itemscope=\"itemscope\" itemtype=\"https:\/\/schema.org\/CreativeWork\" ><div class='avia_textblock'  itemprop=\"text\" ><h3><a href=\"https:\/\/sanlucar.com\/hier-gibt-es-sanlucar\/\">Hier gibt es SanLucar.<\/a><\/h3>\n<\/div><\/section><\/p><\/div><\/p>\n","protected":false},"excerpt":{"rendered":"","protected":false},"author":12,"featured_media":30920,"parent":0,"menu_order":0,"comment_status":"closed","ping_status":"closed","template":"","meta":{"_acf_changed":false,"footnotes":""},"class_list":["post-31541","page","type-page","status-publish","has-post-thumbnail","hentry"],"acf":[],"yoast_head":"<!-- This site is optimized with the Yoast SEO plugin v27.0 - https:\/\/yoast.com\/product\/yoast-seo-wordpress\/ -->\n<title>Branding | SanLucar<\/title>\n<meta name=\"robots\" content=\"index, follow, max-snippet:-1, max-image-preview:large, max-video-preview:-1\" \/>\n<link rel=\"canonical\" href=\"https:\/\/sanlucar.com\/es\/empresa\/branding\/\" \/>\n<meta property=\"og:locale\" content=\"es_ES\" \/>\n<meta property=\"og:type\" content=\"article\" \/>\n<meta property=\"og:title\" content=\"Branding | SanLucar\" \/>\n<meta property=\"og:url\" content=\"https:\/\/sanlucar.com\/es\/empresa\/branding\/\" \/>\n<meta property=\"og:site_name\" content=\"SanLucar\" \/>\n<meta property=\"article:publisher\" content=\"https:\/\/www.facebook.com\/sanlucarfruit\" \/>\n<meta property=\"article:modified_time\" content=\"2026-04-21T11:27:03+00:00\" \/>\n<meta property=\"og:image\" content=\"https:\/\/sanlucar.com\/wp-content\/uploads\/2024\/04\/POS_special.jpg\" \/>\n\t<meta property=\"og:image:width\" content=\"1920\" \/>\n\t<meta property=\"og:image:height\" content=\"1280\" \/>\n\t<meta property=\"og:image:type\" content=\"image\/jpeg\" \/>\n<meta name=\"twitter:card\" content=\"summary_large_image\" \/>\n<meta name=\"twitter:label1\" content=\"Tiempo de lectura\" \/>\n\t<meta name=\"twitter:data1\" content=\"1 minuto\" \/>\n<script type=\"application\/ld+json\" class=\"yoast-schema-graph\">{\"@context\":\"https:\/\/schema.org\",\"@graph\":[{\"@type\":\"WebPage\",\"@id\":\"https:\/\/sanlucar.com\/es\/empresa\/branding\/\",\"url\":\"https:\/\/sanlucar.com\/es\/empresa\/branding\/\",\"name\":\"Branding | SanLucar\",\"isPartOf\":{\"@id\":\"https:\/\/sanlucar.com\/#website\"},\"primaryImageOfPage\":{\"@id\":\"https:\/\/sanlucar.com\/es\/empresa\/branding\/#primaryimage\"},\"image\":{\"@id\":\"https:\/\/sanlucar.com\/es\/empresa\/branding\/#primaryimage\"},\"thumbnailUrl\":\"https:\/\/sanlucar.com\/wp-content\/uploads\/2024\/04\/POS_special.jpg\",\"datePublished\":\"2024-05-02T13:22:07+00:00\",\"dateModified\":\"2026-04-21T11:27:03+00:00\",\"breadcrumb\":{\"@id\":\"https:\/\/sanlucar.com\/es\/empresa\/branding\/#breadcrumb\"},\"inLanguage\":\"es\",\"potentialAction\":[{\"@type\":\"ReadAction\",\"target\":[\"https:\/\/sanlucar.com\/es\/empresa\/branding\/\"]}]},{\"@type\":\"ImageObject\",\"inLanguage\":\"es\",\"@id\":\"https:\/\/sanlucar.com\/es\/empresa\/branding\/#primaryimage\",\"url\":\"https:\/\/sanlucar.com\/wp-content\/uploads\/2024\/04\/POS_special.jpg\",\"contentUrl\":\"https:\/\/sanlucar.com\/wp-content\/uploads\/2024\/04\/POS_special.jpg\",\"width\":1920,\"height\":1280},{\"@type\":\"BreadcrumbList\",\"@id\":\"https:\/\/sanlucar.com\/es\/empresa\/branding\/#breadcrumb\",\"itemListElement\":[{\"@type\":\"ListItem\",\"position\":1,\"name\":\"Home\",\"item\":\"https:\/\/sanlucar.com\/es\/\"},{\"@type\":\"ListItem\",\"position\":2,\"name\":\"Branding\"}]},{\"@type\":\"WebSite\",\"@id\":\"https:\/\/sanlucar.com\/#website\",\"url\":\"https:\/\/sanlucar.com\/\",\"name\":\"SanLucar\",\"description\":\"\",\"publisher\":{\"@id\":\"https:\/\/sanlucar.com\/#organization\"},\"potentialAction\":[{\"@type\":\"SearchAction\",\"target\":{\"@type\":\"EntryPoint\",\"urlTemplate\":\"https:\/\/sanlucar.com\/?s={search_term_string}\"},\"query-input\":{\"@type\":\"PropertyValueSpecification\",\"valueRequired\":true,\"valueName\":\"search_term_string\"}}],\"inLanguage\":\"es\"},{\"@type\":\"Organization\",\"@id\":\"https:\/\/sanlucar.com\/#organization\",\"name\":\"SanLucar\",\"url\":\"https:\/\/sanlucar.com\/\",\"logo\":{\"@type\":\"ImageObject\",\"inLanguage\":\"es\",\"@id\":\"https:\/\/sanlucar.com\/#\/schema\/logo\/image\/\",\"url\":\"https:\/\/sanlucar.com\/wp-content\/uploads\/2023\/01\/sanlucar-logo-onwhite.png\",\"contentUrl\":\"https:\/\/sanlucar.com\/wp-content\/uploads\/2023\/01\/sanlucar-logo-onwhite.png\",\"width\":800,\"height\":800,\"caption\":\"SanLucar\"},\"image\":{\"@id\":\"https:\/\/sanlucar.com\/#\/schema\/logo\/image\/\"},\"sameAs\":[\"https:\/\/www.facebook.com\/sanlucarfruit\",\"https:\/\/www.instagram.com\/sanlucarfruit\/\",\"https:\/\/www.youtube.com\/user\/SanLucar2009\",\"https:\/\/www.linkedin.com\/company\/sanlucar\/\"]}]}<\/script>\n<!-- \/ Yoast SEO plugin. -->","yoast_head_json":{"title":"Branding | SanLucar","robots":{"index":"index","follow":"follow","max-snippet":"max-snippet:-1","max-image-preview":"max-image-preview:large","max-video-preview":"max-video-preview:-1"},"canonical":"https:\/\/sanlucar.com\/es\/empresa\/branding\/","og_locale":"es_ES","og_type":"article","og_title":"Branding | SanLucar","og_url":"https:\/\/sanlucar.com\/es\/empresa\/branding\/","og_site_name":"SanLucar","article_publisher":"https:\/\/www.facebook.com\/sanlucarfruit","article_modified_time":"2026-04-21T11:27:03+00:00","og_image":[{"width":1920,"height":1280,"url":"https:\/\/sanlucar.com\/wp-content\/uploads\/2024\/04\/POS_special.jpg","type":"image\/jpeg"}],"twitter_card":"summary_large_image","twitter_misc":{"Tiempo de lectura":"1 minuto"},"schema":{"@context":"https:\/\/schema.org","@graph":[{"@type":"WebPage","@id":"https:\/\/sanlucar.com\/es\/empresa\/branding\/","url":"https:\/\/sanlucar.com\/es\/empresa\/branding\/","name":"Branding | SanLucar","isPartOf":{"@id":"https:\/\/sanlucar.com\/#website"},"primaryImageOfPage":{"@id":"https:\/\/sanlucar.com\/es\/empresa\/branding\/#primaryimage"},"image":{"@id":"https:\/\/sanlucar.com\/es\/empresa\/branding\/#primaryimage"},"thumbnailUrl":"https:\/\/sanlucar.com\/wp-content\/uploads\/2024\/04\/POS_special.jpg","datePublished":"2024-05-02T13:22:07+00:00","dateModified":"2026-04-21T11:27:03+00:00","breadcrumb":{"@id":"https:\/\/sanlucar.com\/es\/empresa\/branding\/#breadcrumb"},"inLanguage":"es","potentialAction":[{"@type":"ReadAction","target":["https:\/\/sanlucar.com\/es\/empresa\/branding\/"]}]},{"@type":"ImageObject","inLanguage":"es","@id":"https:\/\/sanlucar.com\/es\/empresa\/branding\/#primaryimage","url":"https:\/\/sanlucar.com\/wp-content\/uploads\/2024\/04\/POS_special.jpg","contentUrl":"https:\/\/sanlucar.com\/wp-content\/uploads\/2024\/04\/POS_special.jpg","width":1920,"height":1280},{"@type":"BreadcrumbList","@id":"https:\/\/sanlucar.com\/es\/empresa\/branding\/#breadcrumb","itemListElement":[{"@type":"ListItem","position":1,"name":"Home","item":"https:\/\/sanlucar.com\/es\/"},{"@type":"ListItem","position":2,"name":"Branding"}]},{"@type":"WebSite","@id":"https:\/\/sanlucar.com\/#website","url":"https:\/\/sanlucar.com\/","name":"SanLucar","description":"","publisher":{"@id":"https:\/\/sanlucar.com\/#organization"},"potentialAction":[{"@type":"SearchAction","target":{"@type":"EntryPoint","urlTemplate":"https:\/\/sanlucar.com\/?s={search_term_string}"},"query-input":{"@type":"PropertyValueSpecification","valueRequired":true,"valueName":"search_term_string"}}],"inLanguage":"es"},{"@type":"Organization","@id":"https:\/\/sanlucar.com\/#organization","name":"SanLucar","url":"https:\/\/sanlucar.com\/","logo":{"@type":"ImageObject","inLanguage":"es","@id":"https:\/\/sanlucar.com\/#\/schema\/logo\/image\/","url":"https:\/\/sanlucar.com\/wp-content\/uploads\/2023\/01\/sanlucar-logo-onwhite.png","contentUrl":"https:\/\/sanlucar.com\/wp-content\/uploads\/2023\/01\/sanlucar-logo-onwhite.png","width":800,"height":800,"caption":"SanLucar"},"image":{"@id":"https:\/\/sanlucar.com\/#\/schema\/logo\/image\/"},"sameAs":["https:\/\/www.facebook.com\/sanlucarfruit","https:\/\/www.instagram.com\/sanlucarfruit\/","https:\/\/www.youtube.com\/user\/SanLucar2009","https:\/\/www.linkedin.com\/company\/sanlucar\/"]}]}},"_links":{"self":[{"href":"https:\/\/sanlucar.com\/es\/wp-json\/wp\/v2\/pages\/31541","targetHints":{"allow":["GET"]}}],"collection":[{"href":"https:\/\/sanlucar.com\/es\/wp-json\/wp\/v2\/pages"}],"about":[{"href":"https:\/\/sanlucar.com\/es\/wp-json\/wp\/v2\/types\/page"}],"author":[{"embeddable":true,"href":"https:\/\/sanlucar.com\/es\/wp-json\/wp\/v2\/users\/12"}],"replies":[{"embeddable":true,"href":"https:\/\/sanlucar.com\/es\/wp-json\/wp\/v2\/comments?post=31541"}],"version-history":[{"count":4,"href":"https:\/\/sanlucar.com\/es\/wp-json\/wp\/v2\/pages\/31541\/revisions"}],"predecessor-version":[{"id":58513,"href":"https:\/\/sanlucar.com\/es\/wp-json\/wp\/v2\/pages\/31541\/revisions\/58513"}],"wp:featuredmedia":[{"embeddable":true,"href":"https:\/\/sanlucar.com\/es\/wp-json\/wp\/v2\/media\/30920"}],"wp:attachment":[{"href":"https:\/\/sanlucar.com\/es\/wp-json\/wp\/v2\/media?parent=31541"}],"curies":[{"name":"wp","href":"https:\/\/api.w.org\/{rel}","templated":true}]}}