
{"id":35339,"date":"2024-06-07T12:26:26","date_gmt":"2024-06-07T10:26:26","guid":{"rendered":"https:\/\/sanlucar.com\/ethik-linie\/"},"modified":"2025-11-06T09:29:23","modified_gmt":"2025-11-06T08:29:23","slug":"compliance","status":"publish","type":"page","link":"https:\/\/sanlucar.com\/es\/compliance\/","title":{"rendered":"Compliance"},"content":{"rendered":"<p><strong>CANAL DE COMPLIANCE DE SANLUCAR FRUIT, S.L.U.\u200b\u200b<br \/>\n<\/strong>Atendiendo con lo establecido en la\u00a0<em>Ley 2\/2023, de 20 de febrero, reguladora de la protecci\u00f3n de las personas que informen sobre infracciones normativas y de lucha contra la corrupci\u00f3n<\/em>, todas las empresas que tengan m\u00e1s de 50 trabajadores tienen la obligaci\u00f3n de disponer de un canal interno de informaci\u00f3n que permita realizar comunicaciones sobre aquellos hechos que puedan suponer una infracci\u00f3n penal o administrativa grave, o bien, una infracci\u00f3n del derecho de la UE.<br \/>\nPor otro lado, en la normativa, se recoge la obligaci\u00f3n de poner a disposici\u00f3n de las partes interesadas informaci\u00f3n sobre el uso de todo canal interno de informaci\u00f3n, as\u00ed como los principios esenciales del procedimiento.<br \/>\nPara garantizar el cumplimiento de lo anterior, ponemos a su disposici\u00f3n lo siguiente:<\/p>\n<p><a href=\"https:\/\/sanlucar.com\/wp-content\/uploads\/2024\/06\/2024.01.15.-Sanlucar-Politica-del-Sistema-de-Informacion-publicada.pdf\">1. C\u00f3mo nos comunicamos y manejamos la informaci\u00f3n.<\/a><\/p>\n<p><a href=\"https:\/\/sanlucar.com\/wp-content\/uploads\/2024\/06\/2024.05.15.-MANUAL-DE-USO-DEL-CANAL-DE-COMPLIANCE-SANLUCAR-FRUIT-v.2-1.docx\">2. <\/a><a href=\"https:\/\/sanlucar.com\/wp-content\/uploads\/2024\/06\/2024.05.15.-MANUAL-DE-USO-DEL-CANAL-DE-COMPLIANCE-SANLUCAR-FRUIT-v.2-1.docx\">As\u00ed puedes usar nuestro canal interno de cumplimiento.<\/a><\/p>\n<p><strong>SANLUCAR FRUIT, S.L.U.\u200b\u200b, informa:<\/strong><\/p>\n<p><strong>CANAL DE COMPLIANCE<\/strong><\/p>\n<p>El presente Canal de Compliance garantiza el cumplimiento de lo establecido en la normativa anteriormente mencionada de acuerdo con lo establecido en los art\u00edculos 7 y 9 de la misma.<\/p>\n<p><strong>COMUNICACIONES AN\u00d3NIMAS Y DATOS PERSONALES<\/strong><br \/>\nLas comunicaciones podr\u00e1n ser an\u00f3nimas, no siendo obligatoria la identificaci\u00f3n del informante, y se contestar\u00e1n por el mismo canal por el que se han recibido, para ello ser\u00e1 necesario que guarde el c\u00f3digo de seguimiento que le ser\u00e1 asignado en el mensaje de recepci\u00f3n de la denuncia.<br \/>\nEl anonimato, s\u00f3lo se levantar\u00e1 con el consentimiento expreso del informante o cuando constituya una obligaci\u00f3n necesaria y proporcionada impuesta por el Derecho de la Uni\u00f3n o nacional en el contexto de una investigaci\u00f3n llevada a cabo por las autoridades nacionales o en el marco de un proceso judicial, en particular para salvaguardar el derecho de defensa de la persona afectada.<br \/>\nDurante el proceso se garantizar\u00e1, por tanto, el cumplimiento de la legislaci\u00f3n en materia de protecci\u00f3n de datos vigente. (LOPD y RGPD).<\/p>\n<p><strong>USO DEL CANAL DE COMPLIANCE<br \/>\n<\/strong>Cuando vaya a interponer una denuncia, observar\u00e1 que es dirigido a una herramienta on-line externa al dominio de SANLUCAR FRUIT, S.L.U.\u00a0 el mensaje es transmitido a la herramienta de un proveedor externo con el objetivo de garantizar total objetividad y transparencia en el proceso de gesti\u00f3n de la denuncia.<br \/>\nEn todo caso, el proveedor externo cumplir\u00e1 con las instrucciones establecidas por SANLUCAR FRUIT, S.L.U.\u00a0 y siempre conforme a la legislaci\u00f3n vigente en materia de protecci\u00f3n de datos, garantiz\u00e1ndose el cumplimiento de las obligaciones previstas en el Art. 28 del RGPD.<br \/>\nPor ello, la presente herramienta podr\u00e1 ser utilizada por cualquier empleado de las empresas del Grupo SANLUCAR o bien cualquier otra tercera persona que pueda tener conocimiento de conductas contrarias a la \u00e9tica, fraudulentas o il\u00edcitas cometidas en el seno de nuestra Organizaci\u00f3n.<br \/>\nEste Canal de Compliance no es el canal id\u00f3neo para temas relacionados con sus condiciones de empleo o cuestiones disciplinarias. En ese caso deber\u00e1 seguir las pol\u00edticas establecidas en su organizaci\u00f3n.<br \/>\nA trav\u00e9s de diferentes enlaces puede acceder al Canal de Compliance habilitado para cada una de las empresas del Grupo SANLUCAR:<br \/>\nMAMARITZ SLU:\u00a0<a href=\"https:\/\/cybersecurity.telefonica.com\/sandasgrc\/?organization=9B05A024-4E0C-4640-8BE5-B4B0C356C9E9&amp;multi=E42038E3-4211-4BE7-80AF-060CC06A865B\" target=\"_blank\" rel=\"noopener noreferrer\">Clique aqu\u00ed para acceder al Canal de Compliance<\/a>.<br \/>\nTHE ROETZER FAMILY SLU:\u00a0<a href=\"https:\/\/cybersecurity.telefonica.com\/sandasgrc\/?organization=9B05A024-4E0C-4640-8BE5-B4B0C356C9E9&amp;multi=0C753528-F548-4D15-9647-ACDF9DCF848C\" target=\"_blank\" rel=\"noopener noreferrer\">Clique aqu\u00ed para acceder al Canal de Compliance<\/a>.<br \/>\nSANLUCAR FRUIT SLU:\u00a0<a href=\"https:\/\/cybersecurity.telefonica.com\/sandasgrc\/?organization=9B05A024-4E0C-4640-8BE5-B4B0C356C9E9\" target=\"_blank\" rel=\"noopener noreferrer\">Clique aqu\u00ed para acceder al Canal de Compliance<\/a>.<br \/>\nAGRICOLA DEHESA DE BA\u00d1OS SL:\u00a0<a href=\"https:\/\/cybersecurity.telefonica.com\/sandasgrc\/?organization=9B05A024-4E0C-4640-8BE5-B4B0C356C9E9&amp;multi=D88A6AF8-BBD4-4A43-A685-A69B63F222DB\" target=\"_blank\" rel=\"noopener noreferrer\">Clique aqu\u00ed para acceder al Canal de Compliance<\/a>.<br \/>\nSANLUCAR CANARIAS SLU:\u00a0<a href=\"https:\/\/cybersecurity.telefonica.com\/sandasgrc\/?organization=9B05A024-4E0C-4640-8BE5-B4B0C356C9E9&amp;multi=E2B01BD0-2E93-46AE-9DFA-474238B3A33E\" target=\"_blank\" rel=\"noopener noreferrer\">Clique aqu\u00ed para acceder al Canal de Compliance<\/a>.<br \/>\nUNIQUA FRUIT SL:\u00a0<a href=\"https:\/\/cybersecurity.telefonica.com\/sandasgrc\/?organization=9B05A024-4E0C-4640-8BE5-B4B0C356C9E9&amp;multi=88ACE72F-7F51-4352-B768-02E5E21A028A\" target=\"_blank\" rel=\"noopener noreferrer\">Clique aqu\u00ed para acceder al Canal de Compliance<\/a>.<br \/>\nNATURE ORIGIN FRUIT SLU:\u00a0<a href=\"https:\/\/cybersecurity.telefonica.com\/sandasgrc\/?organization=9B05A024-4E0C-4640-8BE5-B4B0C356C9E9&amp;multi=6F5894EC-34A9-48C6-9B9E-44FAADAEE445\" target=\"_blank\" rel=\"noopener noreferrer\">Clique aqu\u00ed para acceder al Canal de Compliance<\/a>.<br \/>\nGRUPO FRUTAS AQUA SL:\u00a0<a href=\"https:\/\/cybersecurity.telefonica.com\/sandasgrc\/?organization=9B05A024-4E0C-4640-8BE5-B4B0C356C9E9&amp;multi=7350A47E-3EF0-4132-94C9-5B41F9AAC69E\" target=\"_blank\" rel=\"noopener noreferrer\">Clique aqu\u00ed para acceder al Canal de Compliance<\/a>.<br \/>\nEL PUNTAL AGRARIA SA:\u00a0<a href=\"https:\/\/cybersecurity.telefonica.com\/sandasgrc\/?organization=9B05A024-4E0C-4640-8BE5-B4B0C356C9E9&amp;multi=90EF8EC5-D5DD-48D8-96E1-30D4ED9838DC\" target=\"_blank\" rel=\"noopener noreferrer\">Clique aqu\u00ed para acceder al Canal de Compliance<\/a>.<br \/>\nAGRICOLA PONY SL:\u00a0<a href=\"https:\/\/cybersecurity.telefonica.com\/sandasgrc\/?organization=9B05A024-4E0C-4640-8BE5-B4B0C356C9E9&amp;multi=3675DF8A-D62A-4178-9BDF-F9042B75BA21\" target=\"_blank\" rel=\"noopener noreferrer\">Clique aqu\u00ed para acceder al Canal de Compliance<\/a>.<br \/>\nSANLUCAR VERTRIEB DEUTSCHLAND GMBH: <a href=\"https:\/\/urldefense.com\/v3\/__https:\/cybersecurity.telefonica.com\/sandasgrc\/?organization=9B05A024-4E0C-4640-8BE5-B4B0C356C9E9&amp;multi=B3998AD2-735C-4D31-A64A-E27301395B4E__;!!HV2Zw20J-w!_JUAf3j1RY4Qk6fdIydGdYEc-E4pD0vOwOTG8g-4Pu--s7UX1T3JWaFtQ-N7qyBX0QsqnUz7ZlhnurM$\" target=\"_blank\" rel=\"noopener noreferrer\">Clique aqu\u00ed para acceder al Canal de Compliance<\/a>.<br \/>\nNATURAL CARI\u00d1ENA SL: <a href=\"https:\/\/cybersecurity.telefonica.com\/sandasgrc\/?organization=9B05A024-4E0C-4640-8BE5-B4B0C356C9E9&amp;multi=D92BB32A-4C76-41DC-BEFB-6C1CE1BB6B38\" target=\"_blank\" rel=\"noopener noreferrer\">Clique aqu\u00ed para acceder al Canal de Compliance<\/a>.<\/p>\n<p><strong>INFORMACI\u00d3N B\u00c1SICA SOBRE PROTECCI\u00d3N DE DATOS PERSONALES<br \/>\n<\/strong><em>El responsable del tratamiento de los datos es SANLUCAR FRUIT, S.L.U.\u00a0 que, tratar\u00e1 la informaci\u00f3n que se recoja a trav\u00e9s del canal en cumplimiento de una obligaci\u00f3n legal prevista en el la Ley 2\/2023, de 21 de febrero,<\/em>\u00a0<em>reguladora de la protecci\u00f3n de las personas que informen sobre infracciones normativas y de lucha contra la corrupci\u00f3n, con la finalidad de gestionar las denuncias que se reciban a trav\u00e9s del canal, garantizando la confidencialidad de los datos del denunciante, manteni\u00e9ndolos an\u00f3nimos sin comunicarlos a terceros salvo que su identificaci\u00f3n constituya una obligaci\u00f3n necesaria y proporcionada impuesta por el derecho de la UE o nacional en el contexto de una investigaci\u00f3n llevada a cabo por las autoridades nacionales o en el marco de un proceso judicial, en cuyo caso deber\u00e1 comunicarse a las autoridades competentes en el asunto.<\/em><\/p>\n<p><em>Sus datos ser\u00e1n conservados durante un per\u00edodo m\u00e1ximo de 3 meses desde la introducci\u00f3n de los datos en el canal, pero podr\u00e1n permanecer bloqueados cuando sea necesario para evidenciar el funcionamiento del modelo de prevenci\u00f3n de delito o pueda ser requerido por la autoridad competente para el inicio de la correspondiente investigaci\u00f3n de los hechos.<br \/>\n<\/em><em>Para m\u00e1s informaci\u00f3n sobre el tratamiento de sus datos o como ejercitar sus derechos puede dirigirse a nuestra Pol\u00edtica de Privacidad.\u00a0<\/em><\/p>\n<p><strong>POL\u00cdTICA DE PRIVACIDAD CANAL DE COMPLIANCE<br \/>\n<\/strong>En cumplimiento del art\u00edculo 13 Reglamento (UE) 2016\/679 del Parlamento Europeo y del Consejo, de 27 de abril de 2016, relativo a la protecci\u00f3n de las personas f\u00edsicas en lo que respecta al tratamiento de datos personales y a la libre circulaci\u00f3n de estos datos, del art\u00edculo 11 de la Ley Org\u00e1nica 3\/2018, de 5 de diciembre, de Protecci\u00f3n de Datos Personales y garant\u00eda de los derechos digitales y del art\u00edculo 31 de la Ley 2\/2023, de 20 de febrero, reguladora de la protecci\u00f3n de las personas que informen sobre infracciones normativas y de lucha contra la corrupci\u00f3n, detallamos a continuaci\u00f3n la informaci\u00f3n sobre protecci\u00f3n de datos personales respecto del tratamiento de datos en el Sistema Interno de Informaci\u00f3n:<\/p>\n<p><strong>1. RESPONSABLE DEL TRATAMIENTO<br \/>\n<\/strong>El Responsable del tratamiento es SANLUCAR FRUIT, S.L.U., con NIF B96128590, domicilio en Sera Llarga, 24, 46530 Puzol (Valencia), Espa\u00f1a, y tel\u00e9fono (+34) 96 142 40 40.<br \/>\nSus datos personales ser\u00e1n tratados con la m\u00e1s estricta confidencialidad, \u00fanicamente por personal autorizado para ello.<\/p>\n<p><strong>2. ORIGEN DE LOS DATOS<br \/>\n<\/strong>En caso de que haya optado por identificarse, sus datos personales han sido obtenidos a trav\u00e9s del formulario rellenado por usted del Canal de Compliance habilitado por SANLUCAR FRUIT.<\/p>\n<p><strong>3. FINALIDAD DEL TRATAMIENTO<br \/>\n<\/strong>Los datos personales suministrados por usted a trav\u00e9s del formulario y los contenidos en la documentaci\u00f3n que remita como soporte de su comunicaci\u00f3n, ser\u00e1n tratados con la \u00fanica finalidad de gestionar las denuncias que se reciban a trav\u00e9s del canal y tramitar las investigaciones de los presuntos hechos comunicados, o, en su caso, para dar respuesta a la consulta planteada, as\u00ed como para adoptar, si procede, medidas de protecci\u00f3n y\/o de prevenci\u00f3n de represalias, todo ello en cumplimiento de lo dispuesto en la Pol\u00edtica del Sistema Interno de Informaci\u00f3n y en el Protocolo de gesti\u00f3n del Canal de Compliance.<\/p>\n<p><strong>4. LEGITIMACI\u00d3N DEL TRATAMIENTO<br \/>\n<\/strong>La base legal para el tratamiento de sus datos personales en la gesti\u00f3n del Sistema Interno de Informaci\u00f3n ser\u00e1<strong>\u00a0<\/strong>la establecida en el art. 6.1.c del RGPD, en la medida en que el tratamiento es necesario para el cumplimiento de una obligaci\u00f3n legal aplicable al responsable del tratamiento conforme a lo dispuesto en la Ley 2\/2023, de 20 de febrero, reguladora de la protecci\u00f3n de las personas que informen sobre infracciones normativas y de lucha contra la corrupci\u00f3n.<\/p>\n<p><strong>5. PLAZOS DE CONSERVACI\u00d3N<br \/>\n<\/strong>Los datos que sean objeto de tratamiento podr\u00e1n conservarse en el sistema de informaciones \u00fanicamente durante el tiempo imprescindible para decidir sobre la procedencia de iniciar una investigaci\u00f3n sobre los hechos informados.<br \/>\nSi se acreditara que la informaci\u00f3n facilitada o parte de ella no es veraz, deber\u00e1 procederse a su inmediata supresi\u00f3n desde el momento en que se tenga constancia de dicha circunstancia, salvo que dicha falta de veracidad pueda constituir un il\u00edcito penal, en cuyo caso se guardar\u00e1 la informaci\u00f3n por el tiempo necesario durante el que se tramite el procedimiento judicial.<br \/>\nEn todo caso, transcurridos tres meses desde la recepci\u00f3n de la comunicaci\u00f3n sin que se hubiesen iniciado actuaciones de investigaci\u00f3n, deber\u00e1 procederse a su supresi\u00f3n, salvo que la finalidad de la conservaci\u00f3n sea dejar evidencia del funcionamiento del sistema. Las comunicaciones a las que no se haya dado curso solamente podr\u00e1n constar de forma anonimizada, sin que sea de aplicaci\u00f3n la obligaci\u00f3n de bloqueo prevista en el art\u00edculo 32 de la Ley Org\u00e1nica 3\/2018, de 5 de diciembre.<br \/>\nEn ning\u00fan caso ser\u00e1n objeto de tratamiento los datos personales que no sean necesarios para el conocimiento e investigaci\u00f3n de las acciones u omisiones a las que se aplica la Ley 2\/2023, de 20 de febrero, reguladora de la protecci\u00f3n de las personas que informen sobre infracciones normativas y de lucha contra la corrupci\u00f3n, procedi\u00e9ndose, en su caso, a su inmediata supresi\u00f3n. Asimismo, se suprimir\u00e1n todos aquellos datos personales que se puedan haber comunicado y que se refieran a conductas que no est\u00e9n incluidas en el \u00e1mbito de aplicaci\u00f3n de dicha ley.<br \/>\nSi la informaci\u00f3n recibida contuviera datos personales incluidos dentro de las categor\u00edas especiales de datos, se proceder\u00e1 a su inmediata supresi\u00f3n, sin que se proceda al registro y tratamiento de los mismos.<br \/>\nLos datos personales relativos a las informaciones recibidas y a las investigaciones internas contenidas en el libro-registro solo se conservar\u00e1n durante el per\u00edodo que sea necesario y proporcionado para cumplir con la citada Ley. En ning\u00fan caso podr\u00e1n conservarse los datos por un per\u00edodo superior a diez a\u00f1os.<\/p>\n<p><strong>6. DESTINATARIOS DE LOS DATOS<br \/>\n<\/strong>Le informamos que su identidad, en el caso de proporcionarse o resultar identificable, ser\u00e1 en todo caso reservada, y no se comunicar\u00e1 a las personas a las que se refieren los hechos relatados ni a terceros ajenos a la gesti\u00f3n y tramitaci\u00f3n de la comunicaci\u00f3n, salvo cuando resulte necesario para la adopci\u00f3n de medidas correctoras en la entidad o la tramitaci\u00f3n de los procedimientos sancionadores o penales que, en su caso, procedan, en cuyo caso deber\u00e1 comunicarse a las autoridades competentes en el asunto.<br \/>\nLos datos personales tratados en el Sistema Interno de Informaci\u00f3n podr\u00e1n ser comunicados a la autoridad judicial, al Ministerio Fiscal, a las Fuerzas y Cuerpos de Seguridad del Estado, o a la autoridad administrativa competente, en el contexto de una investigaci\u00f3n que lleven a cabo o en el marco de un proceso judicial. Tambi\u00e9n podr\u00e1n comunicarse a las autoridades de protecci\u00f3n del informante estatal o auton\u00f3micas competentes.<br \/>\nEn caso de externalizaci\u00f3n de la gesti\u00f3n del Sistema interno de informaci\u00f3n, la informaci\u00f3n proporcionada a trav\u00e9s del canal habilitado en l\u00ednea podr\u00e1 ser tratada por el tercero externo, como encargado del tratamiento, de conformidad con lo dispuesto en el art\u00edculo 6 de la Ley 2\/2023, de 20 de febrero, reguladora de la protecci\u00f3n de las personas que informen sobre infracciones normativas y de lucha contra la corrupci\u00f3n.<br \/>\nNo se tienen previstas trasferencias internacionales de datos por cesi\u00f3n o encargo de tratamiento.<\/p>\n<p><strong>7. DERECHOS DE LAS PERSONAS INTERESADAS<br \/>\n<\/strong>Los informantes tienen derecho a acceder a sus datos personales, as\u00ed como a obtener la rectificaci\u00f3n de los datos personales inexactos o incompletos, a solicitar la supresi\u00f3n de sus datos personales e instar a la limitaci\u00f3n del tratamiento, enviando un escrito a la direcci\u00f3n postal arriba se\u00f1alada o a la direcci\u00f3n electr\u00f3nica\u00a0<a href=\"mailto:RGPD@sanlucar.com\" target=\"_blank\" rel=\"noopener noreferrer\">rgpd@sanlucar.com<\/a>, en cualquier momento y de manera gratuita. Adem\u00e1s, tendr\u00e1 derecho a interponer una reclamaci\u00f3n ante la Agencia Espa\u00f1ola de Protecci\u00f3n de Datos (<a href=\"http:\/\/www.aepd.es\/\" target=\"_blank\" rel=\"noopener noreferrer\">www.aepd.es<\/a>), si considera que se ha cometido una infracci\u00f3n de la legislaci\u00f3n en materia de protecci\u00f3n de datos respecto al tratamiento de sus datos personales.<\/p>\n","protected":false},"excerpt":{"rendered":"<p>CANAL DE COMPLIANCE DE SANLUCAR FRUIT, S.L.U.\u200b\u200b Atendiendo con lo establecido en la\u00a0Ley 2\/2023, de 20 de febrero, reguladora de la protecci\u00f3n de las personas que informen sobre infracciones normativas y de lucha contra la corrupci\u00f3n, todas las empresas que tengan m\u00e1s de 50 trabajadores tienen la obligaci\u00f3n de disponer de un canal interno de [&hellip;]<\/p>\n","protected":false},"author":12,"featured_media":0,"parent":0,"menu_order":0,"comment_status":"closed","ping_status":"closed","template":"","meta":{"_acf_changed":false,"footnotes":""},"class_list":["post-35339","page","type-page","status-publish","hentry"],"acf":[],"yoast_head":"<!-- This site is optimized with the Yoast SEO plugin v27.0 - https:\/\/yoast.com\/product\/yoast-seo-wordpress\/ -->\n<title>Compliance | SanLucar<\/title>\n<meta name=\"robots\" content=\"index, follow, max-snippet:-1, max-image-preview:large, max-video-preview:-1\" \/>\n<link rel=\"canonical\" href=\"https:\/\/sanlucar.com\/es\/linea-de-etica\/\" \/>\n<meta property=\"og:locale\" content=\"es_ES\" \/>\n<meta property=\"og:type\" content=\"article\" \/>\n<meta property=\"og:title\" content=\"Compliance | SanLucar\" \/>\n<meta property=\"og:description\" content=\"CANAL DE COMPLIANCE DE SANLUCAR FRUIT, S.L.U.\u200b\u200b Atendiendo con lo establecido en la\u00a0Ley 2\/2023, de 20 de febrero, reguladora de la protecci\u00f3n de las personas que informen sobre infracciones normativas y de lucha contra la corrupci\u00f3n, todas las empresas que tengan m\u00e1s de 50 trabajadores tienen la obligaci\u00f3n de disponer de un canal interno de [&hellip;]\" \/>\n<meta property=\"og:url\" content=\"https:\/\/sanlucar.com\/es\/linea-de-etica\/\" \/>\n<meta property=\"og:site_name\" content=\"SanLucar\" \/>\n<meta property=\"article:publisher\" content=\"https:\/\/www.facebook.com\/sanlucarfruit\" \/>\n<meta property=\"article:modified_time\" content=\"2025-11-06T08:29:23+00:00\" \/>\n<meta name=\"twitter:card\" content=\"summary_large_image\" \/>\n<meta name=\"twitter:label1\" content=\"Tiempo de lectura\" \/>\n\t<meta name=\"twitter:data1\" content=\"1 minuto\" \/>\n<script type=\"application\/ld+json\" class=\"yoast-schema-graph\">{\"@context\":\"https:\/\/schema.org\",\"@graph\":[{\"@type\":\"WebPage\",\"@id\":\"https:\/\/sanlucar.com\/es\/linea-de-etica\/\",\"url\":\"https:\/\/sanlucar.com\/es\/linea-de-etica\/\",\"name\":\"Compliance | SanLucar\",\"isPartOf\":{\"@id\":\"https:\/\/sanlucar.com\/#website\"},\"datePublished\":\"2024-06-07T10:26:26+00:00\",\"dateModified\":\"2025-11-06T08:29:23+00:00\",\"breadcrumb\":{\"@id\":\"https:\/\/sanlucar.com\/es\/linea-de-etica\/#breadcrumb\"},\"inLanguage\":\"es\",\"potentialAction\":[{\"@type\":\"ReadAction\",\"target\":[\"https:\/\/sanlucar.com\/es\/linea-de-etica\/\"]}]},{\"@type\":\"BreadcrumbList\",\"@id\":\"https:\/\/sanlucar.com\/es\/linea-de-etica\/#breadcrumb\",\"itemListElement\":[{\"@type\":\"ListItem\",\"position\":1,\"name\":\"Home\",\"item\":\"https:\/\/sanlucar.com\/es\/\"},{\"@type\":\"ListItem\",\"position\":2,\"name\":\"L\u00ednea de \u00e9tica\"}]},{\"@type\":\"WebSite\",\"@id\":\"https:\/\/sanlucar.com\/#website\",\"url\":\"https:\/\/sanlucar.com\/\",\"name\":\"SanLucar\",\"description\":\"\",\"publisher\":{\"@id\":\"https:\/\/sanlucar.com\/#organization\"},\"potentialAction\":[{\"@type\":\"SearchAction\",\"target\":{\"@type\":\"EntryPoint\",\"urlTemplate\":\"https:\/\/sanlucar.com\/?s={search_term_string}\"},\"query-input\":{\"@type\":\"PropertyValueSpecification\",\"valueRequired\":true,\"valueName\":\"search_term_string\"}}],\"inLanguage\":\"es\"},{\"@type\":\"Organization\",\"@id\":\"https:\/\/sanlucar.com\/#organization\",\"name\":\"SanLucar\",\"url\":\"https:\/\/sanlucar.com\/\",\"logo\":{\"@type\":\"ImageObject\",\"inLanguage\":\"es\",\"@id\":\"https:\/\/sanlucar.com\/#\/schema\/logo\/image\/\",\"url\":\"https:\/\/sanlucar.com\/wp-content\/uploads\/2023\/01\/sanlucar-logo-onwhite.png\",\"contentUrl\":\"https:\/\/sanlucar.com\/wp-content\/uploads\/2023\/01\/sanlucar-logo-onwhite.png\",\"width\":800,\"height\":800,\"caption\":\"SanLucar\"},\"image\":{\"@id\":\"https:\/\/sanlucar.com\/#\/schema\/logo\/image\/\"},\"sameAs\":[\"https:\/\/www.facebook.com\/sanlucarfruit\",\"https:\/\/www.instagram.com\/sanlucarfruit\/\",\"https:\/\/www.youtube.com\/user\/SanLucar2009\",\"https:\/\/www.linkedin.com\/company\/sanlucar\/\"]}]}<\/script>\n<!-- \/ Yoast SEO plugin. -->","yoast_head_json":{"title":"Compliance | SanLucar","robots":{"index":"index","follow":"follow","max-snippet":"max-snippet:-1","max-image-preview":"max-image-preview:large","max-video-preview":"max-video-preview:-1"},"canonical":"https:\/\/sanlucar.com\/es\/linea-de-etica\/","og_locale":"es_ES","og_type":"article","og_title":"Compliance | SanLucar","og_description":"CANAL DE COMPLIANCE DE SANLUCAR FRUIT, S.L.U.\u200b\u200b Atendiendo con lo establecido en la\u00a0Ley 2\/2023, de 20 de febrero, reguladora de la protecci\u00f3n de las personas que informen sobre infracciones normativas y de lucha contra la corrupci\u00f3n, todas las empresas que tengan m\u00e1s de 50 trabajadores tienen la obligaci\u00f3n de disponer de un canal interno de [&hellip;]","og_url":"https:\/\/sanlucar.com\/es\/linea-de-etica\/","og_site_name":"SanLucar","article_publisher":"https:\/\/www.facebook.com\/sanlucarfruit","article_modified_time":"2025-11-06T08:29:23+00:00","twitter_card":"summary_large_image","twitter_misc":{"Tiempo de lectura":"1 minuto"},"schema":{"@context":"https:\/\/schema.org","@graph":[{"@type":"WebPage","@id":"https:\/\/sanlucar.com\/es\/linea-de-etica\/","url":"https:\/\/sanlucar.com\/es\/linea-de-etica\/","name":"Compliance | SanLucar","isPartOf":{"@id":"https:\/\/sanlucar.com\/#website"},"datePublished":"2024-06-07T10:26:26+00:00","dateModified":"2025-11-06T08:29:23+00:00","breadcrumb":{"@id":"https:\/\/sanlucar.com\/es\/linea-de-etica\/#breadcrumb"},"inLanguage":"es","potentialAction":[{"@type":"ReadAction","target":["https:\/\/sanlucar.com\/es\/linea-de-etica\/"]}]},{"@type":"BreadcrumbList","@id":"https:\/\/sanlucar.com\/es\/linea-de-etica\/#breadcrumb","itemListElement":[{"@type":"ListItem","position":1,"name":"Home","item":"https:\/\/sanlucar.com\/es\/"},{"@type":"ListItem","position":2,"name":"L\u00ednea de \u00e9tica"}]},{"@type":"WebSite","@id":"https:\/\/sanlucar.com\/#website","url":"https:\/\/sanlucar.com\/","name":"SanLucar","description":"","publisher":{"@id":"https:\/\/sanlucar.com\/#organization"},"potentialAction":[{"@type":"SearchAction","target":{"@type":"EntryPoint","urlTemplate":"https:\/\/sanlucar.com\/?s={search_term_string}"},"query-input":{"@type":"PropertyValueSpecification","valueRequired":true,"valueName":"search_term_string"}}],"inLanguage":"es"},{"@type":"Organization","@id":"https:\/\/sanlucar.com\/#organization","name":"SanLucar","url":"https:\/\/sanlucar.com\/","logo":{"@type":"ImageObject","inLanguage":"es","@id":"https:\/\/sanlucar.com\/#\/schema\/logo\/image\/","url":"https:\/\/sanlucar.com\/wp-content\/uploads\/2023\/01\/sanlucar-logo-onwhite.png","contentUrl":"https:\/\/sanlucar.com\/wp-content\/uploads\/2023\/01\/sanlucar-logo-onwhite.png","width":800,"height":800,"caption":"SanLucar"},"image":{"@id":"https:\/\/sanlucar.com\/#\/schema\/logo\/image\/"},"sameAs":["https:\/\/www.facebook.com\/sanlucarfruit","https:\/\/www.instagram.com\/sanlucarfruit\/","https:\/\/www.youtube.com\/user\/SanLucar2009","https:\/\/www.linkedin.com\/company\/sanlucar\/"]}]}},"_links":{"self":[{"href":"https:\/\/sanlucar.com\/es\/wp-json\/wp\/v2\/pages\/35339","targetHints":{"allow":["GET"]}}],"collection":[{"href":"https:\/\/sanlucar.com\/es\/wp-json\/wp\/v2\/pages"}],"about":[{"href":"https:\/\/sanlucar.com\/es\/wp-json\/wp\/v2\/types\/page"}],"author":[{"embeddable":true,"href":"https:\/\/sanlucar.com\/es\/wp-json\/wp\/v2\/users\/12"}],"replies":[{"embeddable":true,"href":"https:\/\/sanlucar.com\/es\/wp-json\/wp\/v2\/comments?post=35339"}],"version-history":[{"count":2,"href":"https:\/\/sanlucar.com\/es\/wp-json\/wp\/v2\/pages\/35339\/revisions"}],"predecessor-version":[{"id":57429,"href":"https:\/\/sanlucar.com\/es\/wp-json\/wp\/v2\/pages\/35339\/revisions\/57429"}],"wp:attachment":[{"href":"https:\/\/sanlucar.com\/es\/wp-json\/wp\/v2\/media?parent=35339"}],"curies":[{"name":"wp","href":"https:\/\/api.w.org\/{rel}","templated":true}]}}