
{"id":39285,"date":"2024-07-24T17:46:55","date_gmt":"2024-07-24T15:46:55","guid":{"rendered":"https:\/\/sanlucar.com\/empresa\/partnerschaften\/"},"modified":"2024-08-14T12:50:46","modified_gmt":"2024-08-14T10:50:46","slug":"asociaciones-fructiferas","status":"publish","type":"page","link":"https:\/\/sanlucar.com\/es\/empresa\/asociaciones-fructiferas\/","title":{"rendered":"Asociaciones fruct\u00edferas."},"content":{"rendered":"\n            <div   class='avia-section main_color res_page_banner  avia-builder-el-0  el_before_av_one_half  avia-builder-el-first   avia-bg-style-scroll res_page_banner__intro--image_headline container_wrap fullsize' style='' data-section-bg-repeat='stretch'>            <div class=\"av-section-cont-open res_page_banner res_page_banner--image_headline\">\n                <div class=\"template-page content av-content-full alpha units\">\n                    <div class=\"post-entry post-entry-type-page\">\n                        <div class=\"entry-content-wrapper clearfix\">\n                            <div class=\"flex_column av_one_full el_before_av_heading first flex_column_div avia-full-stretch res_page_banner__image\"\n                                 style=\"background-image: url(https:\/\/sanlucar.com\/wp-content\/uploads\/2024\/07\/parner-1.jpg); background-repeat: no-repeat; background-position: 50% 50%; background-attachment: scroll;\"><\/div>\n                            <div class=\"flex_column av_one_full flex_column_div avia-full-stretch res_page_banner__heading \">\n\t\t\t\t\t\t\t\t\n\t\t\t\t\t\t\t\t\t\t\t\t\t\t\t<div class=\"row\" style=\"max-width:1087px;margin-left:auto;margin-right:auto;background: #D4E8F1;padding:25px;padding-bottom:0;margin-top:-40px;\">\n\t\t\t\t\t\t\t\t<h1 class=\"col-md-12 product_header__main__intro_container__headline\" style=\"margin-left:0;margin-bottom:11px;\">Asociaciones fruct\u00edferas.<\/h1>\n\t\t\t\t\t\t\t\t<div class=\"col-md-6\">\t\n\t\t\t\t\t\t\t\t\t<p>Nuestra visi\u00f3n es aportar a las personas alegr\u00eda de vivir y salud naturales. Y porque juntos somos m\u00e1s fuertes, colaboramos con socios como The Walt Disney Company, el club de f\u00fatbol alem\u00e1n de primera divisi\u00f3n VfB Stuttgart y los torneos de tenis ATP y WTA. Mira c\u00f3mo el cine, el deporte y la fruta dulce van de la mano.<\/p>\n\t\t\t\t\t\t\t\t<\/div>\n\t\t\t\t\t\t\t\t<div class=\"col-md-6\">\n\t\t\t\t\t\t\t\t\t\n\t\t\t\t\t\t\t\t<p><img loading=\"lazy\" decoding=\"async\" class=\"alignnone size-full wp-image-40388\" src=\"https:\/\/sanlucar.com\/wp-content\/uploads\/2024\/08\/Parnerv1r-1.jpg\" alt=\"\" width=\"600\" height=\"228\" srcset=\"https:\/\/sanlucar.com\/wp-content\/uploads\/2024\/08\/Parnerv1r-1.jpg 600w, https:\/\/sanlucar.com\/wp-content\/uploads\/2024\/08\/Parnerv1r-1-300x114.jpg 300w\" sizes=\"auto, (max-width: 600px) 100vw, 600px\" \/><\/p>\n\t\t\t\t\t\t\t\t<\/div>\n\t\t\t\t\t\t\t\t<\/div>\n\t\t\t\t\t\t\t\t<div class=\"row goawaypadding\" style=\"max-width:1087px;margin-left:auto;margin-right:auto;\">\n\t\t\t\t\t\t\t\t\n    <div  class=\"res_breadcrumbs \" style=\"\">\n        <ul class=\"d-flex flex-wrap\">\n            <li><a href=\"https:\/\/sanlucar.com\/es\/\">Inicio<\/a><span class=\"sep\">\/<\/span><\/li>\n                                                <li><span><span class=\"sep\">\/<\/span><\/span><\/li>\n                                                            <li>\n                        <a href=\"https:\/\/sanlucar.com\/es\/?page_id=16184\">La empresa SanLucar<\/a><span class=\"sep\">\/<\/span>\n                    <\/li>\n                                        <li class=\"res_breadcrumbs__current\"><span>Asociaciones fruct\u00edferas.<\/span><\/li>\n        <\/ul>\n    <\/div>\n\n    \t\t\t\t\t\t\t\t<\/div>\n                                \t\t\t\t                            <\/div>\n                        <\/div>\n                    <\/div>\n                <\/div>\n            <\/div>\n\n\n\n\n            <\/div><div id='after_page_banner'  class='main_color av_default_container_wrap container_wrap fullsize'  ><div class='container av-section-cont-open' ><div class='template-page content  av-content-full alpha units'><div class='post-entry post-entry-type-page post-entry-39285'><div class='entry-content-wrapper clearfix'>            \n<div  class='flex_column av-2vnrops-ecae1055f160fcc2bd8b12f673c6bd80 av_one_half  avia-builder-el-1  el_after_res_page_banner  el_before_av_one_half  avia-builder-el-first  first flex_column_div  '     ><style type=\"text\/css\" data-created_by=\"avia_inline_auto\" id=\"style-css-av-lz00icbr-251095980e8d610221fdc2677890dd7d\">\n.avia-image-container.av-lz00icbr-251095980e8d610221fdc2677890dd7d .av-image-caption-overlay-center{\ncolor:#ffffff;\n}\n<\/style>\n<div  class='avia-image-container av-lz00icbr-251095980e8d610221fdc2677890dd7d av-styling- avia-align-center  avia-builder-el-2  avia-builder-el-no-sibling '  itemprop=\"image\" itemscope=\"itemscope\" itemtype=\"https:\/\/schema.org\/ImageObject\" ><div class=\"avia-image-container-inner\"><div class=\"avia-image-overlay-wrap\"><picture><source media='(max-width:300px)' srcset='https:\/\/sanlucar.com\/wp-content\/uploads\/2024\/07\/Lionking-300x206.jpg'><source media='(max-width:600px)' srcset='https:\/\/sanlucar.com\/wp-content\/uploads\/2024\/07\/Lionking.jpg'><img decoding=\"async\" class='avia_image ' src=\"https:\/\/sanlucar.com\/wp-content\/uploads\/2024\/07\/Lionking.jpg\" alt='Colorful SanLucar fruit display in a supermarket featuring a Lion King theme, highlighting apples, pineapples, and fresh produce.' title='Lionking'\/><\/picture><\/div><\/div><\/div><\/div>\n<div  class='flex_column av-2jsclj4-71c0608cac11b41cd43393eb71675452 av_one_half  avia-builder-el-3  el_after_av_one_half  el_before_av_one_half  flex_column_div  '     ><section  class='av_textblock_section av-lz00infk-2f661dfa709b3c26b8b9b608edfa8bb7 '   itemscope=\"itemscope\" itemtype=\"https:\/\/schema.org\/CreativeWork\" ><div class='avia_textblock'  itemprop=\"text\" ><p><strong>\u00a1Luz, c\u00e1mara, acci\u00f3n para nuestras deliciosas frutas!. <\/strong><\/p>\n<p>Nos encanta poder animar a los ni\u00f1os a comer m\u00e1s fruta y verdura con nuestra jugosa fruta dulce y nuestras crujientes verduras frescas.\u00a0 Por eso nuestra asociaci\u00f3n con Disney y sus m\u00e1gicos personajes de cine es tan valiosa para nosotros. En el supermercado, por ejemplo, junto a \u00abBlancanieves\u00bb, el \u00abRey Le\u00f3n\u00bb o \u00abNemo\u00bb, despertamos el apetito de los ni\u00f1os por nuestras frutas y hortalizas. Llevamos mucho tiempo promoviendo una alimentaci\u00f3n sana. Dado que el gusto y los h\u00e1bitos alimentarios se forman en los primeros a\u00f1os de vida, es importante despertar el gusto por la fruta y la verdura lo antes posible. Y el sabor de nuestra fruta gusta mucho a los ni\u00f1os.<\/p>\n<\/div><\/section><\/div>\n<div  class='flex_column av-28hj3vk-e77c1b72d24f964ce68efedc7bf0ead4 av_one_half  avia-builder-el-5  el_after_av_one_half  el_before_av_one_half  first flex_column_div  column-top-margin'     ><section  class='av_textblock_section av-lz00j719-95900bfea28cd9c7f0e1015597721401 '   itemscope=\"itemscope\" itemtype=\"https:\/\/schema.org\/CreativeWork\" ><div class='avia_textblock'  itemprop=\"text\" ><p><strong>\u00a1Menudo partido! SanLucar y el VfB Stuttgart.<\/strong><\/p>\n<p>El deporte y una dieta equilibrada van de la mano. Al igual que nuestra jugosa y dulce fruta, nuestras sabrosas verduras y el equipo de f\u00fatbol alem\u00e1n de primera divisi\u00f3n VfB Stuttgart hacen una pareja perfecta. Por eso estamos encantados de ser socio oficial del VfB Stuttgart desde agosto de 2023, y de mimar a los futbolistas profesionales, la secci\u00f3n juvenil y el personal, as\u00ed como a los visitantes del estadio, con nuestras deliciosas frutas, zumos y batidos SanLucar. Para nosotros, una dieta equilibrada es la piedra angular de una buena vida y esperamos difundir este mensaje colaborando con el subcampe\u00f3n de Alemania en 2024.<\/p>\n<\/div><\/section><\/div>\n<div  class='flex_column av-1s5lk00-df5c4177e2d25d2b3f647346103965df av_one_half  avia-builder-el-7  el_after_av_one_half  el_before_av_one_half  flex_column_div  column-top-margin'     ><style type=\"text\/css\" data-created_by=\"avia_inline_auto\" id=\"style-css-av-lz00iyyv-4b35a139d6165e67faff28794fcd3055\">\n.avia-image-container.av-lz00iyyv-4b35a139d6165e67faff28794fcd3055 .av-image-caption-overlay-center{\ncolor:#ffffff;\n}\n<\/style>\n<div  class='avia-image-container av-lz00iyyv-4b35a139d6165e67faff28794fcd3055 av-styling- avia-align-center  avia-builder-el-8  avia-builder-el-no-sibling '  itemprop=\"image\" itemscope=\"itemscope\" itemtype=\"https:\/\/schema.org\/ImageObject\" ><div class=\"avia-image-container-inner\"><div class=\"avia-image-overlay-wrap\"><picture><source media='(max-width:300px)' srcset='https:\/\/sanlucar.com\/wp-content\/uploads\/2024\/07\/VFB-Stuttgart-1-300x219.jpg'><source media='(max-width:600px)' srcset='https:\/\/sanlucar.com\/wp-content\/uploads\/2024\/07\/VFB-Stuttgart-1.jpg'><img decoding=\"async\" class='avia_image ' src=\"https:\/\/sanlucar.com\/wp-content\/uploads\/2024\/07\/VFB-Stuttgart-1.jpg\" alt='VfB Stuttgart soccer players posing on the field with fresh SanLucar fruits, including pineapples, grapes, and oranges.' title='VFB Stuttgart 1'\/><\/picture><\/div><\/div><\/div><\/div>\n<div class='av-column-wrapper-individual av-mobile-columns-flex av-columns-reverse'><div  class='flex_column av-1c0c23k-5d784638f340b9069c23bee80bbd58fe av_one_half  avia-builder-el-9  el_after_av_one_half  el_before_av_one_half  first flex_column_div  column-top-margin'     ><style type=\"text\/css\" data-created_by=\"avia_inline_auto\" id=\"style-css-av-lz00ob6s-efc4ccceb4da65532838a660b85e17e8\">\n.avia-image-container.av-lz00ob6s-efc4ccceb4da65532838a660b85e17e8 .av-image-caption-overlay-center{\ncolor:#ffffff;\n}\n<\/style>\n<div  class='avia-image-container av-lz00ob6s-efc4ccceb4da65532838a660b85e17e8 av-styling- avia-align-center  avia-builder-el-10  avia-builder-el-no-sibling '  itemprop=\"image\" itemscope=\"itemscope\" itemtype=\"https:\/\/schema.org\/ImageObject\" ><div class=\"avia-image-container-inner\"><div class=\"avia-image-overlay-wrap\"><picture><source media='(max-width:300px)' srcset='https:\/\/sanlucar.com\/wp-content\/uploads\/2024\/07\/Tenis-300x202.jpg'><source media='(max-width:600px)' srcset='https:\/\/sanlucar.com\/wp-content\/uploads\/2024\/07\/Tenis.jpg'><img decoding=\"async\" class='avia_image ' src=\"https:\/\/sanlucar.com\/wp-content\/uploads\/2024\/07\/Tenis.jpg\" alt='Female tennis player hitting a backhand shot on a grass court with a large SanLucar \"Taste the Sun\" banner in the background.' title='Tenis'\/><\/picture><\/div><\/div><\/div><\/div>\n<div  class='flex_column av-su48hs-0f379daf87d73800c5ce2c4b3d4e21ad av_one_half  avia-builder-el-11  el_after_av_one_half  avia-builder-el-last  flex_column_div  column-top-margin'     ><section  class='av_textblock_section av-lz00jdz7-675822e9ce7573ff4474775e1849d8c3 '   itemscope=\"itemscope\" itemtype=\"https:\/\/schema.org\/CreativeWork\" ><div class='avia_textblock'  itemprop=\"text\" ><p><strong>\u00bfNuestra fruta y verdura? \u00a1Todo ases! <\/strong><\/p>\n<p>Ya sea en el BOSS OPEN de Stuttgart o en el Ecotrans Ladies Open de Berl\u00edn, como patrocinador y socio de productos frescos, apoyamos el tenis masculino y femenino de primera clase en los torneos de la ATP y la WTA. \u00bfPor qu\u00e9? Porque la fruta deliciosa y el deporte de alto rendimiento simplemente van de la mano. Y lo que le gusta a la \u00e9lite del tenis mundial, nos gusta a nosotros desde hace mucho tiempo. \u00abEl deporte a este nivel s\u00f3lo puede funcionar si la nutrici\u00f3n tambi\u00e9n est\u00e1 perfectamente equilibrada. Sabemos que lo que es bueno para los deportistas de \u00e9lite es bueno para todo el mundo: mucha fruta y verdura fresca y deliciosa\u00bb, dice nuestro CEO Armin Rehberg. Y tiene raz\u00f3n. Y por eso, los aficionados y jugadores de tenis pudieron disfrutar y revitalizarse durante los torneos &#8211; al igual que en Wimbledon &#8211; con nuestras jugosas y dulces fresas con nata.<\/p>\n<\/div><\/section><\/div><\/div><!--close flex column wrapper. Autoclose: 1 -->\n","protected":false},"excerpt":{"rendered":"","protected":false},"author":12,"featured_media":39133,"parent":16184,"menu_order":0,"comment_status":"closed","ping_status":"closed","template":"","meta":{"_acf_changed":false,"footnotes":""},"class_list":["post-39285","page","type-page","status-publish","has-post-thumbnail","hentry"],"acf":[],"yoast_head":"<!-- This site is optimized with the Yoast SEO plugin v27.0 - https:\/\/yoast.com\/product\/yoast-seo-wordpress\/ -->\n<title>Asociaciones fruct\u00edferas. | SanLucar<\/title>\n<meta name=\"robots\" content=\"index, follow, max-snippet:-1, max-image-preview:large, max-video-preview:-1\" \/>\n<link rel=\"canonical\" href=\"https:\/\/sanlucar.com\/es\/empresa\/asociaciones-fructiferas\/\" \/>\n<meta property=\"og:locale\" content=\"es_ES\" \/>\n<meta property=\"og:type\" content=\"article\" \/>\n<meta property=\"og:title\" content=\"Asociaciones fruct\u00edferas. | SanLucar\" \/>\n<meta property=\"og:url\" content=\"https:\/\/sanlucar.com\/es\/empresa\/asociaciones-fructiferas\/\" \/>\n<meta property=\"og:site_name\" content=\"SanLucar\" \/>\n<meta property=\"article:publisher\" content=\"https:\/\/www.facebook.com\/sanlucarfruit\" \/>\n<meta property=\"article:modified_time\" content=\"2024-08-14T10:50:46+00:00\" \/>\n<meta property=\"og:image\" content=\"https:\/\/sanlucar.com\/wp-content\/uploads\/2024\/07\/parner-1.jpg\" \/>\n\t<meta property=\"og:image:width\" content=\"1414\" \/>\n\t<meta property=\"og:image:height\" content=\"513\" \/>\n\t<meta property=\"og:image:type\" content=\"image\/jpeg\" \/>\n<meta name=\"twitter:card\" content=\"summary_large_image\" \/>\n<meta name=\"twitter:label1\" content=\"Tiempo de lectura\" \/>\n\t<meta name=\"twitter:data1\" content=\"3 minutos\" \/>\n<script type=\"application\/ld+json\" class=\"yoast-schema-graph\">{\"@context\":\"https:\/\/schema.org\",\"@graph\":[{\"@type\":\"WebPage\",\"@id\":\"https:\/\/sanlucar.com\/es\/empresa\/asociaciones-fructiferas\/\",\"url\":\"https:\/\/sanlucar.com\/es\/empresa\/asociaciones-fructiferas\/\",\"name\":\"Asociaciones fruct\u00edferas. | SanLucar\",\"isPartOf\":{\"@id\":\"https:\/\/sanlucar.com\/#website\"},\"primaryImageOfPage\":{\"@id\":\"https:\/\/sanlucar.com\/es\/empresa\/asociaciones-fructiferas\/#primaryimage\"},\"image\":{\"@id\":\"https:\/\/sanlucar.com\/es\/empresa\/asociaciones-fructiferas\/#primaryimage\"},\"thumbnailUrl\":\"https:\/\/sanlucar.com\/wp-content\/uploads\/2024\/07\/parner-1.jpg\",\"datePublished\":\"2024-07-24T15:46:55+00:00\",\"dateModified\":\"2024-08-14T10:50:46+00:00\",\"breadcrumb\":{\"@id\":\"https:\/\/sanlucar.com\/es\/empresa\/asociaciones-fructiferas\/#breadcrumb\"},\"inLanguage\":\"es\",\"potentialAction\":[{\"@type\":\"ReadAction\",\"target\":[\"https:\/\/sanlucar.com\/es\/empresa\/asociaciones-fructiferas\/\"]}]},{\"@type\":\"ImageObject\",\"inLanguage\":\"es\",\"@id\":\"https:\/\/sanlucar.com\/es\/empresa\/asociaciones-fructiferas\/#primaryimage\",\"url\":\"https:\/\/sanlucar.com\/wp-content\/uploads\/2024\/07\/parner-1.jpg\",\"contentUrl\":\"https:\/\/sanlucar.com\/wp-content\/uploads\/2024\/07\/parner-1.jpg\",\"width\":1414,\"height\":513,\"caption\":\"SanLucar partner collaboration \u2013 promoting sustainability, innovation, and excellence in the fresh produce industry.\"},{\"@type\":\"BreadcrumbList\",\"@id\":\"https:\/\/sanlucar.com\/es\/empresa\/asociaciones-fructiferas\/#breadcrumb\",\"itemListElement\":[{\"@type\":\"ListItem\",\"position\":1,\"name\":\"Home\",\"item\":\"https:\/\/sanlucar.com\/es\/\"},{\"@type\":\"ListItem\",\"position\":2,\"name\":\"Asociaciones fruct\u00edferas.\"}]},{\"@type\":\"WebSite\",\"@id\":\"https:\/\/sanlucar.com\/#website\",\"url\":\"https:\/\/sanlucar.com\/\",\"name\":\"SanLucar\",\"description\":\"\",\"publisher\":{\"@id\":\"https:\/\/sanlucar.com\/#organization\"},\"potentialAction\":[{\"@type\":\"SearchAction\",\"target\":{\"@type\":\"EntryPoint\",\"urlTemplate\":\"https:\/\/sanlucar.com\/?s={search_term_string}\"},\"query-input\":{\"@type\":\"PropertyValueSpecification\",\"valueRequired\":true,\"valueName\":\"search_term_string\"}}],\"inLanguage\":\"es\"},{\"@type\":\"Organization\",\"@id\":\"https:\/\/sanlucar.com\/#organization\",\"name\":\"SanLucar\",\"url\":\"https:\/\/sanlucar.com\/\",\"logo\":{\"@type\":\"ImageObject\",\"inLanguage\":\"es\",\"@id\":\"https:\/\/sanlucar.com\/#\/schema\/logo\/image\/\",\"url\":\"https:\/\/sanlucar.com\/wp-content\/uploads\/2023\/01\/sanlucar-logo-onwhite.png\",\"contentUrl\":\"https:\/\/sanlucar.com\/wp-content\/uploads\/2023\/01\/sanlucar-logo-onwhite.png\",\"width\":800,\"height\":800,\"caption\":\"SanLucar\"},\"image\":{\"@id\":\"https:\/\/sanlucar.com\/#\/schema\/logo\/image\/\"},\"sameAs\":[\"https:\/\/www.facebook.com\/sanlucarfruit\",\"https:\/\/www.instagram.com\/sanlucarfruit\/\",\"https:\/\/www.youtube.com\/user\/SanLucar2009\",\"https:\/\/www.linkedin.com\/company\/sanlucar\/\"]}]}<\/script>\n<!-- \/ Yoast SEO plugin. -->","yoast_head_json":{"title":"Asociaciones fruct\u00edferas. | SanLucar","robots":{"index":"index","follow":"follow","max-snippet":"max-snippet:-1","max-image-preview":"max-image-preview:large","max-video-preview":"max-video-preview:-1"},"canonical":"https:\/\/sanlucar.com\/es\/empresa\/asociaciones-fructiferas\/","og_locale":"es_ES","og_type":"article","og_title":"Asociaciones fruct\u00edferas. | SanLucar","og_url":"https:\/\/sanlucar.com\/es\/empresa\/asociaciones-fructiferas\/","og_site_name":"SanLucar","article_publisher":"https:\/\/www.facebook.com\/sanlucarfruit","article_modified_time":"2024-08-14T10:50:46+00:00","og_image":[{"width":1414,"height":513,"url":"https:\/\/sanlucar.com\/wp-content\/uploads\/2024\/07\/parner-1.jpg","type":"image\/jpeg"}],"twitter_card":"summary_large_image","twitter_misc":{"Tiempo de lectura":"3 minutos"},"schema":{"@context":"https:\/\/schema.org","@graph":[{"@type":"WebPage","@id":"https:\/\/sanlucar.com\/es\/empresa\/asociaciones-fructiferas\/","url":"https:\/\/sanlucar.com\/es\/empresa\/asociaciones-fructiferas\/","name":"Asociaciones fruct\u00edferas. | SanLucar","isPartOf":{"@id":"https:\/\/sanlucar.com\/#website"},"primaryImageOfPage":{"@id":"https:\/\/sanlucar.com\/es\/empresa\/asociaciones-fructiferas\/#primaryimage"},"image":{"@id":"https:\/\/sanlucar.com\/es\/empresa\/asociaciones-fructiferas\/#primaryimage"},"thumbnailUrl":"https:\/\/sanlucar.com\/wp-content\/uploads\/2024\/07\/parner-1.jpg","datePublished":"2024-07-24T15:46:55+00:00","dateModified":"2024-08-14T10:50:46+00:00","breadcrumb":{"@id":"https:\/\/sanlucar.com\/es\/empresa\/asociaciones-fructiferas\/#breadcrumb"},"inLanguage":"es","potentialAction":[{"@type":"ReadAction","target":["https:\/\/sanlucar.com\/es\/empresa\/asociaciones-fructiferas\/"]}]},{"@type":"ImageObject","inLanguage":"es","@id":"https:\/\/sanlucar.com\/es\/empresa\/asociaciones-fructiferas\/#primaryimage","url":"https:\/\/sanlucar.com\/wp-content\/uploads\/2024\/07\/parner-1.jpg","contentUrl":"https:\/\/sanlucar.com\/wp-content\/uploads\/2024\/07\/parner-1.jpg","width":1414,"height":513,"caption":"SanLucar partner collaboration \u2013 promoting sustainability, innovation, and excellence in the fresh produce industry."},{"@type":"BreadcrumbList","@id":"https:\/\/sanlucar.com\/es\/empresa\/asociaciones-fructiferas\/#breadcrumb","itemListElement":[{"@type":"ListItem","position":1,"name":"Home","item":"https:\/\/sanlucar.com\/es\/"},{"@type":"ListItem","position":2,"name":"Asociaciones fruct\u00edferas."}]},{"@type":"WebSite","@id":"https:\/\/sanlucar.com\/#website","url":"https:\/\/sanlucar.com\/","name":"SanLucar","description":"","publisher":{"@id":"https:\/\/sanlucar.com\/#organization"},"potentialAction":[{"@type":"SearchAction","target":{"@type":"EntryPoint","urlTemplate":"https:\/\/sanlucar.com\/?s={search_term_string}"},"query-input":{"@type":"PropertyValueSpecification","valueRequired":true,"valueName":"search_term_string"}}],"inLanguage":"es"},{"@type":"Organization","@id":"https:\/\/sanlucar.com\/#organization","name":"SanLucar","url":"https:\/\/sanlucar.com\/","logo":{"@type":"ImageObject","inLanguage":"es","@id":"https:\/\/sanlucar.com\/#\/schema\/logo\/image\/","url":"https:\/\/sanlucar.com\/wp-content\/uploads\/2023\/01\/sanlucar-logo-onwhite.png","contentUrl":"https:\/\/sanlucar.com\/wp-content\/uploads\/2023\/01\/sanlucar-logo-onwhite.png","width":800,"height":800,"caption":"SanLucar"},"image":{"@id":"https:\/\/sanlucar.com\/#\/schema\/logo\/image\/"},"sameAs":["https:\/\/www.facebook.com\/sanlucarfruit","https:\/\/www.instagram.com\/sanlucarfruit\/","https:\/\/www.youtube.com\/user\/SanLucar2009","https:\/\/www.linkedin.com\/company\/sanlucar\/"]}]}},"_links":{"self":[{"href":"https:\/\/sanlucar.com\/es\/wp-json\/wp\/v2\/pages\/39285","targetHints":{"allow":["GET"]}}],"collection":[{"href":"https:\/\/sanlucar.com\/es\/wp-json\/wp\/v2\/pages"}],"about":[{"href":"https:\/\/sanlucar.com\/es\/wp-json\/wp\/v2\/types\/page"}],"author":[{"embeddable":true,"href":"https:\/\/sanlucar.com\/es\/wp-json\/wp\/v2\/users\/12"}],"replies":[{"embeddable":true,"href":"https:\/\/sanlucar.com\/es\/wp-json\/wp\/v2\/comments?post=39285"}],"version-history":[{"count":2,"href":"https:\/\/sanlucar.com\/es\/wp-json\/wp\/v2\/pages\/39285\/revisions"}],"predecessor-version":[{"id":41402,"href":"https:\/\/sanlucar.com\/es\/wp-json\/wp\/v2\/pages\/39285\/revisions\/41402"}],"up":[{"embeddable":true,"href":"https:\/\/sanlucar.com\/es\/wp-json\/wp\/v2\/pages\/16184"}],"wp:featuredmedia":[{"embeddable":true,"href":"https:\/\/sanlucar.com\/es\/wp-json\/wp\/v2\/media\/39133"}],"wp:attachment":[{"href":"https:\/\/sanlucar.com\/es\/wp-json\/wp\/v2\/media?parent=39285"}],"curies":[{"name":"wp","href":"https:\/\/api.w.org\/{rel}","templated":true}]}}