
{"id":46802,"date":"2024-10-17T17:10:35","date_gmt":"2024-10-17T15:10:35","guid":{"rendered":"https:\/\/sanlucar.com\/?page_id=46802"},"modified":"2025-02-12T13:10:32","modified_gmt":"2025-02-12T12:10:32","slug":"nuestro-compromiso","status":"publish","type":"page","link":"https:\/\/sanlucar.com\/es\/nuestro-compromiso\/","title":{"rendered":"Nuestro compromiso"},"content":{"rendered":"\n            <div   class='avia-section main_color res_page_banner  avia-builder-el-0  el_before_av_section  avia-builder-el-first   avia-bg-style-scroll container_wrap fullsize' style='' data-section-bg-repeat='stretch'>            <div class=\"av-section-cont-open res_page_banner res_page_banner--headline_subline\">\n                <div class=\"template-page content av-content-full alpha units\">\n                    <div class=\"post-entry post-entry-type-page\">\n                        <div class=\"entry-content-wrapper clearfix\">\n                            <div class=\"flex_column av_one_full el_before_av_heading first flex_column_div avia-full-stretch res_page_banner__image\"\n                                 style=\"background-image: url(https:\/\/sanlucar.com\/wp-content\/uploads\/2024\/10\/Header-Verantwortung_v6.jpg); background-repeat: no-repeat; background-position: 50% 50%; background-attachment: scroll;\"><\/div>\n                            <div class=\"flex_column av_one_full flex_column_div avia-full-stretch res_page_banner__heading beige-background\">\n\t\t\t\t\t\t\t\t\n\t\t\t\t\t\t\t\t\t\t\t\t                                                                    <div class=\"res_page_banner__heading__inner res_page_banner__heading__inner--headline_subline\">\n                                                                                    <h1>Sabor en armon\u00eda con las personas y la naturaleza.<\/h1>\n                                                                                                                            <h2>Queremos cosechar las mejores frutas y verduras, pero tambi\u00e9n queremos estar orgullosos del camino que tomamos para llegar all\u00ed. Por eso nos alineamos con los Objetivos de Desarrollo Sostenible de las Naciones Unidas.<\/h2>\n                                                                            <\/div>\n                                    \n    <div  class=\"res_breadcrumbs \" style=\"\">\n        <ul class=\"d-flex flex-wrap\">\n            <li><a href=\"https:\/\/sanlucar.com\/es\/\">Inicio<\/a><span class=\"sep\">\/<\/span><\/li>\n                                                <li><span><span class=\"sep\">\/<\/span><\/span><\/li>\n                                                    <li class=\"res_breadcrumbs__current\"><span>Nuestro compromiso<\/span><\/li>\n        <\/ul>\n    <\/div>\n\n    \t\t\t\t\t\t\t\t\n\t\t\t\t                                            <\/div>\n                        <\/div>\n                    <\/div>\n                <\/div>\n            <\/div>\n\n\n\n\n            <\/div>            \n<div id='av_section_1'  class='avia-section av-42ftt76-eaef09b53ee3245e21e5a3580b7f8e5c beige_color avia-section-default avia-no-border-styling  avia-builder-el-1  el_after_res_page_banner  avia-builder-el-last  avia-bg-style-scroll container_wrap fullsize'  ><div class='container av-section-cont-open' ><div class='template-page content  av-content-full alpha units'><div class='post-entry post-entry-type-page post-entry-46802'><div class='entry-content-wrapper clearfix'>\n\n            <div id=\"\"\n                 class=\"res_row_with_illustration  avia-builder-el-2  el_before_res_row_with_illustration  avia-builder-el-first  \"\n                 style=\"\">\n                                    <div class=\"res_row_with_illustration__illustration position-bottom_left\">\n                        <picture><source media='(max-width:300px)' srcset='https:\/\/sanlucar.com\/wp-content\/uploads\/2022\/06\/Dreams_Programe_20210518_3-07-300x256.png'><source media='(max-width:325px)' srcset='https:\/\/sanlucar.com\/wp-content\/uploads\/2022\/06\/Dreams_Programe_20210518_3-07.png'><img class='avia_image ' src='https:\/\/sanlucar.com\/wp-content\/uploads\/2022\/06\/Dreams_Programe_20210518_3-07.png' alt='' title=''\/><\/picture>                    <\/div>\n                                <div class=\"row\">\n                    <div class=\"col-md-6 res_row_with_illustration__content \">\n                        <p>Desde hace m\u00e1s de 30 a\u00f1os, nuestra misi\u00f3n es aportar al mundo salud y alegr\u00eda de vivir natural con nuestras frutas dulces y nuestras sabrosas verduras. \u00abSabor en armon\u00eda con las personas y la naturaleza\u00bb es nuestro lema y la base de nuestras acciones en todo el mundo.<\/p>\n<p>Actuamos de manera empresarial y sostenible al mismo tiempo, poniendo especial \u00e9nfasis en tres aspectos: medio ambiente, responsabilidad social y una gesti\u00f3n empresarial responsable (ESG = Environmental, Social, Governance).<\/p>\n<p>Para nosotros, huelga decir que cumplimos todos los requisitos pol\u00edticos y legales. De este modo, cumplimos con nuestra obligaci\u00f3n de velar por los derechos humanos, las cuestiones sociales y el medio ambiente a lo largo de toda la cadena de suministro. Documentamos nuestros esfuerzos en materia de sostenibilidad y nos fijamos objetivos para trabajar de forma a\u00fan m\u00e1s sostenible (Objetivos de Desarrollo Sostenible = ODS).<\/p>\n<p>Prestamos estricta atenci\u00f3n al cumplimiento de los derechos humanos, los convenios internacionales y la protecci\u00f3n del medio ambiente. Aplicamos normas como SA8000, SIZA y SMETA en nuestros centros de todo el mundo.<\/p>\n                    <\/div>\n                    <div class=\"col-md-6 res_row_with_illustration__image\">\n                        <picture><source media='(max-width:300px)' srcset='https:\/\/sanlucar.com\/wp-content\/uploads\/2024\/10\/clementinas-1-300x226.webp'><source media='(max-width:551px)' srcset='https:\/\/sanlucar.com\/wp-content\/uploads\/2024\/10\/clementinas-1.webp'><img class='avia_image ' src='https:\/\/sanlucar.com\/wp-content\/uploads\/2024\/10\/clementinas-1.webp' alt='SanLucar fresh clementines \u2013 sweet, juicy, and rich in vitamin C.' title='clementinas-1'\/><\/picture>                    <\/div>\n                <\/div>\n            <\/div>\n\n            \n\n            <div id=\"\"\n                 class=\"res_row_with_illustration  avia-builder-el-3  el_after_res_row_with_illustration  el_before_av_one_half  \"\n                 style=\"\">\n                                    <div class=\"res_row_with_illustration__illustration position-bottom_right\">\n                        <picture><img class='avia_image ' src='https:\/\/sanlucar.com\/wp-content\/uploads\/2022\/06\/Dreams_Programe_20210518_3-03.png' alt='' title=''\/><\/picture>                    <\/div>\n                                <div class=\"row\">\n                    <div class=\"col-md-6 res_row_with_illustration__content order-md-2\">\n                        <h2>Objetivos de Desarrollo Sostenible.<\/h2>\n<p>Como empresa global y mayor proveedor de frutas y hortalizas de Alemania, Austria y los Pa\u00edses Bajos, tenemos una gran responsabilidad social y medioambiental.<br \/>\nDesde 2018, tenemos en cuenta los Objetivos de Desarrollo Sostenible (ODS) de las Naciones Unidas en toda nuestra cadena de suministro. Al fin y al cabo, las personas que tambi\u00e9n trabajan indirectamente para nosotros deben poder vivir bien.<\/p>\n<p>Estamos convencidos de que las empresas con los objetivos \u00e9ticos adecuados pueden tener un impacto positivo en la sociedad y el medio ambiente.<\/p>\n<p>Por eso nos hemos fijado diez objetivos de sostenibilidad, para tratar con respeto a nuestros clientes, empleados y socios y mostrar nuestro compromiso con el medio ambiente y la sociedad. Estos objetivos se dividen en las categor\u00edas medioambiental, social y de gesti\u00f3n empresarial responsable.<\/p>\n                    <\/div>\n                    <div class=\"col-md-6 res_row_with_illustration__image\">\n                        <picture><source media='(max-width:300px)' srcset='https:\/\/sanlucar.com\/wp-content\/uploads\/2024\/10\/Water_reserve_dreams-1-300x219.webp'><source media='(max-width:599px)' srcset='https:\/\/sanlucar.com\/wp-content\/uploads\/2024\/10\/Water_reserve_dreams-1.webp'><img class='avia_image ' src='https:\/\/sanlucar.com\/wp-content\/uploads\/2024\/10\/Water_reserve_dreams-1.webp' alt='' title='Water_reserve_dreams-1'\/><\/picture>                    <\/div>\n                <\/div>\n            <\/div>\n\n            \n<div  class='flex_column av-11xkt76-0a56cf5194a323cd867d7ccc43807890 av_one_half  avia-builder-el-4  el_after_res_row_with_illustration  el_before_av_one_half  first flex_column_div  '     ><section  class='av_textblock_section av-m2dg7592-e2e5b532213e1995a42ca147433271ac '   itemscope=\"itemscope\" itemtype=\"https:\/\/schema.org\/CreativeWork\" ><div class='avia_textblock'  itemprop=\"text\" ><h3><u>Medio ambiente<\/u><\/h3>\n<p><strong>ODS 6 Agua limpia y saneamiento<\/strong><\/p>\n<ul>\n<li>Programas de riego<\/li>\n<\/ul>\n<p><strong>ODS 15 Vida en ecosistemas terrestres<\/strong><\/p>\n<ul>\n<li>Decisi\u00f3n a favor de la agricultura regenerativa<\/li>\n<li>Desarrollo y uso de nuevas tecnolog\u00edas<\/li>\n<\/ul>\n<h3><u>Social<\/u><\/h3>\n<p><strong>ODS 2 Hambre cero <\/strong><\/p>\n<ul>\n<li>Nuestras cocinas solidarias &gt;&gt;El Puchero&lt;&lt;<\/li>\n<\/ul>\n<p><strong>ODS 3 Salud y bienestar<\/strong><\/p>\n<ul>\n<li>Nuestras cocinas solidarias &gt;&gt;El Puchero&lt;&lt;<\/li>\n<li>Donaci\u00f3n de sangre<\/li>\n<li>Promoci\u00f3n de acontecimientos deportivos<\/li>\n<\/ul>\n<p><strong>ODS 4 Educaci\u00f3n de calidad<\/strong><\/p>\n<ul>\n<li>Apoyo escolar en Valencia (Espa\u00f1a)<\/li>\n<li>Aprendiendo juntos en Ecuador<\/li>\n<li>Programa Takween en T\u00fanez<\/li>\n<li>Speelskool en Sud\u00e1frica<\/li>\n<li>Programas de formaci\u00f3n dual<\/li>\n<\/ul>\n<\/div><\/section><\/div><div  class='flex_column av-j6s45u-3b4d6161752e8eb5891dd5588cac59a9 av_one_half  avia-builder-el-6  el_after_av_one_half  avia-builder-el-last  flex_column_div  '     ><section  class='av_textblock_section av-m2dg7q3x-685f9e6ad6aacbe1c9b5a224a0f0ffba '   itemscope=\"itemscope\" itemtype=\"https:\/\/schema.org\/CreativeWork\" ><div class='avia_textblock'  itemprop=\"text\" ><p><strong>ODS 10 Menos desigualdad <\/strong><\/p>\n<ul>\n<li>Garantizar la igualdad de oportunidades<\/li>\n<li>Salarios dignos<\/li>\n<\/ul>\n<h3><\/h3>\n<h3><u>Gesti\u00f3n empresarial responsable<\/u><\/h3>\n<p><strong>ODS 8 Trabajo digno y crecimiento econ\u00f3mico <\/strong><\/p>\n<ul>\n<li>Salarios dignos<\/li>\n<\/ul>\n<p><strong>ODS 12 Consumo y producci\u00f3n sostenibles <\/strong><\/p>\n<ul>\n<li>Embalaje<\/li>\n<li>Pr\u00e1cticas de consumo responsables<\/li>\n<\/ul>\n<p><strong>ODS 16 Paz, justicia e instituciones s\u00f3lidas<\/strong><\/p>\n<ul>\n<li>C\u00f3digo \u00e9tico<\/li>\n<\/ul>\n<p><strong>ODS 17 Alianzas para alcanzar los objetivos<\/strong><\/p>\n<ul>\n<li><strong>Alianzas<\/strong> con organizaciones sin \u00e1nimo de lucro<\/li>\n<\/ul>\n<\/div><\/section><\/div>\n","protected":false},"excerpt":{"rendered":"","protected":false},"author":12,"featured_media":0,"parent":0,"menu_order":0,"comment_status":"closed","ping_status":"closed","template":"","meta":{"_acf_changed":false,"footnotes":""},"class_list":["post-46802","page","type-page","status-publish","hentry"],"acf":[],"yoast_head":"<!-- This site is optimized with the Yoast SEO plugin v27.0 - https:\/\/yoast.com\/product\/yoast-seo-wordpress\/ -->\n<title>Nuestro compromiso | SanLucar<\/title>\n<meta name=\"robots\" content=\"index, follow, max-snippet:-1, max-image-preview:large, max-video-preview:-1\" \/>\n<link rel=\"canonical\" href=\"https:\/\/sanlucar.com\/es\/nuestro-compromiso\/\" \/>\n<meta property=\"og:locale\" content=\"es_ES\" \/>\n<meta property=\"og:type\" content=\"article\" \/>\n<meta property=\"og:title\" content=\"Nuestro compromiso | SanLucar\" \/>\n<meta property=\"og:url\" content=\"https:\/\/sanlucar.com\/es\/nuestro-compromiso\/\" \/>\n<meta property=\"og:site_name\" content=\"SanLucar\" \/>\n<meta property=\"article:publisher\" content=\"https:\/\/www.facebook.com\/sanlucarfruit\" \/>\n<meta property=\"article:modified_time\" content=\"2025-02-12T12:10:32+00:00\" \/>\n<meta name=\"twitter:card\" content=\"summary_large_image\" \/>\n<meta name=\"twitter:label1\" content=\"Tiempo de lectura\" \/>\n\t<meta name=\"twitter:data1\" content=\"4 minutos\" \/>\n<script type=\"application\/ld+json\" class=\"yoast-schema-graph\">{\"@context\":\"https:\/\/schema.org\",\"@graph\":[{\"@type\":\"WebPage\",\"@id\":\"https:\/\/sanlucar.com\/es\/nuestro-compromiso\/\",\"url\":\"https:\/\/sanlucar.com\/es\/nuestro-compromiso\/\",\"name\":\"Nuestro compromiso | SanLucar\",\"isPartOf\":{\"@id\":\"https:\/\/sanlucar.com\/#website\"},\"datePublished\":\"2024-10-17T15:10:35+00:00\",\"dateModified\":\"2025-02-12T12:10:32+00:00\",\"breadcrumb\":{\"@id\":\"https:\/\/sanlucar.com\/es\/nuestro-compromiso\/#breadcrumb\"},\"inLanguage\":\"es\",\"potentialAction\":[{\"@type\":\"ReadAction\",\"target\":[\"https:\/\/sanlucar.com\/es\/nuestro-compromiso\/\"]}]},{\"@type\":\"BreadcrumbList\",\"@id\":\"https:\/\/sanlucar.com\/es\/nuestro-compromiso\/#breadcrumb\",\"itemListElement\":[{\"@type\":\"ListItem\",\"position\":1,\"name\":\"Home\",\"item\":\"https:\/\/sanlucar.com\/es\/\"},{\"@type\":\"ListItem\",\"position\":2,\"name\":\"Nuestro compromiso\"}]},{\"@type\":\"WebSite\",\"@id\":\"https:\/\/sanlucar.com\/#website\",\"url\":\"https:\/\/sanlucar.com\/\",\"name\":\"SanLucar\",\"description\":\"\",\"publisher\":{\"@id\":\"https:\/\/sanlucar.com\/#organization\"},\"potentialAction\":[{\"@type\":\"SearchAction\",\"target\":{\"@type\":\"EntryPoint\",\"urlTemplate\":\"https:\/\/sanlucar.com\/?s={search_term_string}\"},\"query-input\":{\"@type\":\"PropertyValueSpecification\",\"valueRequired\":true,\"valueName\":\"search_term_string\"}}],\"inLanguage\":\"es\"},{\"@type\":\"Organization\",\"@id\":\"https:\/\/sanlucar.com\/#organization\",\"name\":\"SanLucar\",\"url\":\"https:\/\/sanlucar.com\/\",\"logo\":{\"@type\":\"ImageObject\",\"inLanguage\":\"es\",\"@id\":\"https:\/\/sanlucar.com\/#\/schema\/logo\/image\/\",\"url\":\"https:\/\/sanlucar.com\/wp-content\/uploads\/2023\/01\/sanlucar-logo-onwhite.png\",\"contentUrl\":\"https:\/\/sanlucar.com\/wp-content\/uploads\/2023\/01\/sanlucar-logo-onwhite.png\",\"width\":800,\"height\":800,\"caption\":\"SanLucar\"},\"image\":{\"@id\":\"https:\/\/sanlucar.com\/#\/schema\/logo\/image\/\"},\"sameAs\":[\"https:\/\/www.facebook.com\/sanlucarfruit\",\"https:\/\/www.instagram.com\/sanlucarfruit\/\",\"https:\/\/www.youtube.com\/user\/SanLucar2009\",\"https:\/\/www.linkedin.com\/company\/sanlucar\/\"]}]}<\/script>\n<!-- \/ Yoast SEO plugin. -->","yoast_head_json":{"title":"Nuestro compromiso | SanLucar","robots":{"index":"index","follow":"follow","max-snippet":"max-snippet:-1","max-image-preview":"max-image-preview:large","max-video-preview":"max-video-preview:-1"},"canonical":"https:\/\/sanlucar.com\/es\/nuestro-compromiso\/","og_locale":"es_ES","og_type":"article","og_title":"Nuestro compromiso | SanLucar","og_url":"https:\/\/sanlucar.com\/es\/nuestro-compromiso\/","og_site_name":"SanLucar","article_publisher":"https:\/\/www.facebook.com\/sanlucarfruit","article_modified_time":"2025-02-12T12:10:32+00:00","twitter_card":"summary_large_image","twitter_misc":{"Tiempo de lectura":"4 minutos"},"schema":{"@context":"https:\/\/schema.org","@graph":[{"@type":"WebPage","@id":"https:\/\/sanlucar.com\/es\/nuestro-compromiso\/","url":"https:\/\/sanlucar.com\/es\/nuestro-compromiso\/","name":"Nuestro compromiso | SanLucar","isPartOf":{"@id":"https:\/\/sanlucar.com\/#website"},"datePublished":"2024-10-17T15:10:35+00:00","dateModified":"2025-02-12T12:10:32+00:00","breadcrumb":{"@id":"https:\/\/sanlucar.com\/es\/nuestro-compromiso\/#breadcrumb"},"inLanguage":"es","potentialAction":[{"@type":"ReadAction","target":["https:\/\/sanlucar.com\/es\/nuestro-compromiso\/"]}]},{"@type":"BreadcrumbList","@id":"https:\/\/sanlucar.com\/es\/nuestro-compromiso\/#breadcrumb","itemListElement":[{"@type":"ListItem","position":1,"name":"Home","item":"https:\/\/sanlucar.com\/es\/"},{"@type":"ListItem","position":2,"name":"Nuestro compromiso"}]},{"@type":"WebSite","@id":"https:\/\/sanlucar.com\/#website","url":"https:\/\/sanlucar.com\/","name":"SanLucar","description":"","publisher":{"@id":"https:\/\/sanlucar.com\/#organization"},"potentialAction":[{"@type":"SearchAction","target":{"@type":"EntryPoint","urlTemplate":"https:\/\/sanlucar.com\/?s={search_term_string}"},"query-input":{"@type":"PropertyValueSpecification","valueRequired":true,"valueName":"search_term_string"}}],"inLanguage":"es"},{"@type":"Organization","@id":"https:\/\/sanlucar.com\/#organization","name":"SanLucar","url":"https:\/\/sanlucar.com\/","logo":{"@type":"ImageObject","inLanguage":"es","@id":"https:\/\/sanlucar.com\/#\/schema\/logo\/image\/","url":"https:\/\/sanlucar.com\/wp-content\/uploads\/2023\/01\/sanlucar-logo-onwhite.png","contentUrl":"https:\/\/sanlucar.com\/wp-content\/uploads\/2023\/01\/sanlucar-logo-onwhite.png","width":800,"height":800,"caption":"SanLucar"},"image":{"@id":"https:\/\/sanlucar.com\/#\/schema\/logo\/image\/"},"sameAs":["https:\/\/www.facebook.com\/sanlucarfruit","https:\/\/www.instagram.com\/sanlucarfruit\/","https:\/\/www.youtube.com\/user\/SanLucar2009","https:\/\/www.linkedin.com\/company\/sanlucar\/"]}]}},"_links":{"self":[{"href":"https:\/\/sanlucar.com\/es\/wp-json\/wp\/v2\/pages\/46802","targetHints":{"allow":["GET"]}}],"collection":[{"href":"https:\/\/sanlucar.com\/es\/wp-json\/wp\/v2\/pages"}],"about":[{"href":"https:\/\/sanlucar.com\/es\/wp-json\/wp\/v2\/types\/page"}],"author":[{"embeddable":true,"href":"https:\/\/sanlucar.com\/es\/wp-json\/wp\/v2\/users\/12"}],"replies":[{"embeddable":true,"href":"https:\/\/sanlucar.com\/es\/wp-json\/wp\/v2\/comments?post=46802"}],"version-history":[{"count":2,"href":"https:\/\/sanlucar.com\/es\/wp-json\/wp\/v2\/pages\/46802\/revisions"}],"predecessor-version":[{"id":51901,"href":"https:\/\/sanlucar.com\/es\/wp-json\/wp\/v2\/pages\/46802\/revisions\/51901"}],"wp:attachment":[{"href":"https:\/\/sanlucar.com\/es\/wp-json\/wp\/v2\/media?parent=46802"}],"curies":[{"name":"wp","href":"https:\/\/api.w.org\/{rel}","templated":true}]}}