
{"id":47030,"date":"2024-10-18T15:56:24","date_gmt":"2024-10-18T13:56:24","guid":{"rendered":"https:\/\/sanlucar.com\/?page_id=47030"},"modified":"2024-10-23T10:27:33","modified_gmt":"2024-10-23T08:27:33","slug":"nuestra-estrategia","status":"publish","type":"page","link":"https:\/\/sanlucar.com\/es\/nuestra-estrategia\/","title":{"rendered":"Nuestra estrategia"},"content":{"rendered":"\n            <div   class='avia-section main_color res_page_banner  avia-builder-el-0  el_before_av_section  avia-builder-el-first   avia-bg-style-scroll container_wrap fullsize' style='' data-section-bg-repeat='stretch'>            <div class=\"av-section-cont-open res_page_banner res_page_banner--headline_subline\">\n                <div class=\"template-page content av-content-full alpha units\">\n                    <div class=\"post-entry post-entry-type-page\">\n                        <div class=\"entry-content-wrapper clearfix\">\n                            <div class=\"flex_column av_one_full el_before_av_heading first flex_column_div avia-full-stretch res_page_banner__image\"\n                                 style=\"background-image: url(https:\/\/sanlucar.com\/wp-content\/uploads\/2024\/10\/banana-1.jpg); background-repeat: no-repeat; background-position: 50% 50%; background-attachment: scroll;\"><\/div>\n                            <div class=\"flex_column av_one_full flex_column_div avia-full-stretch res_page_banner__heading beige-background\">\n\t\t\t\t\t\t\t\t\n\t\t\t\t\t\t\t\t\t\t\t\t                                                                    <div class=\"res_page_banner__heading__inner res_page_banner__heading__inner--headline_subline\">\n                                                                                    <h1>Trabajando en equipo por un buen futuro.<\/h1>\n                                                                                                                            <h2>Desde 2023, combinamos nuestras actividades empresariales con la protecci\u00f3n del medio ambiente y el compromiso social.<\/h2>\n                                                                            <\/div>\n                                    \n    <div  class=\"res_breadcrumbs \" style=\"\">\n        <ul class=\"d-flex flex-wrap\">\n            <li><a href=\"https:\/\/sanlucar.com\/es\/\">Inicio<\/a><span class=\"sep\">\/<\/span><\/li>\n                                                <li><span><span class=\"sep\">\/<\/span><\/span><\/li>\n                                                    <li class=\"res_breadcrumbs__current\"><span>Nuestra estrategia<\/span><\/li>\n        <\/ul>\n    <\/div>\n\n    \t\t\t\t\t\t\t\t\n\t\t\t\t                                            <\/div>\n                        <\/div>\n                    <\/div>\n                <\/div>\n            <\/div>\n\n\n\n\n            <\/div>            \n<div id='av_section_1'  class='avia-section av-tqkj4m-f1c916ebae1c1b63b1461cf07b385079 beige_color avia-section-default avia-no-border-styling  avia-builder-el-1  el_after_res_page_banner  avia-builder-el-last  avia-bg-style-scroll container_wrap fullsize'  ><div class='container av-section-cont-open' ><div class='template-page content  av-content-full alpha units'><div class='post-entry post-entry-type-page post-entry-47030'><div class='entry-content-wrapper clearfix'>\n\n            <div id=\"\"\n                 class=\"res_row_with_illustration  avia-builder-el-2  el_before_res_row_with_illustration  avia-builder-el-first  \"\n                 style=\"\">\n                                    <div class=\"res_row_with_illustration__illustration position-bottom_left\">\n                        <picture><img class='avia_image ' src='https:\/\/sanlucar.com\/wp-content\/uploads\/2022\/06\/Dreams_Programe_20210518_3-05.png' alt='' title=''\/><\/picture>                    <\/div>\n                                <div class=\"row\">\n                    <div class=\"col-md-6 res_row_with_illustration__content \">\n                        <h2>Medio ambiente<\/h2>\n<p>Nos comprometemos a tomar medidas para combatir el cambio clim\u00e1tico, reducir el consumo de agua y proteger los recursos h\u00eddricos. Tambi\u00e9n apostamos por la biodiversidad, la conservaci\u00f3n de los ecosistemas y el uso de envases ecol\u00f3gicos.<\/p>\n                    <\/div>\n                    <div class=\"col-md-6 res_row_with_illustration__image\">\n                        <picture><source media='(max-width:300px)' srcset='https:\/\/sanlucar.com\/wp-content\/uploads\/2024\/10\/Acequia-dreams_1-1-300x164.png'><source media='(max-width:600px)' srcset='https:\/\/sanlucar.com\/wp-content\/uploads\/2024\/10\/Acequia-dreams_1-1.png'><img class='avia_image ' src='https:\/\/sanlucar.com\/wp-content\/uploads\/2024\/10\/Acequia-dreams_1-1.png' alt='SanLucar acequia system \u2013 promoting sustainable water management and efficient agricultural irrigation.' title='Acequia-dreams_1'\/><\/picture>                    <\/div>\n                <\/div>\n            <\/div>\n\n            \n\n            <div id=\"\"\n                 class=\"res_row_with_illustration  avia-builder-el-3  el_after_res_row_with_illustration  avia-builder-el-last  \"\n                 style=\"\">\n                                <div class=\"row\">\n                    <div class=\"col-md-6 res_row_with_illustration__content order-md-2\">\n                        <h2>Asuntos sociales<\/h2>\n<p>Nos aseguramos de respetar los derechos humanos y garantizar buenas condiciones laborales en toda nuestra cadena de valor. Tambi\u00e9n garantizamos un entorno de trabajo sano y seguro para todos los empleados y apoyamos a las comunidades locales mediante proyectos en el marco de nuestro programa DREAMS.<\/p>\n<h2>Gesti\u00f3n empresarial responsable<\/h2>\n<p>Como parte de un an\u00e1lisis de riesgos, evaluamos nuestra responsabilidad con respecto a los derechos humanos y el medio ambiente. A continuaci\u00f3n elaboramos directrices y c\u00f3digos de conducta para llevar a cabo nuestra actividad de forma responsable.<\/p>\n                    <\/div>\n                    <div class=\"col-md-6 res_row_with_illustration__image\">\n                        <picture><source media='(max-width:300px)' srcset='https:\/\/sanlucar.com\/wp-content\/uploads\/2024\/09\/Naschbeeren_all-300x200.png'><source media='(max-width:600px)' srcset='https:\/\/sanlucar.com\/wp-content\/uploads\/2024\/09\/Naschbeeren_all.png'><img class='avia_image ' src='https:\/\/sanlucar.com\/wp-content\/uploads\/2024\/09\/Naschbeeren_all.png' alt='' title='Naschbeeren_all'\/><\/picture>                    <\/div>\n                <\/div>\n            <\/div>\n\n            \n\n","protected":false},"excerpt":{"rendered":"","protected":false},"author":12,"featured_media":0,"parent":0,"menu_order":0,"comment_status":"closed","ping_status":"closed","template":"","meta":{"_acf_changed":false,"footnotes":""},"class_list":["post-47030","page","type-page","status-publish","hentry"],"acf":[],"yoast_head":"<!-- This site is optimized with the Yoast SEO plugin v27.0 - https:\/\/yoast.com\/product\/yoast-seo-wordpress\/ -->\n<title>Nuestra estrategia | SanLucar<\/title>\n<meta name=\"robots\" content=\"index, follow, max-snippet:-1, max-image-preview:large, max-video-preview:-1\" \/>\n<link rel=\"canonical\" href=\"https:\/\/sanlucar.com\/es\/nuestra-estrategia\/\" \/>\n<meta property=\"og:locale\" content=\"es_ES\" \/>\n<meta property=\"og:type\" content=\"article\" \/>\n<meta property=\"og:title\" content=\"Nuestra estrategia | SanLucar\" \/>\n<meta property=\"og:url\" content=\"https:\/\/sanlucar.com\/es\/nuestra-estrategia\/\" \/>\n<meta property=\"og:site_name\" content=\"SanLucar\" \/>\n<meta property=\"article:publisher\" content=\"https:\/\/www.facebook.com\/sanlucarfruit\" \/>\n<meta property=\"article:modified_time\" content=\"2024-10-23T08:27:33+00:00\" \/>\n<meta name=\"twitter:card\" content=\"summary_large_image\" \/>\n<meta name=\"twitter:label1\" content=\"Tiempo de lectura\" \/>\n\t<meta name=\"twitter:data1\" content=\"2 minutos\" \/>\n<script type=\"application\/ld+json\" class=\"yoast-schema-graph\">{\"@context\":\"https:\/\/schema.org\",\"@graph\":[{\"@type\":\"WebPage\",\"@id\":\"https:\/\/sanlucar.com\/es\/nuestra-estrategia\/\",\"url\":\"https:\/\/sanlucar.com\/es\/nuestra-estrategia\/\",\"name\":\"Nuestra estrategia | SanLucar\",\"isPartOf\":{\"@id\":\"https:\/\/sanlucar.com\/#website\"},\"datePublished\":\"2024-10-18T13:56:24+00:00\",\"dateModified\":\"2024-10-23T08:27:33+00:00\",\"breadcrumb\":{\"@id\":\"https:\/\/sanlucar.com\/es\/nuestra-estrategia\/#breadcrumb\"},\"inLanguage\":\"es\",\"potentialAction\":[{\"@type\":\"ReadAction\",\"target\":[\"https:\/\/sanlucar.com\/es\/nuestra-estrategia\/\"]}]},{\"@type\":\"BreadcrumbList\",\"@id\":\"https:\/\/sanlucar.com\/es\/nuestra-estrategia\/#breadcrumb\",\"itemListElement\":[{\"@type\":\"ListItem\",\"position\":1,\"name\":\"Home\",\"item\":\"https:\/\/sanlucar.com\/es\/\"},{\"@type\":\"ListItem\",\"position\":2,\"name\":\"Nuestra estrategia\"}]},{\"@type\":\"WebSite\",\"@id\":\"https:\/\/sanlucar.com\/#website\",\"url\":\"https:\/\/sanlucar.com\/\",\"name\":\"SanLucar\",\"description\":\"\",\"publisher\":{\"@id\":\"https:\/\/sanlucar.com\/#organization\"},\"potentialAction\":[{\"@type\":\"SearchAction\",\"target\":{\"@type\":\"EntryPoint\",\"urlTemplate\":\"https:\/\/sanlucar.com\/?s={search_term_string}\"},\"query-input\":{\"@type\":\"PropertyValueSpecification\",\"valueRequired\":true,\"valueName\":\"search_term_string\"}}],\"inLanguage\":\"es\"},{\"@type\":\"Organization\",\"@id\":\"https:\/\/sanlucar.com\/#organization\",\"name\":\"SanLucar\",\"url\":\"https:\/\/sanlucar.com\/\",\"logo\":{\"@type\":\"ImageObject\",\"inLanguage\":\"es\",\"@id\":\"https:\/\/sanlucar.com\/#\/schema\/logo\/image\/\",\"url\":\"https:\/\/sanlucar.com\/wp-content\/uploads\/2023\/01\/sanlucar-logo-onwhite.png\",\"contentUrl\":\"https:\/\/sanlucar.com\/wp-content\/uploads\/2023\/01\/sanlucar-logo-onwhite.png\",\"width\":800,\"height\":800,\"caption\":\"SanLucar\"},\"image\":{\"@id\":\"https:\/\/sanlucar.com\/#\/schema\/logo\/image\/\"},\"sameAs\":[\"https:\/\/www.facebook.com\/sanlucarfruit\",\"https:\/\/www.instagram.com\/sanlucarfruit\/\",\"https:\/\/www.youtube.com\/user\/SanLucar2009\",\"https:\/\/www.linkedin.com\/company\/sanlucar\/\"]}]}<\/script>\n<!-- \/ Yoast SEO plugin. -->","yoast_head_json":{"title":"Nuestra estrategia | SanLucar","robots":{"index":"index","follow":"follow","max-snippet":"max-snippet:-1","max-image-preview":"max-image-preview:large","max-video-preview":"max-video-preview:-1"},"canonical":"https:\/\/sanlucar.com\/es\/nuestra-estrategia\/","og_locale":"es_ES","og_type":"article","og_title":"Nuestra estrategia | SanLucar","og_url":"https:\/\/sanlucar.com\/es\/nuestra-estrategia\/","og_site_name":"SanLucar","article_publisher":"https:\/\/www.facebook.com\/sanlucarfruit","article_modified_time":"2024-10-23T08:27:33+00:00","twitter_card":"summary_large_image","twitter_misc":{"Tiempo de lectura":"2 minutos"},"schema":{"@context":"https:\/\/schema.org","@graph":[{"@type":"WebPage","@id":"https:\/\/sanlucar.com\/es\/nuestra-estrategia\/","url":"https:\/\/sanlucar.com\/es\/nuestra-estrategia\/","name":"Nuestra estrategia | SanLucar","isPartOf":{"@id":"https:\/\/sanlucar.com\/#website"},"datePublished":"2024-10-18T13:56:24+00:00","dateModified":"2024-10-23T08:27:33+00:00","breadcrumb":{"@id":"https:\/\/sanlucar.com\/es\/nuestra-estrategia\/#breadcrumb"},"inLanguage":"es","potentialAction":[{"@type":"ReadAction","target":["https:\/\/sanlucar.com\/es\/nuestra-estrategia\/"]}]},{"@type":"BreadcrumbList","@id":"https:\/\/sanlucar.com\/es\/nuestra-estrategia\/#breadcrumb","itemListElement":[{"@type":"ListItem","position":1,"name":"Home","item":"https:\/\/sanlucar.com\/es\/"},{"@type":"ListItem","position":2,"name":"Nuestra estrategia"}]},{"@type":"WebSite","@id":"https:\/\/sanlucar.com\/#website","url":"https:\/\/sanlucar.com\/","name":"SanLucar","description":"","publisher":{"@id":"https:\/\/sanlucar.com\/#organization"},"potentialAction":[{"@type":"SearchAction","target":{"@type":"EntryPoint","urlTemplate":"https:\/\/sanlucar.com\/?s={search_term_string}"},"query-input":{"@type":"PropertyValueSpecification","valueRequired":true,"valueName":"search_term_string"}}],"inLanguage":"es"},{"@type":"Organization","@id":"https:\/\/sanlucar.com\/#organization","name":"SanLucar","url":"https:\/\/sanlucar.com\/","logo":{"@type":"ImageObject","inLanguage":"es","@id":"https:\/\/sanlucar.com\/#\/schema\/logo\/image\/","url":"https:\/\/sanlucar.com\/wp-content\/uploads\/2023\/01\/sanlucar-logo-onwhite.png","contentUrl":"https:\/\/sanlucar.com\/wp-content\/uploads\/2023\/01\/sanlucar-logo-onwhite.png","width":800,"height":800,"caption":"SanLucar"},"image":{"@id":"https:\/\/sanlucar.com\/#\/schema\/logo\/image\/"},"sameAs":["https:\/\/www.facebook.com\/sanlucarfruit","https:\/\/www.instagram.com\/sanlucarfruit\/","https:\/\/www.youtube.com\/user\/SanLucar2009","https:\/\/www.linkedin.com\/company\/sanlucar\/"]}]}},"_links":{"self":[{"href":"https:\/\/sanlucar.com\/es\/wp-json\/wp\/v2\/pages\/47030","targetHints":{"allow":["GET"]}}],"collection":[{"href":"https:\/\/sanlucar.com\/es\/wp-json\/wp\/v2\/pages"}],"about":[{"href":"https:\/\/sanlucar.com\/es\/wp-json\/wp\/v2\/types\/page"}],"author":[{"embeddable":true,"href":"https:\/\/sanlucar.com\/es\/wp-json\/wp\/v2\/users\/12"}],"replies":[{"embeddable":true,"href":"https:\/\/sanlucar.com\/es\/wp-json\/wp\/v2\/comments?post=47030"}],"version-history":[{"count":2,"href":"https:\/\/sanlucar.com\/es\/wp-json\/wp\/v2\/pages\/47030\/revisions"}],"predecessor-version":[{"id":49615,"href":"https:\/\/sanlucar.com\/es\/wp-json\/wp\/v2\/pages\/47030\/revisions\/49615"}],"wp:attachment":[{"href":"https:\/\/sanlucar.com\/es\/wp-json\/wp\/v2\/media?parent=47030"}],"curies":[{"name":"wp","href":"https:\/\/api.w.org\/{rel}","templated":true}]}}