
{"id":47062,"date":"2024-10-18T16:59:39","date_gmt":"2024-10-18T14:59:39","guid":{"rendered":"https:\/\/sanlucar.com\/?page_id=47062"},"modified":"2025-07-15T17:58:53","modified_gmt":"2025-07-15T15:58:53","slug":"cumplimiento-de-la-normativa","status":"publish","type":"page","link":"https:\/\/sanlucar.com\/es\/cumplimiento-de-la-normativa\/","title":{"rendered":"Cumplimiento de la normativa"},"content":{"rendered":"\n            <div   class='avia-section main_color res_page_banner  avia-builder-el-0  el_before_av_section  avia-builder-el-first   avia-bg-style-scroll container_wrap fullsize' style='' data-section-bg-repeat='stretch'>            <div class=\"av-section-cont-open res_page_banner res_page_banner--headline_subline\">\n                <div class=\"template-page content av-content-full alpha units\">\n                    <div class=\"post-entry post-entry-type-page\">\n                        <div class=\"entry-content-wrapper clearfix\">\n                            <div class=\"flex_column av_one_full el_before_av_heading first flex_column_div avia-full-stretch res_page_banner__image\"\n                                 style=\"background-image: url(https:\/\/sanlucar.com\/wp-content\/uploads\/2024\/05\/Header-Verantwortung-1555x560px.jpg); background-repeat: no-repeat; background-position: 50% 50%; background-attachment: scroll;\"><\/div>\n                            <div class=\"flex_column av_one_full flex_column_div avia-full-stretch res_page_banner__heading beige-background\">\n\t\t\t\t\t\t\t\t\n\t\t\t\t\t\t\t\t\t\t\t\t                                                                    <div class=\"res_page_banner__heading__inner res_page_banner__heading__inner--headline_subline\">\n                                                                                    <h1>Porque nos importan las personas y la naturaleza. <\/h1>\n                                                                                                                            <h2>Para garantizar el respeto de los derechos humanos, condiciones laborales justas y la protecci\u00f3n del medio ambiente, nosotros y nuestros socios nos hemos comprometido a un estricto c\u00f3digo de conducta.<\/h2>\n                                                                            <\/div>\n                                    \n    <div  class=\"res_breadcrumbs \" style=\"\">\n        <ul class=\"d-flex flex-wrap\">\n            <li><a href=\"https:\/\/sanlucar.com\/es\/\">Inicio<\/a><span class=\"sep\">\/<\/span><\/li>\n                                                <li><span><span class=\"sep\">\/<\/span><\/span><\/li>\n                                                    <li class=\"res_breadcrumbs__current\"><span>Cumplimiento de la normativa<\/span><\/li>\n        <\/ul>\n    <\/div>\n\n    \t\t\t\t\t\t\t\t\n\t\t\t\t                                            <\/div>\n                        <\/div>\n                    <\/div>\n                <\/div>\n            <\/div>\n\n\n\n\n            <\/div>            \n<div id='av_section_1'  class='avia-section av-m2euvtxs-807c2da7cf91b37986913720a1e349fa beige_color avia-section-default avia-no-border-styling  avia-builder-el-1  el_after_res_page_banner  avia-builder-el-last  avia-bg-style-scroll container_wrap fullsize'  ><div class='container av-section-cont-open' ><div class='template-page content  av-content-full alpha units'><div class='post-entry post-entry-type-page post-entry-47062'><div class='entry-content-wrapper clearfix'>\n\n            <div id=\"\"\n                 class=\"res_row_with_illustration  avia-builder-el-2  el_before_res_row_with_illustration  avia-builder-el-first  \"\n                 style=\"\">\n                                    <div class=\"res_row_with_illustration__illustration position-bottom_right\">\n                        <picture><source media='(max-width:245px)' srcset='https:\/\/sanlucar.com\/wp-content\/uploads\/2022\/06\/Dreams_Programe_20210518_3-14-245x300.png'><source media='(max-width:389px)' srcset='https:\/\/sanlucar.com\/wp-content\/uploads\/2022\/06\/Dreams_Programe_20210518_3-14.png'><img class='avia_image ' src='https:\/\/sanlucar.com\/wp-content\/uploads\/2022\/06\/Dreams_Programe_20210518_3-14.png' alt='' title=''\/><\/picture>                    <\/div>\n                                <div class=\"row\">\n                    <div class=\"col-md-6 res_row_with_illustration__content \">\n                        <h2>C\u00f3digo \u00e9tico<\/h2>\n<p>Nuestro c\u00f3digo \u00e9tico se basa en los diez principios del Pacto Mundial de las Naciones Unidas y las directrices de la OIT (Organizaci\u00f3n Internacional del Trabajo).<\/p>\n<p>Nosotros, nuestros cultivadores principales y nuestros proveedores nos comprometemos a cumplir este c\u00f3digo. Abarca temas como la protecci\u00f3n de la infancia, la igualdad de derechos, unas condiciones de trabajo justas, la salud y la seguridad y la protecci\u00f3n del medio ambiente.<\/p>\n<p><a href=\"https:\/\/sanlucar.com\/wp-content\/uploads\/2025\/07\/Codigo_Etico_2025_ES_WEB.pdf\">Descarga el C\u00f3digo \u00e9tico<\/a><\/p>\n<h2>An\u00e1lisis de riesgos y diligencia debida<\/h2>\n<p>Evaluamos y priorizamos cualquier impacto negativo que nuestras actividades empresariales pudieran tener sobre los derechos humanos, los derechos laborales, la seguridad alimentaria, la nutrici\u00f3n y el medio ambiente, y as\u00ed podemos tomar medidas para prevenir, mitigar o eliminar estos impactos negativos.<\/p>\n                    <\/div>\n                    <div class=\"col-md-6 res_row_with_illustration__image\">\n                        <picture><source media='(max-width:300px)' srcset='https:\/\/sanlucar.com\/wp-content\/uploads\/2024\/10\/Certificados1-300x196.png'><source media='(max-width:600px)' srcset='https:\/\/sanlucar.com\/wp-content\/uploads\/2024\/10\/Certificados1.png'><img class='avia_image ' src='https:\/\/sanlucar.com\/wp-content\/uploads\/2024\/10\/Certificados1.png' alt='' title='Certificados1'\/><\/picture>                    <\/div>\n                <\/div>\n            <\/div>\n\n            \n\n            <div id=\"\"\n                 class=\"res_row_with_illustration  avia-builder-el-3  el_after_res_row_with_illustration  avia-builder-el-last  \"\n                 style=\"\">\n                                <div class=\"row\">\n                    <div class=\"col-md-6 res_row_with_illustration__content order-md-2\">\n                        <h2>Certificados<\/h2>\n<p>Para nosotros, la econom\u00eda, la sociedad y el medio ambiente est\u00e1n estrechamente vinculados y deben considerarse como una unidad. Por eso nos fijamos objetivos que est\u00e9n en armon\u00eda con las personas y los recursos de las regiones de cultivo.<br \/>\nNuestros objetivos tambi\u00e9n se reflejan en las estrictas normas de certificaci\u00f3n reconocidas internacionalmente, como SA8000, SIZA, SMETA, GLOBAL G.A.P y\/o GRASP. Estamos orgullosos de cumplir con estos criterios y de la calidad de nuestro trabajo.<\/p>\n<p>Si tiene alguna pregunta, queja o sugerencia sobre los criterios SA8000 en SanLucar Fruit S.L.U., no dude en ponerse en contacto con nosotros o escribir a <a href=\"https:\/\/sa-intl.org\/\">SAI (Social Accountability International)<\/a> o a nuestro organismo de certificaci\u00f3n <a href=\"https:\/\/www.tuv-nord.com\/it\/it\/home\/\">T\u00dcV Nord<\/a>. Nos esforzamos constantemente por mejorar y agradecemos cualquier sugerencia y cr\u00edtica constructiva.<\/p>\n                    <\/div>\n                    <div class=\"col-md-6 res_row_with_illustration__image\">\n                        <picture><source media='(max-width:300px)' srcset='https:\/\/sanlucar.com\/wp-content\/uploads\/2024\/10\/Certificados-300x196.png'><source media='(max-width:600px)' srcset='https:\/\/sanlucar.com\/wp-content\/uploads\/2024\/10\/Certificados.png'><img class='avia_image ' src='https:\/\/sanlucar.com\/wp-content\/uploads\/2024\/10\/Certificados.png' alt='' title='Certificados'\/><\/picture>                    <\/div>\n                <\/div>\n            <\/div>\n\n            \n\n","protected":false},"excerpt":{"rendered":"","protected":false},"author":12,"featured_media":0,"parent":0,"menu_order":0,"comment_status":"closed","ping_status":"closed","template":"","meta":{"_acf_changed":false,"footnotes":""},"class_list":["post-47062","page","type-page","status-publish","hentry"],"acf":[],"yoast_head":"<!-- This site is optimized with the Yoast SEO plugin v27.0 - https:\/\/yoast.com\/product\/yoast-seo-wordpress\/ -->\n<title>Cumplimiento de la normativa | SanLucar<\/title>\n<meta name=\"robots\" content=\"index, follow, max-snippet:-1, max-image-preview:large, max-video-preview:-1\" \/>\n<link rel=\"canonical\" href=\"https:\/\/sanlucar.com\/es\/cumplimiento-de-la-normativa\/\" \/>\n<meta property=\"og:locale\" content=\"es_ES\" \/>\n<meta property=\"og:type\" content=\"article\" \/>\n<meta property=\"og:title\" content=\"Cumplimiento de la normativa | SanLucar\" \/>\n<meta property=\"og:url\" content=\"https:\/\/sanlucar.com\/es\/cumplimiento-de-la-normativa\/\" \/>\n<meta property=\"og:site_name\" content=\"SanLucar\" \/>\n<meta property=\"article:publisher\" content=\"https:\/\/www.facebook.com\/sanlucarfruit\" \/>\n<meta property=\"article:modified_time\" content=\"2025-07-15T15:58:53+00:00\" \/>\n<meta name=\"twitter:card\" content=\"summary_large_image\" \/>\n<meta name=\"twitter:label1\" content=\"Tiempo de lectura\" \/>\n\t<meta name=\"twitter:data1\" content=\"2 minutos\" \/>\n<script type=\"application\/ld+json\" class=\"yoast-schema-graph\">{\"@context\":\"https:\/\/schema.org\",\"@graph\":[{\"@type\":\"WebPage\",\"@id\":\"https:\/\/sanlucar.com\/es\/cumplimiento-de-la-normativa\/\",\"url\":\"https:\/\/sanlucar.com\/es\/cumplimiento-de-la-normativa\/\",\"name\":\"Cumplimiento de la normativa | SanLucar\",\"isPartOf\":{\"@id\":\"https:\/\/sanlucar.com\/#website\"},\"datePublished\":\"2024-10-18T14:59:39+00:00\",\"dateModified\":\"2025-07-15T15:58:53+00:00\",\"breadcrumb\":{\"@id\":\"https:\/\/sanlucar.com\/es\/cumplimiento-de-la-normativa\/#breadcrumb\"},\"inLanguage\":\"es\",\"potentialAction\":[{\"@type\":\"ReadAction\",\"target\":[\"https:\/\/sanlucar.com\/es\/cumplimiento-de-la-normativa\/\"]}]},{\"@type\":\"BreadcrumbList\",\"@id\":\"https:\/\/sanlucar.com\/es\/cumplimiento-de-la-normativa\/#breadcrumb\",\"itemListElement\":[{\"@type\":\"ListItem\",\"position\":1,\"name\":\"Home\",\"item\":\"https:\/\/sanlucar.com\/es\/\"},{\"@type\":\"ListItem\",\"position\":2,\"name\":\"Cumplimiento de la normativa\"}]},{\"@type\":\"WebSite\",\"@id\":\"https:\/\/sanlucar.com\/#website\",\"url\":\"https:\/\/sanlucar.com\/\",\"name\":\"SanLucar\",\"description\":\"\",\"publisher\":{\"@id\":\"https:\/\/sanlucar.com\/#organization\"},\"potentialAction\":[{\"@type\":\"SearchAction\",\"target\":{\"@type\":\"EntryPoint\",\"urlTemplate\":\"https:\/\/sanlucar.com\/?s={search_term_string}\"},\"query-input\":{\"@type\":\"PropertyValueSpecification\",\"valueRequired\":true,\"valueName\":\"search_term_string\"}}],\"inLanguage\":\"es\"},{\"@type\":\"Organization\",\"@id\":\"https:\/\/sanlucar.com\/#organization\",\"name\":\"SanLucar\",\"url\":\"https:\/\/sanlucar.com\/\",\"logo\":{\"@type\":\"ImageObject\",\"inLanguage\":\"es\",\"@id\":\"https:\/\/sanlucar.com\/#\/schema\/logo\/image\/\",\"url\":\"https:\/\/sanlucar.com\/wp-content\/uploads\/2023\/01\/sanlucar-logo-onwhite.png\",\"contentUrl\":\"https:\/\/sanlucar.com\/wp-content\/uploads\/2023\/01\/sanlucar-logo-onwhite.png\",\"width\":800,\"height\":800,\"caption\":\"SanLucar\"},\"image\":{\"@id\":\"https:\/\/sanlucar.com\/#\/schema\/logo\/image\/\"},\"sameAs\":[\"https:\/\/www.facebook.com\/sanlucarfruit\",\"https:\/\/www.instagram.com\/sanlucarfruit\/\",\"https:\/\/www.youtube.com\/user\/SanLucar2009\",\"https:\/\/www.linkedin.com\/company\/sanlucar\/\"]}]}<\/script>\n<!-- \/ Yoast SEO plugin. -->","yoast_head_json":{"title":"Cumplimiento de la normativa | SanLucar","robots":{"index":"index","follow":"follow","max-snippet":"max-snippet:-1","max-image-preview":"max-image-preview:large","max-video-preview":"max-video-preview:-1"},"canonical":"https:\/\/sanlucar.com\/es\/cumplimiento-de-la-normativa\/","og_locale":"es_ES","og_type":"article","og_title":"Cumplimiento de la normativa | SanLucar","og_url":"https:\/\/sanlucar.com\/es\/cumplimiento-de-la-normativa\/","og_site_name":"SanLucar","article_publisher":"https:\/\/www.facebook.com\/sanlucarfruit","article_modified_time":"2025-07-15T15:58:53+00:00","twitter_card":"summary_large_image","twitter_misc":{"Tiempo de lectura":"2 minutos"},"schema":{"@context":"https:\/\/schema.org","@graph":[{"@type":"WebPage","@id":"https:\/\/sanlucar.com\/es\/cumplimiento-de-la-normativa\/","url":"https:\/\/sanlucar.com\/es\/cumplimiento-de-la-normativa\/","name":"Cumplimiento de la normativa | SanLucar","isPartOf":{"@id":"https:\/\/sanlucar.com\/#website"},"datePublished":"2024-10-18T14:59:39+00:00","dateModified":"2025-07-15T15:58:53+00:00","breadcrumb":{"@id":"https:\/\/sanlucar.com\/es\/cumplimiento-de-la-normativa\/#breadcrumb"},"inLanguage":"es","potentialAction":[{"@type":"ReadAction","target":["https:\/\/sanlucar.com\/es\/cumplimiento-de-la-normativa\/"]}]},{"@type":"BreadcrumbList","@id":"https:\/\/sanlucar.com\/es\/cumplimiento-de-la-normativa\/#breadcrumb","itemListElement":[{"@type":"ListItem","position":1,"name":"Home","item":"https:\/\/sanlucar.com\/es\/"},{"@type":"ListItem","position":2,"name":"Cumplimiento de la normativa"}]},{"@type":"WebSite","@id":"https:\/\/sanlucar.com\/#website","url":"https:\/\/sanlucar.com\/","name":"SanLucar","description":"","publisher":{"@id":"https:\/\/sanlucar.com\/#organization"},"potentialAction":[{"@type":"SearchAction","target":{"@type":"EntryPoint","urlTemplate":"https:\/\/sanlucar.com\/?s={search_term_string}"},"query-input":{"@type":"PropertyValueSpecification","valueRequired":true,"valueName":"search_term_string"}}],"inLanguage":"es"},{"@type":"Organization","@id":"https:\/\/sanlucar.com\/#organization","name":"SanLucar","url":"https:\/\/sanlucar.com\/","logo":{"@type":"ImageObject","inLanguage":"es","@id":"https:\/\/sanlucar.com\/#\/schema\/logo\/image\/","url":"https:\/\/sanlucar.com\/wp-content\/uploads\/2023\/01\/sanlucar-logo-onwhite.png","contentUrl":"https:\/\/sanlucar.com\/wp-content\/uploads\/2023\/01\/sanlucar-logo-onwhite.png","width":800,"height":800,"caption":"SanLucar"},"image":{"@id":"https:\/\/sanlucar.com\/#\/schema\/logo\/image\/"},"sameAs":["https:\/\/www.facebook.com\/sanlucarfruit","https:\/\/www.instagram.com\/sanlucarfruit\/","https:\/\/www.youtube.com\/user\/SanLucar2009","https:\/\/www.linkedin.com\/company\/sanlucar\/"]}]}},"_links":{"self":[{"href":"https:\/\/sanlucar.com\/es\/wp-json\/wp\/v2\/pages\/47062","targetHints":{"allow":["GET"]}}],"collection":[{"href":"https:\/\/sanlucar.com\/es\/wp-json\/wp\/v2\/pages"}],"about":[{"href":"https:\/\/sanlucar.com\/es\/wp-json\/wp\/v2\/types\/page"}],"author":[{"embeddable":true,"href":"https:\/\/sanlucar.com\/es\/wp-json\/wp\/v2\/users\/12"}],"replies":[{"embeddable":true,"href":"https:\/\/sanlucar.com\/es\/wp-json\/wp\/v2\/comments?post=47062"}],"version-history":[{"count":2,"href":"https:\/\/sanlucar.com\/es\/wp-json\/wp\/v2\/pages\/47062\/revisions"}],"predecessor-version":[{"id":57420,"href":"https:\/\/sanlucar.com\/es\/wp-json\/wp\/v2\/pages\/47062\/revisions\/57420"}],"wp:attachment":[{"href":"https:\/\/sanlucar.com\/es\/wp-json\/wp\/v2\/media?parent=47062"}],"curies":[{"name":"wp","href":"https:\/\/api.w.org\/{rel}","templated":true}]}}